{"id":7428,"date":"2025-06-07T07:10:33","date_gmt":"2025-06-07T07:10:33","guid":{"rendered":"https:\/\/sinoextrud.com\/product\/pvdf-aluminum-extrusion-curtain-wall-profile\/"},"modified":"2025-06-24T06:12:47","modified_gmt":"2025-06-24T06:12:47","slug":"pvdf-aluminium-strangpressprofil-fur-vorhangfassaden","status":"publish","type":"product","link":"https:\/\/sinoextrud.com\/de\/product\/pvdf-aluminum-extrusion-curtain-wall-profile\/","title":{"rendered":"PVDF-Aluminium-Extrusionsprofil f\u00fcr Vorhangw\u00e4nde"},"content":{"rendered":"<h2>Produkte Details<\/h2>\n<table class=\"custom-table\">\n<tbody>\n<tr>\n<td> Titel<\/td>\n<td> pvdf Aluminium-Strangpressprofil f\u00fcr Vorhangfassaden<\/td>\n<\/tr>\n<tr>\n<td> Material<\/td>\n<td> Aluminiumlegierung (6063, 6061, 6463, 6005, 6082)<\/td>\n<\/tr>\n<tr>\n<td> Temperament<\/td>\n<td> T5<\/td>\n<\/tr>\n<tr>\n<td> Gr\u00f6\u00dfe<\/td>\n<td> Schienentyp, wie in der Zeichnung angegeben<\/td>\n<\/tr>\n<tr>\n<td> Oberfl\u00e4chenbehandlung<\/td>\n<td> Eloxieren, Sandstrahlen, Polieren, Elektrophorese, PulverbeschichtungPulverbeschichtung und PVDF werden h\u00e4ufig bei Aluminium-Strangpressprofilen f\u00fcr Vorhangfassaden verwendet.<\/td>\n<\/tr>\n<tr>\n<td> Farbe<\/td>\n<td> Kundenspezifisch ist verf\u00fcgbar<\/td>\n<\/tr>\n<tr>\n<td> Zertifikat<\/td>\n<td> TUV, ASTM, GB<\/td>\n<\/tr>\n<tr>\n<td> Von<\/td>\n<td> Guangdong, China<\/td>\n<\/tr>\n<\/tbody>\n<\/table>\n<h2>Unsere Produktionsbasis<\/h2>\n<h3>Fabrik-Panorama<\/h3>\n<p><img decoding=\"async\" src=\"\/wp-content\/uploads\/factory-01.webp\"\/><\/p>\n<h3>Werkstatt zur Herstellung von Aluminiumstangen<\/h3>\n<p><img decoding=\"async\" src=\"\/wp-content\/uploads\/factory-02.webp\"\/><\/p>\n<p><img decoding=\"async\" src=\"\/wp-content\/uploads\/factory-03.webp\"\/><\/p>\n<h3>Lagerhaus f\u00fcr Formen<\/h3>\n<p><img decoding=\"async\" src=\"\/wp-content\/uploads\/factory-04.webp\"\/><\/p>\n<h3>43 Aluminium-Strangpressanlagen (500-5500 Tonnen)<\/h3>\n<p><img decoding=\"async\" src=\"\/wp-content\/uploads\/factory-05.webp\"\/><\/p>\n<p><img decoding=\"async\" src=\"\/wp-content\/uploads\/factory-06.webp\"\/><\/p>\n<p><img decoding=\"async\" src=\"\/wp-content\/uploads\/factory-07.webp\"\/><\/p>\n<h3>Werkstatt f\u00fcr Pulverbeschichtung<\/h3>\n<p><img decoding=\"async\" src=\"\/wp-content\/uploads\/factory-09.webp\"\/><\/p>\n<h3>Eloxal-Werkstatt<\/h3>\n<p><img decoding=\"async\" src=\"\/wp-content\/uploads\/factory-10.webp\"\/><\/p>\n<h3>Workshop zur Tiefenverarbeitung<\/h3>\n<p><img decoding=\"async\" src=\"\/wp-content\/uploads\/factory-11.webp\"\/><\/p>\n<h3>CNC-Pr\u00e4zisionsbearbeitungswerkstatt<\/h3>\n<p><img decoding=\"async\" src=\"\/wp-content\/uploads\/factory-11.5.webp\"\/><\/p>\n<h3>Lager f\u00fcr Fertigprodukte und Export<\/h3>\n<p><img decoding=\"async\" src=\"\/wp-content\/uploads\/factory-12.webp\"\/><\/p>\n<p><img decoding=\"async\" src=\"\/wp-content\/uploads\/factory-13.webp\"\/><\/p>\n<p><img decoding=\"async\" src=\"\/wp-content\/uploads\/factory-14.webp\"\/><\/p>\n<h2>FAQ<\/h2>\n<p><p><b>1. was ist ein PVDF-Aluminium-Strangpressprofil f\u00fcr Vorhangw\u00e4nde?<\/b><\/p>\n<p>Es handelt sich um ein mit PVDF (Polyvinylidenfluorid) beschichtetes Aluminiumprofil zur Verwendung in Vorhangfassadensystemen, das eine hohe Haltbarkeit und Witterungsbest\u00e4ndigkeit bietet.<br \/>\n<\/p><br \/>\n<br \/>\n<p><b>2. warum PVDF-beschichtetes Aluminium f\u00fcr Vorhangfassaden w\u00e4hlen?<\/b><\/p>\n<p>Die PVDF-Beschichtung bietet eine hervorragende Best\u00e4ndigkeit gegen UV-Strahlen, Korrosion und extreme Witterungseinfl\u00fcsse und ist daher ideal f\u00fcr langfristige Au\u00dfenanwendungen.<br \/>\n<\/p><br \/>\n<br \/>\n<p><b>3. wie lange h\u00e4lt die PVDF-Beschichtung auf Aluminiumfassaden?<\/b><\/p>\n<p>PVDF-Beschichtungen k\u00f6nnen 20 bis 30 Jahre ohne nennenswertes Ausbleichen, Kreiden oder Abbl\u00e4ttern \u00fcberdauern, selbst in rauen Klimazonen.<br \/>\n<\/p><br \/>\n<br \/>\n<p><b>4. sind PVDF-Aluminiumprofile f\u00fcr Hochh\u00e4user geeignet?<\/b><\/p>\n<p>Ja, sie sind stabil, leicht und erf\u00fcllen die Leistungsstandards, die f\u00fcr moderne Hochhausfassadensysteme erforderlich sind.<br \/>\n<\/p><br \/>\n<br \/>\n<p><b>5. kann das Aluminiumprofil f\u00fcr die Vorhangfassade individuell angepasst werden?<\/b><\/p>\n<p>Ja, wir bieten individuelle Anpassungen in Bezug auf Profilform, Gr\u00f6\u00dfe, Oberfl\u00e4che und Farbe an, um bestimmte architektonische Designs zu erf\u00fcllen.<br \/>\n<\/p><br \/>\n<br \/>\n<p><b>6. ist PVDF-Aluminium umweltfreundlich?<\/b><\/p>\n<p>Ja, sowohl Aluminium- als auch PVDF-Beschichtungen sind recycelbar und entsprechen den Normen f\u00fcr umweltfreundliches Bauen.<br \/>\n<\/p><br \/>\n<br \/>\n<p><b>7. welche Art von Wartung ist erforderlich?<\/b><\/p>\n<p>Der Pflegeaufwand ist minimal - es gen\u00fcgt eine gelegentliche Reinigung mit einem milden Reinigungsmittel, damit die Oberfl\u00e4che wie neu aussieht.<br \/>\n<\/p><br \/>\n<br \/>\n<p><b>8 Entsprechen diese Profile den internationalen Bauvorschriften?<\/b><\/p>\n<p>Ja, unsere PVDF-Aluminium-Fassadenprofile entsprechen den ASTM-, EN- und anderen weltweiten Qualit\u00e4ts- und Sicherheitsstandards.<br \/>\n<\/p><br \/><\/p>","protected":false},"featured_media":7427,"template":"","categories":[67],"class_list":["post-7428","product","type-product","status-publish","has-post-thumbnail","hentry","category-architectural-aluminium-profile"],"meta_box":{"hilight_text_group":{"product_hilight_text":"<li>PVDF coating offers superior weather and UV resistance for long-term durability<\/li>\r\r\n<li>High-strength aluminum extrusion ensures structural integrity for curtain walls<\/li>\r\r\n<li>Excellent corrosion resistance, ideal for coastal and industrial environments<\/li>\r\r\n<li>Customizable shapes, sizes, and finishes to suit architectural designs<\/li>\r\r\n<li>Lightweight profile reduces building load and simplifies installation<\/li>\r\r\n<li>Fire-resistant and environmentally friendly material meets global standards<\/li>\r\r\n<li>Maintains color and gloss over decades, ensuring lasting aesthetic appeal<\/li>","product_chanpin_blog":"<ul>\r\r\n<li><a href=\"https:\/\/sinoextrud.com\/t-slot-v-slot-differences\/\" target=\"_blank\">t slot vs v slot<\/a><\/li>\r\r\n<li><a href=\"https:\/\/sinoextrud.com\/what-is-4040-aluminium-extrud\/\" target=\"_blank\">4040 aluminium extrusion<\/a><\/li>\r\r\n<li><a href=\"https:\/\/sinoextrud.com\/what-is-4040-aluminium-extrud\/\" target=\"_blank\">aluminum extrusions for industrial racks<\/a><\/li>\r\r\n<li><a href=\"https:\/\/sinoextrud.com\/powder-coating-aluminium-process\/\" target=\"_blank\">powder coating aluminium<\/a><\/li>\r\r\n<li><a href=\"https:\/\/sinoextrud.com\/what-is-an-aluminium-strip-ceiling\/\" target=\"_blank\">aluminium strip ceiling<\/a><\/li>\r\r\n<li><a href=\"https:\/\/sinoextrud.com\/what-is-a-heat-sink\/\" target=\"_blank\">what is a heat sink<\/a><\/li>\r\r\n<\/ul>","product_chanpin_chanpin":"<li><a href=\"https:\/\/sinoextrud.com\/product\/cabinet-furniture-aluminium-extrusions-aluminum-handle-profile-for-kitchen-cabinet-horizontal-g-handle-system\/\" target=\"_blank\">Cabinet Furniture Aluminium Extrusions Aluminum Handle Profile For Kitchen Cabinet Horizontal G Handle System<\/a><\/li>\r\n<li><a href=\"https:\/\/sinoextrud.com\/product\/sound-proof-aluminum-glass-casement-windows-sliding-windows-and-doors-aluminum-profile-for-buildings-louver-system\/\" target=\"_blank\">Sound-proof Aluminum Glass Casement Windows Sliding Windows And Doors Aluminum Profile For Buildings Louver System<\/a><\/li>\r\n<li><a href=\"https:\/\/sinoextrud.com\/product\/shutter-aluminum-profile-for-window-louver-frame\/\" target=\"_blank\">Shutter Aluminum Profile For Window Louver Frame<\/a><\/li>\r\n<li><a href=\"https:\/\/sinoextrud.com\/product\/extrusion-aluminum-shutter-profile-free-mould\/\" target=\"_blank\">Extrusion Aluminum Shutter Profile Free Mould<\/a><\/li>\r\n<li><a href=\"https:\/\/sinoextrud.com\/product\/pvdf-aluminum-extrusion-curtain-wall-profile\/\" target=\"_blank\">PVDF Aluminum Extrusion Curtain Wall Profile<\/a><\/li>\r\n<li><a href=\"https:\/\/sinoextrud.com\/product\/l-aluminum-profile-for-glass-railing\/\" target=\"_blank\">L Aluminum Profile For Glass Railing<\/a><\/li>\r\n<li><a href=\"https:\/\/sinoextrud.com\/product\/bright-anodize-brushed-black-window-profile\/\" target=\"_blank\">Bright Anodize Brushed Black Window Profile<\/a><\/li>\r\n<li><a href=\"https:\/\/sinoextrud.com\/product\/customized-aluminum-alloy-housing-grow-light\/\" target=\"_blank\">Customized Aluminum Alloy Housing Grow Light<\/a><\/li>\r\n<li><a href=\"https:\/\/sinoextrud.com\/product\/extruded-aluminum-interlocking-plank-floor\/\" target=\"_blank\">Extruded Aluminum Interlocking Plank Floor<\/a><\/li>\r\n<li><a href=\"https:\/\/sinoextrud.com\/product\/cnc-machined-6063-aluminium-extrusion-product\/\" target=\"_blank\">CNC Machined 6063 Aluminium Extrusion Product<\/a><\/li>\r\n<li><a href=\"https:\/\/sinoextrud.com\/product\/aluminum-louver-blades\/\" target=\"_blank\">Aluminum Louver Blades<\/a><\/li>"},"feature_list":[]},"_links":{"self":[{"href":"https:\/\/sinoextrud.com\/de\/wp-json\/wp\/v2\/product\/7428","targetHints":{"allow":["GET"]}}],"collection":[{"href":"https:\/\/sinoextrud.com\/de\/wp-json\/wp\/v2\/product"}],"about":[{"href":"https:\/\/sinoextrud.com\/de\/wp-json\/wp\/v2\/types\/product"}],"wp:featuredmedia":[{"embeddable":true,"href":"https:\/\/sinoextrud.com\/de\/wp-json\/wp\/v2\/media\/7427"}],"wp:attachment":[{"href":"https:\/\/sinoextrud.com\/de\/wp-json\/wp\/v2\/media?parent=7428"}],"wp:term":[{"taxonomy":"category","embeddable":true,"href":"https:\/\/sinoextrud.com\/de\/wp-json\/wp\/v2\/categories?post=7428"}],"curies":[{"name":"wp","href":"https:\/\/api.w.org\/{rel}","templated":true}]}}