{"id":7424,"date":"2025-06-07T07:07:21","date_gmt":"2025-06-07T07:07:21","guid":{"rendered":"https:\/\/sinoextrud.com\/product\/shutter-aluminum-profile-for-window-louver-frame\/"},"modified":"2025-06-24T06:12:47","modified_gmt":"2025-06-24T06:12:47","slug":"jalousie-aluminiumprofil-fur-fensterjalousienrahmen","status":"publish","type":"product","link":"https:\/\/sinoextrud.com\/de\/product\/shutter-aluminum-profile-for-window-louver-frame\/","title":{"rendered":"Shutter Aluminiumprofil f\u00fcr Fensterlamellenrahmen"},"content":{"rendered":"<h2>Produkte Details<\/h2>\n<table class=\"custom-table\">\n<tr>\n<td class=\"label\">Titel<\/td>\n<td>Shutter Aluminiumprofil f\u00fcr Fensterlamellenrahmen<\/td>\n<\/tr>\n<\/table>\n<h2>Unsere Produktionsbasis<\/h2>\n<h3>Fabrik-Panorama<\/h3>\n<p><img decoding=\"async\" src=\"\/wp-content\/uploads\/factory-01.webp\"\/><\/p>\n<h3>Werkstatt zur Herstellung von Aluminiumstangen<\/h3>\n<p><img decoding=\"async\" src=\"\/wp-content\/uploads\/factory-02.webp\"\/><\/p>\n<p><img decoding=\"async\" src=\"\/wp-content\/uploads\/factory-03.webp\"\/><\/p>\n<h3>Lagerhaus f\u00fcr Formen<\/h3>\n<p><img decoding=\"async\" src=\"\/wp-content\/uploads\/factory-04.webp\"\/><\/p>\n<h3>43 Aluminium-Strangpressanlagen (500-5500 Tonnen)<\/h3>\n<p><img decoding=\"async\" src=\"\/wp-content\/uploads\/factory-05.webp\"\/><\/p>\n<p><img decoding=\"async\" src=\"\/wp-content\/uploads\/factory-06.webp\"\/><\/p>\n<p><img decoding=\"async\" src=\"\/wp-content\/uploads\/factory-07.webp\"\/><\/p>\n<h3>Werkstatt f\u00fcr Pulverbeschichtung<\/h3>\n<p><img decoding=\"async\" src=\"\/wp-content\/uploads\/factory-09.webp\"\/><\/p>\n<h3>Eloxal-Werkstatt<\/h3>\n<p><img decoding=\"async\" src=\"\/wp-content\/uploads\/factory-10.webp\"\/><\/p>\n<h3>Workshop zur Tiefenverarbeitung<\/h3>\n<p><img decoding=\"async\" src=\"\/wp-content\/uploads\/factory-11.webp\"\/><\/p>\n<h3>CNC-Pr\u00e4zisionsbearbeitungswerkstatt<\/h3>\n<p><img decoding=\"async\" src=\"\/wp-content\/uploads\/factory-11.5.webp\"\/><\/p>\n<h3>Lager f\u00fcr Fertigprodukte und Export<\/h3>\n<p><img decoding=\"async\" src=\"\/wp-content\/uploads\/factory-12.webp\"\/><\/p>\n<p><img decoding=\"async\" src=\"\/wp-content\/uploads\/factory-13.webp\"\/><\/p>\n<p><img decoding=\"async\" src=\"\/wp-content\/uploads\/factory-14.webp\"\/><\/p>\n<h2>FAQ<\/h2>\n<p><p><b>1. was ist ein Shutter Aluminium-Profil f\u00fcr Fenster Lamellenrahmen?<\/b><\/p>\n<p>Es handelt sich dabei um ein Aluminium-Strangpressprofil, das den Rahmen f\u00fcr Fensterl\u00e4den mit Lamellen zur Bel\u00fcftung und zum Schutz der Privatsph\u00e4re bildet.<br \/>\n<\/p><br \/>\n<br \/>\n<p><b>2 Was sind die Vorteile der Verwendung von Aluminium f\u00fcr Fensterladenrahmen?<\/b><\/p>\n<p>Aluminium ist leicht, stabil, korrosionsbest\u00e4ndig und wartungsarm und damit ideal f\u00fcr Fensterrahmen im Innen- und Au\u00dfenbereich.<br \/>\n<\/p><br \/>\n<br \/>\n<p><b>3. ist dieses Profil mit verstellbaren Jalousien kompatibel?<\/b><\/p>\n<p>Ja, das Design unterst\u00fctzt sowohl feste als auch verstellbare Lamellensysteme f\u00fcr eine flexible Luftstrom- und Lichtsteuerung.<br \/>\n<\/p><br \/>\n<br \/>\n<p><b>4. kann das Profil in k\u00fcstennahen oder feuchten Umgebungen verwendet werden?<\/b><\/p>\n<p>Ja, eloxierte oder pulverbeschichtete Oberfl\u00e4chen bieten selbst unter rauen Witterungsbedingungen eine hervorragende Korrosionsbest\u00e4ndigkeit.<br \/>\n<\/p><br \/>\n<br \/>\n<p><b>5. welche Anpassungsm\u00f6glichkeiten gibt es?<\/b><\/p>\n<p>Wir bieten kundenspezifische L\u00e4ngen, Farben, Blattwinkel und Oberfl\u00e4chenbehandlungen an, um den Designanforderungen Ihres Projekts gerecht zu werden.<br \/>\n<\/p><br \/>\n<br \/>\n<p><b>6. ist es einfach, Aluminium-Rollladenprofile zu installieren?<\/b><\/p>\n<p>Ja, die Profile sind f\u00fcr eine einfache Montage mit Standardhalterungen und -befestigungen ausgelegt.<br \/>\n<\/p><br \/>\n<br \/>\n<p><b>7. wo werden Aluminiumprofile f\u00fcr Fensterl\u00e4den \u00fcblicherweise verwendet?<\/b><\/p>\n<p>Sie werden h\u00e4ufig in Wohnh\u00e4usern, B\u00fcrogeb\u00e4uden, Schulen und Industrieanlagen zur Bel\u00fcftung und Beschattung eingesetzt.<br \/>\n<\/p><br \/>\n<br \/>\n<p><b>8. wie verbessern Aluminiumlamellen die Geb\u00e4udeeffizienz?<\/b><\/p>\n<p>Sie regulieren den Luftstrom und das Sonnenlicht, erh\u00f6hen den thermischen Komfort und verringern die Abh\u00e4ngigkeit von HLK-Systemen.<br \/>\n<\/p><br \/><\/p>","protected":false},"featured_media":7423,"template":"","categories":[67],"class_list":["post-7424","product","type-product","status-publish","has-post-thumbnail","hentry","category-architectural-aluminium-profile"],"meta_box":{"hilight_text_group":{"product_hilight_text":"<li>High-quality aluminum profile provides structural integrity and longevity<\/li>\r\r\n<li>Corrosion-resistant surface ideal for exterior window applications<\/li>\r\r\n<li>Lightweight design ensures easy installation and reduced frame load<\/li>\r\r\n<li>Customizable dimensions and finishes to match architectural styles<\/li>\r\r\n<li>Compatible with fixed or adjustable louver blades for ventilation control<\/li>\r\r\n<li>Low maintenance and weather-resistant for long-term performance<\/li>\r\r\n<li>Suitable for residential, commercial, and industrial building windows<\/li>","product_chanpin_blog":"<ul>\r\r\n<li><a href=\"https:\/\/sinoextrud.com\/t-slot-v-slot-differences\/\" target=\"_blank\">t slot vs v slot<\/a><\/li>\r\r\n<li><a href=\"https:\/\/sinoextrud.com\/what-is-4040-aluminium-extrud\/\" target=\"_blank\">4040 aluminium extrusion<\/a><\/li>\r\r\n<li><a href=\"https:\/\/sinoextrud.com\/what-is-4040-aluminium-extrud\/\" target=\"_blank\">aluminum extrusions for industrial racks<\/a><\/li>\r\r\n<li><a href=\"https:\/\/sinoextrud.com\/powder-coating-aluminium-process\/\" target=\"_blank\">powder coating aluminium<\/a><\/li>\r\r\n<li><a href=\"https:\/\/sinoextrud.com\/what-is-an-aluminium-strip-ceiling\/\" target=\"_blank\">aluminium strip ceiling<\/a><\/li>\r\r\n<li><a href=\"https:\/\/sinoextrud.com\/what-is-a-heat-sink\/\" target=\"_blank\">what is a heat sink<\/a><\/li>\r\r\n<\/ul>","product_chanpin_chanpin":"<li><a href=\"https:\/\/sinoextrud.com\/product\/aluminum-tube-profile-processing-with-6060-material\/\" target=\"_blank\">Aluminum Tube Profile Processing with 6060 material<\/a><\/li>\r\n<li><a href=\"https:\/\/sinoextrud.com\/product\/shining-polishing-aluminum-profile-anodizing-silver\/\" target=\"_blank\">Shining Polishing Aluminum Profile Anodizing Silver<\/a><\/li>\r\n<li><a href=\"https:\/\/sinoextrud.com\/product\/cabinet-furniture-aluminium-extrusions-aluminum-handle-profile-for-kitchen-cabinet-horizontal-g-handle-system\/\" target=\"_blank\">Cabinet Furniture Aluminium Extrusions Aluminum Handle Profile For Kitchen Cabinet Horizontal G Handle System<\/a><\/li>\r\n<li><a href=\"https:\/\/sinoextrud.com\/product\/sound-proof-aluminum-glass-casement-windows-sliding-windows-and-doors-aluminum-profile-for-buildings-louver-system\/\" target=\"_blank\">Sound-proof Aluminum Glass Casement Windows Sliding Windows And Doors Aluminum Profile For Buildings Louver System<\/a><\/li>\r\n<li><a href=\"https:\/\/sinoextrud.com\/product\/shutter-aluminum-profile-for-window-louver-frame\/\" target=\"_blank\">Shutter Aluminum Profile For Window Louver Frame<\/a><\/li>\r\n<li><a href=\"https:\/\/sinoextrud.com\/product\/extrusion-aluminum-shutter-profile-free-mould\/\" target=\"_blank\">Extrusion Aluminum Shutter Profile Free Mould<\/a><\/li>\r\n<li><a href=\"https:\/\/sinoextrud.com\/product\/pvdf-aluminum-extrusion-curtain-wall-profile\/\" target=\"_blank\">PVDF Aluminum Extrusion Curtain Wall Profile<\/a><\/li>\r\n<li><a href=\"https:\/\/sinoextrud.com\/product\/l-aluminum-profile-for-glass-railing\/\" target=\"_blank\">L Aluminum Profile For Glass Railing<\/a><\/li>\r\n<li><a href=\"https:\/\/sinoextrud.com\/product\/bright-anodize-brushed-black-window-profile\/\" target=\"_blank\">Bright Anodize Brushed Black Window Profile<\/a><\/li>\r\n<li><a href=\"https:\/\/sinoextrud.com\/product\/standard-aluminium-extrusion-profiles-windows-and-doors\/\" target=\"_blank\">Standard Aluminium Extrusion Profiles Windows And Doors<\/a><\/li>\r\n<li><a href=\"https:\/\/sinoextrud.com\/product\/customized-new-energy-conservation-anodized-aluminum-profile-frame-for-solar-panel-frame\/\" target=\"_blank\">Customized New Energy Conservation Anodized Aluminum Profile Frame For Solar Panel Frame<\/a><\/li>"},"feature_list":[]},"_links":{"self":[{"href":"https:\/\/sinoextrud.com\/de\/wp-json\/wp\/v2\/product\/7424","targetHints":{"allow":["GET"]}}],"collection":[{"href":"https:\/\/sinoextrud.com\/de\/wp-json\/wp\/v2\/product"}],"about":[{"href":"https:\/\/sinoextrud.com\/de\/wp-json\/wp\/v2\/types\/product"}],"wp:featuredmedia":[{"embeddable":true,"href":"https:\/\/sinoextrud.com\/de\/wp-json\/wp\/v2\/media\/7423"}],"wp:attachment":[{"href":"https:\/\/sinoextrud.com\/de\/wp-json\/wp\/v2\/media?parent=7424"}],"wp:term":[{"taxonomy":"category","embeddable":true,"href":"https:\/\/sinoextrud.com\/de\/wp-json\/wp\/v2\/categories?post=7424"}],"curies":[{"name":"wp","href":"https:\/\/api.w.org\/{rel}","templated":true}]}}