{"id":7422,"date":"2025-06-07T07:06:01","date_gmt":"2025-06-07T07:06:01","guid":{"rendered":"https:\/\/sinoextrud.com\/product\/sound-proof-aluminum-glass-casement-windows-sliding-windows-and-doors-aluminum-profile-for-buildings-louver-system\/"},"modified":"2025-06-24T06:12:47","modified_gmt":"2025-06-24T06:12:47","slug":"schallisolierte-aluminium-glasfenster-schiebefenster-und-turen-aluminiumprofile-fur-gebaude-lamellensysteme","status":"publish","type":"product","link":"https:\/\/sinoextrud.com\/de\/product\/sound-proof-aluminum-glass-casement-windows-sliding-windows-and-doors-aluminum-profile-for-buildings-louver-system\/","title":{"rendered":"Schalld\u00e4mmende Aluminium-Glasfenster Schiebefenster und -t\u00fcren Aluminiumprofil f\u00fcr Geb\u00e4ude Lamellensystem"},"content":{"rendered":"<h2>Produkte Details<\/h2>\n<table class=\"custom-table\">\n<tr>\n<td class=\"label\">Titel<\/td>\n<td>Schalld\u00e4mmende Aluminium-Glasfenster Schiebefenster und -t\u00fcren Aluminiumprofil f\u00fcr Geb\u00e4ude Lamellensystem<\/td>\n<\/tr>\n<\/table>\n<h2>Unsere Produktionsbasis<\/h2>\n<h3>Fabrik-Panorama<\/h3>\n<p><img decoding=\"async\" src=\"\/wp-content\/uploads\/factory-01.webp\"\/><\/p>\n<h3>Werkstatt zur Herstellung von Aluminiumstangen<\/h3>\n<p><img decoding=\"async\" src=\"\/wp-content\/uploads\/factory-02.webp\"\/><\/p>\n<p><img decoding=\"async\" src=\"\/wp-content\/uploads\/factory-03.webp\"\/><\/p>\n<h3>Lagerhaus f\u00fcr Formen<\/h3>\n<p><img decoding=\"async\" src=\"\/wp-content\/uploads\/factory-04.webp\"\/><\/p>\n<h3>43 Aluminium-Strangpressanlagen (500\u00e2\u20ac\"5500 Tonnen)<\/h3>\n<p><img decoding=\"async\" src=\"\/wp-content\/uploads\/factory-05.webp\"\/><\/p>\n<p><img decoding=\"async\" src=\"\/wp-content\/uploads\/factory-06.webp\"\/><\/p>\n<p><img decoding=\"async\" src=\"\/wp-content\/uploads\/factory-07.webp\"\/><\/p>\n<h3>Werkstatt f\u00fcr Pulverbeschichtung<\/h3>\n<p><img decoding=\"async\" src=\"\/wp-content\/uploads\/factory-09.webp\"\/><\/p>\n<h3>Eloxal-Werkstatt<\/h3>\n<p><img decoding=\"async\" src=\"\/wp-content\/uploads\/factory-10.webp\"\/><\/p>\n<h3>Workshop zur Tiefenverarbeitung<\/h3>\n<p><img decoding=\"async\" src=\"\/wp-content\/uploads\/factory-11.webp\"\/><\/p>\n<h3>CNC-Pr\u00e4zisionsbearbeitungswerkstatt<\/h3>\n<p><img decoding=\"async\" src=\"\/wp-content\/uploads\/factory-11.5.webp\"\/><\/p>\n<h3>Lager f\u00fcr Fertigprodukte und Export<\/h3>\n<p><img decoding=\"async\" src=\"\/wp-content\/uploads\/factory-12.webp\"\/><\/p>\n<p><img decoding=\"async\" src=\"\/wp-content\/uploads\/factory-13.webp\"\/><\/p>\n<p><img decoding=\"async\" src=\"\/wp-content\/uploads\/factory-14.webp\"\/><\/p>\n<h2>FAQ<\/h2>\n<p><p><b>1. was ist ein schalldichtes Aluminium-Glas-Fl\u00fcgelfenster und T\u00fcrprofil?<\/b><\/p>\n<p>Es handelt sich um ein speziell entwickeltes Aluminiumprofil f\u00fcr den Bau von Fenstern und T\u00fcren mit schalld\u00e4mmenden und w\u00e4rmeisolierenden Eigenschaften.<br \/>\n<\/p><br \/>\n<br \/>\n<p><b>2. welche Vorteile hat die Verwendung von Aluminiumprofilen f\u00fcr Schiebe- und Fl\u00fcgelfenster?<\/b><\/p>\n<p>Aluminium bietet leichte Haltbarkeit, Korrosionsbest\u00e4ndigkeit und Designflexibilit\u00e4t f\u00fcr verschiedene Fenster- und T\u00fcrtypen.<br \/>\n<\/p><br \/>\n<br \/>\n<p><b>3. ist dieses Profilsystem mit Jalousien kompatibel?<\/b><\/p>\n<p>Ja, es kann mit Aluminium-Jalousiesystemen f\u00fcr zus\u00e4tzliche Bel\u00fcftung, Beschattung und \u00c4sthetik integriert werden.<br \/>\n<\/p><br \/>\n<br \/>\n<p><b>4. k\u00f6nnen diese Profile in gewerblichen Geb\u00e4uden verwendet werden?<\/b><\/p>\n<p>Ja, sie sind ideal f\u00fcr Wohn- und Gewerbebauten, die leistungsstarke Fenster- und T\u00fcrsysteme ben\u00f6tigen.<br \/>\n<\/p><br \/>\n<br \/>\n<p><b>5. sind schallisolierende Merkmale Standard?<\/b><\/p>\n<p>Ja, die Profile sind so konstruiert, dass sie Doppel- oder Dreifachverglasungen tragen und so eine bessere Schalld\u00e4mmung gew\u00e4hrleisten.<br \/>\n<\/p><br \/>\n<br \/>\n<p><b>6. bieten Sie Optionen f\u00fcr thermische Unterbrechungen an?<\/b><\/p>\n<p>Ja, es gibt thermisch getrennte Aluminiumprofile zur Verbesserung der Energieeffizienz und des Wohnkomforts.<br \/>\n<\/p><br \/>\n<br \/>\n<p><b>7 Welche Oberfl\u00e4chenausf\u00fchrungen gibt es?<\/b><\/p>\n<p>Zu den Oberfl\u00e4chen geh\u00f6ren eloxiert, pulverbeschichtet und Holzmaserung, um verschiedenen Designstilen und Wetterbedingungen gerecht zu werden.<br \/>\n<\/p><br \/>\n<br \/>\n<p><b>Werden benutzerdefinierte Gr\u00f6\u00dfen und Farben unterst\u00fctzt?<\/b><\/p>\n<p>Nat\u00fcrlich bieten wir eine vollst\u00e4ndige Anpassung an einzigartige architektonische Anforderungen und Farbthemen.<br \/>\n<\/p><br \/><\/p>","protected":false},"featured_media":7421,"template":"","categories":[67],"class_list":["post-7422","product","type-product","status-publish","has-post-thumbnail","hentry","category-architectural-aluminium-profile"],"meta_box":{"hilight_text_group":{"product_hilight_text":"<li>Designed for sound-proof performance in modern residential and commercial buildings<\/li>\r\r\n<li>High-quality aluminum profiles ensure structural strength and long-term durability<\/li>\r\r\n<li>Compatible with casement windows, sliding windows, and door systems<\/li>\r\r\n<li>Supports integrated louver systems for ventilation and privacy<\/li>\r\r\n<li>Corrosion-resistant finishes ideal for harsh weather conditions<\/li>\r\r\n<li>Customizable sizes, colors, and profiles to match architectural designs<\/li>\r\r\n<li>Energy-efficient thermal break options available to reduce heat transfer<\/li>","product_chanpin_blog":"<ul>\r\r\n<li><a href=\"https:\/\/sinoextrud.com\/t-slot-v-slot-differences\/\" target=\"_blank\">t slot vs v slot<\/a><\/li>\r\r\n<li><a href=\"https:\/\/sinoextrud.com\/what-is-4040-aluminium-extrud\/\" target=\"_blank\">4040 aluminium extrusion<\/a><\/li>\r\r\n<li><a href=\"https:\/\/sinoextrud.com\/what-is-4040-aluminium-extrud\/\" target=\"_blank\">aluminum extrusions for industrial racks<\/a><\/li>\r\r\n<li><a href=\"https:\/\/sinoextrud.com\/powder-coating-aluminium-process\/\" target=\"_blank\">powder coating aluminium<\/a><\/li>\r\r\n<li><a href=\"https:\/\/sinoextrud.com\/what-is-an-aluminium-strip-ceiling\/\" target=\"_blank\">aluminium strip ceiling<\/a><\/li>\r\r\n<li><a href=\"https:\/\/sinoextrud.com\/what-is-a-heat-sink\/\" target=\"_blank\">what is a heat sink<\/a><\/li>\r\r\n<\/ul>","product_chanpin_chanpin":"<li><a href=\"https:\/\/sinoextrud.com\/product\/new-design-kitchen-handle-aluminum-profile\/\" target=\"_blank\">New Design Kitchen Handle Aluminum Profile<\/a><\/li>\r\n<li><a href=\"https:\/\/sinoextrud.com\/product\/aluminum-tube-profile-processing-with-6060-material\/\" target=\"_blank\">Aluminum Tube Profile Processing with 6060 material<\/a><\/li>\r\n<li><a href=\"https:\/\/sinoextrud.com\/product\/shining-polishing-aluminum-profile-anodizing-silver\/\" target=\"_blank\">Shining Polishing Aluminum Profile Anodizing Silver<\/a><\/li>\r\n<li><a href=\"https:\/\/sinoextrud.com\/product\/cabinet-furniture-aluminium-extrusions-aluminum-handle-profile-for-kitchen-cabinet-horizontal-g-handle-system\/\" target=\"_blank\">Cabinet Furniture Aluminium Extrusions Aluminum Handle Profile For Kitchen Cabinet Horizontal G Handle System<\/a><\/li>\r\n<li><a href=\"https:\/\/sinoextrud.com\/product\/sound-proof-aluminum-glass-casement-windows-sliding-windows-and-doors-aluminum-profile-for-buildings-louver-system\/\" target=\"_blank\">Sound-proof Aluminum Glass Casement Windows Sliding Windows And Doors Aluminum Profile For Buildings Louver System<\/a><\/li>\r\n<li><a href=\"https:\/\/sinoextrud.com\/product\/shutter-aluminum-profile-for-window-louver-frame\/\" target=\"_blank\">Shutter Aluminum Profile For Window Louver Frame<\/a><\/li>\r\n<li><a href=\"https:\/\/sinoextrud.com\/product\/extrusion-aluminum-shutter-profile-free-mould\/\" target=\"_blank\">Extrusion Aluminum Shutter Profile Free Mould<\/a><\/li>\r\n<li><a href=\"https:\/\/sinoextrud.com\/product\/pvdf-aluminum-extrusion-curtain-wall-profile\/\" target=\"_blank\">PVDF Aluminum Extrusion Curtain Wall Profile<\/a><\/li>\r\n<li><a href=\"https:\/\/sinoextrud.com\/product\/l-aluminum-profile-for-glass-railing\/\" target=\"_blank\">L Aluminum Profile For Glass Railing<\/a><\/li>\r\n<li><a href=\"https:\/\/sinoextrud.com\/product\/aluminum-outdoor-enclose-heat-sinks\/\" target=\"_blank\">Aluminum outdoor enclose heat sinks<\/a><\/li>\r\n<li><a href=\"https:\/\/sinoextrud.com\/product\/commercial-handrail-systems\/\" target=\"_blank\">Commercial Handrail Systems<\/a><\/li>"},"feature_list":[]},"_links":{"self":[{"href":"https:\/\/sinoextrud.com\/de\/wp-json\/wp\/v2\/product\/7422","targetHints":{"allow":["GET"]}}],"collection":[{"href":"https:\/\/sinoextrud.com\/de\/wp-json\/wp\/v2\/product"}],"about":[{"href":"https:\/\/sinoextrud.com\/de\/wp-json\/wp\/v2\/types\/product"}],"wp:featuredmedia":[{"embeddable":true,"href":"https:\/\/sinoextrud.com\/de\/wp-json\/wp\/v2\/media\/7421"}],"wp:attachment":[{"href":"https:\/\/sinoextrud.com\/de\/wp-json\/wp\/v2\/media?parent=7422"}],"wp:term":[{"taxonomy":"category","embeddable":true,"href":"https:\/\/sinoextrud.com\/de\/wp-json\/wp\/v2\/categories?post=7422"}],"curies":[{"name":"wp","href":"https:\/\/api.w.org\/{rel}","templated":true}]}}