{"id":7420,"date":"2025-06-07T07:04:21","date_gmt":"2025-06-07T07:04:21","guid":{"rendered":"https:\/\/sinoextrud.com\/product\/cabinet-furniture-aluminium-extrusions-aluminum-handle-profile-for-kitchen-cabinet-horizontal-g-handle-system\/"},"modified":"2025-06-24T06:12:46","modified_gmt":"2025-06-24T06:12:46","slug":"schrankmobel-aluminium-strangpressprofile-aluminium-griffprofil-fur-kuchenschranke-horizontales-g-griffsystem","status":"publish","type":"product","link":"https:\/\/sinoextrud.com\/de\/product\/cabinet-furniture-aluminium-extrusions-aluminum-handle-profile-for-kitchen-cabinet-horizontal-g-handle-system\/","title":{"rendered":"Schrankm\u00f6bel Aluminium-Strangpressprofile Aluminium-Griff-Profil f\u00fcr K\u00fcchenschr\u00e4nke Horizontales G-Griff-System"},"content":{"rendered":"<h2>Produkte Details<\/h2>\n<table class=\"custom-table\">\n<tbody>\n<tr>\n<td> Artikel:<\/td>\n<td> Schrankm\u00f6bel Aluminium StrangpressprofileAluminium Griffprofil f\u00fcr K\u00fcchenschrank Horizontal GHandle System<\/td>\n<td> Note:<\/td>\n<td> Serie 6000<\/td>\n<\/tr>\n<tr>\n<td> Temperament:<\/td>\n<td> T3-T8<\/td>\n<td> Ort der Herkunft:<\/td>\n<td> Foshan, Guangdong<\/td>\n<\/tr>\n<tr>\n<td> Die Form:<\/td>\n<td> GHandleor angepasst<\/td>\n<td> Legierung oder nicht:<\/td>\n<td> Ist Legierung<\/td>\n<\/tr>\n<tr>\n<td> Vertr\u00e4glichkeit:<\/td>\n<td> \u00b10,2%<\/td>\n<td> Marke:<\/td>\n<td> Sinoextrud<\/td>\n<\/tr>\n<tr>\n<td> Merkmal:<\/td>\n<td> Aluminium-Griffprofil<\/td>\n<td> Oberfl\u00e4chenbehandlung:<\/td>\n<td> Eloxiert, Pulverbeschichtung, geb\u00fcrstet<\/td>\n<\/tr>\n<tr>\n<td> Lieferzeiten:<\/td>\n<td> 25-30 Tage<\/td>\n<td> MOQ:<\/td>\n<td> 200KGs<\/td>\n<\/tr>\n<tr>\n<td> Zahlungsfrist:<\/td>\n<td> T\/T(30% Anzahlung), L\/C<\/td>\n<td> Bearbeitungsservice:<\/td>\n<td> CNC-Bearbeitung<\/td>\n<\/tr>\n<tr>\n<td> Hafen:<\/td>\n<td> Guangzhou, Shenzhen<\/td>\n<td> L\u00e4nge:<\/td>\n<td> 1-9m oder kundenspezifische L\u00e4nge<\/td>\n<\/tr>\n<tr>\n<td> Art:<\/td>\n<td> Kabinettm\u00f6bel<\/td>\n<td> Verwendung:<\/td>\n<td> K\u00fcchenkabinett<\/td>\n<\/tr>\n<\/tbody>\n<\/table>\n<h2>Unsere Produktionsbasis<\/h2>\n<h3>Fabrik-Panorama<\/h3>\n<p><img decoding=\"async\" src=\"\/wp-content\/uploads\/factory-01.webp\"\/><\/p>\n<h3>Werkstatt zur Herstellung von Aluminiumstangen<\/h3>\n<p><img decoding=\"async\" src=\"\/wp-content\/uploads\/factory-02.webp\"\/><\/p>\n<p><img decoding=\"async\" src=\"\/wp-content\/uploads\/factory-03.webp\"\/><\/p>\n<h3>Lagerhaus f\u00fcr Formen<\/h3>\n<p><img decoding=\"async\" src=\"\/wp-content\/uploads\/factory-04.webp\"\/><\/p>\n<h3>43 Aluminium-Strangpressanlagen (500-5500 Tonnen)<\/h3>\n<p><img decoding=\"async\" src=\"\/wp-content\/uploads\/factory-05.webp\"\/><\/p>\n<p><img decoding=\"async\" src=\"\/wp-content\/uploads\/factory-06.webp\"\/><\/p>\n<p><img decoding=\"async\" src=\"\/wp-content\/uploads\/factory-07.webp\"\/><\/p>\n<h3>Werkstatt f\u00fcr Pulverbeschichtung<\/h3>\n<p><img decoding=\"async\" src=\"\/wp-content\/uploads\/factory-09.webp\"\/><\/p>\n<h3>Eloxal-Werkstatt<\/h3>\n<p><img decoding=\"async\" src=\"\/wp-content\/uploads\/factory-10.webp\"\/><\/p>\n<h3>Workshop zur Tiefenverarbeitung<\/h3>\n<p><img decoding=\"async\" src=\"\/wp-content\/uploads\/factory-11.webp\"\/><\/p>\n<h3>CNC-Pr\u00e4zisionsbearbeitungswerkstatt<\/h3>\n<p><img decoding=\"async\" src=\"\/wp-content\/uploads\/factory-11.5.webp\"\/><\/p>\n<h3>Lager f\u00fcr Fertigprodukte und Export<\/h3>\n<p><img decoding=\"async\" src=\"\/wp-content\/uploads\/factory-12.webp\"\/><\/p>\n<p><img decoding=\"async\" src=\"\/wp-content\/uploads\/factory-13.webp\"\/><\/p>\n<p><img decoding=\"async\" src=\"\/wp-content\/uploads\/factory-14.webp\"\/><\/p>\n<h2>FAQ<\/h2>\n<p><p><b>1. was ist ein Schrank M\u00f6bel Aluminium-Strangpressprofile Aluminium-Griff-Profil?<\/b><\/p>\n<p>Es handelt sich um ein Aluminiumprofil, das speziell als horizontaler G-Griff f\u00fcr K\u00fcchenschr\u00e4nke entwickelt wurde und Stil und Funktionalit\u00e4t vereint.<br \/>\n<\/p><br \/>\n<br \/>\n<p><b>2 Was sind die Vorteile der Verwendung von Aluminium f\u00fcr Schrankgriffe?<\/b><\/p>\n<p>Aluminium ist leicht, korrosionsbest\u00e4ndig, langlebig und in verschiedenen Ausf\u00fchrungen erh\u00e4ltlich, was es perfekt f\u00fcr den Einsatz in der K\u00fcche macht.<br \/>\n<\/p><br \/>\n<br \/>\n<p><b>3. was ist ein G-Griff-System?<\/b><\/p>\n<p>Das G-Griff-System ist ein versenkter horizontaler Schrankgriff, der ein schlankes, minimalistisches Erscheinungsbild mit einfachem Zugriff auf die Griffe bietet.<br \/>\n<\/p><br \/>\n<br \/>\n<p><b>4. sind diese Griffe einfach zu installieren?<\/b><\/p>\n<p>Ja, die G-Griffe aus Aluminium sind f\u00fcr den einfachen Einbau in Standard-Schranknuten konzipiert.<br \/>\n<\/p><br \/>\n<br \/>\n<p><b>5. kann ich individuelle Gr\u00f6\u00dfen und Ausf\u00fchrungen erhalten?<\/b><\/p>\n<p>Ja, wir bieten kundenspezifische L\u00e4ngen, Farben und Oberfl\u00e4chen an, die zu den verschiedenen Designs und Anforderungen von K\u00fcchenschr\u00e4nken passen.<br \/>\n<\/p><br \/>\n<br \/>\n<p><b>6. ist die Oberfl\u00e4che widerstandsf\u00e4hig gegen Flecken und Kratzer?<\/b><\/p>\n<p>Ja, eloxierte und pulverbeschichtete Oberfl\u00e4chen bieten eine hervorragende Best\u00e4ndigkeit gegen Flecken, Kratzer und t\u00e4glichen Verschlei\u00df.<br \/>\n<\/p><br \/>\n<br \/>\n<p><b>7. wo werden Aluminium-Griffprofile \u00fcblicherweise verwendet?<\/b><\/p>\n<p>Sie werden h\u00e4ufig in K\u00fcchenschr\u00e4nken, Kleiderschr\u00e4nken, B\u00fcrom\u00f6beln und modernen Aufbewahrungssystemen verwendet.<br \/>\n<\/p><br \/>\n<br \/>\n<p><b>8. sind diese Griffe mit modernen K\u00fcchendesigns kompatibel?<\/b><\/p>\n<p>Ja, ihr schlankes und fl\u00e4chenb\u00fcndiges Design erg\u00e4nzt die moderne und minimalistische K\u00fcchen\u00e4sthetik.<br \/>\n<\/p><br \/><\/p>","protected":false},"featured_media":7419,"template":"","categories":[67],"class_list":["post-7420","product","type-product","status-publish","has-post-thumbnail","hentry","category-architectural-aluminium-profile"],"meta_box":{"hilight_text_group":{"product_hilight_text":"<li>Modern horizontal G handle design enhances kitchen cabinet aesthetics<\/li>\r\r\n<li>Made from high-quality aluminum for durability and lightweight use<\/li>\r\r\n<li>Corrosion-resistant and easy to clean, ideal for kitchen environments<\/li>\r\r\n<li>Ergonomic design provides comfortable and smooth grip<\/li>\r\r\n<li>Seamless integration into cabinet panels for a minimalist look<\/li>\r\r\n<li>Available in various finishes such as matte, brushed, and anodized<\/li>\r\r\n<li>Custom lengths and colors to fit different cabinet sizes and styles<\/li>","product_chanpin_blog":"<ul>\r\r\n<li><a href=\"https:\/\/sinoextrud.com\/t-slot-v-slot-differences\/\" target=\"_blank\">t slot vs v slot<\/a><\/li>\r\r\n<li><a href=\"https:\/\/sinoextrud.com\/what-is-4040-aluminium-extrud\/\" target=\"_blank\">4040 aluminium extrusion<\/a><\/li>\r\r\n<li><a href=\"https:\/\/sinoextrud.com\/what-is-4040-aluminium-extrud\/\" target=\"_blank\">aluminum extrusions for industrial racks<\/a><\/li>\r\r\n<li><a href=\"https:\/\/sinoextrud.com\/powder-coating-aluminium-process\/\" target=\"_blank\">powder coating aluminium<\/a><\/li>\r\r\n<li><a href=\"https:\/\/sinoextrud.com\/what-is-an-aluminium-strip-ceiling\/\" target=\"_blank\">aluminium strip ceiling<\/a><\/li>\r\r\n<li><a href=\"https:\/\/sinoextrud.com\/what-is-a-heat-sink\/\" target=\"_blank\">what is a heat sink<\/a><\/li>\r\r\n<\/ul>","product_chanpin_chanpin":"<li><a href=\"https:\/\/sinoextrud.com\/product\/custom-aluminum-tongue-and-groove-extrusion-for-floor-decking\/\" target=\"_blank\">Custom Aluminum Tongue And Groove Extrusion for floor decking<\/a><\/li>\r\n<li><a href=\"https:\/\/sinoextrud.com\/product\/new-design-kitchen-handle-aluminum-profile\/\" target=\"_blank\">New Design Kitchen Handle Aluminum Profile<\/a><\/li>\r\n<li><a href=\"https:\/\/sinoextrud.com\/product\/aluminum-tube-profile-processing-with-6060-material\/\" target=\"_blank\">Aluminum Tube Profile Processing with 6060 material<\/a><\/li>\r\n<li><a href=\"https:\/\/sinoextrud.com\/product\/shining-polishing-aluminum-profile-anodizing-silver\/\" target=\"_blank\">Shining Polishing Aluminum Profile Anodizing Silver<\/a><\/li>\r\n<li><a href=\"https:\/\/sinoextrud.com\/product\/cabinet-furniture-aluminium-extrusions-aluminum-handle-profile-for-kitchen-cabinet-horizontal-g-handle-system\/\" target=\"_blank\">Cabinet Furniture Aluminium Extrusions Aluminum Handle Profile For Kitchen Cabinet Horizontal G Handle System<\/a><\/li>\r\n<li><a href=\"https:\/\/sinoextrud.com\/product\/sound-proof-aluminum-glass-casement-windows-sliding-windows-and-doors-aluminum-profile-for-buildings-louver-system\/\" target=\"_blank\">Sound-proof Aluminum Glass Casement Windows Sliding Windows And Doors Aluminum Profile For Buildings Louver System<\/a><\/li>\r\n<li><a href=\"https:\/\/sinoextrud.com\/product\/shutter-aluminum-profile-for-window-louver-frame\/\" target=\"_blank\">Shutter Aluminum Profile For Window Louver Frame<\/a><\/li>\r\n<li><a href=\"https:\/\/sinoextrud.com\/product\/extrusion-aluminum-shutter-profile-free-mould\/\" target=\"_blank\">Extrusion Aluminum Shutter Profile Free Mould<\/a><\/li>\r\n<li><a href=\"https:\/\/sinoextrud.com\/product\/pvdf-aluminum-extrusion-curtain-wall-profile\/\" target=\"_blank\">PVDF Aluminum Extrusion Curtain Wall Profile<\/a><\/li>\r\n<li><a href=\"https:\/\/sinoextrud.com\/product\/aluminium-track-extrusions\/\" target=\"_blank\">Aluminium Track Extrusions<\/a><\/li>\r\n<li><a href=\"https:\/\/sinoextrud.com\/product\/controller-shell-instrument-box-industrial-aluminum-profile-electromechanical-shell\/\" target=\"_blank\">Controller Shell Instrument Box Industrial Aluminum Profile Electromechanical Shell<\/a><\/li>"},"feature_list":[]},"_links":{"self":[{"href":"https:\/\/sinoextrud.com\/de\/wp-json\/wp\/v2\/product\/7420","targetHints":{"allow":["GET"]}}],"collection":[{"href":"https:\/\/sinoextrud.com\/de\/wp-json\/wp\/v2\/product"}],"about":[{"href":"https:\/\/sinoextrud.com\/de\/wp-json\/wp\/v2\/types\/product"}],"wp:featuredmedia":[{"embeddable":true,"href":"https:\/\/sinoextrud.com\/de\/wp-json\/wp\/v2\/media\/7419"}],"wp:attachment":[{"href":"https:\/\/sinoextrud.com\/de\/wp-json\/wp\/v2\/media?parent=7420"}],"wp:term":[{"taxonomy":"category","embeddable":true,"href":"https:\/\/sinoextrud.com\/de\/wp-json\/wp\/v2\/categories?post=7420"}],"curies":[{"name":"wp","href":"https:\/\/api.w.org\/{rel}","templated":true}]}}