{"id":7418,"date":"2025-06-07T07:02:22","date_gmt":"2025-06-07T07:02:22","guid":{"rendered":"https:\/\/sinoextrud.com\/product\/shining-polishing-aluminum-profile-anodizing-silver\/"},"modified":"2025-06-24T06:12:46","modified_gmt":"2025-06-24T06:12:46","slug":"hochglanzpolieren-von-aluminiumprofilen-eloxieren-silber","status":"publish","type":"product","link":"https:\/\/sinoextrud.com\/de\/product\/shining-polishing-aluminum-profile-anodizing-silver\/","title":{"rendered":"Gl\u00e4nzend Polieren Aluminiumprofil Eloxieren Silber"},"content":{"rendered":"<h2>Produkte Details<\/h2>\n<table class=\"custom-table\">\n<tbody>\n<tr>\n<td> Artikel:<\/td>\n<td> Gl\u00e4nzend Polieren Aluminiumprofil Eloxieren Silber<\/td>\n<td> Note:<\/td>\n<td> Serie 6000 6063<\/td>\n<\/tr>\n<tr>\n<td> Temperament:<\/td>\n<td> 6063-T5<\/td>\n<td> Ort der Herkunft:<\/td>\n<td> Foshan, Guangdong<\/td>\n<\/tr>\n<tr>\n<td> Die Form:<\/td>\n<td> Nach Zeichnungen des Kunden<\/td>\n<td> Legierung oder nicht:<\/td>\n<td> Ist Legierung<\/td>\n<\/tr>\n<tr>\n<td> Vertr\u00e4glichkeit:<\/td>\n<td> \u00b10,1%<\/td>\n<td> Marke:<\/td>\n<td> Sinoextrud, Sinoextrud<\/td>\n<\/tr>\n<tr>\n<td> Standard:<\/td>\n<td> Hohes Niveau, Mittleres Niveau, Niedriges Niveau<\/td>\n<td> Surfacetreatment:<\/td>\n<td> Pulverbeschichtung, Elektrophorese, Holzmaserung, Eloxal, geb\u00fcrstet, poliert, sandgestrahlt, Elektrophorese<\/td>\n<\/tr>\n<tr>\n<td> Lieferzeiten:<\/td>\n<td> 20-25 Tage<\/td>\n<td> MOQ:<\/td>\n<td> 200KGs f\u00fcr jedes Profil<\/td>\n<\/tr>\n<tr>\n<td> Zahlungsfrist:<\/td>\n<td> T\/T(30% Anzahlung), L\/C<\/td>\n<td> Bearbeitungsservice:<\/td>\n<td> Fr\u00e4sen, Bohren, Biegen, Abwickeln, Schwei\u00dfen, Stanzen, Schneiden<\/td>\n<\/tr>\n<tr>\n<td> Hafen:<\/td>\n<td> Guangzhou, Shenzhen, Foshan<\/td>\n<td> L\u00e4nge::<\/td>\n<td> Kundenspezifisch<\/td>\n<\/tr>\n<tr>\n<td> Service nach dem Verkauf:<\/td>\n<td> Ein Produkt hatProblem ist auch verantwortlich<\/td>\n<td> Monatlicher Output:<\/td>\n<td> 15.000 Tonnen<\/td>\n<\/tr>\n<\/tbody>\n<\/table>\n<h2>Unsere Produktionsbasis<\/h2>\n<h3>Fabrik-Panorama<\/h3>\n<p><img decoding=\"async\" src=\"\/wp-content\/uploads\/factory-01.webp\"\/><\/p>\n<h3>Werkstatt zur Herstellung von Aluminiumstangen<\/h3>\n<p><img decoding=\"async\" src=\"\/wp-content\/uploads\/factory-02.webp\"\/><\/p>\n<\/p>\n<p><img decoding=\"async\" src=\"\/wp-content\/uploads\/factory-03.webp\"\/><\/p>\n<h3>Lagerhaus f\u00fcr Formen<\/h3>\n<p><img decoding=\"async\" src=\"\/wp-content\/uploads\/factory-04.webp\"\/><\/p>\n<h3>43 Aluminium-Strangpressanlagen (500-5500 Tonnen)<\/h3>\n<p><img decoding=\"async\" src=\"\/wp-content\/uploads\/factory-05.webp\"\/><\/p>\n<p><img decoding=\"async\" src=\"\/wp-content\/uploads\/factory-06.webp\"\/><\/p>\n<p><img decoding=\"async\" src=\"\/wp-content\/uploads\/factory-07.webp\"\/><\/p>\n<h3>Werkstatt f\u00fcr Pulverbeschichtung<\/h3>\n<p><img decoding=\"async\" src=\"\/wp-content\/uploads\/factory-09.webp\"\/><\/p>\n<h3>Eloxal-Werkstatt<\/h3>\n<p><img decoding=\"async\" src=\"\/wp-content\/uploads\/factory-10.webp\"\/><\/p>\n<h3>Workshop zur Tiefenverarbeitung<\/h3>\n<p><img decoding=\"async\" src=\"\/wp-content\/uploads\/factory-11.webp\"\/><\/p>\n<h3>CNC-Pr\u00e4zisionsbearbeitungswerkstatt<\/h3>\n<p><img decoding=\"async\" src=\"\/wp-content\/uploads\/factory-11.5.webp\"\/><\/p>\n<h3>Lager f\u00fcr Fertigprodukte und Export<\/h3>\n<p><img decoding=\"async\" src=\"\/wp-content\/uploads\/factory-12.webp\"\/><\/p>\n<p><img decoding=\"async\" src=\"\/wp-content\/uploads\/factory-13.webp\"\/><\/p>\n<p><img decoding=\"async\" src=\"\/wp-content\/uploads\/factory-14.webp\"\/><\/p>\n<h2>FAQ<\/h2>\n<p><b>1. was ist gl\u00e4nzend Polieren Aluminium Profil Eloxieren Silber?<\/b><\/p>\n<p>Es handelt sich um ein hochgl\u00e4nzendes Aluminiumprofil, das f\u00fcr dekorative und korrosionsbest\u00e4ndige Anwendungen poliert und silbern eloxiert wurde.\n<\/p>\n<p><\/p>\n<p><b>2. was sind die Vorteile von polierten und eloxierten Aluminiumprofilen?<\/b><\/p>\n<p>Sie verbinden \u00e4sthetischen Glanz mit erh\u00f6hter Oberfl\u00e4chenh\u00e4rte, Korrosionsbest\u00e4ndigkeit und langfristiger Farbstabilit\u00e4t.\n<\/p>\n<p><\/p>\n<p><b>3. wo werden silbern gl\u00e4nzende eloxierte Aluminiumprofile verwendet?<\/b><\/p>\n<p>Sie werden h\u00e4ufig in M\u00f6beln, Displaysystemen, Beleuchtungsrahmen, Elektronikgeh\u00e4usen und bei der Inneneinrichtung verwendet.\n<\/p>\n<p><\/p>\n<p><b>4 Verbessert die Eloxierung die Haltbarkeit?<\/b><\/p>\n<p>Ja, die Silbereloxierung st\u00e4rkt die Oberfl\u00e4che, sch\u00fctzt vor Verschlei\u00df und Oxidation und erh\u00f6ht die Lebensdauer des Profils.\n<\/p>\n<p><\/p>\n<p><b>5. k\u00f6nnen diese Profile in Gr\u00f6\u00dfe oder Form angepasst werden?<\/b><\/p>\n<p>Ja, wir bieten kundenspezifische Extrusionsformen, Abmessungen und Verarbeitungen an, um spezifische Projektanforderungen zu erf\u00fcllen.\n<\/p>\n<p><\/p>\n<p><b>6. ist die polierte Oberfl\u00e4che leicht zu pflegen?<\/b><\/p>\n<p>Ja, die glatte Oberfl\u00e4che ist unempfindlich gegen Staub und Fingerabdr\u00fccke, so dass sie leicht zu reinigen ist und ihren Glanz beh\u00e4lt.\n<\/p>\n<p><\/p>\n<p><b>7. sind diese Profile f\u00fcr den Au\u00dfeneinsatz geeignet?<\/b><\/p>\n<p>Aufgrund der polierten Oberfl\u00e4che sind sie am besten f\u00fcr Innenr\u00e4ume oder gesch\u00fctzte Au\u00dfenbereiche geeignet, obwohl die Eloxierung einen grundlegenden Wetterschutz bietet.\n<\/p>\n<p><\/p>\n<p><b>8. welche Aluminiumlegierungen werden \u00fcblicherweise f\u00fcr diese Profile verwendet?<\/b><\/p>\n<p>Die Legierungen 6063 und 6060 werden aufgrund ihrer guten Eloxierbarkeit, Oberfl\u00e4chenqualit\u00e4t und mechanischen Eigenschaften h\u00e4ufig verwendet.\n<\/p>\n<p><\/p>","protected":false},"featured_media":7417,"template":"","categories":[67],"class_list":["post-7418","product","type-product","status-publish","has-post-thumbnail","hentry","category-architectural-aluminium-profile"],"meta_box":{"hilight_text_group":{"product_hilight_text":"<li>Mirror-like polished surface offers premium aesthetic appeal<\/li>\r\r\n<li>Silver anodizing enhances corrosion resistance and durability<\/li>\r\r\n<li>Made from high-quality aluminum for strength and lightweight performance<\/li>\r\r\n<li>Ideal for decorative trim, display frames, and architectural details<\/li>\r\r\n<li>Custom lengths, shapes, and finishes available to match design needs<\/li>\r\r\n<li>Easy to fabricate, install, and maintain with lasting shine<\/li>\r\r\n<li>Suitable for indoor and controlled-environment outdoor applications<\/li>","product_chanpin_blog":"<ul>\r\r\n<li><a href=\"https:\/\/sinoextrud.com\/t-slot-v-slot-differences\/\" target=\"_blank\">t slot vs v slot<\/a><\/li>\r\r\n<li><a href=\"https:\/\/sinoextrud.com\/what-is-4040-aluminium-extrud\/\" target=\"_blank\">4040 aluminium extrusion<\/a><\/li>\r\r\n<li><a href=\"https:\/\/sinoextrud.com\/what-is-4040-aluminium-extrud\/\" target=\"_blank\">aluminum extrusions for industrial racks<\/a><\/li>\r\r\n<li><a href=\"https:\/\/sinoextrud.com\/powder-coating-aluminium-process\/\" target=\"_blank\">powder coating aluminium<\/a><\/li>\r\r\n<li><a href=\"https:\/\/sinoextrud.com\/what-is-an-aluminium-strip-ceiling\/\" target=\"_blank\">aluminium strip ceiling<\/a><\/li>\r\r\n<li><a href=\"https:\/\/sinoextrud.com\/what-is-a-heat-sink\/\" target=\"_blank\">what is a heat sink<\/a><\/li>\r\r\n<\/ul>","product_chanpin_chanpin":"<li><a href=\"https:\/\/sinoextrud.com\/product\/custom-cnc-machined-7075-aluminum-extrusion\/\" target=\"_blank\">Custom CNC Machined 7075 Aluminum Extrusion<\/a><\/li>\r\n<li><a href=\"https:\/\/sinoextrud.com\/product\/custom-aluminum-tongue-and-groove-extrusion-for-floor-decking\/\" target=\"_blank\">Custom Aluminum Tongue And Groove Extrusion for floor decking<\/a><\/li>\r\n<li><a href=\"https:\/\/sinoextrud.com\/product\/new-design-kitchen-handle-aluminum-profile\/\" target=\"_blank\">New Design Kitchen Handle Aluminum Profile<\/a><\/li>\r\n<li><a href=\"https:\/\/sinoextrud.com\/product\/aluminum-tube-profile-processing-with-6060-material\/\" target=\"_blank\">Aluminum Tube Profile Processing with 6060 material<\/a><\/li>\r\n<li><a href=\"https:\/\/sinoextrud.com\/product\/shining-polishing-aluminum-profile-anodizing-silver\/\" target=\"_blank\">Shining Polishing Aluminum Profile Anodizing Silver<\/a><\/li>\r\n<li><a href=\"https:\/\/sinoextrud.com\/product\/cabinet-furniture-aluminium-extrusions-aluminum-handle-profile-for-kitchen-cabinet-horizontal-g-handle-system\/\" target=\"_blank\">Cabinet Furniture Aluminium Extrusions Aluminum Handle Profile For Kitchen Cabinet Horizontal G Handle System<\/a><\/li>\r\n<li><a href=\"https:\/\/sinoextrud.com\/product\/sound-proof-aluminum-glass-casement-windows-sliding-windows-and-doors-aluminum-profile-for-buildings-louver-system\/\" target=\"_blank\">Sound-proof Aluminum Glass Casement Windows Sliding Windows And Doors Aluminum Profile For Buildings Louver System<\/a><\/li>\r\n<li><a href=\"https:\/\/sinoextrud.com\/product\/shutter-aluminum-profile-for-window-louver-frame\/\" target=\"_blank\">Shutter Aluminum Profile For Window Louver Frame<\/a><\/li>\r\n<li><a href=\"https:\/\/sinoextrud.com\/product\/extrusion-aluminum-shutter-profile-free-mould\/\" target=\"_blank\">Extrusion Aluminum Shutter Profile Free Mould<\/a><\/li>\r\n<li><a href=\"https:\/\/sinoextrud.com\/product\/cabinet-furniture-aluminium-extrusions-aluminum-handle-profile-for-kitchen-cabinet-horizontal-g-handle-system\/\" target=\"_blank\">Cabinet Furniture Aluminium Extrusions Aluminum Handle Profile For Kitchen Cabinet Horizontal G Handle System<\/a><\/li>\r\n<li><a href=\"https:\/\/sinoextrud.com\/product\/standard-aluminum-extrusions\/\" target=\"_blank\">Standard Aluminum Extrusions<\/a><\/li>"},"feature_list":[]},"_links":{"self":[{"href":"https:\/\/sinoextrud.com\/de\/wp-json\/wp\/v2\/product\/7418","targetHints":{"allow":["GET"]}}],"collection":[{"href":"https:\/\/sinoextrud.com\/de\/wp-json\/wp\/v2\/product"}],"about":[{"href":"https:\/\/sinoextrud.com\/de\/wp-json\/wp\/v2\/types\/product"}],"wp:featuredmedia":[{"embeddable":true,"href":"https:\/\/sinoextrud.com\/de\/wp-json\/wp\/v2\/media\/7417"}],"wp:attachment":[{"href":"https:\/\/sinoextrud.com\/de\/wp-json\/wp\/v2\/media?parent=7418"}],"wp:term":[{"taxonomy":"category","embeddable":true,"href":"https:\/\/sinoextrud.com\/de\/wp-json\/wp\/v2\/categories?post=7418"}],"curies":[{"name":"wp","href":"https:\/\/api.w.org\/{rel}","templated":true}]}}