{"id":7416,"date":"2025-06-07T06:58:32","date_gmt":"2025-06-07T06:58:32","guid":{"rendered":"https:\/\/sinoextrud.com\/product\/aluminum-tube-profile-processing-with-6060-material\/"},"modified":"2025-06-24T06:12:46","modified_gmt":"2025-06-24T06:12:46","slug":"bearbeitung-von-aluminiumrohrprofilen-aus-dem-werkstoff-6060","status":"publish","type":"product","link":"https:\/\/sinoextrud.com\/de\/product\/aluminum-tube-profile-processing-with-6060-material\/","title":{"rendered":"Aluminium-Rohrprofilbearbeitung mit 6060 Material"},"content":{"rendered":"<h2>Produkte Details<\/h2>\n<table class=\"custom-table\">\n<tr>\n<td class=\"label\">\nArtikel:<\/td>\n<td> Aluminium-Rohrprofilbearbeitung mit 6060 Material<\/td>\n<\/tr>\n<tr>\n<td class=\"label\">Die Form:<\/td>\n<td> angepasst <\/td>\n<\/tr>\n<tr>\n<td class=\"label\">Temperament:<\/td>\n<td> T3-T8<\/td>\n<\/tr>\n<tr>\n<td class=\"label\">Legierung:<\/td>\n<td> Legierung<\/td>\n<\/tr>\n<tr>\n<td class=\"label\">Legierungsbestandteil:<\/td>\n<td> 6063<\/td>\n<\/tr>\n<tr>\n<td class=\"label\">Profil aus poliertem Aluminium:<\/td>\n<td> Mechanisches Polieren<\/td>\n<\/tr>\n<tr>\n<td class=\"label\">Ehre:<\/td>\n<td> China Top 10 gesicherte Qualit\u00e4t Lieferant<\/td>\n<\/tr>\n<tr>\n<td class=\"label\">Akzeptierte W\u00e4hrung:<\/td>\n<td> USD, Aud, Eur, Chinesischer RMB<\/td>\n<\/tr>\n<tr>\n<td class=\"label\">Zahlungsfrist:<\/td>\n<td> T\/T oder L\/C am Anblick, 30% Ablagerung, Balance dann<\/td>\n<\/tr>\n<tr>\n<td class=\"label\">Transport-Paket:<\/td>\n<td> Kunststofffolie und Kraftpapier<\/td>\n<\/tr>\n<tr>\n<td class=\"label\">Art:<\/td>\n<td> Dekoration Aluminiumprofil, LED<\/td>\n<\/tr>\n<tr>\n<td class=\"label\">Note:<\/td>\n<td> Serie 6000<\/td>\n<\/tr>\n<tr>\n<td class=\"label\">Fenster &amp; T\u00fcren Aluminiumprofil:<\/td>\n<td> Serie 70<\/td>\n<\/tr>\n<tr>\n<td class=\"label\">Oberfl\u00e4chenveredelung:<\/td>\n<td> Holzkorn-Transfer<\/td>\n<\/tr>\n<tr>\n<td class=\"label\">Zertifizierung:<\/td>\n<td> CE, SONCAP, ISO, CIQ, RoHS, TUV, Aama, DIN<\/td>\n<\/tr>\n<tr>\n<td class=\"label\">Produktname:<\/td>\n<td> Kanal aus stranggepresstem Aluminium<\/td>\n<\/tr>\n<tr>\n<td class=\"label\">Vorteil:<\/td>\n<td> Starke technische Unterst\u00fctzung<\/td>\n<\/tr>\n<tr>\n<td class=\"label\">Verarbeitung:<\/td>\n<td> Verfeinertes Schneiden, Fr\u00e4sen, Bohren<\/td>\n<\/tr>\n<tr>\n<td class=\"label\">Qualit\u00e4tsgarantie:<\/td>\n<td> 100% Gute Produkte vor dem Versand<\/td>\n<\/tr>\n<tr>\n<td class=\"label\">Spezifikation:<\/td>\n<td> Auf Kundenwunsch\u2032<\/td>\n<\/tr>\n<\/table>\n<h2>Unsere Produktionsbasis<\/h2>\n<h3>Fabrik-Panorama<\/h3>\n<p><img decoding=\"async\" src=\"\/wp-content\/uploads\/factory-01.webp\"\/><\/p>\n<h3>Werkstatt zur Herstellung von Aluminiumstangen<\/h3>\n<p><img decoding=\"async\" src=\"\/wp-content\/uploads\/factory-02.webp\"\/><\/p>\n<\/p>\n<p><img decoding=\"async\" src=\"\/wp-content\/uploads\/factory-03.webp\"\/><\/p>\n<h3>Lagerhaus f\u00fcr Formen<\/h3>\n<p><img decoding=\"async\" src=\"\/wp-content\/uploads\/factory-04.webp\"\/><\/p>\n<h3>43 Aluminium-Strangpressanlagen (500-5500 Tonnen)<\/h3>\n<p><img decoding=\"async\" src=\"\/wp-content\/uploads\/factory-05.webp\"\/><\/p>\n<p><img decoding=\"async\" src=\"\/wp-content\/uploads\/factory-06.webp\"\/><\/p>\n<p><img decoding=\"async\" src=\"\/wp-content\/uploads\/factory-07.webp\"\/><\/p>\n<h3>Werkstatt f\u00fcr Pulverbeschichtung<\/h3>\n<p><img decoding=\"async\" src=\"\/wp-content\/uploads\/factory-09.webp\"\/><\/p>\n<h3>Eloxal-Werkstatt<\/h3>\n<p><img decoding=\"async\" src=\"\/wp-content\/uploads\/factory-10.webp\"\/><\/p>\n<h3>Workshop zur Tiefenverarbeitung<\/h3>\n<p><img decoding=\"async\" src=\"\/wp-content\/uploads\/factory-11.webp\"\/><\/p>\n<h3>CNC-Pr\u00e4zisionsbearbeitungswerkstatt<\/h3>\n<p><img decoding=\"async\" src=\"\/wp-content\/uploads\/factory-11.5.webp\"\/><\/p>\n<h3>Lager f\u00fcr Fertigprodukte und Export<\/h3>\n<p><img decoding=\"async\" src=\"\/wp-content\/uploads\/factory-12.webp\"\/><\/p>\n<p><img decoding=\"async\" src=\"\/wp-content\/uploads\/factory-13.webp\"\/><\/p>\n<p><img decoding=\"async\" src=\"\/wp-content\/uploads\/factory-14.webp\"\/><\/p>\n<h2>FAQ<\/h2>\n<p><b>1. was ist Aluminium Rohrprofil Verarbeitung mit 6060 Material?<\/b><\/p>\n<p>Es handelt sich um die kundenspezifische Herstellung und Bearbeitung von Aluminiumrohrprofilen aus der Legierung 6060 f\u00fcr verschiedene industrielle Anwendungen.\n<\/p>\n<p><\/p>\n<p><b>2. warum die Aluminiumlegierung 6060 f\u00fcr Rohrprofile?<\/b><\/p>\n<p>6060-Aluminium bietet eine gute Festigkeit, Korrosionsbest\u00e4ndigkeit und Formbarkeit und eignet sich ideal zum Eloxieren, wodurch es f\u00fcr strukturelle und dekorative Zwecke geeignet ist.\n<\/p>\n<p><\/p>\n<p><b>3. welche Vorteile bietet die Verwendung von 6060 Aluminium in Rohrprofilen?<\/b><\/p>\n<p>Zu den Vorteilen geh\u00f6ren leichte Festigkeit, einfache Verarbeitung, Korrosionsbest\u00e4ndigkeit und hervorragende Oberfl\u00e4chenqualit\u00e4t nach der Behandlung.\n<\/p>\n<p><\/p>\n<p><b>4. k\u00f6nnen 6060 Aluminium-Rohrprofile angepasst werden?<\/b><\/p>\n<p>Ja, wir bieten kundenspezifische Rohrabmessungen, Wandst\u00e4rken, Formen und Bearbeitungen wie Schneiden, Biegen und Bohren an.\n<\/p>\n<p><\/p>\n<p><b>5. ist 6060 Aluminium zum Schwei\u00dfen und Biegen geeignet?<\/b><\/p>\n<p>Ja, 6060-Aluminium ist gut schwei\u00dfbar und kann leicht gebogen oder geformt werden, ohne zu brechen.\n<\/p>\n<p><\/p>\n<p><b>6. wo werden 6060 Aluminium-Rohrprofile \u00fcblicherweise verwendet?<\/b><\/p>\n<p>Sie werden in Konstruktionsrahmen, Automobilteilen, Ausstellungsstrukturen, M\u00f6beln und HLK-Systemen verwendet.\n<\/p>\n<p><\/p>\n<p><b>7. welche Oberfl\u00e4chenbehandlungen sind mit 6060 Aluminium kompatibel?<\/b><\/p>\n<p>6060 Aluminium eignet sich hervorragend zum Eloxieren, Pulverbeschichten und mechanischen Polieren f\u00fcr funktionelle und dekorative Oberfl\u00e4chen.\n<\/p>\n<p><\/p>\n<p><b>Sind diese Aluminiumrohre witterungsbest\u00e4ndig?<\/b><\/p>\n<p>Ja, die 6060-Legierung bietet eine hohe Korrosionsbest\u00e4ndigkeit, so dass die Profile f\u00fcr den Einsatz im Freien und im Meer geeignet sind.\n<\/p>\n<p><\/p>","protected":false},"featured_media":7415,"template":"","categories":[67],"class_list":["post-7416","product","type-product","status-publish","has-post-thumbnail","hentry","category-architectural-aluminium-profile"],"meta_box":{"hilight_text_group":{"product_hilight_text":"<li>Manufactured using high-quality 6060 aluminum alloy for excellent formability<\/li>\r\r\n<li>Good corrosion resistance, suitable for indoor and outdoor applications<\/li>\r\r\n<li>Lightweight with moderate strength for structural and decorative use<\/li>\r\r\n<li>Precision processing available for custom dimensions and complex shapes<\/li>\r\r\n<li>Excellent surface finish after anodizing or powder coating<\/li>\r\r\n<li>Suitable for cutting, drilling, bending, and welding processes<\/li>\r\r\n<li>Widely used in construction, automotive, furniture, and industrial equipment<\/li>","product_chanpin_blog":"<ul>\r\r\n<li><a href=\"https:\/\/sinoextrud.com\/t-slot-v-slot-differences\/\" target=\"_blank\">t slot vs v slot<\/a><\/li>\r\r\n<li><a href=\"https:\/\/sinoextrud.com\/what-is-4040-aluminium-extrud\/\" target=\"_blank\">4040 aluminium extrusion<\/a><\/li>\r\r\n<li><a href=\"https:\/\/sinoextrud.com\/what-is-4040-aluminium-extrud\/\" target=\"_blank\">aluminum extrusions for industrial racks<\/a><\/li>\r\r\n<li><a href=\"https:\/\/sinoextrud.com\/powder-coating-aluminium-process\/\" target=\"_blank\">powder coating aluminium<\/a><\/li>\r\r\n<li><a href=\"https:\/\/sinoextrud.com\/what-is-an-aluminium-strip-ceiling\/\" target=\"_blank\">aluminium strip ceiling<\/a><\/li>\r\r\n<li><a href=\"https:\/\/sinoextrud.com\/what-is-a-heat-sink\/\" target=\"_blank\">what is a heat sink<\/a><\/li>\r\r\n<\/ul>","product_chanpin_chanpin":"<li><a href=\"https:\/\/sinoextrud.com\/product\/customized-large-size-aluminum-alloy-louvers\/\" target=\"_blank\">Customized Large-Size Aluminum Alloy Louvers<\/a><\/li>\r\n<li><a href=\"https:\/\/sinoextrud.com\/product\/custom-cnc-machined-7075-aluminum-extrusion\/\" target=\"_blank\">Custom CNC Machined 7075 Aluminum Extrusion<\/a><\/li>\r\n<li><a href=\"https:\/\/sinoextrud.com\/product\/custom-aluminum-tongue-and-groove-extrusion-for-floor-decking\/\" target=\"_blank\">Custom Aluminum Tongue And Groove Extrusion for floor decking<\/a><\/li>\r\n<li><a href=\"https:\/\/sinoextrud.com\/product\/new-design-kitchen-handle-aluminum-profile\/\" target=\"_blank\">New Design Kitchen Handle Aluminum Profile<\/a><\/li>\r\n<li><a href=\"https:\/\/sinoextrud.com\/product\/aluminum-tube-profile-processing-with-6060-material\/\" target=\"_blank\">Aluminum Tube Profile Processing with 6060 material<\/a><\/li>\r\n<li><a href=\"https:\/\/sinoextrud.com\/product\/shining-polishing-aluminum-profile-anodizing-silver\/\" target=\"_blank\">Shining Polishing Aluminum Profile Anodizing Silver<\/a><\/li>\r\n<li><a href=\"https:\/\/sinoextrud.com\/product\/cabinet-furniture-aluminium-extrusions-aluminum-handle-profile-for-kitchen-cabinet-horizontal-g-handle-system\/\" target=\"_blank\">Cabinet Furniture Aluminium Extrusions Aluminum Handle Profile For Kitchen Cabinet Horizontal G Handle System<\/a><\/li>\r\n<li><a href=\"https:\/\/sinoextrud.com\/product\/sound-proof-aluminum-glass-casement-windows-sliding-windows-and-doors-aluminum-profile-for-buildings-louver-system\/\" target=\"_blank\">Sound-proof Aluminum Glass Casement Windows Sliding Windows And Doors Aluminum Profile For Buildings Louver System<\/a><\/li>\r\n<li><a href=\"https:\/\/sinoextrud.com\/product\/shutter-aluminum-profile-for-window-louver-frame\/\" target=\"_blank\">Shutter Aluminum Profile For Window Louver Frame<\/a><\/li>\r\n<li><a href=\"https:\/\/sinoextrud.com\/product\/electrophoresis-aluminum-profile-wood-grain\/\" target=\"_blank\">Electrophoresis Aluminum Profile Wood Grain<\/a><\/li>\r\n<li><a href=\"https:\/\/sinoextrud.com\/product\/aluminum-boat-extrusions-6082\/\" target=\"_blank\">Aluminum Boat Extrusions 6082<\/a><\/li>"},"feature_list":[]},"_links":{"self":[{"href":"https:\/\/sinoextrud.com\/de\/wp-json\/wp\/v2\/product\/7416","targetHints":{"allow":["GET"]}}],"collection":[{"href":"https:\/\/sinoextrud.com\/de\/wp-json\/wp\/v2\/product"}],"about":[{"href":"https:\/\/sinoextrud.com\/de\/wp-json\/wp\/v2\/types\/product"}],"wp:featuredmedia":[{"embeddable":true,"href":"https:\/\/sinoextrud.com\/de\/wp-json\/wp\/v2\/media\/7415"}],"wp:attachment":[{"href":"https:\/\/sinoextrud.com\/de\/wp-json\/wp\/v2\/media?parent=7416"}],"wp:term":[{"taxonomy":"category","embeddable":true,"href":"https:\/\/sinoextrud.com\/de\/wp-json\/wp\/v2\/categories?post=7416"}],"curies":[{"name":"wp","href":"https:\/\/api.w.org\/{rel}","templated":true}]}}