{"id":7410,"date":"2025-06-07T06:48:25","date_gmt":"2025-06-07T06:48:25","guid":{"rendered":"https:\/\/sinoextrud.com\/product\/custom-cnc-machined-7075-aluminum-extrusion\/"},"modified":"2025-06-24T06:12:44","modified_gmt":"2025-06-24T06:12:44","slug":"kundenspezifisch-cnc-gefertigtes-7075-aluminium-strangpressprofil","status":"publish","type":"product","link":"https:\/\/sinoextrud.com\/de\/product\/custom-cnc-machined-7075-aluminum-extrusion\/","title":{"rendered":"Kundenspezifisch CNC-bearbeitetes 7075-Aluminium-Strangpressprofil"},"content":{"rendered":"<h2>Produkte Details<\/h2>\n<table class=\"custom-table\">\n<tbody>\n<tr>\n<td> Note:<\/td>\n<td> 7075 -t6<\/td>\n<\/tr>\n<tr>\n<td> Die Technik:<\/td>\n<td> Kundenspezifisch CNC-bearbeitetes 7075-Aluminium-Strangpressprofil<\/td>\n<\/tr>\n<tr>\n<td> Temperament:<\/td>\n<td> T3 - T8<\/td>\n<\/tr>\n<tr>\n<td> Bearbeitende Dienstleistungen:<\/td>\n<td> Bohren, Gewindeschneiden, Nieten, Montage, etc.<\/td>\n<\/tr>\n<tr>\n<td> Warenzeichen:<\/td>\n<td> Sinoextrud Sinoextrud <\/td>\n<\/tr>\n<tr>\n<td> Art:<\/td>\n<td> Kundenspezifisch CNC-bearbeitetes 7075-Aluminium-Strangpressprofil<\/td>\n<\/tr>\n<tr>\n<td> Die Form:<\/td>\n<td> Hergestellt nach Kundenwunsch<\/td>\n<\/tr>\n<tr>\n<td> Oberfl\u00e4chenbehandlung:<\/td>\n<td> Mill Finish Eloxiert Geb\u00fcrstet<\/td>\n<\/tr>\n<tr>\n<td> L\u00e4nge:<\/td>\n<td> 1m bis 9m pro L\u00e4nge<\/td>\n<\/tr>\n<tr>\n<td> Farben:<\/td>\n<td> Silber Schwarz<\/td>\n<\/tr>\n<tr>\n<td> HS-Code:<\/td>\n<td> 76042990<\/td>\n<\/tr>\n<\/tbody>\n<\/table>\n<h2>Unsere Produktionsbasis<\/h2>\n<h3>Fabrik-Panorama<\/h3>\n<p><img decoding=\"async\" src=\"\/wp-content\/uploads\/factory-01.webp\"\/><\/p>\n<h3>Werkstatt zur Herstellung von Aluminiumstangen<\/h3>\n<p><img decoding=\"async\" src=\"\/wp-content\/uploads\/factory-02.webp\"\/><\/p>\n<p><img decoding=\"async\" src=\"\/wp-content\/uploads\/factory-03.webp\"\/><\/p>\n<h3>Lagerhaus f\u00fcr Formen<\/h3>\n<p><img decoding=\"async\" src=\"\/wp-content\/uploads\/factory-04.webp\"\/><\/p>\n<h3>43 Aluminium-Strangpressanlagen (500\u00e2\u20ac\"5500 Tonnen)<\/h3>\n<p><img decoding=\"async\" src=\"\/wp-content\/uploads\/factory-05.webp\"\/><\/p>\n<p><img decoding=\"async\" src=\"\/wp-content\/uploads\/factory-06.webp\"\/><\/p>\n<p><img decoding=\"async\" src=\"\/wp-content\/uploads\/factory-07.webp\"\/><\/p>\n<h3>Werkstatt f\u00fcr Pulverbeschichtung<\/h3>\n<p><img decoding=\"async\" src=\"\/wp-content\/uploads\/factory-09.webp\"\/><\/p>\n<h3>Eloxal-Werkstatt<\/h3>\n<p><img decoding=\"async\" src=\"\/wp-content\/uploads\/factory-10.webp\"\/><\/p>\n<h3>Workshop zur Tiefenverarbeitung<\/h3>\n<p><img decoding=\"async\" src=\"\/wp-content\/uploads\/factory-11.webp\"\/><\/p>\n<h3>CNC-Pr\u00e4zisionsbearbeitungswerkstatt<\/h3>\n<p><img decoding=\"async\" src=\"\/wp-content\/uploads\/factory-11.5.webp\"\/><\/p>\n<h3>Lager f\u00fcr Fertigprodukte und Export<\/h3>\n<p><img decoding=\"async\" src=\"\/wp-content\/uploads\/factory-12.webp\"\/><\/p>\n<p><img decoding=\"async\" src=\"\/wp-content\/uploads\/factory-13.webp\"\/><\/p>\n<p><img decoding=\"async\" src=\"\/wp-content\/uploads\/factory-14.webp\"\/><\/p>\n<h2>FAQ<\/h2>\n<p><p><b>1. was ist CNC-gefertigtes 7075 Aluminium Strangpressen?<\/b><\/p>\n<p>Es handelt sich um ein Hochleistungs-Aluminiumprofil aus einer 7075-Legierung, das nach genauen Spezifikationen f\u00fcr anspruchsvolle industrielle Anwendungen CNC-gefr\u00e4st wird.<br \/>\n<\/p><br \/>\n<br \/>\n<p><b>2. warum 7075 Aluminium f\u00fcr CNC-gefr\u00e4ste Strangpressprofile w\u00e4hlen?<\/b><\/p>\n<p>7075-Aluminium bietet ein hervorragendes Verh\u00e4ltnis von Festigkeit zu Gewicht, eine ausgezeichnete Bearbeitbarkeit und Korrosionsbest\u00e4ndigkeit und ist damit ideal f\u00fcr die Luft- und Raumfahrt sowie f\u00fcr strukturelle Anwendungen.<br \/>\n<\/p><br \/>\n<br \/>\n<p><b>3. was sind die Vorteile der CNC-Bearbeitung?<\/b><\/p>\n<p>Die CNC-Bearbeitung gew\u00e4hrleistet enge Toleranzen, komplexe Geometrien und gleichbleibende Qualit\u00e4t, die auf Ihre spezifischen Designanforderungen zugeschnitten ist.<br \/>\n<\/p><br \/>\n<br \/>\n<p><b>4. ist 7075-Aluminium f\u00fcr hochbelastete Anwendungen geeignet?<\/b><\/p>\n<p>Ja, seine hohe Zugfestigkeit und Erm\u00fcdungsbest\u00e4ndigkeit machen es perfekt f\u00fcr tragende und leistungsstarke Umgebungen.<br \/>\n<\/p><br \/>\n<br \/>\n<p><b>5. kann ich individuelle Formen und Oberfl\u00e4chen erhalten?<\/b><\/p>\n<p>Ja, wir bieten vollst\u00e4ndig kundenspezifische Strangpressprofile mit Optionen f\u00fcr Eloxierung, Pulverbeschichtung und mechanische Oberfl\u00e4chenbehandlung.<br \/>\n<\/p><br \/>\n<br \/>\n<p><b>6. welche Branchen verwenden CNC-gefr\u00e4ste 7075 Aluminium-Strangpressprofile?<\/b><\/p>\n<p>Diese Strangpressprofile werden h\u00e4ufig in der Luft- und Raumfahrt, in der Automobilindustrie, im Verteidigungssektor, in der Elektronik und in der Feinmechanik eingesetzt.<br \/>\n<\/p><br \/>\n<br \/>\n<p><b>7. wie korrosionsbest\u00e4ndig ist Aluminium 7075?<\/b><\/p>\n<p>7075 bietet eine gute Korrosionsbest\u00e4ndigkeit, vor allem wenn es eloxiert ist. Es ist jedoch nicht so korrosionsbest\u00e4ndig wie 6061 und wird am besten mit einer Schutzbeschichtung verwendet.<br \/>\n<\/p><br \/>\n<br \/>\n<p><b>8. sind Bestellungen in kleinen Mengen m\u00f6glich?<\/b><\/p>\n<p>Ja, wir unterst\u00fctzen sowohl kleine als auch gro\u00dfe Produktionsl\u00e4ufe mit kurzen Vorlaufzeiten und wettbewerbsf\u00e4higen Preisen.<br \/>\n<\/p><br \/><\/p>","protected":false},"featured_media":7409,"template":"","categories":[67],"class_list":["post-7410","product","type-product","status-publish","has-post-thumbnail","hentry","category-architectural-aluminium-profile"],"meta_box":{"hilight_text_group":{"product_hilight_text":"<li>Made from high-strength 7075 aluminum alloy for aerospace-grade performance<\/li>\r\r\n<li>Custom CNC machining ensures precision and tight tolerances<\/li>\r\r\n<li>Lightweight yet exceptionally strong, ideal for structural applications<\/li>\r\r\n<li>Corrosion-resistant and suitable for high-stress environments<\/li>\r\r\n<li>Customizable profiles, finishes, and dimensions to meet specific project needs<\/li>\r\r\n<li>Ideal for automotive, aerospace, robotics, and defense industries<\/li>\r\r\n<li>Efficient production with fast lead times and consistent quality<\/li>","product_chanpin_blog":"<ul>\r\r\n<li><a href=\"https:\/\/sinoextrud.com\/t-slot-v-slot-differences\/\" target=\"_blank\">t slot vs v slot<\/a><\/li>\r\r\n<li><a href=\"https:\/\/sinoextrud.com\/what-is-4040-aluminium-extrud\/\" target=\"_blank\">4040 aluminium extrusion<\/a><\/li>\r\r\n<li><a href=\"https:\/\/sinoextrud.com\/what-is-4040-aluminium-extrud\/\" target=\"_blank\">aluminum extrusions for industrial racks<\/a><\/li>\r\r\n<li><a href=\"https:\/\/sinoextrud.com\/powder-coating-aluminium-process\/\" target=\"_blank\">powder coating aluminium<\/a><\/li>\r\r\n<li><a href=\"https:\/\/sinoextrud.com\/what-is-an-aluminium-strip-ceiling\/\" target=\"_blank\">aluminium strip ceiling<\/a><\/li>\r\r\n<li><a href=\"https:\/\/sinoextrud.com\/what-is-a-heat-sink\/\" target=\"_blank\">what is a heat sink<\/a><\/li>\r\r\n<\/ul>","product_chanpin_chanpin":"<li><a href=\"https:\/\/sinoextrud.com\/product\/anodizing-aluminum-picture-photo-frame-brushed-aluminium-frame-for-home-decoration\/\" target=\"_blank\">Anodizing Aluminum Picture Photo Frame Brushed Aluminium Frame For Home Decoration<\/a><\/li>\r\n<li><a href=\"https:\/\/sinoextrud.com\/product\/china-aluminum-factory-wholesale-residential-aluminum-fence\/\" target=\"_blank\">China Aluminum Factory Wholesale Residential Aluminum Fence<\/a><\/li>\r\n<li><a href=\"https:\/\/sinoextrud.com\/product\/aluminum-skirting-profile\/\" target=\"_blank\">Aluminum Skirting Profile<\/a><\/li>\r\n<li><a href=\"https:\/\/sinoextrud.com\/product\/customized-large-size-aluminum-alloy-louvers\/\" target=\"_blank\">Customized Large-Size Aluminum Alloy Louvers<\/a><\/li>\r\n<li><a href=\"https:\/\/sinoextrud.com\/product\/custom-cnc-machined-7075-aluminum-extrusion\/\" target=\"_blank\">Custom CNC Machined 7075 Aluminum Extrusion<\/a><\/li>\r\n<li><a href=\"https:\/\/sinoextrud.com\/product\/custom-aluminum-tongue-and-groove-extrusion-for-floor-decking\/\" target=\"_blank\">Custom Aluminum Tongue And Groove Extrusion for floor decking<\/a><\/li>\r\n<li><a href=\"https:\/\/sinoextrud.com\/product\/new-design-kitchen-handle-aluminum-profile\/\" target=\"_blank\">New Design Kitchen Handle Aluminum Profile<\/a><\/li>\r\n<li><a href=\"https:\/\/sinoextrud.com\/product\/aluminum-tube-profile-processing-with-6060-material\/\" target=\"_blank\">Aluminum Tube Profile Processing with 6060 material<\/a><\/li>\r\n<li><a href=\"https:\/\/sinoextrud.com\/product\/shining-polishing-aluminum-profile-anodizing-silver\/\" target=\"_blank\">Shining Polishing Aluminum Profile Anodizing Silver<\/a><\/li>\r\n<li><a href=\"https:\/\/sinoextrud.com\/product\/t-slot-aluminum-extrusion-profile-for-industrial-assembly-line\/\" target=\"_blank\">T Slot Aluminum Extrusion Profile For Industrial Assembly Line<\/a><\/li>\r\n<li><a href=\"https:\/\/sinoextrud.com\/product\/fluorocarbon-coated-aluminium-extrusions\/\" target=\"_blank\">Fluorocarbon Coated Aluminium Extrusions<\/a><\/li>"},"feature_list":[]},"_links":{"self":[{"href":"https:\/\/sinoextrud.com\/de\/wp-json\/wp\/v2\/product\/7410","targetHints":{"allow":["GET"]}}],"collection":[{"href":"https:\/\/sinoextrud.com\/de\/wp-json\/wp\/v2\/product"}],"about":[{"href":"https:\/\/sinoextrud.com\/de\/wp-json\/wp\/v2\/types\/product"}],"wp:featuredmedia":[{"embeddable":true,"href":"https:\/\/sinoextrud.com\/de\/wp-json\/wp\/v2\/media\/7409"}],"wp:attachment":[{"href":"https:\/\/sinoextrud.com\/de\/wp-json\/wp\/v2\/media?parent=7410"}],"wp:term":[{"taxonomy":"category","embeddable":true,"href":"https:\/\/sinoextrud.com\/de\/wp-json\/wp\/v2\/categories?post=7410"}],"curies":[{"name":"wp","href":"https:\/\/api.w.org\/{rel}","templated":true}]}}