{"id":7396,"date":"2025-06-07T06:36:48","date_gmt":"2025-06-07T06:36:48","guid":{"rendered":"https:\/\/sinoextrud.com\/product\/u-shape-extruded-aluminum-wall-panels\/"},"modified":"2025-06-24T06:12:43","modified_gmt":"2025-06-24T06:12:43","slug":"u-form-stranggepresste-aluminium-wandplatten","status":"publish","type":"product","link":"https:\/\/sinoextrud.com\/de\/product\/u-shape-extruded-aluminum-wall-panels\/","title":{"rendered":"U-f\u00f6rmige stranggepresste Aluminium-Wandpaneele"},"content":{"rendered":"<h2>Produkte Details<\/h2>\n<table class=\"custom-table\">\n<tbody>\n<tr>\n<td> Artikel:<\/td>\n<td> U-f\u00f6rmige stranggepresste Aluminium-Wandpaneele<\/td>\n<td> Note:<\/td>\n<td> Serie 6000 6063<\/td>\n<\/tr>\n<tr>\n<td> Temperament:<\/td>\n<td> 6063-T5<\/td>\n<td> Ort der Herkunft:<\/td>\n<td> Foshan, Guangdong<\/td>\n<\/tr>\n<tr>\n<td> Die Form:<\/td>\n<td> U-f\u00f6rmiger Kanal<\/td>\n<td> Legierung oder nicht:<\/td>\n<td> Alunimun-Legierung<\/td>\n<\/tr>\n<tr>\n<td> Vertr\u00e4glichkeit:<\/td>\n<td> \u00b10,5%<\/td>\n<td> Marke:<\/td>\n<td> Sinoextrud, Sinoextrud<\/td>\n<\/tr>\n<tr>\n<td> Standard:<\/td>\n<td> mittlere und hohe Qualit\u00e4t<\/td>\n<td> Oberfl\u00e4chenbehandlung:<\/td>\n<td> Pulverbeschichtung, Elektrophorese, Holzmaserung, Eloxieren, B\u00fcrsten, Polieren<\/td>\n<\/tr>\n<tr>\n<td> Lieferzeiten:<\/td>\n<td> 25-30 Tage<\/td>\n<td> MOQ:<\/td>\n<td> 200KGs<\/td>\n<\/tr>\n<tr>\n<td> Zahlungsfrist:<\/td>\n<td> T\/T(30% Anzahlung), L\/C<\/td>\n<td> Bearbeitungsservice:<\/td>\n<td> Biegen, Abwickeln, Schwei\u00dfen, Stanzen, Schneiden<\/td>\n<\/tr>\n<tr>\n<td> Hafen:<\/td>\n<td> Guangzhou, Shenzhen<\/td>\n<td> L\u00e4nge::<\/td>\n<td> 1-9m oder kundenspezifisch<\/td>\n<\/tr>\n<\/tbody>\n<\/table>\n<h2>Unsere Produktionsbasis<\/h2>\n<h3>Fabrik-Panorama<\/h3>\n<p><img decoding=\"async\" src=\"\/wp-content\/uploads\/factory-01.webp\"\/><\/p>\n<h3>Werkstatt zur Herstellung von Aluminiumstangen<\/h3>\n<p><img decoding=\"async\" src=\"\/wp-content\/uploads\/factory-02.webp\"\/><\/p>\n<p><img decoding=\"async\" src=\"\/wp-content\/uploads\/factory-03.webp\"\/><\/p>\n<h3>Lagerhaus f\u00fcr Formen<\/h3>\n<p><img decoding=\"async\" src=\"\/wp-content\/uploads\/factory-04.webp\"\/><\/p>\n<h3>43 Aluminium-Strangpressanlagen (500-5500 Tonnen)<\/h3>\n<p><img decoding=\"async\" src=\"\/wp-content\/uploads\/factory-05.webp\"\/><\/p>\n<p><img decoding=\"async\" src=\"\/wp-content\/uploads\/factory-06.webp\"\/><\/p>\n<p><img decoding=\"async\" src=\"\/wp-content\/uploads\/factory-07.webp\"\/><\/p>\n<h3>Werkstatt f\u00fcr Pulverbeschichtung<\/h3>\n<p><img decoding=\"async\" src=\"\/wp-content\/uploads\/factory-09.webp\"\/><\/p>\n<h3>Eloxal-Werkstatt<\/h3>\n<p><img decoding=\"async\" src=\"\/wp-content\/uploads\/factory-10.webp\"\/><\/p>\n<h3>Workshop zur Tiefenverarbeitung<\/h3>\n<p><img decoding=\"async\" src=\"\/wp-content\/uploads\/factory-11.webp\"\/><\/p>\n<h3>CNC-Pr\u00e4zisionsbearbeitungswerkstatt<\/h3>\n<p><img decoding=\"async\" src=\"\/wp-content\/uploads\/factory-11.5.webp\"\/><\/p>\n<h3>Lager f\u00fcr Fertigprodukte und Export<\/h3>\n<p><img decoding=\"async\" src=\"\/wp-content\/uploads\/factory-12.webp\"\/><\/p>\n<p><img decoding=\"async\" src=\"\/wp-content\/uploads\/factory-13.webp\"\/><\/p>\n<p><img decoding=\"async\" src=\"\/wp-content\/uploads\/factory-14.webp\"\/><\/p>\n<h2>FAQ<\/h2>\n<p><p><b>1. was sind U-Form stranggepresste Aluminium-Wandpaneele?<\/b><\/p>\n<p>U Shape Extruded Aluminum Wall Panels sind architektonische Verkleidungspaneele mit einem U-Profil, die f\u00fcr elegante und moderne Wandverkleidungen entwickelt wurden.<br \/>\n<\/p><br \/>\n<br \/>\n<p><b>2. was sind die Vorteile von U-Form-Aluminium-Wandpaneelen?<\/b><\/p>\n<p>Sie bieten ein sauberes Erscheinungsbild, Korrosionsbest\u00e4ndigkeit, leichte Festigkeit und eine einfache Installation sowohl f\u00fcr Innen- als auch f\u00fcr Au\u00dfenanwendungen.<br \/>\n<\/p><br \/>\n<br \/>\n<p><b>3. sind diese Platten f\u00fcr die Verwendung im Freien geeignet?<\/b><\/p>\n<p>Ja, das Aluminiummaterial und die sch\u00fctzenden Oberfl\u00e4chen machen sie ideal f\u00fcr wetterfeste Au\u00dfenverkleidungssysteme.<br \/>\n<\/p><br \/>\n<br \/>\n<p><b>4. k\u00f6nnen U-Form-Aluminium-Wandplatten angepasst werden?<\/b><\/p>\n<p>Ja, wir bieten kundenspezifische Gr\u00f6\u00dfen, Farben, Oberfl\u00e4chen und Schlitzkonfigurationen an, die den architektonischen Anforderungen entsprechen.<br \/>\n<\/p><br \/>\n<br \/>\n<p><b>5. wie werden U-f\u00f6rmige stranggepresste Aluminium-Wandpaneele installiert?<\/b><\/p>\n<p>Sie werden in der Regel mit verdeckten Befestigungen oder Montageschienen installiert, um ein nahtloses, b\u00fcndiges Aussehen zu erzielen.<br \/>\n<\/p><br \/>\n<br \/>\n<p><b>6. welche Oberfl\u00e4chen sind f\u00fcr diese Aluminium-Wandplatten erh\u00e4ltlich?<\/b><\/p>\n<p>Zu den verf\u00fcgbaren Oberfl\u00e4chen z\u00e4hlen eloxiert, pulverbeschichtet, geb\u00fcrstet und kundenspezifische Farben, die sich an unterschiedliche Designvorstellungen anpassen.<br \/>\n<\/p><br \/>\n<br \/>\n<p><b>7. sind diese Platten leicht und einfach zu handhaben?<\/b><\/p>\n<p>Ja, die Aluminiumkonstruktion macht sie leicht und einfach zu transportieren, herzustellen und zu installieren.<br \/>\n<\/p><br \/>\n<br \/>\n<p><b>8. wo werden U-f\u00f6rmige stranggepresste Aluminium-Wandpaneele \u00fcblicherweise verwendet?<\/b><\/p>\n<p>Sie werden in Gesch\u00e4ftsgeb\u00e4uden, Innenr\u00e4umen von Wohngeb\u00e4uden, Fassadensystemen, Lobbys und dekorativen Wandverkleidungen eingesetzt.<br \/>\n<\/p><br \/><\/p>","protected":false},"featured_media":7395,"template":"","categories":[67],"class_list":["post-7396","product","type-product","status-publish","has-post-thumbnail","hentry","category-architectural-aluminium-profile"],"meta_box":{"hilight_text_group":{"product_hilight_text":"<li>Unique U-shape profile offers modern and clean architectural lines<\/li>\r\r\n<li>Made from high-quality aluminum for lightweight strength and durability<\/li>\r\r\n<li>Corrosion-resistant surface ensures long-term performance<\/li>\r\r\n<li>Easy installation with concealed fasteners for a seamless look<\/li>\r\r\n<li>Available in various sizes, finishes, and colors<\/li>\r\r\n<li>Ideal for interior and exterior wall cladding applications<\/li>\r\r\n<li>Supports custom fabrication to meet project-specific designs<\/li>","product_chanpin_blog":"<ul>\r\r\n<li><a href=\"https:\/\/sinoextrud.com\/t-slot-v-slot-differences\/\" target=\"_blank\">t slot vs v slot<\/a><\/li>\r\r\n<li><a href=\"https:\/\/sinoextrud.com\/what-is-4040-aluminium-extrud\/\" target=\"_blank\">4040 aluminium extrusion<\/a><\/li>\r\r\n<li><a href=\"https:\/\/sinoextrud.com\/what-is-4040-aluminium-extrud\/\" target=\"_blank\">aluminum extrusions for industrial racks<\/a><\/li>\r\r\n<li><a href=\"https:\/\/sinoextrud.com\/powder-coating-aluminium-process\/\" target=\"_blank\">powder coating aluminium<\/a><\/li>\r\r\n<li><a href=\"https:\/\/sinoextrud.com\/what-is-an-aluminium-strip-ceiling\/\" target=\"_blank\">aluminium strip ceiling<\/a><\/li>\r\r\n<li><a href=\"https:\/\/sinoextrud.com\/what-is-a-heat-sink\/\" target=\"_blank\">what is a heat sink<\/a><\/li>\r\r\n<\/ul>","product_chanpin_chanpin":"<li><a href=\"https:\/\/sinoextrud.com\/product\/extruded-h-beam-aluminum-profile\/\" target=\"_blank\">Extruded H Beam Aluminum Profile<\/a><\/li>\r\n<li><a href=\"https:\/\/sinoextrud.com\/product\/anodized-extruded-aluminum-j-channel\/\" target=\"_blank\">Anodized Extruded Aluminum J Channel<\/a><\/li>\r\n<li><a href=\"https:\/\/sinoextrud.com\/product\/aluminum-handrail-profiles\/\" target=\"_blank\">Aluminum Handrail Profiles<\/a><\/li>\r\n<li><a href=\"https:\/\/sinoextrud.com\/product\/square-aluminium-extrusion\/\" target=\"_blank\">Square Aluminium Extrusion<\/a><\/li>\r\n<li><a href=\"https:\/\/sinoextrud.com\/product\/u-shape-extruded-aluminum-wall-panels\/\" target=\"_blank\">U Shape Extruded Aluminum Wall Panels<\/a><\/li>\r\n<li><a href=\"https:\/\/sinoextrud.com\/product\/greenhouse-aluminum-extrusions-blade-window\/\" target=\"_blank\">Greenhouse Aluminum Extrusions Blade Window<\/a><\/li>\r\n<li><a href=\"https:\/\/sinoextrud.com\/product\/wide-aluminum-extrusions\/\" target=\"_blank\">Wide Aluminum Extrusions<\/a><\/li>\r\n<li><a href=\"https:\/\/sinoextrud.com\/product\/anodizing-aluminum-picture-photo-frame-brushed-aluminium-frame-for-home-decoration\/\" target=\"_blank\">Anodizing Aluminum Picture Photo Frame Brushed Aluminium Frame For Home Decoration<\/a><\/li>\r\n<li><a href=\"https:\/\/sinoextrud.com\/product\/china-aluminum-factory-wholesale-residential-aluminum-fence\/\" target=\"_blank\">China Aluminum Factory Wholesale Residential Aluminum Fence<\/a><\/li>\r\n<li><a href=\"https:\/\/sinoextrud.com\/product\/u-shaped-baffle-ceiling-system\/\" target=\"_blank\">U-Shaped Baffle Ceiling System<\/a><\/li>\r\n<li><a href=\"https:\/\/sinoextrud.com\/product\/aluminum-cnc-machined-part-custom-aluminum-machining\/\" target=\"_blank\">Aluminum CNC Machined Part Custom Aluminum Machining<\/a><\/li>"},"feature_list":[]},"_links":{"self":[{"href":"https:\/\/sinoextrud.com\/de\/wp-json\/wp\/v2\/product\/7396","targetHints":{"allow":["GET"]}}],"collection":[{"href":"https:\/\/sinoextrud.com\/de\/wp-json\/wp\/v2\/product"}],"about":[{"href":"https:\/\/sinoextrud.com\/de\/wp-json\/wp\/v2\/types\/product"}],"wp:featuredmedia":[{"embeddable":true,"href":"https:\/\/sinoextrud.com\/de\/wp-json\/wp\/v2\/media\/7395"}],"wp:attachment":[{"href":"https:\/\/sinoextrud.com\/de\/wp-json\/wp\/v2\/media?parent=7396"}],"wp:term":[{"taxonomy":"category","embeddable":true,"href":"https:\/\/sinoextrud.com\/de\/wp-json\/wp\/v2\/categories?post=7396"}],"curies":[{"name":"wp","href":"https:\/\/api.w.org\/{rel}","templated":true}]}}