{"id":7392,"date":"2025-06-07T06:34:06","date_gmt":"2025-06-07T06:34:06","guid":{"rendered":"https:\/\/sinoextrud.com\/product\/aluminum-handrail-profiles\/"},"modified":"2025-06-24T06:12:42","modified_gmt":"2025-06-24T06:12:42","slug":"aluminium-gelanderprofile","status":"publish","type":"product","link":"https:\/\/sinoextrud.com\/de\/product\/aluminum-handrail-profiles\/","title":{"rendered":"Aluminium-Gel\u00e4nder-Profile"},"content":{"rendered":"<h2>Produkte Details<\/h2>\n<table class=\"custom-table\">\n<tbody>\n<tr>\n<td> Artikel<\/td>\n<td> Aluminium-Gel\u00e4nder-Profile<\/td>\n<\/tr>\n<tr>\n<td> Material<\/td>\n<td> Hochwertige 6063-Aluminium-Legierung<\/td>\n<\/tr>\n<tr>\n<td> Profil-Typen<\/td>\n<td> Verschiedene Ausf\u00fchrungen erh\u00e4ltlich (z. B. quadratisch, rund, rechteckig)<\/td>\n<\/tr>\n<tr>\n<td> Abmessungen<\/td>\n<td> Anpassbare Gr\u00f6\u00dfen (z. B. H\u00f6he, Breite, Dicke) je nach Projektanforderungen<\/td>\n<\/tr>\n<tr>\n<td> Wanddicke<\/td>\n<td> Typischerweise zwischen 1,2 mm und 3,0 mm, je nach Design und Anwendung<\/td>\n<\/tr>\n<tr>\n<td> Oberfl\u00e4che<\/td>\n<td> Optionen: eloxierte, pulverbeschichtete und polierte Oberfl\u00e4chen<\/td>\n<\/tr>\n<tr>\n<td> Dicke der Beschichtung<\/td>\n<td> Die Dicke der Pulverbeschichtung liegt in der Regel zwischen 60 und 100 Mikrometern.<\/td>\n<\/tr>\n<tr>\n<td> Farboptionen<\/td>\n<td> Gro\u00dfe Auswahl an RAL-Farben verf\u00fcgbar (kundenspezifische Farben auf Anfrage)<\/td>\n<\/tr>\n<tr>\n<td> Tragf\u00e4higkeit<\/td>\n<td> Ausgelegt f\u00fcr eine Belastung von bis zu 200 kg\/m2 (variiert je nach Design und Installation)<\/td>\n<\/tr>\n<tr>\n<td> Korrosionsbest\u00e4ndigkeit<\/td>\n<td> Ausgezeichnete Korrosions- und Oxidationsbest\u00e4ndigkeit, geeignet f\u00fcr den Einsatz im Freien<\/td>\n<\/tr>\n<tr>\n<td> UV-Best\u00e4ndigkeit<\/td>\n<td> Hohe UV-Best\u00e4ndigkeit zur Verhinderung von Ausbleichen und Farbverschlechterung<\/td>\n<\/tr>\n<tr>\n<td> Sicherheitsmerkmale<\/td>\n<td> Anti-Rutsch-Oberfl\u00e4chen und abgerundete Kanten f\u00fcr mehr Sicherheit<\/td>\n<\/tr>\n<tr>\n<td> Einbauart<\/td>\n<td> Einfache Installation mit vorgebohrten L\u00f6chern; kompatibel mit verschiedenen Befestigungssystemen<\/td>\n<\/tr>\n<tr>\n<td> Wartung<\/td>\n<td> Geringer Wartungsaufwand; regelm\u00e4\u00dfige Reinigung mit milder Seife und Wasser erforderlich<\/td>\n<\/tr>\n<tr>\n<td> Wiederverwertbarkeit<\/td>\n<td> 100% recycelbares Material, umweltfreundlich<\/td>\n<\/tr>\n<tr>\n<td> Garantie<\/td>\n<td> In der Regel 10 Jahre gegen Herstellungsfehler und Beschichtungsfehler<\/td>\n<\/tr>\n<tr>\n<td> Anwendungen<\/td>\n<td> Geeignet f\u00fcr private, gewerbliche und industrielle Anwendungen, einschlie\u00dflich Treppenh\u00e4user, Balkone und Poolbereiche<\/td>\n<\/tr>\n<\/tbody>\n<\/table>\n<h2>Unsere Produktionsbasis<\/h2>\n<h3>Fabrik-Panorama<\/h3>\n<p><img decoding=\"async\" src=\"\/wp-content\/uploads\/factory-01.webp\"\/><\/p>\n<h3>Werkstatt zur Herstellung von Aluminiumstangen<\/h3>\n<p><img decoding=\"async\" src=\"\/wp-content\/uploads\/factory-02.webp\"\/><\/p>\n<p><img decoding=\"async\" src=\"\/wp-content\/uploads\/factory-03.webp\"\/><\/p>\n<h3>Lagerhaus f\u00fcr Formen<\/h3>\n<p><img decoding=\"async\" src=\"\/wp-content\/uploads\/factory-04.webp\"\/><\/p>\n<h3>43 Aluminium-Strangpressanlagen (500\u00e2\u20ac\"5500 Tonnen)<\/h3>\n<p><img decoding=\"async\" src=\"\/wp-content\/uploads\/factory-05.webp\"\/><\/p>\n<p><img decoding=\"async\" src=\"\/wp-content\/uploads\/factory-06.webp\"\/><\/p>\n<p><img decoding=\"async\" src=\"\/wp-content\/uploads\/factory-07.webp\"\/><\/p>\n<h3>Werkstatt f\u00fcr Pulverbeschichtung<\/h3>\n<p><img decoding=\"async\" src=\"\/wp-content\/uploads\/factory-09.webp\"\/><\/p>\n<h3>Eloxal-Werkstatt<\/h3>\n<p><img decoding=\"async\" src=\"\/wp-content\/uploads\/factory-10.webp\"\/><\/p>\n<h3>Workshop zur Tiefenverarbeitung<\/h3>\n<p><img decoding=\"async\" src=\"\/wp-content\/uploads\/factory-11.webp\"\/><\/p>\n<h3>CNC-Pr\u00e4zisionsbearbeitungswerkstatt<\/h3>\n<p><img decoding=\"async\" src=\"\/wp-content\/uploads\/factory-11.5.webp\"\/><\/p>\n<h3>Lager f\u00fcr Fertigprodukte und Export<\/h3>\n<p><img decoding=\"async\" src=\"\/wp-content\/uploads\/factory-12.webp\"\/><\/p>\n<p><img decoding=\"async\" src=\"\/wp-content\/uploads\/factory-13.webp\"\/><\/p>\n<p><img decoding=\"async\" src=\"\/wp-content\/uploads\/factory-14.webp\"\/><\/p>\n<h2>FAQ<\/h2>\n<p><p><b>1. was sind Handlaufprofile aus Aluminium? <\/b><\/p>\n<p> Handlaufprofile aus Aluminium sind stranggepresste Aluminiumprofile, die den Rahmen f\u00fcr Handl\u00e4ufe bilden und sowohl im privaten als auch im gewerblichen Bereich Halt und Sicherheit bieten.<br \/>\n<\/p><br \/>\n<br \/>\n<p><b>2. warum Aluminium f\u00fcr Handlaufprofile w\u00e4hlen? <\/b><\/p>\n<p> Aluminium ist leicht, langlebig, korrosionsbest\u00e4ndig und wartungsarm und damit ein ideales Material f\u00fcr langlebige und zuverl\u00e4ssige Handlaufsysteme.<br \/>\n<\/p><br \/>\n<br \/>\n<p><b>3. k\u00f6nnen Handlaufprofile aus Aluminium individuell angepasst werden? <\/b><\/p>\n<p> Ja, Handlaufprofile aus Aluminium k\u00f6nnen in Bezug auf Gr\u00f6\u00dfe, Form, Oberfl\u00e4che und Farbe individuell angepasst werden, um spezifischen architektonischen Designs und Sicherheitsanforderungen gerecht zu werden.<br \/>\n<\/p><br \/>\n<br \/>\n<p><b>4) Sind Handlaufprofile aus Aluminium f\u00fcr die Verwendung im Freien geeignet? <\/b><\/p>\n<p> Ja, die korrosionsbest\u00e4ndigen Aluminiumprofile eignen sich perfekt f\u00fcr Installationen im Freien, einschlie\u00dflich Treppen, Balkone und Gehwege, die den Elementen ausgesetzt sind.<br \/>\n<\/p><br \/>\n<br \/>\n<p><b>5. welche Oberfl\u00e4chen sind f\u00fcr Handlaufprofile aus Aluminium erh\u00e4ltlich? <\/b><\/p>\n<p> Zu den g\u00e4ngigen Oberfl\u00e4chen z\u00e4hlen eloxiert, pulverbeschichtet, geb\u00fcrstet und matt, die sowohl \u00e4sthetische Vielseitigkeit als auch Schutz vor Verschlei\u00df und Witterungseinfl\u00fcssen bieten.<br \/>\n<\/p><br \/>\n<br \/>\n<p><b>6. wie einfach ist es, Handlaufprofile aus Aluminium zu installieren? <\/b><\/p>\n<p> Die Installation ist einfach und schnell, da das geringe Gewicht von Aluminium eine einfache Handhabung und Installation mit Standardwerkzeugen erm\u00f6glicht.<br \/>\n<\/p><br \/>\n<br \/>\n<p><b>7. sind diese Handlaufprofile wartungsarm? <\/b><\/p>\n<p> Ja, Handl\u00e4ufe aus Aluminium sind aufgrund ihrer Korrosionsbest\u00e4ndigkeit und ihrer dauerhaften Oberfl\u00e4che sehr wartungsarm, was sie auf lange Sicht zu einer kosteng\u00fcnstigen Option macht.<br \/>\n<\/p><br \/>\n<br \/>\n<p><b>8. ist Aluminium umweltfreundlich? <\/b><\/p>\n<p> Ja, Aluminium ist 100% recycelbar, was Aluminiumhandlaufprofile zu einer umweltfreundlichen und nachhaltigen Wahl f\u00fcr Bauprojekte macht.<br \/>\n<\/p><br \/><\/p>","protected":false},"featured_media":7391,"template":"","categories":[67],"class_list":["post-7392","product","type-product","status-publish","has-post-thumbnail","hentry","category-architectural-aluminium-profile"],"meta_box":{"hilight_text_group":{"product_hilight_text":"<li>Durable aluminum profiles provide a strong and secure handrail solution for both residential and commercial applications.<\/li>\r\r\n<li>Corrosion-resistant finish ensures longevity, even in high-moisture and outdoor environments.<\/li>\r\r\n<li>Lightweight and easy to handle, reducing installation time and labor costs.<\/li>\r\r\n<li>Customizable profiles and finishes to match various interior and exterior designs.<\/li>\r\r\n<li>Requires minimal maintenance, providing a cost-effective long-term solution.<\/li>\r\r\n<li>Ideal for stairs, balconies, walkways, and other safety-critical areas.<\/li>","product_chanpin_blog":"<ul>\r\r\n<li><a href=\"https:\/\/sinoextrud.com\/t-slot-v-slot-differences\/\" target=\"_blank\">t slot vs v slot<\/a><\/li>\r\r\n<li><a href=\"https:\/\/sinoextrud.com\/what-is-4040-aluminium-extrud\/\" target=\"_blank\">4040 aluminium extrusion<\/a><\/li>\r\r\n<li><a href=\"https:\/\/sinoextrud.com\/what-is-4040-aluminium-extrud\/\" target=\"_blank\">aluminum extrusions for industrial racks<\/a><\/li>\r\r\n<li><a href=\"https:\/\/sinoextrud.com\/powder-coating-aluminium-process\/\" target=\"_blank\">powder coating aluminium<\/a><\/li>\r\r\n<li><a href=\"https:\/\/sinoextrud.com\/what-is-an-aluminium-strip-ceiling\/\" target=\"_blank\">aluminium strip ceiling<\/a><\/li>\r\r\n<li><a href=\"https:\/\/sinoextrud.com\/what-is-a-heat-sink\/\" target=\"_blank\">what is a heat sink<\/a><\/li>\r\r\n<\/ul>","product_chanpin_chanpin":"<li><a href=\"https:\/\/sinoextrud.com\/product\/oem-building-interlocking-aluminum-extrusions\/\" target=\"_blank\">OEM Building Interlocking Aluminum Extrusions<\/a><\/li>\r\n<li><a href=\"https:\/\/sinoextrud.com\/product\/extruded-aluminum-tubing-round-in-stock\/\" target=\"_blank\">Extruded Aluminum Tubing Round In Stock<\/a><\/li>\r\n<li><a href=\"https:\/\/sinoextrud.com\/product\/extruded-h-beam-aluminum-profile\/\" target=\"_blank\">Extruded H Beam Aluminum Profile<\/a><\/li>\r\n<li><a href=\"https:\/\/sinoextrud.com\/product\/anodized-extruded-aluminum-j-channel\/\" target=\"_blank\">Anodized Extruded Aluminum J Channel<\/a><\/li>\r\n<li><a href=\"https:\/\/sinoextrud.com\/product\/aluminum-handrail-profiles\/\" target=\"_blank\">Aluminum Handrail Profiles<\/a><\/li>\r\n<li><a href=\"https:\/\/sinoextrud.com\/product\/square-aluminium-extrusion\/\" target=\"_blank\">Square Aluminium Extrusion<\/a><\/li>\r\n<li><a href=\"https:\/\/sinoextrud.com\/product\/u-shape-extruded-aluminum-wall-panels\/\" target=\"_blank\">U Shape Extruded Aluminum Wall Panels<\/a><\/li>\r\n<li><a href=\"https:\/\/sinoextrud.com\/product\/greenhouse-aluminum-extrusions-blade-window\/\" target=\"_blank\">Greenhouse Aluminum Extrusions Blade Window<\/a><\/li>\r\n<li><a href=\"https:\/\/sinoextrud.com\/product\/wide-aluminum-extrusions\/\" target=\"_blank\">Wide Aluminum Extrusions<\/a><\/li>\r\n<li><a href=\"https:\/\/sinoextrud.com\/product\/round-aluminum-extrusion-tubular-cnc-bending\/\" target=\"_blank\">Round Aluminum Extrusion Tubular Cnc Bending<\/a><\/li>\r\n<li><a href=\"https:\/\/sinoextrud.com\/product\/curved-aluminium-extrusion\/\" target=\"_blank\">Curved Aluminium Extrusion<\/a><\/li>"},"feature_list":[]},"_links":{"self":[{"href":"https:\/\/sinoextrud.com\/de\/wp-json\/wp\/v2\/product\/7392","targetHints":{"allow":["GET"]}}],"collection":[{"href":"https:\/\/sinoextrud.com\/de\/wp-json\/wp\/v2\/product"}],"about":[{"href":"https:\/\/sinoextrud.com\/de\/wp-json\/wp\/v2\/types\/product"}],"wp:featuredmedia":[{"embeddable":true,"href":"https:\/\/sinoextrud.com\/de\/wp-json\/wp\/v2\/media\/7391"}],"wp:attachment":[{"href":"https:\/\/sinoextrud.com\/de\/wp-json\/wp\/v2\/media?parent=7392"}],"wp:term":[{"taxonomy":"category","embeddable":true,"href":"https:\/\/sinoextrud.com\/de\/wp-json\/wp\/v2\/categories?post=7392"}],"curies":[{"name":"wp","href":"https:\/\/api.w.org\/{rel}","templated":true}]}}