{"id":7390,"date":"2025-06-07T06:32:29","date_gmt":"2025-06-07T06:32:29","guid":{"rendered":"https:\/\/sinoextrud.com\/product\/anodized-extruded-aluminum-j-channel\/"},"modified":"2025-06-24T06:12:42","modified_gmt":"2025-06-24T06:12:42","slug":"eloxiertes-stranggepresstes-aluminium-j-kanal","status":"publish","type":"product","link":"https:\/\/sinoextrud.com\/de\/product\/anodized-extruded-aluminum-j-channel\/","title":{"rendered":"Eloxiertes stranggepresstes Aluminium J-Kanal"},"content":{"rendered":"<h2>Produkte Details<\/h2>\n<table class=\"custom-table\">\n<tbody>\n<tr>\n<td> Note:<\/td>\n<td> 6063 -t5<\/td>\n<\/tr>\n<tr>\n<td> Die Technik:<\/td>\n<td> Eloxiertes stranggepresstes Aluminium J-Kanal<\/td>\n<\/tr>\n<tr>\n<td> Temperament:<\/td>\n<td> T3 - T8<\/td>\n<\/tr>\n<tr>\n<td> Bearbeitende Dienstleistungen:<\/td>\n<td> Bohren, Gewindeschneiden, Nieten, Montage, etc.<\/td>\n<\/tr>\n<tr>\n<td> Warenzeichen:<\/td>\n<td> Sinoextrud Sinoextrud <\/td>\n<\/tr>\n<tr>\n<td> Art:<\/td>\n<td> Eloxiertes stranggepresstes Aluminium J-Kanal<\/td>\n<\/tr>\n<tr>\n<td> Die Form:<\/td>\n<td> Hergestellt nach Kundenwunsch<\/td>\n<\/tr>\n<tr>\n<td> Oberfl\u00e4chenbehandlung:<\/td>\n<td> Mill Finish Eloxiert Geb\u00fcrstet<\/td>\n<\/tr>\n<tr>\n<td> L\u00e4nge:<\/td>\n<td> 1m bis 9m pro L\u00e4nge<\/td>\n<\/tr>\n<tr>\n<td> Farben:<\/td>\n<td> Silber Schwarz<\/td>\n<\/tr>\n<tr>\n<td> HS-Code:<\/td>\n<td> 76042990<\/td>\n<\/tr>\n<\/tbody>\n<\/table>\n<h2>Unsere Produktionsbasis<\/h2>\n<h3>Fabrik-Panorama<\/h3>\n<p><img decoding=\"async\" src=\"\/wp-content\/uploads\/factory-01.webp\"\/><\/p>\n<h3>Werkstatt zur Herstellung von Aluminiumstangen<\/h3>\n<p><img decoding=\"async\" src=\"\/wp-content\/uploads\/factory-02.webp\"\/><\/p>\n<\/p>\n<p><img decoding=\"async\" src=\"\/wp-content\/uploads\/factory-03.webp\"\/><\/p>\n<h3>Lagerhaus f\u00fcr Formen<\/h3>\n<p><img decoding=\"async\" src=\"\/wp-content\/uploads\/factory-04.webp\"\/><\/p>\n<h3>43 Aluminium-Strangpressanlagen (500\u00e2\u20ac\"5500 Tonnen)<\/h3>\n<p><img decoding=\"async\" src=\"\/wp-content\/uploads\/factory-05.webp\"\/><\/p>\n<p><img decoding=\"async\" src=\"\/wp-content\/uploads\/factory-06.webp\"\/><\/p>\n<p><img decoding=\"async\" src=\"\/wp-content\/uploads\/factory-07.webp\"\/><\/p>\n<h3>Werkstatt f\u00fcr Pulverbeschichtung<\/h3>\n<p><img decoding=\"async\" src=\"\/wp-content\/uploads\/factory-09.webp\"\/><\/p>\n<h3>Eloxal-Werkstatt<\/h3>\n<p><img decoding=\"async\" src=\"\/wp-content\/uploads\/factory-10.webp\"\/><\/p>\n<h3>Workshop zur Tiefenverarbeitung<\/h3>\n<p><img decoding=\"async\" src=\"\/wp-content\/uploads\/factory-11.webp\"\/><\/p>\n<h3>CNC-Pr\u00e4zisionsbearbeitungswerkstatt<\/h3>\n<p><img decoding=\"async\" src=\"\/wp-content\/uploads\/factory-11.5.webp\"\/><\/p>\n<h3>Lager f\u00fcr Fertigprodukte und Export<\/h3>\n<p><img decoding=\"async\" src=\"\/wp-content\/uploads\/factory-12.webp\"\/><\/p>\n<p><img decoding=\"async\" src=\"\/wp-content\/uploads\/factory-13.webp\"\/><\/p>\n<p><img decoding=\"async\" src=\"\/wp-content\/uploads\/factory-14.webp\"\/><\/p>\n<h2>FAQ<\/h2>\n<p><b>1. was ist ein ISO-eloxiertes stranggepresstes Aluminium J-Kanal?<\/b><\/p>\n<p>Ein ISO-eloxierter stranggepresster Aluminium-J-Kanal ist ein Pr\u00e4zisionsaluminiumprofil mit J-f\u00f6rmigem Querschnitt, das f\u00fcr Rahmen, Kantenschutz und strukturelle Anwendungen entwickelt wurde.\n<\/p>\n<p><\/p>\n<p><b>2. warum ist die Eloxierung f\u00fcr Aluminium J-Kan\u00e4le wichtig?<\/b><\/p>\n<p>Die Eloxierung verbessert die Korrosionsbest\u00e4ndigkeit, die H\u00e4rte und das Aussehen des Aluminiums, wodurch es haltbarer wird und sich f\u00fcr den Innen- und Au\u00dfenbereich eignet.\n<\/p>\n<p><\/p>\n<p><b>3. ist dieses J-Kanal-Profil ISO-zertifiziert?<\/b><\/p>\n<p>Ja, die ISO-Zertifizierung gew\u00e4hrleistet gleichbleibende Qualit\u00e4t, zuverl\u00e4ssige Leistung und die Einhaltung internationaler Fertigungsstandards.\n<\/p>\n<p><\/p>\n<p><b>4. wo k\u00f6nnen ISO-Aluminium-J-Kan\u00e4le verwendet werden?<\/b><\/p>\n<p>Sie werden h\u00e4ufig im Baugewerbe, f\u00fcr Beschilderungen, M\u00f6belverkleidungen und f\u00fcr die Montage von Schalttafeln verwendet.\n<\/p>\n<p><\/p>\n<p><b>Kann ich Sondergr\u00f6\u00dfen f\u00fcr den J-Kanal bestellen?<\/b><\/p>\n<p>Ja, kundenspezifische L\u00e4ngen, Farben und Querschnittsabmessungen sind erh\u00e4ltlich, um projektspezifische oder OEM-Anforderungen zu erf\u00fcllen.\n<\/p>\n<p><\/p>\n<p><b>6. muss eloxiertes Aluminium gewartet werden?<\/b><\/p>\n<p>Nein, eloxiertes Aluminium ist pflegeleicht und muss nur gelegentlich gereinigt werden, um sein Aussehen zu erhalten.\n<\/p>\n<p><\/p>\n<p><b>7. sind ISO-Aluminium-J-Kan\u00e4le f\u00fcr Au\u00dfenanwendungen geeignet?<\/b><\/p>\n<p>Ja, die eloxierte Beschichtung macht sie \u00e4u\u00dferst witterungs- und korrosionsbest\u00e4ndig und damit ideal f\u00fcr den Au\u00dfeneinsatz.\n<\/p>\n<p><\/p>","protected":false},"featured_media":7389,"template":"","categories":[67],"class_list":["post-7390","product","type-product","status-publish","has-post-thumbnail","hentry","category-architectural-aluminium-profile"],"meta_box":{"hilight_text_group":{"product_hilight_text":"<li>Made from high-quality extruded aluminum for strength and durability<\/li>\r\r\n<li>ISO certified for consistent quality and manufacturing standards<\/li>\r\r\n<li>Anodized surface provides excellent corrosion resistance and sleek finish<\/li>\r\r\n<li>Lightweight design allows easy handling and installation<\/li>\r\r\n<li>Ideal for edge protection, trim, and panel framing applications<\/li>\r\r\n<li>Custom lengths and profiles available for OEM and bulk orders<\/li>","product_chanpin_blog":"<ul>\r\r\n<li><a href=\"https:\/\/sinoextrud.com\/t-slot-v-slot-differences\/\" target=\"_blank\">t slot vs v slot<\/a><\/li>\r\r\n<li><a href=\"https:\/\/sinoextrud.com\/what-is-4040-aluminium-extrud\/\" target=\"_blank\">4040 aluminium extrusion<\/a><\/li>\r\r\n<li><a href=\"https:\/\/sinoextrud.com\/what-is-4040-aluminium-extrud\/\" target=\"_blank\">aluminum extrusions for industrial racks<\/a><\/li>\r\r\n<li><a href=\"https:\/\/sinoextrud.com\/powder-coating-aluminium-process\/\" target=\"_blank\">powder coating aluminium<\/a><\/li>\r\r\n<li><a href=\"https:\/\/sinoextrud.com\/what-is-an-aluminium-strip-ceiling\/\" target=\"_blank\">aluminium strip ceiling<\/a><\/li>\r\r\n<li><a href=\"https:\/\/sinoextrud.com\/what-is-a-heat-sink\/\" target=\"_blank\">what is a heat sink<\/a><\/li>\r\r\n<\/ul>","product_chanpin_chanpin":"<li><a href=\"https:\/\/sinoextrud.com\/product\/curved-extruded-aluminum-6063-alloy-anodizing\/\" target=\"_blank\">Curved Extruded Aluminum 6063 Alloy Anodizing<\/a><\/li>\r\n<li><a href=\"https:\/\/sinoextrud.com\/product\/oem-building-interlocking-aluminum-extrusions\/\" target=\"_blank\">OEM Building Interlocking Aluminum Extrusions<\/a><\/li>\r\n<li><a href=\"https:\/\/sinoextrud.com\/product\/extruded-aluminum-tubing-round-in-stock\/\" target=\"_blank\">Extruded Aluminum Tubing Round In Stock<\/a><\/li>\r\n<li><a href=\"https:\/\/sinoextrud.com\/product\/extruded-h-beam-aluminum-profile\/\" target=\"_blank\">Extruded H Beam Aluminum Profile<\/a><\/li>\r\n<li><a href=\"https:\/\/sinoextrud.com\/product\/anodized-extruded-aluminum-j-channel\/\" target=\"_blank\">Anodized Extruded Aluminum J Channel<\/a><\/li>\r\n<li><a href=\"https:\/\/sinoextrud.com\/product\/aluminum-handrail-profiles\/\" target=\"_blank\">Aluminum Handrail Profiles<\/a><\/li>\r\n<li><a href=\"https:\/\/sinoextrud.com\/product\/square-aluminium-extrusion\/\" target=\"_blank\">Square Aluminium Extrusion<\/a><\/li>\r\n<li><a href=\"https:\/\/sinoextrud.com\/product\/u-shape-extruded-aluminum-wall-panels\/\" target=\"_blank\">U Shape Extruded Aluminum Wall Panels<\/a><\/li>\r\n<li><a href=\"https:\/\/sinoextrud.com\/product\/greenhouse-aluminum-extrusions-blade-window\/\" target=\"_blank\">Greenhouse Aluminum Extrusions Blade Window<\/a><\/li>\r\n<li><a href=\"https:\/\/sinoextrud.com\/product\/large-custom-aluminum-extrusions\/\" target=\"_blank\">Large Custom Aluminum Extrusions<\/a><\/li>\r\n<li><a href=\"https:\/\/sinoextrud.com\/product\/precision-cnc-machining-industrial-profile\/\" target=\"_blank\">Precision CNC Machining Industrial Profile<\/a><\/li>"},"feature_list":[]},"_links":{"self":[{"href":"https:\/\/sinoextrud.com\/de\/wp-json\/wp\/v2\/product\/7390","targetHints":{"allow":["GET"]}}],"collection":[{"href":"https:\/\/sinoextrud.com\/de\/wp-json\/wp\/v2\/product"}],"about":[{"href":"https:\/\/sinoextrud.com\/de\/wp-json\/wp\/v2\/types\/product"}],"wp:featuredmedia":[{"embeddable":true,"href":"https:\/\/sinoextrud.com\/de\/wp-json\/wp\/v2\/media\/7389"}],"wp:attachment":[{"href":"https:\/\/sinoextrud.com\/de\/wp-json\/wp\/v2\/media?parent=7390"}],"wp:term":[{"taxonomy":"category","embeddable":true,"href":"https:\/\/sinoextrud.com\/de\/wp-json\/wp\/v2\/categories?post=7390"}],"curies":[{"name":"wp","href":"https:\/\/api.w.org\/{rel}","templated":true}]}}