{"id":7388,"date":"2025-06-07T06:30:48","date_gmt":"2025-06-07T06:30:48","guid":{"rendered":"https:\/\/sinoextrud.com\/product\/extruded-h-beam-aluminum-profile\/"},"modified":"2025-06-24T06:12:42","modified_gmt":"2025-06-24T06:12:42","slug":"stranggepresstes-h-trager-aluminiumprofil","status":"publish","type":"product","link":"https:\/\/sinoextrud.com\/de\/product\/extruded-h-beam-aluminum-profile\/","title":{"rendered":"Stranggepresstes H-Tr\u00e4ger-Aluminiumprofil"},"content":{"rendered":"<h2>Produkte Details<\/h2>\n<table class=\"custom-table\">\n<tbody>\n<tr>\n<td> Produktname<\/td>\n<td> Stranggepresstes H-Tr\u00e4ger-Aluminiumprofil<\/td>\n<\/tr>\n<tr>\n<td> Material<\/td>\n<td> 6063,6061,6463,6005,6082 usw.<\/td>\n<\/tr>\n<tr>\n<td> Form<\/td>\n<td> H,I oder andere kundenspezifische Formen<\/td>\n<\/tr>\n<tr>\n<td> Dicke<\/td>\n<td> 0,7mm-10mm<\/td>\n<\/tr>\n<tr>\n<td> Gr\u00f6\u00dfe<\/td>\n<td> 122*85,5mm und andere Gr\u00f6\u00dfen nach Kundenwunsch<\/td>\n<\/tr>\n<tr>\n<td> L\u00e4nge<\/td>\n<td> Standardl\u00e4nge 1-9M, andere L\u00e4ngen verf\u00fcgbar<\/td>\n<\/tr>\n<tr>\n<td> Typische Anwendungen<\/td>\n<td> Ger\u00fcstbau oder andere architektonische und industrielle Anwendungen usw.<\/td>\n<\/tr>\n<tr>\n<td> Tiefgreifender Prozess<\/td>\n<td> CNC-Fr\u00e4sen, Bohren, Stanzen, Bohren, Gewindeschneiden, Biegen<\/td>\n<\/tr>\n<tr>\n<td> Marke<\/td>\n<td> Sinoextrud,Sinoextrud, oder OEM-Marke<\/td>\n<\/tr>\n<tr>\n<td> Oberfl\u00e4chenbehandlung<\/td>\n<td> Walzfertig, eloxiert, pulverbeschichtet, Holzmaserung etc.<\/td>\n<\/tr>\n<tr>\n<td> MOQ<\/td>\n<td> 200KGs<\/td>\n<\/tr>\n<tr>\n<td> Qualit\u00e4tsgarantie<\/td>\n<td> 100&amp; Inspektion zur Gew\u00e4hrleistung hoher Qualit\u00e4t<\/td>\n<\/tr>\n<tr>\n<td> Bescheinigungen<\/td>\n<td> ISO9001, ISO4001, CQM, SGS, CE, BV usw.<\/td>\n<\/tr>\n<tr>\n<td> Herkunftsort<\/td>\n<td> Guangdong, China<\/td>\n<\/tr>\n<\/tbody>\n<\/table>\n<h2>Unsere Produktionsbasis<\/h2>\n<h3>Fabrik-Panorama<\/h3>\n<p><img decoding=\"async\" src=\"\/wp-content\/uploads\/factory-01.webp\"\/><\/p>\n<h3>Werkstatt zur Herstellung von Aluminiumstangen<\/h3>\n<p><img decoding=\"async\" src=\"\/wp-content\/uploads\/factory-02.webp\"\/><\/p>\n<p><img decoding=\"async\" src=\"\/wp-content\/uploads\/factory-03.webp\"\/><\/p>\n<h3>Lagerhaus f\u00fcr Formen<\/h3>\n<p><img decoding=\"async\" src=\"\/wp-content\/uploads\/factory-04.webp\"\/><\/p>\n<h3>43 Aluminium-Strangpressanlagen (500\u00e2\u20ac\"5500 Tonnen)<\/h3>\n<p><img decoding=\"async\" src=\"\/wp-content\/uploads\/factory-05.webp\"\/><\/p>\n<p><img decoding=\"async\" src=\"\/wp-content\/uploads\/factory-06.webp\"\/><\/p>\n<p><img decoding=\"async\" src=\"\/wp-content\/uploads\/factory-07.webp\"\/><\/p>\n<h3>Werkstatt f\u00fcr Pulverbeschichtung<\/h3>\n<p><img decoding=\"async\" src=\"\/wp-content\/uploads\/factory-09.webp\"\/><\/p>\n<h3>Eloxal-Werkstatt<\/h3>\n<p><img decoding=\"async\" src=\"\/wp-content\/uploads\/factory-10.webp\"\/><\/p>\n<h3>Workshop zur Tiefenverarbeitung<\/h3>\n<p><img decoding=\"async\" src=\"\/wp-content\/uploads\/factory-11.webp\"\/><\/p>\n<h3>CNC-Pr\u00e4zisionsbearbeitungswerkstatt<\/h3>\n<p><img decoding=\"async\" src=\"\/wp-content\/uploads\/factory-11.5.webp\"\/><\/p>\n<h3>Lager f\u00fcr Fertigprodukte und Export<\/h3>\n<p><img decoding=\"async\" src=\"\/wp-content\/uploads\/factory-12.webp\"\/><\/p>\n<p><img decoding=\"async\" src=\"\/wp-content\/uploads\/factory-13.webp\"\/><\/p>\n<p><img decoding=\"async\" src=\"\/wp-content\/uploads\/factory-14.webp\"\/><\/p>\n<h2>FAQ<\/h2>\n<p><p><b>1. was ist ein stranggepresstes H-Tr\u00e4ger-Aluminiumprofil?<\/b><\/p>\n<p>Ein stranggepresstes H-Tr\u00e4ger-Aluminiumprofil ist ein hochfestes Strukturbauteil in Form eines \"H\", das f\u00fcr tragende Anwendungen in der Industrie und im Bauwesen entwickelt wurde.<br \/>\n<\/p><br \/>\n<br \/>\n<p><b>2. welche Vorteile hat die Verwendung von Aluminium-H-Tr\u00e4gern?<\/b><\/p>\n<p>Aluminium-H-Tr\u00e4ger bieten ein hervorragendes Verh\u00e4ltnis von Festigkeit zu Gewicht, sind korrosionsbest\u00e4ndig und lassen sich im Vergleich zu Stahl leichter transportieren und installieren.<br \/>\n<\/p><br \/>\n<br \/>\n<p><b>3. k\u00f6nnen Aluminium-H-Tr\u00e4ger im Freien verwendet werden?<\/b><\/p>\n<p>Ja, stranggepresste H-Tr\u00e4ger aus Aluminium sind korrosionsbest\u00e4ndig und f\u00fcr Au\u00dfenstrukturen und raue Umgebungen geeignet.<br \/>\n<\/p><br \/>\n<br \/>\n<p><b>4. ist eine kundenspezifische Anpassung f\u00fcr H-Tr\u00e4ger-Aluminiumprofile m\u00f6glich?<\/b><\/p>\n<p>Ja, die Hersteller bieten OEM-Dienstleistungen an, einschlie\u00dflich kundenspezifischer Abmessungen, Oberfl\u00e4chenbehandlungen und Legierungsauswahl.<br \/>\n<\/p><br \/>\n<br \/>\n<p><b>5. welche Branchen verwenden stranggepresste H-Tr\u00e4ger-Aluminiumprofile?<\/b><\/p>\n<p>Sie werden h\u00e4ufig im Baugewerbe, im Maschinenbau, im Transportwesen, in der Luft- und Raumfahrt und auf Bauplattformen eingesetzt.<br \/>\n<\/p><br \/>\n<br \/>\n<p><b>6. sind H-Tr\u00e4ger aus Aluminium stark genug f\u00fcr den industriellen Einsatz?<\/b><\/p>\n<p>Aufgrund ihrer Konstruktion und Materialst\u00e4rke sind sie ideal f\u00fcr schwere industrielle und strukturelle Anwendungen.<br \/>\n<\/p><br \/>\n<br \/>\n<p><b>7 M\u00fcssen Aluminium-H-Profile oberfl\u00e4chenbehandelt werden?<\/b><\/p>\n<p>Obwohl Aluminium von Natur aus korrosionsbest\u00e4ndig ist, kann eine Eloxierung oder Pulverbeschichtung die Haltbarkeit und das \u00e4sthetische Erscheinungsbild verbessern.<br \/>\n<\/p><br \/><\/p>","protected":false},"featured_media":7387,"template":"","categories":[67],"class_list":["post-7388","product","type-product","status-publish","has-post-thumbnail","hentry","category-architectural-aluminium-profile"],"meta_box":{"hilight_text_group":{"product_hilight_text":"<li>High-strength H beam design supports heavy structural loads<\/li>\r\r\n<li>Lightweight aluminum reduces overall structure weight<\/li>\r\r\n<li>Excellent corrosion resistance for indoor and outdoor environments<\/li>\r\r\n<li>Precision extruded for consistent shape and dimensional accuracy<\/li>\r\r\n<li>Ideal for industrial frames, platforms, and construction frameworks<\/li>\r\r\n<li>Custom lengths, alloys, and finishes available for OEM applications<\/li>","product_chanpin_blog":"<ul>\r\r\n<li><a href=\"https:\/\/sinoextrud.com\/t-slot-v-slot-differences\/\" target=\"_blank\">t slot vs v slot<\/a><\/li>\r\r\n<li><a href=\"https:\/\/sinoextrud.com\/what-is-4040-aluminium-extrud\/\" target=\"_blank\">4040 aluminium extrusion<\/a><\/li>\r\r\n<li><a href=\"https:\/\/sinoextrud.com\/what-is-4040-aluminium-extrud\/\" target=\"_blank\">aluminum extrusions for industrial racks<\/a><\/li>\r\r\n<li><a href=\"https:\/\/sinoextrud.com\/powder-coating-aluminium-process\/\" target=\"_blank\">powder coating aluminium<\/a><\/li>\r\r\n<li><a href=\"https:\/\/sinoextrud.com\/what-is-an-aluminium-strip-ceiling\/\" target=\"_blank\">aluminium strip ceiling<\/a><\/li>\r\r\n<li><a href=\"https:\/\/sinoextrud.com\/what-is-a-heat-sink\/\" target=\"_blank\">what is a heat sink<\/a><\/li>\r\r\n<\/ul>","product_chanpin_chanpin":"<li><a href=\"https:\/\/sinoextrud.com\/product\/powder-coating-golden-10mm-aluminum-extrusion\/\" target=\"_blank\">Powder Coating Golden 10mm Aluminum Extrusion<\/a><\/li>\r\n<li><a href=\"https:\/\/sinoextrud.com\/product\/curved-extruded-aluminum-6063-alloy-anodizing\/\" target=\"_blank\">Curved Extruded Aluminum 6063 Alloy Anodizing<\/a><\/li>\r\n<li><a href=\"https:\/\/sinoextrud.com\/product\/oem-building-interlocking-aluminum-extrusions\/\" target=\"_blank\">OEM Building Interlocking Aluminum Extrusions<\/a><\/li>\r\n<li><a href=\"https:\/\/sinoextrud.com\/product\/extruded-aluminum-tubing-round-in-stock\/\" target=\"_blank\">Extruded Aluminum Tubing Round In Stock<\/a><\/li>\r\n<li><a href=\"https:\/\/sinoextrud.com\/product\/extruded-h-beam-aluminum-profile\/\" target=\"_blank\">Extruded H Beam Aluminum Profile<\/a><\/li>\r\n<li><a href=\"https:\/\/sinoextrud.com\/product\/anodized-extruded-aluminum-j-channel\/\" target=\"_blank\">Anodized Extruded Aluminum J Channel<\/a><\/li>\r\n<li><a href=\"https:\/\/sinoextrud.com\/product\/aluminum-handrail-profiles\/\" target=\"_blank\">Aluminum Handrail Profiles<\/a><\/li>\r\n<li><a href=\"https:\/\/sinoextrud.com\/product\/square-aluminium-extrusion\/\" target=\"_blank\">Square Aluminium Extrusion<\/a><\/li>\r\n<li><a href=\"https:\/\/sinoextrud.com\/product\/u-shape-extruded-aluminum-wall-panels\/\" target=\"_blank\">U Shape Extruded Aluminum Wall Panels<\/a><\/li>\r\n<li><a href=\"https:\/\/sinoextrud.com\/product\/h-section-aluminium-extrusion-foshan-factory\/\" target=\"_blank\">H Section Aluminium Extrusion Foshan Factory<\/a><\/li>\r\n<li><a href=\"https:\/\/sinoextrud.com\/product\/custom-3003-aluminum-tube-bending-coolant-tubes\/\" target=\"_blank\">Custom 3003 Aluminum Tube Bending Coolant Tubes<\/a><\/li>"},"feature_list":[]},"_links":{"self":[{"href":"https:\/\/sinoextrud.com\/de\/wp-json\/wp\/v2\/product\/7388","targetHints":{"allow":["GET"]}}],"collection":[{"href":"https:\/\/sinoextrud.com\/de\/wp-json\/wp\/v2\/product"}],"about":[{"href":"https:\/\/sinoextrud.com\/de\/wp-json\/wp\/v2\/types\/product"}],"wp:featuredmedia":[{"embeddable":true,"href":"https:\/\/sinoextrud.com\/de\/wp-json\/wp\/v2\/media\/7387"}],"wp:attachment":[{"href":"https:\/\/sinoextrud.com\/de\/wp-json\/wp\/v2\/media?parent=7388"}],"wp:term":[{"taxonomy":"category","embeddable":true,"href":"https:\/\/sinoextrud.com\/de\/wp-json\/wp\/v2\/categories?post=7388"}],"curies":[{"name":"wp","href":"https:\/\/api.w.org\/{rel}","templated":true}]}}