{"id":7382,"date":"2025-06-07T06:26:44","date_gmt":"2025-06-07T06:26:44","guid":{"rendered":"https:\/\/sinoextrud.com\/product\/curved-extruded-aluminum-6063-alloy-anodizing\/"},"modified":"2025-06-24T06:12:40","modified_gmt":"2025-06-24T06:12:40","slug":"gebogenes-stranggepresstes-aluminium-6063-legierung-eloxierung","status":"publish","type":"product","link":"https:\/\/sinoextrud.com\/de\/product\/curved-extruded-aluminum-6063-alloy-anodizing\/","title":{"rendered":"Gebogenes stranggepresstes Aluminium 6063 Legierung Eloxieren"},"content":{"rendered":"<h2>Produkte Details<\/h2>\n<table class=\"custom-table\">\n<tbody>\n<tr>\n<td> Note:<\/td>\n<td> 6063 -t5<\/td>\n<\/tr>\n<tr>\n<td> Die Technik:<\/td>\n<td> Gebogenes stranggepresstes Aluminium 6063 Legierung Eloxieren<\/td>\n<\/tr>\n<tr>\n<td> Temperament:<\/td>\n<td> T3 - T8<\/td>\n<\/tr>\n<tr>\n<td> Bearbeitende Dienstleistungen:<\/td>\n<td> Bohren, Gewindeschneiden, Nieten, Montage, etc.<\/td>\n<\/tr>\n<tr>\n<td> Warenzeichen:<\/td>\n<td> Sinoextrud Sinoextrud <\/td>\n<\/tr>\n<tr>\n<td> Art:<\/td>\n<td> Gebogen<\/td>\n<\/tr>\n<tr>\n<td> Die Form:<\/td>\n<td> Hergestellt nach Kundenwunsch<\/td>\n<\/tr>\n<tr>\n<td> Oberfl\u00e4chenbehandlung:<\/td>\n<td> Mill Finish Eloxiert Geb\u00fcrstet<\/td>\n<\/tr>\n<tr>\n<td> L\u00e4nge:<\/td>\n<td> 1m bis 9m pro L\u00e4nge<\/td>\n<\/tr>\n<tr>\n<td> Farben:<\/td>\n<td> Silber Schwarz<\/td>\n<\/tr>\n<tr>\n<td> HS-Code:<\/td>\n<td> 76042990<\/td>\n<\/tr>\n<\/tbody>\n<\/table>\n<h2>Unsere Produktionsbasis<\/h2>\n<h3>Fabrik-Panorama<\/h3>\n<p><img decoding=\"async\" src=\"\/wp-content\/uploads\/factory-01.webp\"\/><\/p>\n<h3>Werkstatt zur Herstellung von Aluminiumstangen<\/h3>\n<p><img decoding=\"async\" src=\"\/wp-content\/uploads\/factory-02.webp\"\/><\/p>\n<p><img decoding=\"async\" src=\"\/wp-content\/uploads\/factory-03.webp\"\/><\/p>\n<h3>Lagerhaus f\u00fcr Formen<\/h3>\n<p><img decoding=\"async\" src=\"\/wp-content\/uploads\/factory-04.webp\"\/><\/p>\n<h3>43 Aluminium-Strangpressanlagen (500-5500 Tonnen)<\/h3>\n<p><img decoding=\"async\" src=\"\/wp-content\/uploads\/factory-05.webp\"\/><\/p>\n<p><img decoding=\"async\" src=\"\/wp-content\/uploads\/factory-06.webp\"\/><\/p>\n<p><img decoding=\"async\" src=\"\/wp-content\/uploads\/factory-07.webp\"\/><\/p>\n<h3>Werkstatt f\u00fcr Pulverbeschichtung<\/h3>\n<p><img decoding=\"async\" src=\"\/wp-content\/uploads\/factory-09.webp\"\/><\/p>\n<h3>Eloxal-Werkstatt<\/h3>\n<p><img decoding=\"async\" src=\"\/wp-content\/uploads\/factory-10.webp\"\/><\/p>\n<h3>Workshop zur Tiefenverarbeitung<\/h3>\n<p><img decoding=\"async\" src=\"\/wp-content\/uploads\/factory-11.webp\"\/><\/p>\n<h3>CNC-Pr\u00e4zisionsbearbeitungswerkstatt<\/h3>\n<p><img decoding=\"async\" src=\"\/wp-content\/uploads\/factory-11.5.webp\"\/><\/p>\n<h3>Lager f\u00fcr Fertigprodukte und Export<\/h3>\n<p><img decoding=\"async\" src=\"\/wp-content\/uploads\/factory-12.webp\"\/><\/p>\n<p><img decoding=\"async\" src=\"\/wp-content\/uploads\/factory-13.webp\"\/><\/p>\n<p><img decoding=\"async\" src=\"\/wp-content\/uploads\/factory-14.webp\"\/><\/p>\n<h2>FAQ<\/h2>\n<p><p><b>1. was ist gekr\u00fcmmt stranggepresstes Aluminium 6063 Legierung Eloxieren?<\/b><\/p>\n<p>Es handelt sich um ein individuell geformtes Aluminiumprofil aus einer 6063-Legierung mit gebogener Form und eloxierter Oberfl\u00e4che, das in der Architektur und im Design eingesetzt wird.<br \/>\n<\/p><br \/>\n<br \/>\n<p><b>2. warum 6063 Legierung f\u00fcr gebogene Aluminium-Extrusion w\u00e4hlen?<\/b><\/p>\n<p>Die Aluminiumlegierung 6063 bietet eine hervorragende Strangpressbarkeit, eine gute Festigkeit und eine glatte Oberfl\u00e4che, die sich perfekt zum Biegen und Eloxieren eignet.<br \/>\n<\/p><br \/>\n<br \/>\n<p><b>3. was sind die Vorteile von eloxierten gebogenen Aluminiumprofilen?<\/b><\/p>\n<p>Das Eloxieren verbessert die Korrosionsbest\u00e4ndigkeit, die Farbgleichm\u00e4\u00dfigkeit und die Oberfl\u00e4chenh\u00e4rte und verleiht ein dekoratives Metallfinish.<br \/>\n<\/p><br \/>\n<br \/>\n<p><b>4. welche Branchen verwenden gebogene Aluminium-Strangpressprofile?<\/b><\/p>\n<p>Aufgrund ihrer \u00e4sthetischen und funktionalen Vielseitigkeit werden sie h\u00e4ufig f\u00fcr Geb\u00e4udefassaden, M\u00f6bel, Beschilderungen, Fenstersysteme und Fahrzeugverkleidungen verwendet.<br \/>\n<\/p><br \/>\n<br \/>\n<p><b>5. k\u00f6nnen gebogene Extrusionen individuell angepasst werden?<\/b><\/p>\n<p>Ja, der Radius, die Profilform, die L\u00e4nge, die Legierungsart und die Eloxalfarbe k\u00f6nnen individuell angepasst werden, um OEM- oder projektspezifische Anforderungen zu erf\u00fcllen.<br \/>\n<\/p><br \/>\n<br \/>\n<p><b>6. ist gebogenes 6063 Aluminium f\u00fcr den Au\u00dfeneinsatz geeignet?<\/b><\/p>\n<p>Die eloxierte Oberfl\u00e4che in Kombination mit der Korrosionsbest\u00e4ndigkeit der 6063-Legierung macht sie ideal f\u00fcr den Au\u00dfenbereich.<br \/>\n<\/p><br \/>\n<br \/>\n<p><b>7. unterst\u00fctzen die Lieferanten Gro\u00df- oder OEM-Bestellungen?<\/b><\/p>\n<p>Ja, die meisten Hersteller bieten Gro\u00dflieferungen und OEM-Dienstleistungen an, einschlie\u00dflich Werkzeugbau, Biegen, Oberfl\u00e4chenbehandlung und Verpackung.<br \/>\n<\/p><br \/><\/p>","protected":false},"featured_media":7381,"template":"","categories":[67],"class_list":["post-7382","product","type-product","status-publish","has-post-thumbnail","hentry","category-architectural-aluminium-profile"],"meta_box":{"hilight_text_group":{"product_hilight_text":"<li>Custom curved extrusion ideal for architectural and decorative applications<\/li>\r\r\n<li>Made from 6063 aluminum alloy for excellent formability and surface finish<\/li>\r\r\n<li>Anodized coating provides corrosion resistance and aesthetic appeal<\/li>\r\r\n<li>Lightweight yet strong, suitable for both structural and design elements<\/li>\r\r\n<li>Precision extrusion ensures smooth curves and dimensional accuracy<\/li>\r\r\n<li>OEM customization available for length, radius, color, and finish<\/li>","product_chanpin_blog":"<ul>\r\r\n<li><a href=\"https:\/\/sinoextrud.com\/t-slot-v-slot-differences\/\" target=\"_blank\">t slot vs v slot<\/a><\/li>\r\r\n<li><a href=\"https:\/\/sinoextrud.com\/what-is-4040-aluminium-extrud\/\" target=\"_blank\">4040 aluminium extrusion<\/a><\/li>\r\r\n<li><a href=\"https:\/\/sinoextrud.com\/what-is-4040-aluminium-extrud\/\" target=\"_blank\">aluminum extrusions for industrial racks<\/a><\/li>\r\r\n<li><a href=\"https:\/\/sinoextrud.com\/powder-coating-aluminium-process\/\" target=\"_blank\">powder coating aluminium<\/a><\/li>\r\r\n<li><a href=\"https:\/\/sinoextrud.com\/what-is-an-aluminium-strip-ceiling\/\" target=\"_blank\">aluminium strip ceiling<\/a><\/li>\r\r\n<li><a href=\"https:\/\/sinoextrud.com\/what-is-a-heat-sink\/\" target=\"_blank\">what is a heat sink<\/a><\/li>\r\r\n<\/ul>","product_chanpin_chanpin":"<li><a href=\"https:\/\/sinoextrud.com\/product\/custom-aluminum-tongue-and-groove-extrusion\/\" target=\"_blank\">Custom Aluminum Tongue And Groove Extrusion<\/a><\/li>\r\n<li><a href=\"https:\/\/sinoextrud.com\/product\/aluminum-extrusion-connectors-for-window-door-aluminum\/\" target=\"_blank\">Aluminum Extrusion Connectors For Window Door Aluminum<\/a><\/li>\r\n<li><a href=\"https:\/\/sinoextrud.com\/product\/wooden-grain-40mm-aluminum-extrusion-profiles\/\" target=\"_blank\">Wooden Grain 40mm Aluminum Extrusion Profiles<\/a><\/li>\r\n<li><a href=\"https:\/\/sinoextrud.com\/product\/powder-coating-golden-10mm-aluminum-extrusion\/\" target=\"_blank\">Powder Coating Golden 10mm Aluminum Extrusion<\/a><\/li>\r\n<li><a href=\"https:\/\/sinoextrud.com\/product\/curved-extruded-aluminum-6063-alloy-anodizing\/\" target=\"_blank\">Curved Extruded Aluminum 6063 Alloy Anodizing<\/a><\/li>\r\n<li><a href=\"https:\/\/sinoextrud.com\/product\/oem-building-interlocking-aluminum-extrusions\/\" target=\"_blank\">OEM Building Interlocking Aluminum Extrusions<\/a><\/li>\r\n<li><a href=\"https:\/\/sinoextrud.com\/product\/extruded-aluminum-tubing-round-in-stock\/\" target=\"_blank\">Extruded Aluminum Tubing Round In Stock<\/a><\/li>\r\n<li><a href=\"https:\/\/sinoextrud.com\/product\/extruded-h-beam-aluminum-profile\/\" target=\"_blank\">Extruded H Beam Aluminum Profile<\/a><\/li>\r\n<li><a href=\"https:\/\/sinoextrud.com\/product\/anodized-extruded-aluminum-j-channel\/\" target=\"_blank\">Anodized Extruded Aluminum J Channel<\/a><\/li>\r\n<li><a href=\"https:\/\/sinoextrud.com\/product\/aluminum-extrusion-framing\/\" target=\"_blank\">Aluminum Extrusion Framing<\/a><\/li>\r\n<li><a href=\"https:\/\/sinoextrud.com\/product\/aluminium-screen-door-extrusions\/\" target=\"_blank\">Aluminium Screen Door Extrusions<\/a><\/li>"},"feature_list":[]},"_links":{"self":[{"href":"https:\/\/sinoextrud.com\/de\/wp-json\/wp\/v2\/product\/7382","targetHints":{"allow":["GET"]}}],"collection":[{"href":"https:\/\/sinoextrud.com\/de\/wp-json\/wp\/v2\/product"}],"about":[{"href":"https:\/\/sinoextrud.com\/de\/wp-json\/wp\/v2\/types\/product"}],"wp:featuredmedia":[{"embeddable":true,"href":"https:\/\/sinoextrud.com\/de\/wp-json\/wp\/v2\/media\/7381"}],"wp:attachment":[{"href":"https:\/\/sinoextrud.com\/de\/wp-json\/wp\/v2\/media?parent=7382"}],"wp:term":[{"taxonomy":"category","embeddable":true,"href":"https:\/\/sinoextrud.com\/de\/wp-json\/wp\/v2\/categories?post=7382"}],"curies":[{"name":"wp","href":"https:\/\/api.w.org\/{rel}","templated":true}]}}