{"id":7380,"date":"2025-06-07T06:25:28","date_gmt":"2025-06-07T06:25:28","guid":{"rendered":"https:\/\/sinoextrud.com\/product\/powder-coating-golden-10mm-aluminum-extrusion\/"},"modified":"2025-06-24T06:12:40","modified_gmt":"2025-06-24T06:12:40","slug":"pulverbeschichtung-goldenes-10mm-aluminium-strangpressprofil","status":"publish","type":"product","link":"https:\/\/sinoextrud.com\/de\/product\/powder-coating-golden-10mm-aluminum-extrusion\/","title":{"rendered":"Pulverbeschichtung Golden 10mm Aluminium Strangpressen"},"content":{"rendered":"<h2>Produkte Details<\/h2>\n<table class=\"custom-table\">\n<tbody>\n<tr>\n<td> Note:<\/td>\n<td> 6063 -t5<\/td>\n<\/tr>\n<tr>\n<td> Die Technik:<\/td>\n<td> Pulverbeschichtung Golden 10mm Aluminium Strangpressen<\/td>\n<\/tr>\n<tr>\n<td> Temperament:<\/td>\n<td> T3 - T8<\/td>\n<\/tr>\n<tr>\n<td> Bearbeitende Dienstleistungen:<\/td>\n<td> Bohren, Gewindeschneiden, Nieten, Montage, etc.<\/td>\n<\/tr>\n<tr>\n<td> Warenzeichen:<\/td>\n<td> Sinoextrud Sinoextrud <\/td>\n<\/tr>\n<tr>\n<td> Art:<\/td>\n<td> Pulverbeschichtung Golden 10mm Aluminium Strangpressen<\/td>\n<\/tr>\n<tr>\n<td> Die Form:<\/td>\n<td> Hergestellt nach Kundenwunsch<\/td>\n<\/tr>\n<tr>\n<td> Oberfl\u00e4chenbehandlung:<\/td>\n<td> Mill Finish Eloxiert Geb\u00fcrstet<\/td>\n<\/tr>\n<tr>\n<td> L\u00e4nge:<\/td>\n<td> 1m bis 9m pro L\u00e4nge<\/td>\n<\/tr>\n<tr>\n<td> Farben:<\/td>\n<td> Silber Schwarz<\/td>\n<\/tr>\n<tr>\n<td> HS-Code:<\/td>\n<td> 76042990<\/td>\n<\/tr>\n<\/tbody>\n<\/table>\n<h2>Unsere Produktionsbasis<\/h2>\n<h3>Fabrik-Panorama<\/h3>\n<p><img decoding=\"async\" src=\"\/wp-content\/uploads\/factory-01.webp\"\/><\/p>\n<h3>Werkstatt zur Herstellung von Aluminiumstangen<\/h3>\n<p><img decoding=\"async\" src=\"\/wp-content\/uploads\/factory-02.webp\"\/><\/p>\n<p><img decoding=\"async\" src=\"\/wp-content\/uploads\/factory-03.webp\"\/><\/p>\n<h3>Lagerhaus f\u00fcr Formen<\/h3>\n<p><img decoding=\"async\" src=\"\/wp-content\/uploads\/factory-04.webp\"\/><\/p>\n<h3>43 Aluminium-Strangpressanlagen (500\u00e2\u20ac\"5500 Tonnen)<\/h3>\n<p><img decoding=\"async\" src=\"\/wp-content\/uploads\/factory-05.webp\"\/><\/p>\n<p><img decoding=\"async\" src=\"\/wp-content\/uploads\/factory-06.webp\"\/><\/p>\n<p><img decoding=\"async\" src=\"\/wp-content\/uploads\/factory-07.webp\"\/><\/p>\n<h3>Werkstatt f\u00fcr Pulverbeschichtung<\/h3>\n<p><img decoding=\"async\" src=\"\/wp-content\/uploads\/factory-09.webp\"\/><\/p>\n<h3>Eloxal-Werkstatt<\/h3>\n<p><img decoding=\"async\" src=\"\/wp-content\/uploads\/factory-10.webp\"\/><\/p>\n<h3>Workshop zur Tiefenverarbeitung<\/h3>\n<p><img decoding=\"async\" src=\"\/wp-content\/uploads\/factory-11.webp\"\/><\/p>\n<h3>CNC-Pr\u00e4zisionsbearbeitungswerkstatt<\/h3>\n<p><img decoding=\"async\" src=\"\/wp-content\/uploads\/factory-11.5.webp\"\/><\/p>\n<h3>Lager f\u00fcr Fertigprodukte und Export<\/h3>\n<p><img decoding=\"async\" src=\"\/wp-content\/uploads\/factory-12.webp\"\/><\/p>\n<p><img decoding=\"async\" src=\"\/wp-content\/uploads\/factory-13.webp\"\/><\/p>\n<p><img decoding=\"async\" src=\"\/wp-content\/uploads\/factory-14.webp\"\/><\/p>\n<h2>FAQ<\/h2>\n<p><p><b>1. was ist eine Pulverbeschichtung Golden 10mm Aluminium Extrusion?<\/b><\/p>\n<p>Es handelt sich um ein 10 mm starkes Aluminiumprofil, das mit einer goldenen Pulverbeschichtung versehen ist, die sowohl \u00e4sthetische als auch sch\u00fctzende Oberfl\u00e4cheneigenschaften bietet.<br \/>\n<\/p><br \/>\n<br \/>\n<p><b>2. warum ein goldenes pulverbeschichtetes Aluminium-Strangpressprofil w\u00e4hlen?<\/b><\/p>\n<p>Die goldene Pulverbeschichtung sorgt f\u00fcr ein luxuri\u00f6ses Aussehen und verbessert gleichzeitig die Haltbarkeit, Korrosionsbest\u00e4ndigkeit und Farbbest\u00e4ndigkeit.<br \/>\n<\/p><br \/>\n<br \/>\n<p><b>3. was sind die Anwendungen f\u00fcr 10mm goldene Aluminiumprofile?<\/b><\/p>\n<p>Zu den \u00fcblichen Verwendungszwecken geh\u00f6ren Innenverkleidungen, Fenster- und T\u00fcrakzente, M\u00f6belumrahmungen, Dekorationsplatten und Displaysysteme.<br \/>\n<\/p><br \/>\n<br \/>\n<p><b>4. ist die Pulverbeschichtung witterungsbest\u00e4ndig?<\/b><\/p>\n<p>Ja, pulverbeschichtete Aluminiumprofile sind resistent gegen UV-Strahlen, Feuchtigkeit und Temperaturschwankungen und eignen sich daher f\u00fcr den Au\u00dfeneinsatz.<br \/>\n<\/p><br \/>\n<br \/>\n<p><b>5. k\u00f6nnen diese Profile in Farbe und Gr\u00f6\u00dfe angepasst werden?<\/b><\/p>\n<p>Die OEM-Anpassung umfasst Farbe, Profilabmessungen, Legierungsgrad und Oberfl\u00e4chenbeschaffenheit.<br \/>\n<\/p><br \/>\n<br \/>\n<p><b>6. ist das 10-mm-Aluminiumprofil stark genug f\u00fcr den strukturellen Einsatz?<\/b><\/p>\n<p>Obwohl 10-mm-Profile leicht sind, bieten sie gen\u00fcgend Festigkeit f\u00fcr leichte Konstruktions-, Rahmen- und Dekorationsanwendungen.<br \/>\n<\/p><br \/>\n<br \/>\n<p><b>7. sind pulverbeschichtete Aluminium-Strangpressprofile umweltfreundlich?<\/b><\/p>\n<p>Ja, bei der Pulverbeschichtung entsteht nur minimaler Abfall, und Aluminium ist vollst\u00e4ndig recycelbar, was es zu einer umweltfreundlichen Materialwahl macht.<br \/>\n<\/p><br \/><\/p>","protected":false},"featured_media":7379,"template":"","categories":[67],"class_list":["post-7380","product","type-product","status-publish","has-post-thumbnail","hentry","category-architectural-aluminium-profile"],"meta_box":{"hilight_text_group":{"product_hilight_text":"<li>Golden powder coating provides a premium, decorative finish<\/li>\r\r\n<li>10mm aluminum profile is lightweight yet structurally strong<\/li>\r\r\n<li>Excellent corrosion resistance for indoor and outdoor use<\/li>\r\r\n<li>Durable surface resists scratching, fading, and wear<\/li>\r\r\n<li>Customizable dimensions, shapes, and finishes for OEM production<\/li>\r\r\n<li>Ideal for trim, framing, decorative panels, and light-duty construction<\/li>","product_chanpin_blog":"<ul>\r\r\n<li><a href=\"https:\/\/sinoextrud.com\/t-slot-v-slot-differences\/\" target=\"_blank\">t slot vs v slot<\/a><\/li>\r\r\n<li><a href=\"https:\/\/sinoextrud.com\/what-is-4040-aluminium-extrud\/\" target=\"_blank\">4040 aluminium extrusion<\/a><\/li>\r\r\n<li><a href=\"https:\/\/sinoextrud.com\/what-is-4040-aluminium-extrud\/\" target=\"_blank\">aluminum extrusions for industrial racks<\/a><\/li>\r\r\n<li><a href=\"https:\/\/sinoextrud.com\/powder-coating-aluminium-process\/\" target=\"_blank\">powder coating aluminium<\/a><\/li>\r\r\n<li><a href=\"https:\/\/sinoextrud.com\/what-is-an-aluminium-strip-ceiling\/\" target=\"_blank\">aluminium strip ceiling<\/a><\/li>\r\r\n<li><a href=\"https:\/\/sinoextrud.com\/what-is-a-heat-sink\/\" target=\"_blank\">what is a heat sink<\/a><\/li>\r\r\n<\/ul>","product_chanpin_chanpin":"<li><a href=\"https:\/\/sinoextrud.com\/product\/aluminum-extrusion-brackets\/\" target=\"_blank\">Aluminum Extrusion Brackets<\/a><\/li>\r\n<li><a href=\"https:\/\/sinoextrud.com\/product\/custom-aluminum-tongue-and-groove-extrusion\/\" target=\"_blank\">Custom Aluminum Tongue And Groove Extrusion<\/a><\/li>\r\n<li><a href=\"https:\/\/sinoextrud.com\/product\/aluminum-extrusion-connectors-for-window-door-aluminum\/\" target=\"_blank\">Aluminum Extrusion Connectors For Window Door Aluminum<\/a><\/li>\r\n<li><a href=\"https:\/\/sinoextrud.com\/product\/wooden-grain-40mm-aluminum-extrusion-profiles\/\" target=\"_blank\">Wooden Grain 40mm Aluminum Extrusion Profiles<\/a><\/li>\r\n<li><a href=\"https:\/\/sinoextrud.com\/product\/powder-coating-golden-10mm-aluminum-extrusion\/\" target=\"_blank\">Powder Coating Golden 10mm Aluminum Extrusion<\/a><\/li>\r\n<li><a href=\"https:\/\/sinoextrud.com\/product\/curved-extruded-aluminum-6063-alloy-anodizing\/\" target=\"_blank\">Curved Extruded Aluminum 6063 Alloy Anodizing<\/a><\/li>\r\n<li><a href=\"https:\/\/sinoextrud.com\/product\/oem-building-interlocking-aluminum-extrusions\/\" target=\"_blank\">OEM Building Interlocking Aluminum Extrusions<\/a><\/li>\r\n<li><a href=\"https:\/\/sinoextrud.com\/product\/extruded-aluminum-tubing-round-in-stock\/\" target=\"_blank\">Extruded Aluminum Tubing Round In Stock<\/a><\/li>\r\n<li><a href=\"https:\/\/sinoextrud.com\/product\/extruded-h-beam-aluminum-profile\/\" target=\"_blank\">Extruded H Beam Aluminum Profile<\/a><\/li>\r\n<li><a href=\"https:\/\/sinoextrud.com\/product\/aluminium-frame\/\" target=\"_blank\">Aluminium Frame<\/a><\/li>\r\n<li><a href=\"https:\/\/sinoextrud.com\/product\/c-beam-v-slot-aluminium-profile\/\" target=\"_blank\">C Beam V Slot Aluminium Profile<\/a><\/li>"},"feature_list":[]},"_links":{"self":[{"href":"https:\/\/sinoextrud.com\/de\/wp-json\/wp\/v2\/product\/7380","targetHints":{"allow":["GET"]}}],"collection":[{"href":"https:\/\/sinoextrud.com\/de\/wp-json\/wp\/v2\/product"}],"about":[{"href":"https:\/\/sinoextrud.com\/de\/wp-json\/wp\/v2\/types\/product"}],"wp:featuredmedia":[{"embeddable":true,"href":"https:\/\/sinoextrud.com\/de\/wp-json\/wp\/v2\/media\/7379"}],"wp:attachment":[{"href":"https:\/\/sinoextrud.com\/de\/wp-json\/wp\/v2\/media?parent=7380"}],"wp:term":[{"taxonomy":"category","embeddable":true,"href":"https:\/\/sinoextrud.com\/de\/wp-json\/wp\/v2\/categories?post=7380"}],"curies":[{"name":"wp","href":"https:\/\/api.w.org\/{rel}","templated":true}]}}