{"id":7368,"date":"2025-06-07T06:10:55","date_gmt":"2025-06-07T06:10:55","guid":{"rendered":"https:\/\/sinoextrud.com\/product\/sliding-door-extrusions\/"},"modified":"2025-06-24T06:12:39","modified_gmt":"2025-06-24T06:12:39","slug":"schiebetur-strangpressprofile","status":"publish","type":"product","link":"https:\/\/sinoextrud.com\/de\/product\/sliding-door-extrusions\/","title":{"rendered":"Schiebet\u00fcr-Extrusionen"},"content":{"rendered":"<h2>Produkte Details<\/h2>\n<table class=\"custom-table\">\n<tbody>\n<tr>\n<td> Name<\/td>\n<td> Schiebet\u00fcrextrusionen<\/td>\n<\/tr>\n<tr>\n<td> Marke<\/td>\n<td> Sinoextrud\/Sinoextrud<\/td>\n<\/tr>\n<tr>\n<td> Kategorie<\/td>\n<td> Strangpressen von Aluminium<\/td>\n<\/tr>\n<tr>\n<td> Material<\/td>\n<td> Aluminiumlegierung (6063, 6061, 6464, 6082), Serien 1000 und 3000 sind verf\u00fcgbar<\/td>\n<\/tr>\n<tr>\n<td> Temperament<\/td>\n<td> T5-T8<\/td>\n<\/tr>\n<tr>\n<td> L\u00e4nge<\/td>\n<td> Gem\u00e4\u00df der Zeichnung<\/td>\n<\/tr>\n<tr>\n<td> Gr\u00f6\u00dfe (mm)<\/td>\n<td> Gleitender Typ<\/td>\n<\/tr>\n<tr>\n<td> Form<\/td>\n<td> Personalisierung<\/td>\n<\/tr>\n<tr>\n<td> Oberfl\u00e4chenbehandlung<\/td>\n<td> Pulverbeschichtung; Fr\u00e4sen, Eloxieren, Sandstrahlen, Elektrophorese ist ebenfalls m\u00f6glich<\/td>\n<\/tr>\n<tr>\n<td> Farbe<\/td>\n<td> Silber, Schwarz, Gold, Champange, Bronze, Rot, Blau und wir k\u00f6nnen die Farben nach Kundenwunsch anpassen.<\/td>\n<\/tr>\n<tr>\n<td> B\u00fcrgschaft<\/td>\n<td> BV, TUV, ISO<\/td>\n<\/tr>\n<tr>\n<td> Standard<\/td>\n<td> Mittlere und hohe Qualit\u00e4t<\/td>\n<\/tr>\n<tr>\n<td> MOQ<\/td>\n<td> 200KGS f\u00fcr jede Position<\/td>\n<\/tr>\n<tr>\n<td> Von<\/td>\n<td> Guangdong, China<\/td>\n<\/tr>\n<tr>\n<td> Anmeldung<\/td>\n<td> Fenster und T\u00fcren, Bau und Industrie.<\/td>\n<\/tr>\n<tr>\n<td> Tiefgehende Verarbeitung<\/td>\n<td> Schneiden, Bohren, Bearbeiten, Stanzen, Biegen, Gewindeschneiden usw.<\/td>\n<\/tr>\n<tr>\n<td> Paket<\/td>\n<td> Innen mit Schutzfolie, Schrumpfschlauch oder PE-Schaum. Au\u00dfen mit Kiste, Karton oder Holzrahmen oder kundenspezifisch.<\/td>\n<\/tr>\n<tr>\n<td> Lieferfrist<\/td>\n<td> Die Entwicklung der Form und die Herstellung des Musters dauern 12-18 Tage, die Produktion dauert dann 25-30 Tage nach Eingang der Anzahlung des K\u00e4ufers.<\/td>\n<\/tr>\n<tr>\n<td> Kapazit\u00e4t des Produkts<\/td>\n<td> 15.000 Tonnen \/ Monat<\/td>\n<\/tr>\n<\/tbody>\n<\/table>\n<h2>Unsere Produktionsbasis<\/h2>\n<h3>Fabrik-Panorama<\/h3>\n<p><img decoding=\"async\" src=\"\/wp-content\/uploads\/factory-01.webp\"\/><\/p>\n<h3>Werkstatt zur Herstellung von Aluminiumstangen<\/h3>\n<p><img decoding=\"async\" src=\"\/wp-content\/uploads\/factory-02.webp\"\/><\/p>\n<\/p>\n<p><img decoding=\"async\" src=\"\/wp-content\/uploads\/factory-03.webp\"\/><\/p>\n<h3>Lagerhaus f\u00fcr Formen<\/h3>\n<p><img decoding=\"async\" src=\"\/wp-content\/uploads\/factory-04.webp\"\/><\/p>\n<h3><a href=\"https:\/\/sinoextrud.com\/de\/\">43 Aluminium-Strangpressanlagen (500-5500 Tonnen)<\/a><\/h3>\n<p><img decoding=\"async\" src=\"\/wp-content\/uploads\/factory-05.webp\"\/><\/p>\n<p><img decoding=\"async\" src=\"\/wp-content\/uploads\/factory-06.webp\"\/><\/p>\n<p><img decoding=\"async\" src=\"\/wp-content\/uploads\/factory-07.webp\"\/><\/p>\n<h3>Werkstatt f\u00fcr Pulverbeschichtung<\/h3>\n<p><img decoding=\"async\" src=\"\/wp-content\/uploads\/factory-09.webp\"\/><\/p>\n<h3>Eloxal-Werkstatt<\/h3>\n<p><img decoding=\"async\" src=\"\/wp-content\/uploads\/factory-10.webp\"\/><\/p>\n<h3>Workshop zur Tiefenverarbeitung<\/h3>\n<p><img decoding=\"async\" src=\"\/wp-content\/uploads\/factory-11.webp\"\/><\/p>\n<h3>CNC-Pr\u00e4zisionsbearbeitungswerkstatt<\/h3>\n<p><img decoding=\"async\" src=\"\/wp-content\/uploads\/factory-11.5.webp\"\/><\/p>\n<h3>Lager f\u00fcr Fertigprodukte und Export<\/h3>\n<p><img decoding=\"async\" src=\"\/wp-content\/uploads\/factory-12.webp\"\/><\/p>\n<p><img decoding=\"async\" src=\"\/wp-content\/uploads\/factory-13.webp\"\/><\/p>\n<p><img decoding=\"async\" src=\"\/wp-content\/uploads\/factory-14.webp\"\/><\/p>\n<h2>FAQ<\/h2>\n<p><b>1. was sind Schiebet\u00fcrprofile?<\/b><\/p>\n<p>Schiebet\u00fcrprofile sind Aluminiumprofile, die speziell f\u00fcr den Rahmen und die Unterst\u00fctzung von Schiebet\u00fcrsystemen entwickelt wurden, um einen reibungslosen und stabilen Betrieb zu gew\u00e4hrleisten.\n<\/p>\n<p><\/p>\n<p><b>2. warum Aluminium-Strangpressprofile f\u00fcr Schiebet\u00fcren verwenden?<\/b><\/p>\n<p>Aluminium ist leicht, stabil und korrosionsbest\u00e4ndig und damit ideal f\u00fcr den langfristigen Einsatz in Schiebet\u00fcren.\n<\/p>\n<p><\/p>\n<p><b>3. sind Schiebet\u00fcrprofile anpassbar?<\/b><\/p>\n<p>Ja, sie k\u00f6nnen in Bezug auf L\u00e4nge, Profilform, Ausf\u00fchrung und Kompatibilit\u00e4t mit verschiedenen Schiebemechanismen angepasst werden.\n<\/p>\n<p><\/p>\n<p><b>4. welche Oberfl\u00e4chenausf\u00fchrungen gibt es f\u00fcr Schiebet\u00fcrprofile?<\/b><\/p>\n<p>G\u00e4ngige Oberfl\u00e4chenbehandlungen sind Eloxieren, Pulverbeschichten, B\u00fcrsten und Holzmaserung, die f\u00fcr Haltbarkeit und \u00c4sthetik sorgen.\n<\/p>\n<p><\/p>\n<p><b>5. k\u00f6nnen diese Profile f\u00fcr Au\u00dfent\u00fcren verwendet werden?<\/b><\/p>\n<p>Aufgrund ihrer korrosionsbest\u00e4ndigen Eigenschaften eignen sie sich sowohl f\u00fcr Schiebet\u00fcren im Innen- als auch im Au\u00dfenbereich.\n<\/p>\n<p><\/p>\n<p><b>Sind diese Profile leicht zu installieren?<\/b><\/p>\n<p>Ja, Schiebet\u00fcrprofile sind f\u00fcr eine einfache Montage konzipiert und oft mit Standardschienen und -beschl\u00e4gen kompatibel.\n<\/p>\n<p><\/p>\n<p><b>7. bieten die Lieferanten OEM-Dienstleistungen f\u00fcr Schiebet\u00fcrprofile an?<\/b><\/p>\n<p>Ja, die meisten Hersteller bieten OEM-Kundenanpassungen, Gro\u00dflieferungen und Private Labeling f\u00fcr T\u00fcr- und Fenstermarken an.\n<\/p>\n<p><\/p>","protected":false},"featured_media":7367,"template":"","categories":[67],"class_list":["post-7368","product","type-product","status-publish","has-post-thumbnail","hentry","category-architectural-aluminium-profile"],"meta_box":{"hilight_text_group":{"product_hilight_text":"<li>High-strength aluminum ensures long-lasting sliding door performance<\/li>\r\r\n<li>Lightweight design allows for smooth, easy operation<\/li>\r\r\n<li>Corrosion-resistant surface suitable for indoor and outdoor use<\/li>\r\r\n<li>Precision extrusions ensure accurate fit and seamless installation<\/li>\r\r\n<li>Available in various finishes and sizes for different door systems<\/li>\r\r\n<li>Custom OEM solutions available for residential and commercial applications<\/li>","product_chanpin_blog":"<ul>\r\r\n<li><a href=\"https:\/\/sinoextrud.com\/t-slot-v-slot-differences\/\" target=\"_blank\">t slot vs v slot<\/a><\/li>\r\r\n<li><a href=\"https:\/\/sinoextrud.com\/what-is-4040-aluminium-extrud\/\" target=\"_blank\">4040 aluminium extrusion<\/a><\/li>\r\r\n<li><a href=\"https:\/\/sinoextrud.com\/what-is-4040-aluminium-extrud\/\" target=\"_blank\">aluminum extrusions for industrial racks<\/a><\/li>\r\r\n<li><a href=\"https:\/\/sinoextrud.com\/powder-coating-aluminium-process\/\" target=\"_blank\">powder coating aluminium<\/a><\/li>\r\r\n<li><a href=\"https:\/\/sinoextrud.com\/what-is-an-aluminium-strip-ceiling\/\" target=\"_blank\">aluminium strip ceiling<\/a><\/li>\r\r\n<li><a href=\"https:\/\/sinoextrud.com\/what-is-a-heat-sink\/\" target=\"_blank\">what is a heat sink<\/a><\/li>\r\r\n<\/ul>","product_chanpin_chanpin":"<li><a href=\"https:\/\/sinoextrud.com\/product\/fabricated-aluminium-extrusions-electrophoresis-champagne\/\" target=\"_blank\">Fabricated Aluminium Extrusions Electrophoresis Champagne<\/a><\/li>\r\n<li><a href=\"https:\/\/sinoextrud.com\/product\/aluminum-extruded-profile-f-channel\/\" target=\"_blank\">Aluminum Extruded Profile F Channel<\/a><\/li>\r\n<li><a href=\"https:\/\/sinoextrud.com\/product\/cnc-machining-aluminum-hat-channel-extrusions\/\" target=\"_blank\">CNC Machining Aluminum Hat Channel Extrusions<\/a><\/li>\r\n<li><a href=\"https:\/\/sinoextrud.com\/product\/bulk-extruded-aluminum\/\" target=\"_blank\">Bulk Extruded Aluminum<\/a><\/li>\r\n<li><a href=\"https:\/\/sinoextrud.com\/product\/sliding-door-extrusions\/\" target=\"_blank\">Sliding Door Extrusions<\/a><\/li>\r\n<li><a href=\"https:\/\/sinoextrud.com\/product\/extruded-aluminum-hex-tube\/\" target=\"_blank\">Extruded Aluminum Hex Tube<\/a><\/li>\r\n<li><a href=\"https:\/\/sinoextrud.com\/product\/aluminum-extrusion-brackets\/\" target=\"_blank\">Aluminum Extrusion Brackets<\/a><\/li>\r\n<li><a href=\"https:\/\/sinoextrud.com\/product\/custom-aluminum-tongue-and-groove-extrusion\/\" target=\"_blank\">Custom Aluminum Tongue And Groove Extrusion<\/a><\/li>\r\n<li><a href=\"https:\/\/sinoextrud.com\/product\/aluminum-extrusion-connectors-for-window-door-aluminum\/\" target=\"_blank\">Aluminum Extrusion Connectors For Window Door Aluminum<\/a><\/li>\r\n<li><a href=\"https:\/\/sinoextrud.com\/product\/aluminum-profile-connector\/\" target=\"_blank\">Aluminum Profile Connector<\/a><\/li>\r\n<li><a href=\"https:\/\/sinoextrud.com\/product\/aluminum-alloy-cnc-aluminum-controller-shell\/\" target=\"_blank\">Aluminum Alloy CNC Aluminum Controller Shell<\/a><\/li>"},"feature_list":[]},"_links":{"self":[{"href":"https:\/\/sinoextrud.com\/de\/wp-json\/wp\/v2\/product\/7368","targetHints":{"allow":["GET"]}}],"collection":[{"href":"https:\/\/sinoextrud.com\/de\/wp-json\/wp\/v2\/product"}],"about":[{"href":"https:\/\/sinoextrud.com\/de\/wp-json\/wp\/v2\/types\/product"}],"wp:featuredmedia":[{"embeddable":true,"href":"https:\/\/sinoextrud.com\/de\/wp-json\/wp\/v2\/media\/7367"}],"wp:attachment":[{"href":"https:\/\/sinoextrud.com\/de\/wp-json\/wp\/v2\/media?parent=7368"}],"wp:term":[{"taxonomy":"category","embeddable":true,"href":"https:\/\/sinoextrud.com\/de\/wp-json\/wp\/v2\/categories?post=7368"}],"curies":[{"name":"wp","href":"https:\/\/api.w.org\/{rel}","templated":true}]}}