{"id":7364,"date":"2025-06-07T06:07:47","date_gmt":"2025-06-07T06:07:47","guid":{"rendered":"https:\/\/sinoextrud.com\/product\/cnc-machining-aluminum-hat-channel-extrusions\/"},"modified":"2025-06-24T06:12:38","modified_gmt":"2025-06-24T06:12:38","slug":"cnc-bearbeitung-von-aluminium-hutprofilen","status":"publish","type":"product","link":"https:\/\/sinoextrud.com\/de\/product\/cnc-machining-aluminum-hat-channel-extrusions\/","title":{"rendered":"CNC-Bearbeitung von Aluminium-Hutkanalprofilen"},"content":{"rendered":"<h2>Produkte Details<\/h2>\n<table class=\"custom-table\">\n<tbody>\n<tr>\n<td> Note:<\/td>\n<td> 6063 -t5<\/td>\n<\/tr>\n<tr>\n<td> Die Technik:<\/td>\n<td> CNC-Bearbeitung<\/td>\n<\/tr>\n<tr>\n<td> Temperament:<\/td>\n<td> T3 - T8<\/td>\n<\/tr>\n<tr>\n<td> Bearbeitende Dienstleistungen:<\/td>\n<td> Bohren, Gewindeschneiden, Nieten, Montage, etc.<\/td>\n<\/tr>\n<tr>\n<td> Warenzeichen:<\/td>\n<td> Sinoextrud Sinoextrud <\/td>\n<\/tr>\n<tr>\n<td> Art:<\/td>\n<td> CNC-Bearbeitung von Aluminium-Hutkanalprofilen<\/td>\n<\/tr>\n<tr>\n<td> Die Form:<\/td>\n<td> Hergestellt nach Kundenwunsch<\/td>\n<\/tr>\n<tr>\n<td> Oberfl\u00e4chenbehandlung:<\/td>\n<td> Mill Finish Eloxiert Geb\u00fcrstet<\/td>\n<\/tr>\n<tr>\n<td> L\u00e4nge:<\/td>\n<td> 1m bis 9m pro L\u00e4nge<\/td>\n<\/tr>\n<tr>\n<td> Farben:<\/td>\n<td> Silber Schwarz<\/td>\n<\/tr>\n<tr>\n<td> HS-Code:<\/td>\n<td> 76042990<\/td>\n<\/tr>\n<\/tbody>\n<\/table>\n<h2>Unsere Produktionsbasis<\/h2>\n<h3>Fabrik-Panorama<\/h3>\n<p><img decoding=\"async\" src=\"\/wp-content\/uploads\/factory-01.webp\"\/><\/p>\n<h3>Werkstatt zur Herstellung von Aluminiumstangen<\/h3>\n<p><img decoding=\"async\" src=\"\/wp-content\/uploads\/factory-02.webp\"\/><\/p>\n<p><img decoding=\"async\" src=\"\/wp-content\/uploads\/factory-03.webp\"\/><\/p>\n<h3>Lagerhaus f\u00fcr Formen<\/h3>\n<p><img decoding=\"async\" src=\"\/wp-content\/uploads\/factory-04.webp\"\/><\/p>\n<h3>43 Aluminium-Strangpressanlagen (500\u00e2\u20ac\"5500 Tonnen)<\/h3>\n<p><img decoding=\"async\" src=\"\/wp-content\/uploads\/factory-05.webp\"\/><\/p>\n<p><img decoding=\"async\" src=\"\/wp-content\/uploads\/factory-06.webp\"\/><\/p>\n<p><img decoding=\"async\" src=\"\/wp-content\/uploads\/factory-07.webp\"\/><\/p>\n<h3>Werkstatt f\u00fcr Pulverbeschichtung<\/h3>\n<p><img decoding=\"async\" src=\"\/wp-content\/uploads\/factory-09.webp\"\/><\/p>\n<h3>Eloxal-Werkstatt<\/h3>\n<p><img decoding=\"async\" src=\"\/wp-content\/uploads\/factory-10.webp\"\/><\/p>\n<h3>Workshop zur Tiefenverarbeitung<\/h3>\n<p><img decoding=\"async\" src=\"\/wp-content\/uploads\/factory-11.webp\"\/><\/p>\n<h3>CNC-Pr\u00e4zisionsbearbeitungswerkstatt<\/h3>\n<p><img decoding=\"async\" src=\"\/wp-content\/uploads\/factory-11.5.webp\"\/><\/p>\n<h3>Lager f\u00fcr Fertigprodukte und Export<\/h3>\n<p><img decoding=\"async\" src=\"\/wp-content\/uploads\/factory-12.webp\"\/><\/p>\n<p><img decoding=\"async\" src=\"\/wp-content\/uploads\/factory-13.webp\"\/><\/p>\n<p><img decoding=\"async\" src=\"\/wp-content\/uploads\/factory-14.webp\"\/><\/p>\n<h2>FAQ<\/h2>\n<p><p><b>1. was sind CNC-Bearbeitung Aluminium Hut Kanal Extrusionen?<\/b><\/p>\n<p>Es handelt sich um Aluminiumprofile mit hutf\u00f6rmigem Querschnitt, die f\u00fcr pr\u00e4zise Schnitte, L\u00f6cher und Designmerkmale CNC-gefr\u00e4st werden.<br \/>\n<\/p><br \/>\n<br \/>\n<p><b>2. warum sollten Sie sich f\u00fcr CNC-gefr\u00e4ste Aluminium-Hutprofile entscheiden?<\/b><\/p>\n<p>Die CNC-Bearbeitung sorgt f\u00fcr eine hohe Pr\u00e4zision und macht diese Rinnen ideal f\u00fcr strukturelle, mechanische oder dekorative Anwendungen, die Genauigkeit erfordern.<br \/>\n<\/p><br \/>\n<br \/>\n<p><b>3. was sind h\u00e4ufige Verwendungszwecke von Aluminium-Hutprofilen?<\/b><\/p>\n<p>Sie werden in Rahmensystemen, Befestigungsklammern, Geh\u00e4useverst\u00e4rkungen, HVAC-Systemen und architektonischen Verkleidungen verwendet.<br \/>\n<\/p><br \/>\n<br \/>\n<p><b>4. sind diese Hutschienenprofile anpassbar?<\/b><\/p>\n<p>Ja, sie k\u00f6nnen in Bezug auf Gr\u00f6\u00dfe, Wandst\u00e4rke, Lochanordnung, Oberfl\u00e4chenbeschaffenheit und Legierungsauswahl an die jeweiligen Projektanforderungen angepasst werden.<br \/>\n<\/p><br \/>\n<br \/>\n<p><b>5. welche Aluminiumlegierungen werden typischerweise f\u00fcr Hutprofil-Strangpressprofile verwendet?<\/b><\/p>\n<p>Zu den g\u00e4ngigen Legierungen geh\u00f6ren 6061 und 6063, die ein ausgewogenes Verh\u00e4ltnis von Festigkeit, Bearbeitbarkeit und Korrosionsbest\u00e4ndigkeit bieten.<br \/>\n<\/p><br \/>\n<br \/>\n<p><b>6. k\u00f6nnen diese Profile im Au\u00dfenbereich eingesetzt werden?<\/b><\/p>\n<p>In jedem Fall bieten sie, wenn sie eloxiert oder pulverbeschichtet sind, eine hervorragende Best\u00e4ndigkeit gegen Witterung, Feuchtigkeit und UV-Strahlung.<br \/>\n<\/p><br \/>\n<br \/>\n<p><b>7. unterst\u00fctzen CNC-gefr\u00e4ste Aluminium-Hutkan\u00e4le die OEM-Produktion?<\/b><\/p>\n<p>Ja, wir bieten umfassende OEM-Dienstleistungen an, einschlie\u00dflich Prototyping, Massenproduktion und Private Labeling f\u00fcr kundenspezifische industrielle oder kommerzielle Projekte.<br \/>\n<\/p><br \/><\/p>","protected":false},"featured_media":7363,"template":"","categories":[67],"class_list":["post-7364","product","type-product","status-publish","has-post-thumbnail","hentry","category-architectural-aluminium-profile"],"meta_box":{"hilight_text_group":{"product_hilight_text":"<li>Precision CNC machining ensures tight tolerances and accurate dimensions<\/li>\r\r\n<li>High-strength aluminum hat channel provides excellent structural support<\/li>\r\r\n<li>Corrosion-resistant surface suitable for indoor and outdoor environments<\/li>\r\r\n<li>Lightweight yet durable for efficient transportation and installation<\/li>\r\r\n<li>Customizable lengths, hole patterns, and finishes for OEM applications<\/li>\r\r\n<li>Ideal for framing, mounting, enclosure systems, and architectural use<\/li>","product_chanpin_blog":"<ul>\r\r\n<li><a href=\"https:\/\/sinoextrud.com\/t-slot-v-slot-differences\/\" target=\"_blank\">t slot vs v slot<\/a><\/li>\r\r\n<li><a href=\"https:\/\/sinoextrud.com\/what-is-4040-aluminium-extrud\/\" target=\"_blank\">4040 aluminium extrusion<\/a><\/li>\r\r\n<li><a href=\"https:\/\/sinoextrud.com\/what-is-4040-aluminium-extrud\/\" target=\"_blank\">aluminum extrusions for industrial racks<\/a><\/li>\r\r\n<li><a href=\"https:\/\/sinoextrud.com\/powder-coating-aluminium-process\/\" target=\"_blank\">powder coating aluminium<\/a><\/li>\r\r\n<li><a href=\"https:\/\/sinoextrud.com\/what-is-an-aluminium-strip-ceiling\/\" target=\"_blank\">aluminium strip ceiling<\/a><\/li>\r\r\n<li><a href=\"https:\/\/sinoextrud.com\/what-is-a-heat-sink\/\" target=\"_blank\">what is a heat sink<\/a><\/li>\r\r\n<\/ul>","product_chanpin_chanpin":"<li><a href=\"https:\/\/sinoextrud.com\/product\/aluminum-alloy-profile\/\" target=\"_blank\">Aluminum Alloy Profile<\/a><\/li>\r\n<li><a href=\"https:\/\/sinoextrud.com\/product\/aluminum-louver-blades\/\" target=\"_blank\">Aluminum Louver Blades<\/a><\/li>\r\n<li><a href=\"https:\/\/sinoextrud.com\/product\/fabricated-aluminium-extrusions-electrophoresis-champagne\/\" target=\"_blank\">Fabricated Aluminium Extrusions Electrophoresis Champagne<\/a><\/li>\r\n<li><a href=\"https:\/\/sinoextrud.com\/product\/aluminum-extruded-profile-f-channel\/\" target=\"_blank\">Aluminum Extruded Profile F Channel<\/a><\/li>\r\n<li><a href=\"https:\/\/sinoextrud.com\/product\/cnc-machining-aluminum-hat-channel-extrusions\/\" target=\"_blank\">CNC Machining Aluminum Hat Channel Extrusions<\/a><\/li>\r\n<li><a href=\"https:\/\/sinoextrud.com\/product\/bulk-extruded-aluminum\/\" target=\"_blank\">Bulk Extruded Aluminum<\/a><\/li>\r\n<li><a href=\"https:\/\/sinoextrud.com\/product\/sliding-door-extrusions\/\" target=\"_blank\">Sliding Door Extrusions<\/a><\/li>\r\n<li><a href=\"https:\/\/sinoextrud.com\/product\/extruded-aluminum-hex-tube\/\" target=\"_blank\">Extruded Aluminum Hex Tube<\/a><\/li>\r\n<li><a href=\"https:\/\/sinoextrud.com\/product\/aluminum-extrusion-brackets\/\" target=\"_blank\">Aluminum Extrusion Brackets<\/a><\/li>\r\n<li><a href=\"https:\/\/sinoextrud.com\/product\/shutter-aluminum-profile-for-window-louver-frame\/\" target=\"_blank\">Shutter Aluminum Profile For Window Louver Frame<\/a><\/li>\r\n<li><a href=\"https:\/\/sinoextrud.com\/product\/wood-grain-finish-extruded-architectural-use-aluminium-profile\/\" target=\"_blank\">Wood grain finish extruded architectural use aluminium profile<\/a><\/li>"},"feature_list":[]},"_links":{"self":[{"href":"https:\/\/sinoextrud.com\/de\/wp-json\/wp\/v2\/product\/7364","targetHints":{"allow":["GET"]}}],"collection":[{"href":"https:\/\/sinoextrud.com\/de\/wp-json\/wp\/v2\/product"}],"about":[{"href":"https:\/\/sinoextrud.com\/de\/wp-json\/wp\/v2\/types\/product"}],"wp:featuredmedia":[{"embeddable":true,"href":"https:\/\/sinoextrud.com\/de\/wp-json\/wp\/v2\/media\/7363"}],"wp:attachment":[{"href":"https:\/\/sinoextrud.com\/de\/wp-json\/wp\/v2\/media?parent=7364"}],"wp:term":[{"taxonomy":"category","embeddable":true,"href":"https:\/\/sinoextrud.com\/de\/wp-json\/wp\/v2\/categories?post=7364"}],"curies":[{"name":"wp","href":"https:\/\/api.w.org\/{rel}","templated":true}]}}