{"id":7360,"date":"2025-06-07T06:04:17","date_gmt":"2025-06-07T06:04:17","guid":{"rendered":"https:\/\/sinoextrud.com\/product\/fabricated-aluminium-extrusions-electrophoresis-champagne\/"},"modified":"2025-06-24T06:12:37","modified_gmt":"2025-06-24T06:12:37","slug":"aluminium-strangpressprofile-elektrophorese-champagner","status":"publish","type":"product","link":"https:\/\/sinoextrud.com\/de\/product\/fabricated-aluminium-extrusions-electrophoresis-champagne\/","title":{"rendered":"Aluminium-Strangpressprofile Elektrophorese Champagner"},"content":{"rendered":"<h2>Produkte Details<\/h2>\n<table class=\"custom-table\">\n<tbody>\n<tr>\n<td> Artikel:<\/td>\n<td> Aluminium-Strangpressprofile Elektrophorese Champagner<\/td>\n<td> Note:<\/td>\n<td> Serie 6000 6063<\/td>\n<\/tr>\n<tr>\n<td> Temperament:<\/td>\n<td> 6063-T5<\/td>\n<td> Ort der Herkunft:<\/td>\n<td> Foshan, Guangdong<\/td>\n<\/tr>\n<tr>\n<td> Die Form:<\/td>\n<td> Personalisierung<\/td>\n<td> Legierung oder nicht:<\/td>\n<td> Alunimun-Legierung<\/td>\n<\/tr>\n<tr>\n<td> Vertr\u00e4glichkeit:<\/td>\n<td> \u00b10,5%<\/td>\n<td> Marke:<\/td>\n<td> Sinoextrud, Sinoextrud<\/td>\n<\/tr>\n<tr>\n<td> Standard:<\/td>\n<td> mittlere und hohe Qualit\u00e4t<\/td>\n<td> Oberfl\u00e4chenbehandlung:<\/td>\n<td> Pulverbeschichtung, Elektrophorese, Holzmaserung, Eloxieren, B\u00fcrsten, Polieren<\/td>\n<\/tr>\n<tr>\n<td> Lieferzeiten:<\/td>\n<td> 25-30 Tage<\/td>\n<td> MOQ:<\/td>\n<td> 200KGs<\/td>\n<\/tr>\n<tr>\n<td> Zahlungsfrist:<\/td>\n<td> T\/T(30% Anzahlung), L\/C<\/td>\n<td> Bearbeitungsservice:<\/td>\n<td> Biegen, Abwickeln, Schwei\u00dfen, Stanzen, Schneiden<\/td>\n<\/tr>\n<tr>\n<td> Hafen:<\/td>\n<td> Guangzhou, Shenzhen<\/td>\n<td> L\u00e4nge::<\/td>\n<td> 1-9m oder kundenspezifisch<\/td>\n<\/tr>\n<\/tbody>\n<\/table>\n<h2>Unsere Produktionsbasis<\/h2>\n<h3>Fabrik-Panorama<\/h3>\n<p><img decoding=\"async\" src=\"\/wp-content\/uploads\/factory-01.webp\"\/><\/p>\n<h3>Werkstatt zur Herstellung von Aluminiumstangen<\/h3>\n<p><img decoding=\"async\" src=\"\/wp-content\/uploads\/factory-02.webp\"\/><\/p>\n<p><img decoding=\"async\" src=\"\/wp-content\/uploads\/factory-03.webp\"\/><\/p>\n<h3>Lagerhaus f\u00fcr Formen<\/h3>\n<p><img decoding=\"async\" src=\"\/wp-content\/uploads\/factory-04.webp\"\/><\/p>\n<h3>43 Aluminium-Strangpressanlagen (500-5500 Tonnen)<\/h3>\n<p><img decoding=\"async\" src=\"\/wp-content\/uploads\/factory-05.webp\"\/><\/p>\n<p><img decoding=\"async\" src=\"\/wp-content\/uploads\/factory-06.webp\"\/><\/p>\n<p><img decoding=\"async\" src=\"\/wp-content\/uploads\/factory-07.webp\"\/><\/p>\n<h3>Werkstatt f\u00fcr Pulverbeschichtung<\/h3>\n<p><img decoding=\"async\" src=\"\/wp-content\/uploads\/factory-09.webp\"\/><\/p>\n<h3>Eloxal-Werkstatt<\/h3>\n<p><img decoding=\"async\" src=\"\/wp-content\/uploads\/factory-10.webp\"\/><\/p>\n<h3>Workshop zur Tiefenverarbeitung<\/h3>\n<p><img decoding=\"async\" src=\"\/wp-content\/uploads\/factory-11.webp\"\/><\/p>\n<h3>CNC-Pr\u00e4zisionsbearbeitungswerkstatt<\/h3>\n<p><img decoding=\"async\" src=\"\/wp-content\/uploads\/factory-11.5.webp\"\/><\/p>\n<h3>Lager f\u00fcr Fertigprodukte und Export<\/h3>\n<p><img decoding=\"async\" src=\"\/wp-content\/uploads\/factory-12.webp\"\/><\/p>\n<p><img decoding=\"async\" src=\"\/wp-content\/uploads\/factory-13.webp\"\/><\/p>\n<p><img decoding=\"async\" src=\"\/wp-content\/uploads\/factory-14.webp\"\/><\/p>\n<h2>FAQ<\/h2>\n<p><p><b>1.was sind Aluminium-Strangpressprofile mit Elektrophorese-Champagner-Finish?<\/b><\/p>\n<p>Dabei handelt es sich um Aluminiumprofile, die durch Elektrophorese bearbeitet und oberfl\u00e4chenbehandelt wurden, was zu einer champagnerfarbenen, korrosionsbest\u00e4ndigen Oberfl\u00e4che f\u00fchrt.<br \/>\n<\/p><br \/>\n<br \/>\n<p><b>2. warum Elektrophorese Champagner-Finish f\u00fcr Aluminium-Strangpressprofile w\u00e4hlen?<\/b><\/p>\n<p>Diese Oberfl\u00e4che sorgt f\u00fcr ein glattes, metallisches Aussehen und bietet eine hervorragende Best\u00e4ndigkeit gegen Verschlei\u00df, Korrosion und Verblassen.<br \/>\n<\/p><br \/>\n<br \/>\n<p><b>3. was sind die Vorteile von Aluminium-Strangpressprofilen?<\/b><\/p>\n<p>Die Fertigung erm\u00f6glicht pr\u00e4zise Anpassungen wie Bohren, Schneiden oder maschinelle Bearbeitung, um sicherzustellen, dass die Profile genau den Projektanforderungen entsprechen.<br \/>\n<\/p><br \/>\n<br \/>\n<p><b>4. k\u00f6nnen diese Profile sowohl f\u00fcr Innen- als auch f\u00fcr Au\u00dfenanwendungen verwendet werden?<\/b><\/p>\n<p>Ja, die Elektrophorese-Beschichtung erh\u00f6ht die Witterungsbest\u00e4ndigkeit und macht sie f\u00fcr den Innen- und Au\u00dfenbereich geeignet.<br \/>\n<\/p><br \/>\n<br \/>\n<p><b>5. ist OEM-Service f\u00fcr Elektrophorese-Aluminium-Strangpressprofile verf\u00fcgbar?<\/b><\/p>\n<p>Nat\u00fcrlich bieten die Hersteller OEM-Anpassungen in Bezug auf Gr\u00f6\u00dfe, Form und Oberfl\u00e4che an, um spezifische Design- und Funktionsanforderungen zu erf\u00fcllen.<br \/>\n<\/p><br \/>\n<br \/>\n<p><b>6. f\u00fcr welche Anwendungen werden champagnerfarbene Aluminiumprofile \u00fcblicherweise verwendet?<\/b><\/p>\n<p>Sie werden gerne f\u00fcr M\u00f6bel, Vorhangfassaden, Fensterrahmen, Innenverkleidungen und gehobene Architekturprojekte verwendet.<br \/>\n<\/p><br \/>\n<br \/>\n<p><b>7. wie haltbar ist die Elektrophorese-Beschichtung im Vergleich zu anderen Beschichtungen?<\/b><\/p>\n<p>Die Elektrophorese-Beschichtung ist gleichm\u00e4\u00dfiger und haftet besser als herk\u00f6mmliche Anstriche und bietet eine bessere Haltbarkeit und Farbstabilit\u00e4t im Laufe der Zeit.<br \/>\n<\/p><br \/><\/p>","protected":false},"featured_media":7359,"template":"","categories":[67],"class_list":["post-7360","product","type-product","status-publish","has-post-thumbnail","hentry","category-architectural-aluminium-profile"],"meta_box":{"hilight_text_group":{"product_hilight_text":"<li>High-quality fabricated aluminum extrusions with precise dimensions<\/li>\r\r\n<li>Electrophoresis champagne finish offers elegant, durable surface treatment<\/li>\r\r\n<li>Excellent corrosion resistance for long-term indoor and outdoor use<\/li>\r\r\n<li>Ideal for decorative, architectural, and structural applications<\/li>\r\r\n<li>Customizable profiles to meet OEM and project-specific requirements<\/li>\r\r\n<li>Produced by experienced manufacturers with strict quality control<\/li>","product_chanpin_blog":"<ul>\r\r\n<li><a href=\"https:\/\/sinoextrud.com\/t-slot-v-slot-differences\/\" target=\"_blank\">t slot vs v slot<\/a><\/li>\r\r\n<li><a href=\"https:\/\/sinoextrud.com\/what-is-4040-aluminium-extrud\/\" target=\"_blank\">4040 aluminium extrusion<\/a><\/li>\r\r\n<li><a href=\"https:\/\/sinoextrud.com\/what-is-4040-aluminium-extrud\/\" target=\"_blank\">aluminum extrusions for industrial racks<\/a><\/li>\r\r\n<li><a href=\"https:\/\/sinoextrud.com\/powder-coating-aluminium-process\/\" target=\"_blank\">powder coating aluminium<\/a><\/li>\r\r\n<li><a href=\"https:\/\/sinoextrud.com\/what-is-an-aluminium-strip-ceiling\/\" target=\"_blank\">aluminium strip ceiling<\/a><\/li>\r\r\n<li><a href=\"https:\/\/sinoextrud.com\/what-is-a-heat-sink\/\" target=\"_blank\">what is a heat sink<\/a><\/li>\r\r\n<\/ul>","product_chanpin_chanpin":"<li><a href=\"https:\/\/sinoextrud.com\/product\/aluminum-handle-profile\/\" target=\"_blank\">Aluminum Handle Profile<\/a><\/li>\r\n<li><a href=\"https:\/\/sinoextrud.com\/product\/aluminum-decorative-timber-batten-3d-aluminum-profiles-timber-ceilings-u-shaped-baffle-ceiling\/\" target=\"_blank\">Aluminum Decorative Timber Batten 3D Aluminum Profiles Timber Ceilings U-shaped Baffle Ceiling<\/a><\/li>\r\n<li><a href=\"https:\/\/sinoextrud.com\/product\/aluminum-alloy-profile\/\" target=\"_blank\">Aluminum Alloy Profile<\/a><\/li>\r\n<li><a href=\"https:\/\/sinoextrud.com\/product\/aluminum-louver-blades\/\" target=\"_blank\">Aluminum Louver Blades<\/a><\/li>\r\n<li><a href=\"https:\/\/sinoextrud.com\/product\/fabricated-aluminium-extrusions-electrophoresis-champagne\/\" target=\"_blank\">Fabricated Aluminium Extrusions Electrophoresis Champagne<\/a><\/li>\r\n<li><a href=\"https:\/\/sinoextrud.com\/product\/aluminum-extruded-profile-f-channel\/\" target=\"_blank\">Aluminum Extruded Profile F Channel<\/a><\/li>\r\n<li><a href=\"https:\/\/sinoextrud.com\/product\/cnc-machining-aluminum-hat-channel-extrusions\/\" target=\"_blank\">CNC Machining Aluminum Hat Channel Extrusions<\/a><\/li>\r\n<li><a href=\"https:\/\/sinoextrud.com\/product\/bulk-extruded-aluminum\/\" target=\"_blank\">Bulk Extruded Aluminum<\/a><\/li>\r\n<li><a href=\"https:\/\/sinoextrud.com\/product\/sliding-door-extrusions\/\" target=\"_blank\">Sliding Door Extrusions<\/a><\/li>\r\n<li><a href=\"https:\/\/sinoextrud.com\/product\/dripping-screen-ceiling-system\/\" target=\"_blank\">Dripping Screen Ceiling System<\/a><\/li>\r\n<li><a href=\"https:\/\/sinoextrud.com\/product\/lay-in-tile-ceiling-system\/\" target=\"_blank\">Lay-in Tile Ceiling System<\/a><\/li>"},"feature_list":[]},"_links":{"self":[{"href":"https:\/\/sinoextrud.com\/de\/wp-json\/wp\/v2\/product\/7360","targetHints":{"allow":["GET"]}}],"collection":[{"href":"https:\/\/sinoextrud.com\/de\/wp-json\/wp\/v2\/product"}],"about":[{"href":"https:\/\/sinoextrud.com\/de\/wp-json\/wp\/v2\/types\/product"}],"wp:featuredmedia":[{"embeddable":true,"href":"https:\/\/sinoextrud.com\/de\/wp-json\/wp\/v2\/media\/7359"}],"wp:attachment":[{"href":"https:\/\/sinoextrud.com\/de\/wp-json\/wp\/v2\/media?parent=7360"}],"wp:term":[{"taxonomy":"category","embeddable":true,"href":"https:\/\/sinoextrud.com\/de\/wp-json\/wp\/v2\/categories?post=7360"}],"curies":[{"name":"wp","href":"https:\/\/api.w.org\/{rel}","templated":true}]}}