{"id":7354,"date":"2025-06-07T03:56:09","date_gmt":"2025-06-07T03:56:09","guid":{"rendered":"https:\/\/sinoextrud.com\/product\/aluminum-decorative-timber-batten-3d-aluminum-profiles-timber-ceilings-u-shaped-baffle-ceiling\/"},"modified":"2025-06-24T06:12:37","modified_gmt":"2025-06-24T06:12:37","slug":"aluminium-dekorative-holzlatten-3d-aluminiumprofile-holzdecken-u-formige-schallschutzdecke","status":"publish","type":"product","link":"https:\/\/sinoextrud.com\/de\/product\/aluminum-decorative-timber-batten-3d-aluminum-profiles-timber-ceilings-u-shaped-baffle-ceiling\/","title":{"rendered":"Aluminium Dekorative Holzlatten 3D Aluminiumprofile Holzdecken U-f\u00f6rmige Baffeldecke"},"content":{"rendered":"<h2>Produkte Details<\/h2>\n<table class=\"custom-table\">\n<tr>\n<td class=\"label\">Produkt Artikel<\/td>\n<td>Aluminium Dekorative Holzlatten 3D Aluminiumprofile Holzdecken U-f\u00f6rmige Baffeldecke<\/td>\n<\/tr>\n<tr>\n<td class=\"label\">Material<\/td>\n<td>Serie 3000, Serie 5000, Serie 6000<\/td>\n<\/tr>\n<tr>\n<td class=\"label\">Normale Dicke<\/td>\n<td>angepasst<\/td>\n<\/tr>\n<tr>\n<td class=\"label\">Gr\u00f6\u00dfe<\/td>\n<td>Ma\u00dfgeschneidert je nach Anforderung<\/td>\n<\/tr>\n<tr>\n<td class=\"label\">Farbe<\/td>\n<td>Silber, Schwarz, Gold, Champagner, Bronze, Rot, Blau;<br \/>\nwir k\u00f6nnen die Farben auf der Grundlage von Kundenmustern anpassen<\/td>\n<\/tr>\n<tr>\n<td class=\"label\">Oberfl\u00e4chenbehandlung<\/td>\n<td>Pulverbeschichtung, Elektrophorese, Holzmaserung, Eloxieren, B\u00fcrsten, Polieren<\/td>\n<\/tr>\n<tr>\n<td class=\"label\">Tiefgehende Verarbeitung<\/td>\n<td>Schneiden, Bohren, Bearbeiten, Stanzen, Biegen, Gewindeschneiden usw.<\/td>\n<\/tr>\n<tr>\n<td class=\"label\">Auswahl von Mustern<\/td>\n<td>Kundenspezifisches Design verf\u00fcgbar, ODM Design<\/td>\n<\/tr>\n<tr>\n<td class=\"label\">Anmeldung<\/td>\n<td>Einkaufszentrum, Supermarkt<br \/>\nFlughafen, Busbahnhof, Restaurant<br \/>\nZ\u00e4une, Platten und Gitter<br \/>\nMetallische W\u00e4nde;<br \/>\n5. Gitterroste und Plattformen;<br \/>\nAbschirmung der Fassade.<\/td>\n<\/tr>\n<tr>\n<td class=\"label\">Vorteil<\/td>\n<td>1, leicht zu Luftzirkulation, Abgas, W\u00e4rmeableitung;<br \/>\n2, Antistatisch, korrosionsbest\u00e4ndig, lange Lebensdauer.<br \/>\n3, Abriebfestigkeit;<br \/>\n4. Verhindern Sie Feuchtigkeit.<\/td>\n<\/tr>\n<tr>\n<td class=\"label\">Bescheinigungen<\/td>\n<td>ISO:9001, SONCAP, BV-Zertifikat, TUV, SGS, oder Kundenzertifikat verf\u00fcgbar<\/td>\n<\/tr>\n<tr>\n<td class=\"label\">Dienst<\/td>\n<td>Herstellung von Produkten nach Kundenzeichnungen<\/td>\n<\/tr>\n<tr>\n<td class=\"label\">Lieferfrist<\/td>\n<td>Die Entwicklung der Form und die Erstellung des Musters dauern 12-15 Tage, die Produktion dauert 15-25 Tage nach Eingang der Anzahlung des K\u00e4ufers.<\/td>\n<\/tr>\n<tr>\n<td class=\"label\">Weitere Dienstleistungen<\/td>\n<td>OEM,\/ODM, freie Muster.<\/td>\n<\/tr>\n<tr>\n<td class=\"label\">Prozessablauf<\/td>\n<td>Formentwicklung-Aluminiumbarren-Erw\u00e4rmung-Gie\u00dfen mit Rohaluminium-Oberfl\u00e4chenbehandlung und Farbe<\/td>\n<\/tr>\n<\/table>\n<h2>Unsere Produktionsbasis<\/h2>\n<h3>Fabrik-Panorama<\/h3>\n<p><img decoding=\"async\" src=\"\/wp-content\/uploads\/factory-01.webp\"\/><\/p>\n<h3>Werkstatt zur Herstellung von Aluminiumstangen<\/h3>\n<p><img decoding=\"async\" src=\"\/wp-content\/uploads\/factory-02.webp\"\/><\/p>\n<p><img decoding=\"async\" src=\"\/wp-content\/uploads\/factory-03.webp\"\/><\/p>\n<h3>Lagerhaus f\u00fcr Formen<\/h3>\n<p><img decoding=\"async\" src=\"\/wp-content\/uploads\/factory-04.webp\"\/><\/p>\n<h3>43 Aluminium-Strangpressanlagen (500\u00e2\u20ac\"5500 Tonnen)<\/h3>\n<p><img decoding=\"async\" src=\"\/wp-content\/uploads\/factory-05.webp\"\/><\/p>\n<p><img decoding=\"async\" src=\"\/wp-content\/uploads\/factory-06.webp\"\/><\/p>\n<p><img decoding=\"async\" src=\"\/wp-content\/uploads\/factory-07.webp\"\/><\/p>\n<h3>Werkstatt f\u00fcr Pulverbeschichtung<\/h3>\n<p><img decoding=\"async\" src=\"\/wp-content\/uploads\/factory-09.webp\"\/><\/p>\n<h3>Eloxal-Werkstatt<\/h3>\n<p><img decoding=\"async\" src=\"\/wp-content\/uploads\/factory-10.webp\"\/><\/p>\n<h3>Workshop zur Tiefenverarbeitung<\/h3>\n<p><img decoding=\"async\" src=\"\/wp-content\/uploads\/factory-11.webp\"\/><\/p>\n<h3>CNC-Pr\u00e4zisionsbearbeitungswerkstatt<\/h3>\n<p><img decoding=\"async\" src=\"\/wp-content\/uploads\/factory-11.5.webp\"\/><\/p>\n<h3>Lager f\u00fcr Fertigprodukte und Export<\/h3>\n<p><img decoding=\"async\" src=\"\/wp-content\/uploads\/factory-12.webp\"\/><\/p>\n<p><img decoding=\"async\" src=\"\/wp-content\/uploads\/factory-13.webp\"\/><\/p>\n<p><img decoding=\"async\" src=\"\/wp-content\/uploads\/factory-14.webp\"\/><\/p>\n<h2>FAQ<\/h2>\n<p><p><b>1. was ist Aluminium dekorative Holzlatten 3D Aluminium-Profile Holzdecken U-f\u00f6rmige Baffel Decke?<\/b><\/p>\n<p>Es handelt sich um ein dekoratives Deckensystem aus Aluminium mit einer holz\u00e4hnlichen Oberfl\u00e4che und U-f\u00f6rmigen Profilen, das einen modernen, architektonischen 3D-Effekt erzeugt.<br \/>\n<\/p><br \/>\n<br \/>\n<p><b>2. was sind die Vorteile der Verwendung von Aluminium-Deckenlatten in Holzoptik?<\/b><\/p>\n<p>Sie bieten das Aussehen von Holz mit der Haltbarkeit, Feuerbest\u00e4ndigkeit und dem geringen Wartungsaufwand von Aluminium.<br \/>\n<\/p><br \/>\n<br \/>\n<p><b>3. sind U-f\u00f6rmige Aluminium-Baffeldecken f\u00fcr gewerbliche Innenr\u00e4ume geeignet?<\/b><\/p>\n<p>Ja, sie werden in B\u00fcros, Einkaufszentren, Flugh\u00e4fen und \u00f6ffentlichen R\u00e4umen wegen ihrer \u00c4sthetik und Leistungsf\u00e4higkeit h\u00e4ufig verwendet.<br \/>\n<\/p><br \/>\n<br \/>\n<p><b>4. ist die Holzmaserung dieser Aluminiumprofile individuell gestaltbar?<\/b><\/p>\n<p>Ja, wir bieten eine Vielzahl von Holzmaserungen, Farben und Oberfl\u00e4chen an, um verschiedenen Designanforderungen gerecht zu werden.<br \/>\n<\/p><br \/>\n<br \/>\n<p><b>5. wie verbessern diese Decken die visuelle Wirkung?<\/b><\/p>\n<p>Das U-f\u00f6rmige 3D-Profil verleiht der Decke Tiefe und Textur und unterstreicht den architektonischen Stil der Decke.<br \/>\n<\/p><br \/>\n<br \/>\n<p><b>6. sind diese Aluminium-Deckenprofile einfach zu installieren?<\/b><\/p>\n<p>Ja, sie sind f\u00fcr eine schnelle Installation mit Standard-Aufh\u00e4ngungssystemen mit verdeckten Befestigungen konzipiert.<br \/>\n<\/p><br \/>\n<br \/>\n<p><b>7. sind Aluminium-Holzdecken feuchtigkeits- und verformungsbest\u00e4ndig?<\/b><\/p>\n<p>Ja, sie sind feuchtigkeitsbest\u00e4ndig und verziehen sich nicht, bekommen keine Risse und bleichen nicht aus wie nat\u00fcrliches Holz, was sie ideal f\u00fcr Gebiete mit hoher Luftfeuchtigkeit macht.<br \/>\n<\/p><br \/>\n<br \/>\n<p><b>8. was macht diese Produkte umweltfreundlich?<\/b><\/p>\n<p>Sie werden aus recycelbarem Aluminium hergestellt und sind eine nachhaltige Alternative zum Einschlag von Naturholz.<br \/>\n<\/p><br \/><\/p>","protected":false},"featured_media":7353,"template":"","categories":[67],"class_list":["post-7354","product","type-product","status-publish","has-post-thumbnail","hentry","category-architectural-aluminium-profile"],"meta_box":{"hilight_text_group":{"product_hilight_text":"<li>Realistic timber-look aluminum profiles for modern ceiling aesthetics<\/li>\r\r\n<li>Lightweight and corrosion-resistant for long-lasting performance<\/li>\r\r\n<li>U-shaped baffle design provides depth and a 3D visual effect<\/li>\r\r\n<li>Easy to install and maintain with concealed suspension systems<\/li>\r\r\n<li>Flame-retardant and moisture-resistant, ideal for commercial interiors<\/li>\r\r\n<li>Available in multiple wood grain finishes and custom colors<\/li>\r\r\n<li>Eco-friendly alternative to natural timber with no warping or cracking<\/li>","product_chanpin_blog":"<ul>\r\r\n<li><a href=\"https:\/\/sinoextrud.com\/t-slot-v-slot-differences\/\" target=\"_blank\">t slot vs v slot<\/a><\/li>\r\r\n<li><a href=\"https:\/\/sinoextrud.com\/what-is-4040-aluminium-extrud\/\" target=\"_blank\">4040 aluminium extrusion<\/a><\/li>\r\r\n<li><a href=\"https:\/\/sinoextrud.com\/what-is-4040-aluminium-extrud\/\" target=\"_blank\">aluminum extrusions for industrial racks<\/a><\/li>\r\r\n<li><a href=\"https:\/\/sinoextrud.com\/powder-coating-aluminium-process\/\" target=\"_blank\">powder coating aluminium<\/a><\/li>\r\r\n<li><a href=\"https:\/\/sinoextrud.com\/what-is-an-aluminium-strip-ceiling\/\" target=\"_blank\">aluminium strip ceiling<\/a><\/li>\r\r\n<li><a href=\"https:\/\/sinoextrud.com\/what-is-a-heat-sink\/\" target=\"_blank\">what is a heat sink<\/a><\/li>\r\r\n<\/ul>","product_chanpin_chanpin":"<li><a href=\"https:\/\/sinoextrud.com\/product\/aluminum-corner-extrusion-profiles\/\" target=\"_blank\">Aluminum Corner Extrusion Profiles<\/a><\/li>\r\n<li><a href=\"https:\/\/sinoextrud.com\/product\/aluminum-profile-for-windows-and-door-aluminum-curtain-wall-profile-extrusion\/\" target=\"_blank\">Aluminum Profile for Windows and Door Aluminum Curtain Wall Profile Extrusion<\/a><\/li>\r\n<li><a href=\"https:\/\/sinoextrud.com\/product\/aluminum-profiles-partition\/\" target=\"_blank\">Aluminum Profiles Partition<\/a><\/li>\r\n<li><a href=\"https:\/\/sinoextrud.com\/product\/aluminum-handle-profile\/\" target=\"_blank\">Aluminum Handle Profile<\/a><\/li>\r\n<li><a href=\"https:\/\/sinoextrud.com\/product\/aluminum-decorative-timber-batten-3d-aluminum-profiles-timber-ceilings-u-shaped-baffle-ceiling\/\" target=\"_blank\">Aluminum Decorative Timber Batten 3D Aluminum Profiles Timber Ceilings U-shaped Baffle Ceiling<\/a><\/li>\r\n<li><a href=\"https:\/\/sinoextrud.com\/product\/aluminum-alloy-profile\/\" target=\"_blank\">Aluminum Alloy Profile<\/a><\/li>\r\n<li><a href=\"https:\/\/sinoextrud.com\/product\/aluminum-louver-blades\/\" target=\"_blank\">Aluminum Louver Blades<\/a><\/li>\r\n<li><a href=\"https:\/\/sinoextrud.com\/product\/fabricated-aluminium-extrusions-electrophoresis-champagne\/\" target=\"_blank\">Fabricated Aluminium Extrusions Electrophoresis Champagne<\/a><\/li>\r\n<li><a href=\"https:\/\/sinoextrud.com\/product\/aluminum-extruded-profile-f-channel\/\" target=\"_blank\">Aluminum Extruded Profile F Channel<\/a><\/li>\r\n<li><a href=\"https:\/\/sinoextrud.com\/product\/v-rail-aluminum-extrusion-profiles-pipeline\/\" target=\"_blank\">V Rail Aluminum Extrusion Profiles Pipeline<\/a><\/li>\r\n<li><a href=\"https:\/\/sinoextrud.com\/product\/aluminum-boat-extrusions-6082\/\" target=\"_blank\">Aluminum Boat Extrusions 6082<\/a><\/li>"},"feature_list":[]},"_links":{"self":[{"href":"https:\/\/sinoextrud.com\/de\/wp-json\/wp\/v2\/product\/7354","targetHints":{"allow":["GET"]}}],"collection":[{"href":"https:\/\/sinoextrud.com\/de\/wp-json\/wp\/v2\/product"}],"about":[{"href":"https:\/\/sinoextrud.com\/de\/wp-json\/wp\/v2\/types\/product"}],"wp:featuredmedia":[{"embeddable":true,"href":"https:\/\/sinoextrud.com\/de\/wp-json\/wp\/v2\/media\/7353"}],"wp:attachment":[{"href":"https:\/\/sinoextrud.com\/de\/wp-json\/wp\/v2\/media?parent=7354"}],"wp:term":[{"taxonomy":"category","embeddable":true,"href":"https:\/\/sinoextrud.com\/de\/wp-json\/wp\/v2\/categories?post=7354"}],"curies":[{"name":"wp","href":"https:\/\/api.w.org\/{rel}","templated":true}]}}