{"id":7344,"date":"2025-06-07T03:34:09","date_gmt":"2025-06-07T03:34:09","guid":{"rendered":"https:\/\/sinoextrud.com\/product\/modular-aluminium-extrusions\/"},"modified":"2025-06-24T06:12:35","modified_gmt":"2025-06-24T06:12:35","slug":"modulare-aluminium-strangpressprofile","status":"publish","type":"product","link":"https:\/\/sinoextrud.com\/de\/product\/modular-aluminium-extrusions\/","title":{"rendered":"Modulare Aluminium-Strangpressprofile"},"content":{"rendered":"<h2>Produkte Details<\/h2>\n<table class=\"custom-table\">\n<tbody>\n<tr>\n<td> Modell Nr.:<\/td>\n<td> 8005 Modulare Aluminium-Strangpressprofile<\/td>\n<\/tr>\n<tr>\n<td> Die Form:<\/td>\n<td> Quadratisch<\/td>\n<\/tr>\n<tr>\n<td> Temperament:<\/td>\n<td> T5<\/td>\n<\/tr>\n<tr>\n<td> Legierung:<\/td>\n<td> Legierung<\/td>\n<\/tr>\n<tr>\n<td> Legierungsbestandteil:<\/td>\n<td> 6063<\/td>\n<\/tr>\n<tr>\n<td> Standardl\u00e4nge:<\/td>\n<td> 4m<\/td>\n<\/tr>\n<tr>\n<td> Zubeh\u00f6r:<\/td>\n<td> Feuerbarriere<\/td>\n<\/tr>\n<tr>\n<td> Anwendung:<\/td>\n<td> Innenraum Wand bis Decke<\/td>\n<\/tr>\n<tr>\n<td> Beispiel:<\/td>\n<td> Kostenlos<\/td>\n<\/tr>\n<tr>\n<td> Transport-Paket:<\/td>\n<td> Sperrholz<\/td>\n<\/tr>\n<tr>\n<td> Herkunft:<\/td>\n<td> Guangdong, China<\/td>\n<\/tr>\n<tr>\n<td> Art:<\/td>\n<td> Dekoration Aluminiumprofil<\/td>\n<\/tr>\n<tr>\n<td> Oberfl\u00e4chenveredelung:<\/td>\n<td> Anodische Oxidation Geb\u00fcrsteter Champagner<\/td>\n<\/tr>\n<tr>\n<td> Zertifizierung:<\/td>\n<td> ISO, SGS<\/td>\n<\/tr>\n<tr>\n<td> Fugenbreite:<\/td>\n<td> 50-150mm<\/td>\n<\/tr>\n<tr>\n<td> Bewegung insgesamt:<\/td>\n<td> 80-180mm<\/td>\n<\/tr>\n<tr>\n<td> Besonderer Service:<\/td>\n<td> Kundenspezifisches Design wird angeboten<\/td>\n<\/tr>\n<tr>\n<td> OEM:<\/td>\n<td> Verf\u00fcgbar<\/td>\n<\/tr>\n<tr>\n<td> Warenzeichen:<\/td>\n<td> Sinoextrud<\/td>\n<\/tr>\n<tr>\n<td> Spezifikation:<\/td>\n<td> 40*40mm<\/td>\n<\/tr>\n<tr>\n<td> HS-Code:<\/td>\n<td> 760429900<\/td>\n<\/tr>\n<\/tbody>\n<\/table>\n<h2>Unsere Produktionsbasis<\/h2>\n<h3>Fabrik-Panorama<\/h3>\n<p><img decoding=\"async\" src=\"\/wp-content\/uploads\/factory-01.webp\"\/><\/p>\n<h3>Werkstatt zur Herstellung von Aluminiumstangen<\/h3>\n<p><img decoding=\"async\" src=\"\/wp-content\/uploads\/factory-02.webp\"\/><\/p>\n<p><img decoding=\"async\" src=\"\/wp-content\/uploads\/factory-03.webp\"\/><\/p>\n<h3>Lagerhaus f\u00fcr Formen<\/h3>\n<p><img decoding=\"async\" src=\"\/wp-content\/uploads\/factory-04.webp\"\/><\/p>\n<h3>43 Aluminium-Strangpressanlagen (500\u00e2\u20ac\"5500 Tonnen)<\/h3>\n<p><img decoding=\"async\" src=\"\/wp-content\/uploads\/factory-05.webp\"\/><\/p>\n<p><img decoding=\"async\" src=\"\/wp-content\/uploads\/factory-06.webp\"\/><\/p>\n<p><img decoding=\"async\" src=\"\/wp-content\/uploads\/factory-07.webp\"\/><\/p>\n<h3>Werkstatt f\u00fcr Pulverbeschichtung<\/h3>\n<p><img decoding=\"async\" src=\"\/wp-content\/uploads\/factory-09.webp\"\/><\/p>\n<h3>Eloxal-Werkstatt<\/h3>\n<p><img decoding=\"async\" src=\"\/wp-content\/uploads\/factory-10.webp\"\/><\/p>\n<h3>Workshop zur Tiefenverarbeitung<\/h3>\n<p><img decoding=\"async\" src=\"\/wp-content\/uploads\/factory-11.webp\"\/><\/p>\n<h3>CNC-Pr\u00e4zisionsbearbeitungswerkstatt<\/h3>\n<p><img decoding=\"async\" src=\"\/wp-content\/uploads\/factory-11.5.webp\"\/><\/p>\n<h3>Lager f\u00fcr Fertigprodukte und Export<\/h3>\n<p><img decoding=\"async\" src=\"\/wp-content\/uploads\/factory-12.webp\"\/><\/p>\n<p><img decoding=\"async\" src=\"\/wp-content\/uploads\/factory-13.webp\"\/><\/p>\n<p><img decoding=\"async\" src=\"\/wp-content\/uploads\/factory-14.webp\"\/><\/p>\n<h2>FAQ<\/h2>\n<p><p><b>1. was sind modulare Aluminium-Strangpressprofile?<\/b><\/p>\n<p>Modulare Aluminium-Strangpressprofile sind vielseitige Aluminiumprofile, die f\u00fcr den Zusammenbau kundenspezifischer Strukturen mit T-Nut- oder anderen Verbindungssystemen entwickelt wurden.<br \/>\n<\/p><br \/>\n<br \/>\n<p><b>2. warum modulare Aluminium-Strangpressprofile w\u00e4hlen?<\/b><\/p>\n<p>Sie zeichnen sich durch hohe Flexibilit\u00e4t, einfache Montage und geringes Gewicht aus und sind daher ideal f\u00fcr industrielle und gewerbliche Anwendungen.<br \/>\n<\/p><br \/>\n<br \/>\n<p><b>3. sind modulare Aluminium-Strangpressprofile anpassbar?<\/b><\/p>\n<p>Ja, sie k\u00f6nnen auf L\u00e4nge geschnitten und mit L\u00f6chern, Schlitzen oder Oberfl\u00e4chenbehandlungen versehen werden, je nach den spezifischen Projektanforderungen.<br \/>\n<\/p><br \/>\n<br \/>\n<p><b>4. f\u00fcr welche Anwendungen werden modulare Aluminiumprofile verwendet?<\/b><\/p>\n<p>Sie werden h\u00e4ufig in Maschinengeh\u00e4usen, F\u00f6rdersystemen, industriellen Werkb\u00e4nken, in der Robotik und in Anzeigeger\u00e4ten eingesetzt.<br \/>\n<\/p><br \/>\n<br \/>\n<p><b>5. unterst\u00fctzen modulare Aluminium-Strangpressprofile die Wiederverwendbarkeit?<\/b><\/p>\n<p>Die Komponenten k\u00f6nnen demontiert und in verschiedenen Konfigurationen wiederverwendet werden, was Abfall und Kosten reduziert.<br \/>\n<\/p><br \/>\n<br \/>\n<p><b>6. welche Oberfl\u00e4chen sind f\u00fcr modulare Aluminiumprofile erh\u00e4ltlich?<\/b><\/p>\n<p>Typische Oberfl\u00e4chenbehandlungen sind Eloxieren, Pulverbeschichten und Walzen, um die Korrosionsbest\u00e4ndigkeit und die \u00c4sthetik zu verbessern.<br \/>\n<\/p><br \/>\n<br \/>\n<p><b>7. sind modulare Profile einfach zu installieren?<\/b><\/p>\n<p>Ja, sie sind f\u00fcr eine werkzeugfreundliche, schraubbare Montage ohne Schwei\u00dfen oder aufw\u00e4ndige Fertigung konzipiert.<br \/>\n<\/p><br \/><\/p>","protected":false},"featured_media":7343,"template":"","categories":[67],"class_list":["post-7344","product","type-product","status-publish","has-post-thumbnail","hentry","category-architectural-aluminium-profile"],"meta_box":{"hilight_text_group":{"product_hilight_text":"<li>Modular design allows flexible assembly and reconfiguration<\/li>\r\r\n<li>High-strength aluminum provides structural stability with low weight<\/li>\r\r\n<li>T-slot profiles compatible with a wide range of connectors and accessories<\/li>\r\r\n<li>Corrosion-resistant and low-maintenance surface finishes available<\/li>\r\r\n<li>Easy to cut, drill, and assemble with standard tools<\/li>\r\r\n<li>Ideal for workstations, machine frames, enclosures, and automation systems<\/li>","product_chanpin_blog":"<ul>\r\r\n<li><a href=\"https:\/\/sinoextrud.com\/t-slot-v-slot-differences\/\" target=\"_blank\">t slot vs v slot<\/a><\/li>\r\r\n<li><a href=\"https:\/\/sinoextrud.com\/what-is-4040-aluminium-extrud\/\" target=\"_blank\">4040 aluminium extrusion<\/a><\/li>\r\r\n<li><a href=\"https:\/\/sinoextrud.com\/what-is-4040-aluminium-extrud\/\" target=\"_blank\">aluminum extrusions for industrial racks<\/a><\/li>\r\r\n<li><a href=\"https:\/\/sinoextrud.com\/powder-coating-aluminium-process\/\" target=\"_blank\">powder coating aluminium<\/a><\/li>\r\r\n<li><a href=\"https:\/\/sinoextrud.com\/what-is-an-aluminium-strip-ceiling\/\" target=\"_blank\">aluminium strip ceiling<\/a><\/li>\r\r\n<li><a href=\"https:\/\/sinoextrud.com\/what-is-a-heat-sink\/\" target=\"_blank\">what is a heat sink<\/a><\/li>\r\r\n<\/ul>","product_chanpin_chanpin":"<li><a href=\"https:\/\/sinoextrud.com\/product\/customized-extruded-aluminum-enclosure-profile\/\" target=\"_blank\">Customized Extruded Aluminum Enclosure Profile<\/a><\/li>\r\n<li><a href=\"https:\/\/sinoextrud.com\/product\/aluminum-alloy-wall-decoration-edge-trim-strip\/\" target=\"_blank\">Aluminum Alloy Wall Decoration Edge Trim Strip<\/a><\/li>\r\n<li><a href=\"https:\/\/sinoextrud.com\/product\/aluminum-railing\/\" target=\"_blank\">Aluminum Railing<\/a><\/li>\r\n<li><a href=\"https:\/\/sinoextrud.com\/product\/aluminum-profile-for-office-partition-catalog\/\" target=\"_blank\">Aluminum Profile For Office Partition Catalog<\/a><\/li>\r\n<li><a href=\"https:\/\/sinoextrud.com\/product\/modular-aluminium-extrusions\/\" target=\"_blank\">Modular Aluminium Extrusions<\/a><\/li>\r\n<li><a href=\"https:\/\/sinoextrud.com\/product\/aluminum-corner-extrusion-profiles\/\" target=\"_blank\">Aluminum Corner Extrusion Profiles<\/a><\/li>\r\n<li><a href=\"https:\/\/sinoextrud.com\/product\/aluminum-profile-for-windows-and-door-aluminum-curtain-wall-profile-extrusion\/\" target=\"_blank\">Aluminum Profile for Windows and Door Aluminum Curtain Wall Profile Extrusion<\/a><\/li>\r\n<li><a href=\"https:\/\/sinoextrud.com\/product\/aluminum-profiles-partition\/\" target=\"_blank\">Aluminum Profiles Partition<\/a><\/li>\r\n<li><a href=\"https:\/\/sinoextrud.com\/product\/aluminum-handle-profile\/\" target=\"_blank\">Aluminum Handle Profile<\/a><\/li>\r\n<li><a href=\"https:\/\/sinoextrud.com\/product\/heavy-duty-aluminium-sliding-door-golden\/\" target=\"_blank\">Heavy Duty Aluminium Sliding Door Golden<\/a><\/li>\r\n<li><a href=\"https:\/\/sinoextrud.com\/product\/sructrual-aluminum-extrusion-profiles-ceiling-drop-ceiling\/\" target=\"_blank\">Sructrual Aluminum Extrusion Profiles Ceiling Drop Ceiling<\/a><\/li>"},"feature_list":[]},"_links":{"self":[{"href":"https:\/\/sinoextrud.com\/de\/wp-json\/wp\/v2\/product\/7344","targetHints":{"allow":["GET"]}}],"collection":[{"href":"https:\/\/sinoextrud.com\/de\/wp-json\/wp\/v2\/product"}],"about":[{"href":"https:\/\/sinoextrud.com\/de\/wp-json\/wp\/v2\/types\/product"}],"wp:featuredmedia":[{"embeddable":true,"href":"https:\/\/sinoextrud.com\/de\/wp-json\/wp\/v2\/media\/7343"}],"wp:attachment":[{"href":"https:\/\/sinoextrud.com\/de\/wp-json\/wp\/v2\/media?parent=7344"}],"wp:term":[{"taxonomy":"category","embeddable":true,"href":"https:\/\/sinoextrud.com\/de\/wp-json\/wp\/v2\/categories?post=7344"}],"curies":[{"name":"wp","href":"https:\/\/api.w.org\/{rel}","templated":true}]}}