{"id":7338,"date":"2025-06-07T03:29:31","date_gmt":"2025-06-07T03:29:31","guid":{"rendered":"https:\/\/sinoextrud.com\/product\/aluminum-alloy-wall-decoration-edge-trim-strip\/"},"modified":"2025-06-24T06:12:34","modified_gmt":"2025-06-24T06:12:34","slug":"aluminiumlegierung-wanddekoration-randleiste","status":"publish","type":"product","link":"https:\/\/sinoextrud.com\/de\/product\/aluminum-alloy-wall-decoration-edge-trim-strip\/","title":{"rendered":"Aluminiumlegierung Wanddekoration Randstreifen"},"content":{"rendered":"<h2>Produkte Details<\/h2>\n<table class=\"custom-table\">\n<tbody>\n<tr>\n<td> Produkt Artikel:<\/td>\n<td> Aluminiumlegierung Wanddekoration Randstreifen<\/td>\n<td> Ort der Herkunft:<\/td>\n<td> Foshan, Guangdong<\/td>\n<\/tr>\n<tr>\n<td> Material:<\/td>\n<td> Legierung 6063\/6061\/6005\/6060 T5\/T6<\/td>\n<td> Modellnummer:<\/td>\n<td> Aluminium-Kantenverkleidung, Aluminium-Eckverkleidung<\/td>\n<\/tr>\n<tr>\n<td> Die Form:<\/td>\n<td> T-Form, U-Form, I-Form, H-Form oder kundenspezifisch<\/td>\n<td> L\u00e4nge:<\/td>\n<td> Kundenspezifisch<\/td>\n<\/tr>\n<tr>\n<td> Legierung oder nicht:<\/td>\n<td> Ist Legierung<\/td>\n<td> Marke:<\/td>\n<td> Sinoextrud, Sinoextrud<\/td>\n<\/tr>\n<tr>\n<td> Vertr\u00e4glichkeit:<\/td>\n<td> \u00b11%<\/td>\n<td> Temperament:<\/td>\n<td> T3-T8<\/td>\n<\/tr>\n<tr>\n<td> Oberfl\u00e4chenbehandlung:<\/td>\n<td> Pulverbeschichtung, Eloxierung oder kundenspezifisch<\/td>\n<td> MOQ:<\/td>\n<td> 200KG f\u00fcr jeden Artikel<\/td>\n<\/tr>\n<tr>\n<td> Lieferzeiten:<\/td>\n<td> 18-25 Tage<\/td>\n<td> Zahlungsfrist:<\/td>\n<td> L\/C T\/T(30% Anzahlung)<\/td>\n<\/tr>\n<tr>\n<td> Bearbeitungsservice:<\/td>\n<td> Biegen, S\u00e4gen, Schwei\u00dfen, Stanzen, Schneiden, Bohren, Montieren\n<\/td>\n<td> Anwendung:<\/td>\n<td> Heimdekoration, Hotels, B\u00fcrogeb\u00e4ude, Einkaufszentren, Schulen<\/td>\n<\/tr>\n<\/tbody>\n<\/table>\n<h2>Unsere Produktionsbasis<\/h2>\n<h3>Fabrik-Panorama<\/h3>\n<p><img decoding=\"async\" src=\"\/wp-content\/uploads\/factory-01.webp\"\/><\/p>\n<h3>Werkstatt zur Herstellung von Aluminiumstangen<\/h3>\n<p><img decoding=\"async\" src=\"\/wp-content\/uploads\/factory-02.webp\"\/><\/p>\n<p><img decoding=\"async\" src=\"\/wp-content\/uploads\/factory-03.webp\"\/><\/p>\n<h3>Lagerhaus f\u00fcr Formen<\/h3>\n<p><img decoding=\"async\" src=\"\/wp-content\/uploads\/factory-04.webp\"\/><\/p>\n<h3>43 Aluminium-Strangpressanlagen (500-5500 Tonnen)<\/h3>\n<p><img decoding=\"async\" src=\"\/wp-content\/uploads\/factory-05.webp\"\/><\/p>\n<p><img decoding=\"async\" src=\"\/wp-content\/uploads\/factory-06.webp\"\/><\/p>\n<p><img decoding=\"async\" src=\"\/wp-content\/uploads\/factory-07.webp\"\/><\/p>\n<h3>Werkstatt f\u00fcr Pulverbeschichtung<\/h3>\n<p><img decoding=\"async\" src=\"\/wp-content\/uploads\/factory-09.webp\"\/><\/p>\n<h3>Eloxal-Werkstatt<\/h3>\n<p><img decoding=\"async\" src=\"\/wp-content\/uploads\/factory-10.webp\"\/><\/p>\n<h3>Workshop zur Tiefenverarbeitung<\/h3>\n<p><img decoding=\"async\" src=\"\/wp-content\/uploads\/factory-11.webp\"\/><\/p>\n<h3>CNC-Pr\u00e4zisionsbearbeitungswerkstatt<\/h3>\n<p><img decoding=\"async\" src=\"\/wp-content\/uploads\/factory-11.5.webp\"\/><\/p>\n<h3>Lager f\u00fcr Fertigprodukte und Export<\/h3>\n<p><img decoding=\"async\" src=\"\/wp-content\/uploads\/factory-12.webp\"\/><\/p>\n<p><img decoding=\"async\" src=\"\/wp-content\/uploads\/factory-13.webp\"\/><\/p>\n<p><img decoding=\"async\" src=\"\/wp-content\/uploads\/factory-14.webp\"\/><\/p>\n<h2>FAQ<\/h2>\n<p><p><b>1. was ist eine Aluminiumlegierung Wanddekoration Randleiste Trim?<\/b><\/p>\n<p>Es handelt sich um ein dekoratives Aluminiumprofil, das zum Abschluss und Schutz der Kanten von W\u00e4nden, Paneelen oder Flieseninstallationen verwendet wird.<br \/>\n<\/p><br \/>\n<br \/>\n<p><b>2 Was sind die Vorteile der Verwendung von Aluminiumkantenleisten?<\/b><\/p>\n<p>Sie bieten Kantenschutz, modernes Design, Korrosionsbest\u00e4ndigkeit und eine einfache Installation f\u00fcr einen sauberen Wandabschluss.<br \/>\n<\/p><br \/>\n<br \/>\n<p><b>3. wo werden Aluminiumkantenleisten typischerweise verwendet?<\/b><\/p>\n<p>Sie werden h\u00e4ufig in K\u00fcchen, Badezimmern, Wohnbereichen und gewerblichen Innenr\u00e4umen f\u00fcr Wandpaneel\u00fcberg\u00e4nge oder als Eckschutz verwendet.<br \/>\n<\/p><br \/>\n<br \/>\n<p><b>4. ist die Aluminiumlegierung korrosionsbest\u00e4ndig?<\/b><\/p>\n<p>Ja, das Material ist korrosionsbest\u00e4ndig und daher f\u00fcr Feuchtr\u00e4ume wie B\u00e4der und K\u00fcchen geeignet.<br \/>\n<\/p><br \/>\n<br \/>\n<p><b>5. k\u00f6nnen die Randstreifen individuell angepasst werden?<\/b><\/p>\n<p>Ja, wir bieten kundenspezifische Gr\u00f6\u00dfen, Formen, Oberfl\u00e4chen und Farben an, um spezifische Design- oder Projektanforderungen zu erf\u00fcllen.<br \/>\n<\/p><br \/>\n<br \/>\n<p><b>Sind diese Verkleidungen leicht zu montieren?<\/b><\/p>\n<p>Ja, sie lassen sich leicht mit Kleber oder Schrauben anbringen, je nach Wandmaterial und Anwendung.<br \/>\n<\/p><br \/>\n<br \/>\n<p><b>7. welche Oberfl\u00e4chen sind f\u00fcr Wandabschlussleisten erh\u00e4ltlich?<\/b><\/p>\n<p>Zu den g\u00e4ngigen Oberfl\u00e4chen geh\u00f6ren geb\u00fcrstet, eloxiert, matt, gl\u00e4nzend und pulverbeschichtet in verschiedenen Farben.<br \/>\n<\/p><br \/>\n<br \/>\n<p><b>8 Verbessern diese Zierleisten das Aussehen der Wandgestaltung?<\/b><\/p>\n<p>Ja, sie sorgen f\u00fcr einen sauberen, professionellen Abschluss und verbessern die Gesamt\u00e4sthetik von Wand\u00fcberg\u00e4ngen und Kanten.<br \/>\n<\/p><br \/><\/p>","protected":false},"featured_media":7337,"template":"","categories":[67],"class_list":["post-7338","product","type-product","status-publish","has-post-thumbnail","hentry","category-architectural-aluminium-profile"],"meta_box":{"hilight_text_group":{"product_hilight_text":"<li>High-quality aluminum alloy ensures durability and lightweight performance<\/li>\r\r\n<li>Provides a clean, modern transition between wall materials or corners<\/li>\r\r\n<li>Corrosion-resistant surface suitable for humid and indoor environments<\/li>\r\r\n<li>Easy to install with adhesive or mechanical fasteners<\/li>\r\r\n<li>Available in various finishes, sizes, and colors to match interior styles<\/li>\r\r\n<li>Enhances aesthetics while protecting wall edges from damage<\/li>\r\r\n<li>Customizable profiles for residential and commercial design needs<\/li>","product_chanpin_blog":"<ul>\r\r\n<li><a href=\"https:\/\/sinoextrud.com\/t-slot-v-slot-differences\/\" target=\"_blank\">t slot vs v slot<\/a><\/li>\r\r\n<li><a href=\"https:\/\/sinoextrud.com\/what-is-4040-aluminium-extrud\/\" target=\"_blank\">4040 aluminium extrusion<\/a><\/li>\r\r\n<li><a href=\"https:\/\/sinoextrud.com\/what-is-4040-aluminium-extrud\/\" target=\"_blank\">aluminum extrusions for industrial racks<\/a><\/li>\r\r\n<li><a href=\"https:\/\/sinoextrud.com\/powder-coating-aluminium-process\/\" target=\"_blank\">powder coating aluminium<\/a><\/li>\r\r\n<li><a href=\"https:\/\/sinoextrud.com\/what-is-an-aluminium-strip-ceiling\/\" target=\"_blank\">aluminium strip ceiling<\/a><\/li>\r\r\n<li><a href=\"https:\/\/sinoextrud.com\/what-is-a-heat-sink\/\" target=\"_blank\">what is a heat sink<\/a><\/li>\r\r\n<\/ul>","product_chanpin_chanpin":"<li><a href=\"https:\/\/sinoextrud.com\/product\/aluminum-extrusion-profile-suppliers-for-good-kitchen-cabinet-manufacturers-cabinet-extrusion-pricing-construction-aluminium\/\" target=\"_blank\">aluminum extrusion profile suppliers for Good Kitchen cabinet manufacturers Cabinet extrusion pricing construction aluminium<\/a><\/li>\r\n<li><a href=\"https:\/\/sinoextrud.com\/product\/china-industrial-extruded-aluminium-heatsink-profile\/\" target=\"_blank\">China Industrial Extruded Aluminium Heatsink Profile<\/a><\/li>\r\n<li><a href=\"https:\/\/sinoextrud.com\/product\/aluminium-window-frame-profiles\/\" target=\"_blank\">Aluminium Window Frame Profiles<\/a><\/li>\r\n<li><a href=\"https:\/\/sinoextrud.com\/product\/customized-extruded-aluminum-enclosure-profile\/\" target=\"_blank\">Customized Extruded Aluminum Enclosure Profile<\/a><\/li>\r\n<li><a href=\"https:\/\/sinoextrud.com\/product\/aluminum-alloy-wall-decoration-edge-trim-strip\/\" target=\"_blank\">Aluminum Alloy Wall Decoration Edge Trim Strip<\/a><\/li>\r\n<li><a href=\"https:\/\/sinoextrud.com\/product\/aluminum-railing\/\" target=\"_blank\">Aluminum Railing<\/a><\/li>\r\n<li><a href=\"https:\/\/sinoextrud.com\/product\/aluminum-profile-for-office-partition-catalog\/\" target=\"_blank\">Aluminum Profile For Office Partition Catalog<\/a><\/li>\r\n<li><a href=\"https:\/\/sinoextrud.com\/product\/modular-aluminium-extrusions\/\" target=\"_blank\">Modular Aluminium Extrusions<\/a><\/li>\r\n<li><a href=\"https:\/\/sinoextrud.com\/product\/aluminum-corner-extrusion-profiles\/\" target=\"_blank\">Aluminum Corner Extrusion Profiles<\/a><\/li>\r\n<li><a href=\"https:\/\/sinoextrud.com\/product\/aluminium-supplier-china-offer-aluminium-u-channel-extrusion-shapes-profile-for-show-enclosure-cabin\/\" target=\"_blank\">Aluminium Supplier China Offer Aluminium U Channel Extrusion Shapes Profile For Show Enclosure Cabin<\/a><\/li>\r\n<li><a href=\"https:\/\/sinoextrud.com\/product\/aluminium-tube\/\" target=\"_blank\">Aluminium Tube<\/a><\/li>"},"feature_list":[]},"_links":{"self":[{"href":"https:\/\/sinoextrud.com\/de\/wp-json\/wp\/v2\/product\/7338","targetHints":{"allow":["GET"]}}],"collection":[{"href":"https:\/\/sinoextrud.com\/de\/wp-json\/wp\/v2\/product"}],"about":[{"href":"https:\/\/sinoextrud.com\/de\/wp-json\/wp\/v2\/types\/product"}],"wp:featuredmedia":[{"embeddable":true,"href":"https:\/\/sinoextrud.com\/de\/wp-json\/wp\/v2\/media\/7337"}],"wp:attachment":[{"href":"https:\/\/sinoextrud.com\/de\/wp-json\/wp\/v2\/media?parent=7338"}],"wp:term":[{"taxonomy":"category","embeddable":true,"href":"https:\/\/sinoextrud.com\/de\/wp-json\/wp\/v2\/categories?post=7338"}],"curies":[{"name":"wp","href":"https:\/\/api.w.org\/{rel}","templated":true}]}}