{"id":7320,"date":"2025-06-07T03:10:37","date_gmt":"2025-06-07T03:10:37","guid":{"rendered":"https:\/\/sinoextrud.com\/product\/cabinet-aluminum-profile\/"},"modified":"2025-06-24T06:12:31","modified_gmt":"2025-06-24T06:12:31","slug":"schrank-aluminiumprofil","status":"publish","type":"product","link":"https:\/\/sinoextrud.com\/de\/product\/cabinet-aluminum-profile\/","title":{"rendered":"Kabinett Aluminiumprofil"},"content":{"rendered":"<h2>Produkte Details<\/h2>\n<table class=\"custom-table\">\n<tr>\n<td class=\"label\">Artikel<\/td>\n<td>Geh\u00e4use Aluminiumprofil<\/td>\n<\/tr>\n<tr>\n<td class=\"label\">Material<\/td>\n<td>Serie 6000 Aluminium<\/td>\n<\/tr>\n<tr>\n<td class=\"label\">Temperament<\/td>\n<td>T4, T5, T6<\/td>\n<\/tr>\n<tr>\n<td class=\"label\">Gr\u00f6\u00dfe\/St\u00e4rke<\/td>\n<td>Allgemeine Profildicke von 0,8 bis 5,0mm, L\u00e4nge von 1m-9m oder kundenspezifisch verf\u00fcgbar; Eloxalschutzschichtdicke von 8~25 um, Pulverbeschichtung von 40 ~ 120 um.<\/td>\n<\/tr>\n<tr>\n<td class=\"label\">Form<\/td>\n<td>Kundenspezifisch<\/td>\n<\/tr>\n<tr>\n<td class=\"label\">Anmeldung<\/td>\n<td>In M\u00f6beln, Fenstern und T\u00fcren, Dekorationen, Industrie, Bauwesen und so weiter<\/td>\n<\/tr>\n<tr>\n<td class=\"label\">Oberfl\u00e4chenbehandlung<\/td>\n<td>Pulverbeschichtung, Elektrophorese, Holzmaserung, Eloxal und so weiter<\/td>\n<\/tr>\n<tr>\n<td class=\"label\">Farben<\/td>\n<td>Ref Pulverbeschichtung Farbe Blatt und kundenspezifische Farbe verf\u00fcgbar<\/td>\n<\/tr>\n<tr>\n<td class=\"label\">Tiefgreifender Prozess<\/td>\n<td>CNC, Bohren, Fr\u00e4sen, Schneiden, Schwei\u00dfen, Biegen, Montieren<\/td>\n<\/tr>\n<tr>\n<td class=\"label\">MOQ<\/td>\n<td>200KGs f\u00fcr jeden Artikel<\/td>\n<\/tr>\n<tr>\n<td class=\"label\">Details zur Verpackung<\/td>\n<td>(1) Innen: verpackt mit Kunststoff-Schutzfolie, um jedes St\u00fcck zu sch\u00fctzen<\/td>\n<\/tr>\n<tr>\n<td class=\"label\"><\/td>\n<td>(2) Au\u00dferhalb: Wrap zu sein B\u00fcndel von wasserdichten Handwerk Papier<\/td>\n<\/tr>\n<tr>\n<td class=\"label\">Lieferfrist<\/td>\n<td>(1) Die Entwicklung und Pr\u00fcfung von Mustern: 12-18 Tage.<\/td>\n<\/tr>\n<tr>\n<td class=\"label\"><\/td>\n<td>(2) Massenproduktion abgeschlossen: 20-30 Tage nach der Probe wird vom K\u00e4ufer best\u00e4tigt.<\/td>\n<\/tr>\n<tr>\n<td class=\"label\">FOB Hafen<\/td>\n<td>SHENZHEN \/ GUANGZHOU \/ FOSHAN<\/td>\n<\/tr>\n<tr>\n<td class=\"label\">Zahlungsbedingungen<\/td>\n<td>T\/T 30% f\u00fcr Ablagerung, Balance vor Versand.<\/td>\n<\/tr>\n<tr>\n<td class=\"label\">Abrechnungszeitraum<\/td>\n<td>Berechnen Sie nach dem tats\u00e4chlichen Endgewicht oder nach dem theoretischen Ziehgewicht.<\/td>\n<\/tr>\n<tr>\n<td class=\"label\">Zertifikat und Standard<\/td>\n<td>CQM, SGS, CE, BV, SONCAP \/ GB, ISO, JIS, AS, NZS, QUALICOAT, QUOLANOD verf\u00fcgbar<\/td>\n<\/tr>\n<tr>\n<td class=\"label\">B\u00fcrgschaft<\/td>\n<td>Die Oberfl\u00e4chenfarbe kann im Innenbereich 10 bis 20 Jahre lang stabil bleiben.<\/td>\n<\/tr>\n<\/table>\n<h2>Unsere Produktionsbasis<\/h2>\n<h3>Fabrik-Panorama<\/h3>\n<p><img decoding=\"async\" src=\"\/wp-content\/uploads\/factory-01.webp\"\/><\/p>\n<h3>Werkstatt zur Herstellung von Aluminiumstangen<\/h3>\n<p><img decoding=\"async\" src=\"\/wp-content\/uploads\/factory-02.webp\"\/><\/p>\n<\/p>\n<p><img decoding=\"async\" src=\"\/wp-content\/uploads\/factory-03.webp\"\/><\/p>\n<h3>Lagerhaus f\u00fcr Formen<\/h3>\n<p><img decoding=\"async\" src=\"\/wp-content\/uploads\/factory-04.webp\"\/><\/p>\n<h3>43 Aluminium-Strangpressanlagen (500\u00e2\u20ac\"5500 Tonnen)<\/h3>\n<p><img decoding=\"async\" src=\"\/wp-content\/uploads\/factory-05.webp\"\/><\/p>\n<p><img decoding=\"async\" src=\"\/wp-content\/uploads\/factory-06.webp\"\/><\/p>\n<p><img decoding=\"async\" src=\"\/wp-content\/uploads\/factory-07.webp\"\/><\/p>\n<h3>Werkstatt f\u00fcr Pulverbeschichtung<\/h3>\n<p><img decoding=\"async\" src=\"\/wp-content\/uploads\/factory-09.webp\"\/><\/p>\n<h3>Eloxal-Werkstatt<\/h3>\n<p><img decoding=\"async\" src=\"\/wp-content\/uploads\/factory-10.webp\"\/><\/p>\n<h3>Workshop zur Tiefenverarbeitung<\/h3>\n<p><img decoding=\"async\" src=\"\/wp-content\/uploads\/factory-11.webp\"\/><\/p>\n<h3>CNC-Pr\u00e4zisionsbearbeitungswerkstatt<\/h3>\n<p><img decoding=\"async\" src=\"\/wp-content\/uploads\/factory-11.5.webp\"\/><\/p>\n<h3>Lager f\u00fcr Fertigprodukte und Export<\/h3>\n<p><img decoding=\"async\" src=\"\/wp-content\/uploads\/factory-12.webp\"\/><\/p>\n<p><img decoding=\"async\" src=\"\/wp-content\/uploads\/factory-13.webp\"\/><\/p>\n<p><img decoding=\"async\" src=\"\/wp-content\/uploads\/factory-14.webp\"\/><\/p>\n<h2>FAQ<\/h2>\n<p><b>1. was ist ein Aluminiumprofil f\u00fcr den Schrank?<\/b><\/p>\n<p>Ein Aluminiumprofil f\u00fcr Schr\u00e4nke ist ein stranggepresster Aluminiumrahmen, der zur Konstruktion und Unterst\u00fctzung von Schrankstrukturen in Wohn- oder Gesch\u00e4ftsr\u00e4umen verwendet wird.\n<\/p>\n<p><\/p>\n<p><b>2. warum Aluminiumprofile f\u00fcr Schr\u00e4nke verwenden?<\/b><\/p>\n<p>Aluminiumprofile bieten Festigkeit, geringes Gewicht, Korrosionsbest\u00e4ndigkeit und ein elegantes Aussehen, was sie ideal f\u00fcr moderne Schr\u00e4nke macht.\n<\/p>\n<p><\/p>\n<p><b>3. sind Aluminiumprofile im Schrank feuchtigkeitsbest\u00e4ndig?<\/b><\/p>\n<p>Ja, sie haben eine korrosionsbest\u00e4ndige Oberfl\u00e4che, die sie f\u00fcr Bereiche mit hoher Feuchtigkeit wie K\u00fcchen und B\u00e4der geeignet macht.\n<\/p>\n<p><\/p>\n<p><b>4. k\u00f6nnen Aluminiumprofile mit anderen Materialien verwendet werden?<\/b><\/p>\n<p>Ja, sie sind so konzipiert, dass sie mit Glas, Holz, Acryl oder anderen Paneelmaterialien kombiniert werden k\u00f6nnen und so ein vielseitiges Schrankdesign erm\u00f6glichen.\n<\/p>\n<p><\/p>\n<p><b>Sind diese Profile leicht zu installieren?<\/b><\/p>\n<p>Auf jeden Fall sind sie leicht und lassen sich modular zusammenbauen, was den Installationsprozess vereinfacht.\n<\/p>\n<p><\/p>\n<p><b>6. welche Oberfl\u00e4chen gibt es f\u00fcr Aluminiumprofile im Schrank?<\/b><\/p>\n<p>Zu den g\u00e4ngigen Oberfl\u00e4chen geh\u00f6ren eloxierte, geb\u00fcrstete, matte und pulverbeschichtete Optionen f\u00fcr \u00e4sthetische Vielfalt.\n<\/p>\n<p><\/p>\n<p><b>7. kann ich Aluminiumprofile f\u00fcr den Schrank anpassen?<\/b><\/p>\n<p>Ja, Profile k\u00f6nnen in Form, Gr\u00f6\u00dfe, Farbe und Ausf\u00fchrung auf spezifische Design- oder OEM-Anforderungen zugeschnitten werden.\n<\/p>\n<p><\/p>\n<p><b>8. ist Aluminium ein umweltfreundliches Material f\u00fcr Schr\u00e4nke?<\/b><\/p>\n<p>Ja, Aluminium ist 100% recycelbar und unterst\u00fctzt nachhaltige Einrichtungspraktiken.\n<\/p>\n<p><\/p>","protected":false},"featured_media":7319,"template":"","categories":[67],"class_list":["post-7320","product","type-product","status-publish","has-post-thumbnail","hentry","category-architectural-aluminium-profile"],"meta_box":{"hilight_text_group":{"product_hilight_text":"<li>Durable aluminum construction ensures long-lasting cabinet structure<\/li>\r\r\n<li>Lightweight profile allows for easy handling and installation<\/li>\r\r\n<li>Corrosion-resistant surface finish ideal for kitchen and bathroom use<\/li>\r\r\n<li>Modern design enhances the appearance of furniture and interiors<\/li>\r\r\n<li>Compatible with glass, wood, or acrylic panel integration<\/li>\r\r\n<li>Customizable sizes, colors, and finishes to match cabinet designs<\/li>\r\r\n<li>Low maintenance and eco-friendly recyclable material<\/li>","product_chanpin_blog":"<ul>\r\r\n<li><a href=\"https:\/\/sinoextrud.com\/t-slot-v-slot-differences\/\" target=\"_blank\">t slot vs v slot<\/a><\/li>\r\r\n<li><a href=\"https:\/\/sinoextrud.com\/what-is-4040-aluminium-extrud\/\" target=\"_blank\">4040 aluminium extrusion<\/a><\/li>\r\r\n<li><a href=\"https:\/\/sinoextrud.com\/what-is-4040-aluminium-extrud\/\" target=\"_blank\">aluminum extrusions for industrial racks<\/a><\/li>\r\r\n<li><a href=\"https:\/\/sinoextrud.com\/powder-coating-aluminium-process\/\" target=\"_blank\">powder coating aluminium<\/a><\/li>\r\r\n<li><a href=\"https:\/\/sinoextrud.com\/what-is-an-aluminium-strip-ceiling\/\" target=\"_blank\">aluminium strip ceiling<\/a><\/li>\r\r\n<li><a href=\"https:\/\/sinoextrud.com\/what-is-a-heat-sink\/\" target=\"_blank\">what is a heat sink<\/a><\/li>\r\r\n<\/ul>","product_chanpin_chanpin":"<li><a href=\"https:\/\/sinoextrud.com\/product\/aluminum-profile-for-tent\/\" target=\"_blank\">Aluminum profile for tent<\/a><\/li>\r\n<li><a href=\"https:\/\/sinoextrud.com\/product\/aluminium-profile-quarter-round-bar\/\" target=\"_blank\">Aluminium Profile Quarter Round Bar<\/a><\/li>\r\n<li><a href=\"https:\/\/sinoextrud.com\/product\/china-aluminum-angle-bar-alloy-profile\/\" target=\"_blank\">China Aluminum Angle Bar Alloy Profile<\/a><\/li>\r\n<li><a href=\"https:\/\/sinoextrud.com\/product\/aluminium-profile-structure\/\" target=\"_blank\">Aluminium Profile Structure<\/a><\/li>\r\n<li><a href=\"https:\/\/sinoextrud.com\/product\/cabinet-aluminum-profile\/\" target=\"_blank\">Cabinet Aluminum Profile<\/a><\/li>\r\n<li><a href=\"https:\/\/sinoextrud.com\/product\/square-aluminum-tubing-with-anodized-mill-finish-polishing-treatment\/\" target=\"_blank\">Square Aluminum Tubing With Anodized Mill Finish Polishing Treatment<\/a><\/li>\r\n<li><a href=\"https:\/\/sinoextrud.com\/product\/roller-blind-aluminium-profiles\/\" target=\"_blank\">Roller blind aluminium profiles<\/a><\/li>\r\n<li><a href=\"https:\/\/sinoextrud.com\/product\/outdoor-aluminium-sun-shutters-louvres-system\/\" target=\"_blank\">Outdoor aluminium sun shutters( louvres) system<\/a><\/li>\r\n<li><a href=\"https:\/\/sinoextrud.com\/product\/anodized-and-powder-coated-t-slotted-aluminum-extrusion\/\" target=\"_blank\">Anodized and Powder Coated T-Slotted Aluminum Extrusion<\/a><\/li>\r\n<li><a href=\"https:\/\/sinoextrud.com\/product\/aluminum-light-box-extrusion\/\" target=\"_blank\">Aluminum Light Box Extrusion<\/a><\/li>\r\n<li><a href=\"https:\/\/sinoextrud.com\/product\/aluminum-extrusion-aluminum-roof-rack-profiles\/\" target=\"_blank\">Aluminum Extrusion Aluminum Roof Rack Profiles<\/a><\/li>"},"feature_list":[]},"_links":{"self":[{"href":"https:\/\/sinoextrud.com\/de\/wp-json\/wp\/v2\/product\/7320","targetHints":{"allow":["GET"]}}],"collection":[{"href":"https:\/\/sinoextrud.com\/de\/wp-json\/wp\/v2\/product"}],"about":[{"href":"https:\/\/sinoextrud.com\/de\/wp-json\/wp\/v2\/types\/product"}],"wp:featuredmedia":[{"embeddable":true,"href":"https:\/\/sinoextrud.com\/de\/wp-json\/wp\/v2\/media\/7319"}],"wp:attachment":[{"href":"https:\/\/sinoextrud.com\/de\/wp-json\/wp\/v2\/media?parent=7320"}],"wp:term":[{"taxonomy":"category","embeddable":true,"href":"https:\/\/sinoextrud.com\/de\/wp-json\/wp\/v2\/categories?post=7320"}],"curies":[{"name":"wp","href":"https:\/\/api.w.org\/{rel}","templated":true}]}}