{"id":7310,"date":"2025-06-07T02:49:11","date_gmt":"2025-06-07T02:49:11","guid":{"rendered":"https:\/\/sinoextrud.com\/product\/aluminium-profile-frame-for-fly-screen\/"},"modified":"2025-06-24T06:12:30","modified_gmt":"2025-06-24T06:12:30","slug":"aluminiumprofilrahmen-fur-fliegengitter","status":"publish","type":"product","link":"https:\/\/sinoextrud.com\/de\/product\/aluminium-profile-frame-for-fly-screen\/","title":{"rendered":"Aluminiumprofilrahmen f\u00fcr Fliegengitter"},"content":{"rendered":"<h2>Produkte Details<\/h2>\n<table class=\"custom-table\">\n<tbody>\n<tr>\n<td> 1<\/td>\n<td> Markenname<\/td>\n<td> Sinoextrud<\/td>\n<\/tr>\n<tr>\n<td> 2<\/td>\n<td> Material<\/td>\n<td> Legierung 6063<\/td>\n<\/tr>\n<tr>\n<td> 3<\/td>\n<td> Temperament<\/td>\n<td> T5<\/td>\n<\/tr>\n<tr>\n<td> 4<\/td>\n<td> Zertifikat<\/td>\n<td> ISO9001, ISO14001<\/td>\n<\/tr>\n<tr>\n<td> 5<\/td>\n<td> F\u00e4higkeit<\/td>\n<td> Jahresproduktion 200.000 Tonnen<\/td>\n<\/tr>\n<tr>\n<td> 6<\/td>\n<td> Farbe<\/td>\n<td> Kundenspezifisch verf\u00fcgbar<\/td>\n<\/tr>\n<tr>\n<td> 7<\/td>\n<td> L\u00e4nge<\/td>\n<td> Weniger als 7,2 m<\/td>\n<\/tr>\n<tr>\n<td> 8<\/td>\n<td> Dicke<\/td>\n<td> \u00dcber 1,2 mm<\/td>\n<\/tr>\n<tr>\n<td> 9<\/td>\n<td> Oberfl\u00e4che<\/td>\n<td> Walzoberfl\u00e4che, Eloxieren, Elektrophorese, Pulverbeschichtung, Holzmaserung, Fluorkohlenstoffbeschichtung, usw.<\/td>\n<\/tr>\n<tr>\n<td> 10<\/td>\n<td> Anmeldung<\/td>\n<td> Fenster- und T\u00fcrprofile, Gel\u00e4nder, Vorhangfassaden<\/td>\n<\/tr>\n<tr>\n<td> 11<\/td>\n<td> Hafen laden<\/td>\n<td> Hafen Shanghai<\/td>\n<\/tr>\n<tr>\n<td> 12<\/td>\n<td> Zahlung<\/td>\n<td> T\/T oder L\/C bei Sicht<\/td>\n<\/tr>\n<tr>\n<td> 13<\/td>\n<td> Paket<\/td>\n<td> 1. schrumpffolienpaket<br \/>\n2. nach Kundenwunsch.<\/td>\n<\/tr>\n<tr>\n<td> 14<\/td>\n<td> Lieferung<\/td>\n<td> 20-30 Tage nach der Anzahlung<\/td>\n<\/tr>\n<tr>\n<td> 15<\/td>\n<td> Reihenfolge der Bestellung<\/td>\n<td> 1. Best\u00e4tigen Sie die Zeichnungen, die Oberfl\u00e4chenbehandlung und den Preis;<br \/>\n2. Bezahlen Sie die Formgeb\u00fchr und wir beginnen mit der Herstellung der Formen;<br \/>\n3. Wir senden Ihnen Muster f\u00fcr Ihre Best\u00e4tigung;<br \/>\n4. Machen Sie die Zahlung von 30% Kaution, die Produktion zu starten;<\/td>\n<\/tr>\n<\/tbody>\n<\/table>\n<h2>Unsere Produktionsbasis<\/h2>\n<h3>Fabrik-Panorama<\/h3>\n<p><img decoding=\"async\" src=\"\/wp-content\/uploads\/factory-01.webp\"\/><\/p>\n<h3>Werkstatt zur Herstellung von Aluminiumstangen<\/h3>\n<p><img decoding=\"async\" src=\"\/wp-content\/uploads\/factory-02.webp\"\/><\/p>\n<\/p>\n<p><img decoding=\"async\" src=\"\/wp-content\/uploads\/factory-03.webp\"\/><\/p>\n<h3>Lagerhaus f\u00fcr Formen<\/h3>\n<p><img decoding=\"async\" src=\"\/wp-content\/uploads\/factory-04.webp\"\/><\/p>\n<h3>43 Aluminium-Strangpressanlagen (500\u00e2\u20ac\"5500 Tonnen)<\/h3>\n<p><img decoding=\"async\" src=\"\/wp-content\/uploads\/factory-05.webp\"\/><\/p>\n<p><img decoding=\"async\" src=\"\/wp-content\/uploads\/factory-06.webp\"\/><\/p>\n<p><img decoding=\"async\" src=\"\/wp-content\/uploads\/factory-07.webp\"\/><\/p>\n<h3>Werkstatt f\u00fcr Pulverbeschichtung<\/h3>\n<p><img decoding=\"async\" src=\"\/wp-content\/uploads\/factory-09.webp\"\/><\/p>\n<h3>Eloxal-Werkstatt<\/h3>\n<p><img decoding=\"async\" src=\"\/wp-content\/uploads\/factory-10.webp\"\/><\/p>\n<h3>Workshop zur Tiefenverarbeitung<\/h3>\n<p><img decoding=\"async\" src=\"\/wp-content\/uploads\/factory-11.webp\"\/><\/p>\n<h3>CNC-Pr\u00e4zisionsbearbeitungswerkstatt<\/h3>\n<p><img decoding=\"async\" src=\"\/wp-content\/uploads\/factory-11.5.webp\"\/><\/p>\n<h3>Lager f\u00fcr Fertigprodukte und Export<\/h3>\n<p><img decoding=\"async\" src=\"\/wp-content\/uploads\/factory-12.webp\"\/><\/p>\n<p><img decoding=\"async\" src=\"\/wp-content\/uploads\/factory-13.webp\"\/><\/p>\n<p><img decoding=\"async\" src=\"\/wp-content\/uploads\/factory-14.webp\"\/><\/p>\n<h2>FAQ<\/h2>\n<p><b>1. was ist ein Aluminiumprofilrahmen f\u00fcr Fliegengitter?<\/b><\/p>\n<p>Es handelt sich um einen haltbaren und leichten Aluminiumrahmen, der zur Befestigung von Insektenschutzgittern an Fenstern und T\u00fcren verwendet wird.\n<\/p>\n<p><\/p>\n<p><b>2. warum Aluminiumrahmen f\u00fcr Fliegengitter w\u00e4hlen?<\/b><\/p>\n<p>Aluminium bietet eine hervorragende Korrosionsbest\u00e4ndigkeit, ein geringes Gewicht und eine lange Lebensdauer, was es ideal f\u00fcr den langfristigen Einsatz von Fliegengittern macht.\n<\/p>\n<p><\/p>\n<p><b>3. k\u00f6nnen Aluminium-Fliegengitterrahmen angepasst werden?<\/b><\/p>\n<p>Ja, sie k\u00f6nnen in Bezug auf Abmessungen, Querschnittsform, Farbe und Oberfl\u00e4chenbehandlung f\u00fcr verschiedene Installationen angepasst werden.\n<\/p>\n<p><\/p>\n<p><b>4. sind diese Rahmen f\u00fcr Au\u00dfenanwendungen geeignet?<\/b><\/p>\n<p>Die korrosionsbest\u00e4ndigen Eigenschaften von Aluminium machen die Rahmen ideal f\u00fcr den Einsatz im Freien bei Regen, Sonne und Feuchtigkeit.\n<\/p>\n<p><\/p>\n<p><b>5) Welche Arten von Geweben sind mit Aluminium-Fliegengitterrahmen kompatibel?<\/b><\/p>\n<p>Sie sind je nach Anwendungsfall mit Glasfaser-, Aluminium-, Edelstahl- und Polyestergeweben kompatibel.\n<\/p>\n<p><\/p>\n<p><b>6. ist es einfach, Fliegengitterrahmen aus Aluminium zu installieren?<\/b><\/p>\n<p>Ja, die Profile lassen sich leicht zuschneiden und mit Standardwerkzeugen und Eckverbindern schnell montieren.\n<\/p>\n<p><\/p>\n<p><b>7) M\u00fcssen Aluminiumprofilrahmen regelm\u00e4\u00dfig gewartet werden?<\/b><\/p>\n<p>Nein, sie sind pflegeleicht und m\u00fcssen nur gelegentlich gereinigt werden, um ihr Aussehen und ihre Funktion zu erhalten.\n<\/p>\n<p><\/p>","protected":false},"featured_media":7309,"template":"","categories":[67],"class_list":["post-7310","product","type-product","status-publish","has-post-thumbnail","hentry","category-architectural-aluminium-profile"],"meta_box":{"hilight_text_group":{"product_hilight_text":"<li>Lightweight yet strong aluminum profile ensures long-lasting fly screen support<\/li>\r\r\n<li>Corrosion-resistant surface suitable for indoor and outdoor environments<\/li>\r\r\n<li>Compatible with various mesh types for insect protection and ventilation<\/li>\r\r\n<li>Easy to cut, assemble, and install with standard accessories<\/li>\r\r\n<li>Customizable sizes, colors, and finishes to match window and door designs<\/li>\r\r\n<li>Low maintenance and weather-resistant for reliable performance<\/li>","product_chanpin_blog":"<ul>\r\r\n<li><a href=\"https:\/\/sinoextrud.com\/t-slot-v-slot-differences\/\" target=\"_blank\">t slot vs v slot<\/a><\/li>\r\r\n<li><a href=\"https:\/\/sinoextrud.com\/what-is-4040-aluminium-extrud\/\" target=\"_blank\">4040 aluminium extrusion<\/a><\/li>\r\r\n<li><a href=\"https:\/\/sinoextrud.com\/what-is-4040-aluminium-extrud\/\" target=\"_blank\">aluminum extrusions for industrial racks<\/a><\/li>\r\r\n<li><a href=\"https:\/\/sinoextrud.com\/powder-coating-aluminium-process\/\" target=\"_blank\">powder coating aluminium<\/a><\/li>\r\r\n<li><a href=\"https:\/\/sinoextrud.com\/what-is-an-aluminium-strip-ceiling\/\" target=\"_blank\">aluminium strip ceiling<\/a><\/li>\r\r\n<li><a href=\"https:\/\/sinoextrud.com\/what-is-a-heat-sink\/\" target=\"_blank\">what is a heat sink<\/a><\/li>\r\r\n<\/ul>","product_chanpin_chanpin":"<li><a href=\"https:\/\/sinoextrud.com\/product\/aluminum-profile-extrusion-of-heatsink-sections-for-sale\/\" target=\"_blank\">Aluminum Profile Extrusion Of Heatsink Sections For Sale<\/a><\/li>\r\n<li><a href=\"https:\/\/sinoextrud.com\/product\/customized-ome-aluminium-profile-extruded-with-the-anodized-black-champage-silver-white-and-blasted-treatment\/\" target=\"_blank\">Customized OME Aluminium Profile Extruded With The Anodized Black Champage Silver White And Blasted Treatment<\/a><\/li>\r\n<li><a href=\"https:\/\/sinoextrud.com\/product\/aluminum-profile-windows-and-door-powder-coated-sliding-way\/\" target=\"_blank\">aluminum profile windows and door powder coated sliding way<\/a><\/li>\r\n<li><a href=\"https:\/\/sinoextrud.com\/product\/aluminium-profile-for-wardrobe-sliding-door-frame\/\" target=\"_blank\">Aluminium Profile For Wardrobe Sliding Door Frame<\/a><\/li>\r\n<li><a href=\"https:\/\/sinoextrud.com\/product\/aluminium-profile-frame-for-fly-screen\/\" target=\"_blank\">Aluminium Profile Frame For Fly Screen<\/a><\/li>\r\n<li><a href=\"https:\/\/sinoextrud.com\/product\/aluminum-profile-for-tent\/\" target=\"_blank\">Aluminum profile for tent<\/a><\/li>\r\n<li><a href=\"https:\/\/sinoextrud.com\/product\/aluminium-profile-quarter-round-bar\/\" target=\"_blank\">Aluminium Profile Quarter Round Bar<\/a><\/li>\r\n<li><a href=\"https:\/\/sinoextrud.com\/product\/china-aluminum-angle-bar-alloy-profile\/\" target=\"_blank\">China Aluminum Angle Bar Alloy Profile<\/a><\/li>\r\n<li><a href=\"https:\/\/sinoextrud.com\/product\/aluminium-profile-structure\/\" target=\"_blank\">Aluminium Profile Structure<\/a><\/li>\r\n<li><a href=\"https:\/\/sinoextrud.com\/product\/aluminium-extrusion-case\/\" target=\"_blank\">Aluminium Extrusion Case<\/a><\/li>\r\n<li><a href=\"https:\/\/sinoextrud.com\/product\/aluminum-extrusion-industry-modular-components-profile\/\" target=\"_blank\">Aluminum Extrusion Industry Modular Components Profile<\/a><\/li>"},"feature_list":[]},"_links":{"self":[{"href":"https:\/\/sinoextrud.com\/de\/wp-json\/wp\/v2\/product\/7310","targetHints":{"allow":["GET"]}}],"collection":[{"href":"https:\/\/sinoextrud.com\/de\/wp-json\/wp\/v2\/product"}],"about":[{"href":"https:\/\/sinoextrud.com\/de\/wp-json\/wp\/v2\/types\/product"}],"wp:featuredmedia":[{"embeddable":true,"href":"https:\/\/sinoextrud.com\/de\/wp-json\/wp\/v2\/media\/7309"}],"wp:attachment":[{"href":"https:\/\/sinoextrud.com\/de\/wp-json\/wp\/v2\/media?parent=7310"}],"wp:term":[{"taxonomy":"category","embeddable":true,"href":"https:\/\/sinoextrud.com\/de\/wp-json\/wp\/v2\/categories?post=7310"}],"curies":[{"name":"wp","href":"https:\/\/api.w.org\/{rel}","templated":true}]}}