{"id":7290,"date":"2025-06-06T04:08:19","date_gmt":"2025-06-06T04:08:19","guid":{"rendered":"https:\/\/sinoextrud.com\/product\/powder-coating-aluminium-roller-shutter-profile\/"},"modified":"2025-06-24T06:12:26","modified_gmt":"2025-06-24T06:12:26","slug":"pulverbeschichtung-aluminium-rollladenprofil","status":"publish","type":"product","link":"https:\/\/sinoextrud.com\/de\/product\/powder-coating-aluminium-roller-shutter-profile\/","title":{"rendered":"Pulverbeschichtung Aluminium Rollladenprofil"},"content":{"rendered":"<h2>Produkte Details<\/h2>\n<table class=\"custom-table\">\n<tr>\n<td class=\"label\">Aluminium Typ<\/td>\n<td>Kundenspezifisches Aluminium-Rollladenprofil\/Pulverbeschichtung Aluminium-Rollladenprofil<\/td>\n<\/tr>\n<tr>\n<td class=\"label\">Klasse<\/td>\n<td>6063 ODER 6061<\/td>\n<\/tr>\n<tr>\n<td class=\"label\">Temperament<\/td>\n<td>T5<\/td>\n<\/tr>\n<tr>\n<td class=\"label\">Oberfl\u00e4chenbehandlung<\/td>\n<td>1- M\u00fchle fertig<br \/>\n2-Pulverbeschichtung: Bronze, Schwarz, Wei\u00df, etc.<br \/>\n3-Eloxiert: Silber, Bronze, Gold, Champagner, etc.<br \/>\n4-Elektrophoretische Oxidation: Silber, Bronze, Gold, Champagner, usw.<br \/>\n* Kundenspezifischer Farbton wird bereitgestellt<\/td>\n<\/tr>\n<tr>\n<td class=\"label\">Merkmal<\/td>\n<td>1 hohe Helligkeit und H\u00e4rte<br \/>\n2 starke Haftung der Beschichtung<br \/>\n3 Anti-Kratzer, Glattheit<br \/>\n4 hohe Witterungsbest\u00e4ndigkeit, hohe Korrosionsbest\u00e4ndigkeit, gute Verschlei\u00dffestigkeit<\/td>\n<\/tr>\n<tr>\n<td class=\"label\">Standard-Verpackung<\/td>\n<td>1- PE-Schutzfolie f\u00fcr jeden PC, PE-Schrumpffolie f\u00fcr jedes B\u00fcndel<br \/>\n2- Kundenspezifische Verpackungsanforderungen<\/td>\n<\/tr>\n<tr>\n<td class=\"label\">Zertifizierung<\/td>\n<td>1- ISO9001<br \/>\n2- SGS<br \/>\n3- TUV<br \/>\n4- Andere Zertifikate, die Kunden ben\u00f6tigen.<\/td>\n<\/tr>\n<tr>\n<td class=\"label\">MOQ<\/td>\n<td>1 Tonne F\u00fcr Oen Artikel.<br \/>\nAndernfalls m\u00fcssen Sie eine zus\u00e4tzliche Geb\u00fchr (45 USD) f\u00fcr kleine Mengen zahlen.<\/td>\n<\/tr>\n<tr>\n<td class=\"label\">Produktvorteil<\/td>\n<td>1. Eine Vielzahl von Oberfl\u00e4chenbehandlungen f\u00fcr Ihre Wahl, zum Beispiel Oxidation, Elektrophorese und Pulverbeschichtung, etc.<br \/>\n2. Strenge Kontrolle f\u00fcr Oberfl\u00e4cheng\u00fcte, sehr wenig Kratzer.<br \/>\n3. Genaue Form als auch genaue Gr\u00f6\u00dfe.<br \/>\n4. Standard-Legierungszusammensetzung<br \/>\n5. Die beiden Enden der Profile sind sehr glatt und ohne Grat.<\/td>\n<\/tr>\n<\/table>\n<h2>Unsere Produktionsbasis<\/h2>\n<h3>Fabrik-Panorama<\/h3>\n<p><img decoding=\"async\" src=\"\/wp-content\/uploads\/factory-01.webp\"\/><\/p>\n<h3>Werkstatt zur Herstellung von Aluminiumstangen<\/h3>\n<p><img decoding=\"async\" src=\"\/wp-content\/uploads\/factory-02.webp\"\/><\/p>\n<p><img decoding=\"async\" src=\"\/wp-content\/uploads\/factory-03.webp\"\/><\/p>\n<h3>Lagerhaus f\u00fcr Formen<\/h3>\n<p><img decoding=\"async\" src=\"\/wp-content\/uploads\/factory-04.webp\"\/><\/p>\n<h3>43 Aluminium-Strangpressanlagen (500-5500 Tonnen)<\/h3>\n<p><img decoding=\"async\" src=\"\/wp-content\/uploads\/factory-05.webp\"\/><\/p>\n<p><img decoding=\"async\" src=\"\/wp-content\/uploads\/factory-06.webp\"\/><\/p>\n<p><img decoding=\"async\" src=\"\/wp-content\/uploads\/factory-07.webp\"\/><\/p>\n<h3>Werkstatt f\u00fcr Pulverbeschichtung<\/h3>\n<p><img decoding=\"async\" src=\"\/wp-content\/uploads\/factory-09.webp\"\/><\/p>\n<h3>Eloxal-Werkstatt<\/h3>\n<p><img decoding=\"async\" src=\"\/wp-content\/uploads\/factory-10.webp\"\/><\/p>\n<h3>Workshop zur Tiefenverarbeitung<\/h3>\n<p><img decoding=\"async\" src=\"\/wp-content\/uploads\/factory-11.webp\"\/><\/p>\n<h3>CNC-Pr\u00e4zisionsbearbeitungswerkstatt<\/h3>\n<p><img decoding=\"async\" src=\"\/wp-content\/uploads\/factory-11.5.webp\"\/><\/p>\n<h3>Lager f\u00fcr Fertigprodukte und Export<\/h3>\n<p><img decoding=\"async\" src=\"\/wp-content\/uploads\/factory-12.webp\"\/><\/p>\n<p><img decoding=\"async\" src=\"\/wp-content\/uploads\/factory-13.webp\"\/><\/p>\n<p><img decoding=\"async\" src=\"\/wp-content\/uploads\/factory-14.webp\"\/><\/p>\n<h2>FAQ<\/h2>\n<p><p><b>1. was ist ein pulverbeschichtetes Aluminium-Rollladenprofil?<\/b><\/p>\n<p>Es handelt sich um ein stranggepresstes Aluminiumprofil, das mit einer dauerhaften Pulverbeschichtung versehen ist und speziell f\u00fcr den Einsatz in Rollladensystemen entwickelt wurde.<br \/>\n<\/p><br \/>\n<br \/>\n<p><b>2. warum pulverbeschichtetes Aluminium f\u00fcr Rolll\u00e4den w\u00e4hlen?<\/b><\/p>\n<p>Die Pulverbeschichtung verbessert die Witterungsbest\u00e4ndigkeit, verhindert Rost und sorgt f\u00fcr eine lang anhaltende Farbbest\u00e4ndigkeit, ideal f\u00fcr den Einsatz von Fensterl\u00e4den im Freien.<br \/>\n<\/p><br \/>\n<br \/>\n<p><b>3. ist die pulverbeschichtete Oberfl\u00e4che kratzfest?<\/b><\/p>\n<p>Ja, die Pulverbeschichtung bildet eine widerstandsf\u00e4hige Schutzschicht, die Kratzern, Absplitterungen und Ausbleichen widersteht.<br \/>\n<\/p><br \/>\n<br \/>\n<p><b>4. k\u00f6nnen diese Profile in Gr\u00f6\u00dfe und Farbe angepasst werden?<\/b><\/p>\n<p>Nat\u00fcrlich sind sie in verschiedenen Abmessungen, Formen und RAL-Farben erh\u00e4ltlich, um den spezifischen Projektanforderungen gerecht zu werden.<br \/>\n<\/p><br \/>\n<br \/>\n<p><b>5) Sind pulverbeschichtete Aluminiumprofile f\u00fcr K\u00fcstengebiete oder feuchte Gebiete geeignet?<\/b><\/p>\n<p>Ja, die Beschichtung bietet eine hervorragende Best\u00e4ndigkeit gegen Salz, Feuchtigkeit und raue Wetterbedingungen.<br \/>\n<\/p><br \/>\n<br \/>\n<p><b>6) M\u00fcssen pulverbeschichtete Rollladenprofile gewartet werden?<\/b><\/p>\n<p>Der Pflegeaufwand ist minimal - eine gelegentliche Reinigung mit milder Seife und Wasser gen\u00fcgt.<br \/>\n<\/p><br \/>\n<br \/>\n<p><b>7. welche g\u00e4ngigen Anwendungen gibt es f\u00fcr diese Profile?<\/b><\/p>\n<p>Sie werden in Wohnh\u00e4usern, an Gesch\u00e4ftsfassaden, in Lagerh\u00e4usern und Industrieanlagen zur Sicherheit und Beschattung eingesetzt.<br \/>\n<\/p><br \/>\n<br \/>\n<p><b>8. ist die Pulverbeschichtung umweltfreundlich?<\/b><\/p>\n<p>Ja, die Pulverbeschichtung ist l\u00f6sungsmittelfrei, erzeugt nur wenig Abfall und gilt als umweltfreundliches Veredelungsverfahren.<br \/>\n<\/p><br \/><\/p>","protected":false},"featured_media":7289,"template":"","categories":[67],"class_list":["post-7290","product","type-product","status-publish","has-post-thumbnail","hentry","category-architectural-aluminium-profile"],"meta_box":{"hilight_text_group":{"product_hilight_text":"<li>Powder-coated surface provides excellent corrosion and UV resistance<\/li>\r\r\n<li>Durable aluminum structure ensures long-lasting performance<\/li>\r\r\n<li>Lightweight profile allows for smooth roller shutter operation<\/li>\r\r\n<li>Available in a wide range of colors and finishes for aesthetic flexibility<\/li>\r\r\n<li>Low maintenance and easy to clean surface treatment<\/li>\r\r\n<li>Customizable dimensions for residential, commercial, and industrial use<\/li>\r\r\n<li>Enhances security, insulation, and privacy in modern buildings<\/li>","product_chanpin_blog":"<ul>\r\r\n<li><a href=\"https:\/\/sinoextrud.com\/t-slot-v-slot-differences\/\" target=\"_blank\">t slot vs v slot<\/a><\/li>\r\r\n<li><a href=\"https:\/\/sinoextrud.com\/what-is-4040-aluminium-extrud\/\" target=\"_blank\">4040 aluminium extrusion<\/a><\/li>\r\r\n<li><a href=\"https:\/\/sinoextrud.com\/what-is-4040-aluminium-extrud\/\" target=\"_blank\">aluminum extrusions for industrial racks<\/a><\/li>\r\r\n<li><a href=\"https:\/\/sinoextrud.com\/powder-coating-aluminium-process\/\" target=\"_blank\">powder coating aluminium<\/a><\/li>\r\r\n<li><a href=\"https:\/\/sinoextrud.com\/what-is-an-aluminium-strip-ceiling\/\" target=\"_blank\">aluminium strip ceiling<\/a><\/li>\r\r\n<li><a href=\"https:\/\/sinoextrud.com\/what-is-a-heat-sink\/\" target=\"_blank\">what is a heat sink<\/a><\/li>\r\r\n<\/ul>","product_chanpin_chanpin":"<li><a href=\"https:\/\/sinoextrud.com\/product\/aluminium-extrusion-sections\/\" target=\"_blank\">Aluminium Extrusion Sections<\/a><\/li>\r\n<li><a href=\"https:\/\/sinoextrud.com\/product\/types-of-aluminum-profiles\/\" target=\"_blank\">Types Of Aluminum Profiles<\/a><\/li>\r\n<li><a href=\"https:\/\/sinoextrud.com\/product\/aluminium-fabrication\/\" target=\"_blank\">Aluminium Fabrication<\/a><\/li>\r\n<li><a href=\"https:\/\/sinoextrud.com\/product\/aluminium-profile-for-window\/\" target=\"_blank\">Aluminium Profile For Window<\/a><\/li>\r\n<li><a href=\"https:\/\/sinoextrud.com\/product\/powder-coating-aluminium-roller-shutter-profile\/\" target=\"_blank\">Powder Coating Aluminium Roller shutter Profile<\/a><\/li>\r\n<li><a href=\"https:\/\/sinoextrud.com\/product\/aluminium-furniture\/\" target=\"_blank\">Aluminium Furniture<\/a><\/li>\r\n<li><a href=\"https:\/\/sinoextrud.com\/product\/aluminium-glass-fitting-channel\/\" target=\"_blank\">Aluminium Glass Fitting Channel<\/a><\/li>\r\n<li><a href=\"https:\/\/sinoextrud.com\/product\/aluminum-price-per-pound\/\" target=\"_blank\">Aluminum Price Per Pound<\/a><\/li>\r\n<li><a href=\"https:\/\/sinoextrud.com\/product\/aluminum-profile-extrusion-of-heatsink-sections-for-sale\/\" target=\"_blank\">Aluminum Profile Extrusion Of Heatsink Sections For Sale<\/a><\/li>\r\n<li><a href=\"https:\/\/sinoextrud.com\/product\/aluminum-pipe-handrail\/\" target=\"_blank\">Aluminum Pipe Handrail<\/a><\/li>\r\n<li><a href=\"https:\/\/sinoextrud.com\/product\/aluminum-extrusion-heat-profiles-sink\/\" target=\"_blank\">Aluminum Extrusion Heat Profiles Sink<\/a><\/li>"},"feature_list":[]},"_links":{"self":[{"href":"https:\/\/sinoextrud.com\/de\/wp-json\/wp\/v2\/product\/7290","targetHints":{"allow":["GET"]}}],"collection":[{"href":"https:\/\/sinoextrud.com\/de\/wp-json\/wp\/v2\/product"}],"about":[{"href":"https:\/\/sinoextrud.com\/de\/wp-json\/wp\/v2\/types\/product"}],"wp:featuredmedia":[{"embeddable":true,"href":"https:\/\/sinoextrud.com\/de\/wp-json\/wp\/v2\/media\/7289"}],"wp:attachment":[{"href":"https:\/\/sinoextrud.com\/de\/wp-json\/wp\/v2\/media?parent=7290"}],"wp:term":[{"taxonomy":"category","embeddable":true,"href":"https:\/\/sinoextrud.com\/de\/wp-json\/wp\/v2\/categories?post=7290"}],"curies":[{"name":"wp","href":"https:\/\/api.w.org\/{rel}","templated":true}]}}