{"id":7284,"date":"2025-06-06T04:01:45","date_gmt":"2025-06-06T04:01:45","guid":{"rendered":"https:\/\/sinoextrud.com\/product\/types-of-aluminum-profiles\/"},"modified":"2025-06-24T06:12:26","modified_gmt":"2025-06-24T06:12:26","slug":"arten-von-aluminiumprofilen","status":"publish","type":"product","link":"https:\/\/sinoextrud.com\/de\/product\/types-of-aluminum-profiles\/","title":{"rendered":"Arten von Aluminiumprofilen"},"content":{"rendered":"<h2>Produkte Details<\/h2>\n<table class=\"custom-table\">\n<tr>\n<td class=\"label\">\nGegenstand\uff1a<\/td>\n<td>Arten von Aluminiumprofilen<\/td>\n<\/tr>\n<tr>\n<td class=\"label\">Material und Beschaffenheit:<\/td>\n<td> Legierung 6063, 6161, 6082, 6005<\/td>\n<\/tr>\n<tr>\n<td class=\"label\">Beendet:<\/td>\n<td> Fr\u00e4sen, Eloxieren, Pulverbeschichtung, Holzmaserung, Polieren<\/td>\n<\/tr>\n<tr>\n<td class=\"label\">Die Dicke:<\/td>\n<td> 1,0 mm und mehr<\/td>\n<\/tr>\n<tr>\n<td class=\"label\">Anwendung:<\/td>\n<td> Konstruktion Verwendung<\/td>\n<\/tr>\n<tr>\n<td class=\"label\">Vorlaufzeit:<\/td>\n<td> 20-25 Tage, zus\u00e4tzliche 10 Tage f\u00fcr die Formherstellung.<\/td>\n<\/tr>\n<tr>\n<td class=\"label\">MOQ:<\/td>\n<td> 200 Kilogramm pro Modell<\/td>\n<\/tr>\n<tr>\n<td class=\"label\">L\u00e4nge:<\/td>\n<td> 1-9M oder kundenspezifisch<\/td>\n<\/tr>\n<tr>\n<td class=\"label\">OEM:<\/td>\n<td> Verf\u00fcgbar. <\/td>\n<\/tr>\n<tr>\n<td class=\"label\">Beschreibung:<\/td>\n<td> Pailain Aluminium-Profil f\u00fcr unsere Kunden. Unser Profil hat sich in vielen Bereichen der Industrie durch Zuverl\u00e4ssigkeit und Flexibilit\u00e4t bew\u00e4hrt. Mit verschiedenen M\u00f6glichkeiten der Oberfl\u00e4chenbehandlung ist das Aluminiumprofil heute f\u00fcr viele Anwendungen geeignet.<br \/>\nWenn Sie das von Ihnen gew\u00fcnschte Strangpressprofil nicht in unserem Katalog finden, wenden Sie sich an uns, um ein ma\u00dfgeschneidertes Aluminiumprofil zu erstellen, das genau Ihren Anforderungen entspricht.<\/td>\n<\/tr>\n<tr>\n<td class=\"label\">Lieferzeiten:<\/td>\n<td> innerhalb von 20-30 Tagen nach Erhalt Ihrer EinlagenVerpackungsdetails: Paket ist bis zu Kundenanforderung wie schrumpfen eingewickelt Film, Aufrollen Film, Handwerk Papier, pvc, ect.\uff0c<\/td>\n<\/tr>\n<tr>\n<td class=\"label\">Zahlungsbedingungen:<\/td>\n<td> T\/T (30% sollte vor der Produktion bezahlt werden, der Rest sollte vor dem Versand bezahlt werden).<\/td>\n<\/tr>\n<tr>\n<td class=\"label\">Lieferf\u00e4higkeit:<\/td>\n<td> 15.000Tonnen\/Monat<\/td>\n<\/tr>\n<tr>\n<td class=\"label\">Handelsbedingungen:<\/td>\n<td> FOB,CIF<\/td>\n<\/tr>\n<tr>\n<td class=\"label\">Hafen:<\/td>\n<td> SHENZHEN,GUANGZHOU<\/td>\n<\/tr>\n<\/table>\n<h2>Unsere Produktionsbasis<\/h2>\n<h3>Fabrik-Panorama<\/h3>\n<p><img decoding=\"async\" src=\"\/wp-content\/uploads\/factory-01.webp\"\/><\/p>\n<h3>Werkstatt zur Herstellung von Aluminiumstangen<\/h3>\n<p><img decoding=\"async\" src=\"\/wp-content\/uploads\/factory-02.webp\"\/><\/p>\n<\/p>\n<p><img decoding=\"async\" src=\"\/wp-content\/uploads\/factory-03.webp\"\/><\/p>\n<h3>Lagerhaus f\u00fcr Formen<\/h3>\n<p><img decoding=\"async\" src=\"\/wp-content\/uploads\/factory-04.webp\"\/><\/p>\n<h3>43 Aluminium-Strangpressanlagen (500-5500 Tonnen)<\/h3>\n<p><img decoding=\"async\" src=\"\/wp-content\/uploads\/factory-05.webp\"\/><\/p>\n<p><img decoding=\"async\" src=\"\/wp-content\/uploads\/factory-06.webp\"\/><\/p>\n<p><img decoding=\"async\" src=\"\/wp-content\/uploads\/factory-07.webp\"\/><\/p>\n<h3>Werkstatt f\u00fcr Pulverbeschichtung<\/h3>\n<p><img decoding=\"async\" src=\"\/wp-content\/uploads\/factory-09.webp\"\/><\/p>\n<h3>Eloxal-Werkstatt<\/h3>\n<p><img decoding=\"async\" src=\"\/wp-content\/uploads\/factory-10.webp\"\/><\/p>\n<h3>Workshop zur Tiefenverarbeitung<\/h3>\n<p><img decoding=\"async\" src=\"\/wp-content\/uploads\/factory-11.webp\"\/><\/p>\n<h3>CNC-Pr\u00e4zisionsbearbeitungswerkstatt<\/h3>\n<p><img decoding=\"async\" src=\"\/wp-content\/uploads\/factory-11.5.webp\"\/><\/p>\n<h3>Lager f\u00fcr Fertigprodukte und Export<\/h3>\n<p><img decoding=\"async\" src=\"\/wp-content\/uploads\/factory-12.webp\"\/><\/p>\n<p><img decoding=\"async\" src=\"\/wp-content\/uploads\/factory-13.webp\"\/><\/p>\n<p><img decoding=\"async\" src=\"\/wp-content\/uploads\/factory-14.webp\"\/><\/p>\n<h2>FAQ<\/h2>\n<p><b>1. was sind die verschiedenen Arten von Aluminiumprofilen?<\/b><\/p>\n<p>Zu den Arten von Aluminiumprofilen geh\u00f6ren T-Nut, U-Kanal, Winkel, Rohre, I-Tr\u00e4ger und kundenspezifische Strangpressprofile f\u00fcr strukturelle und dekorative Zwecke.\n<\/p>\n<p><\/p>\n<p><b>2 Warum ist es wichtig, den richtigen Aluminium-Profiltyp zu w\u00e4hlen?<\/b><\/p>\n<p>Jeder Profiltyp ist f\u00fcr bestimmte mechanische oder architektonische Funktionen ausgelegt und gew\u00e4hrleistet optimale Leistung und Kosteneffizienz.\n<\/p>\n<p><\/p>\n<p><b>3. wof\u00fcr wird ein T-Nut-Aluminiumprofil verwendet?<\/b><\/p>\n<p>T-Nut-Profile werden h\u00e4ufig in modularen Rahmensystemen, Arbeitspl\u00e4tzen, Maschinenschutzvorrichtungen und Automatisierungsrahmen verwendet.\n<\/p>\n<p><\/p>\n<p><b>4. wof\u00fcr werden U-Profile aus Aluminium verwendet?<\/b><\/p>\n<p>U-Profile werden in der Regel f\u00fcr Kantenschutz, Verkleidungen, Montageschienen und Einfassungen verwendet.\n<\/p>\n<p><\/p>\n<p><b>5. k\u00f6nnen Aluminiumprofile nach Typ angepasst werden?<\/b><\/p>\n<p>Ja, Profile k\u00f6nnen in kundenspezifischen Formen, Gr\u00f6\u00dfen und Oberfl\u00e4chenbehandlungen extrudiert werden, um die Design- und Leistungsanforderungen Ihres Projekts zu erf\u00fcllen.\n<\/p>\n<p><\/p>\n<p><b>6. sind die verschiedenen Arten von Aluminiumprofilen korrosionsbest\u00e4ndig?<\/b><\/p>\n<p>Nat\u00fcrlich sind die meisten Aluminiumprofile eloxiert oder pulverbeschichtet, um eine bessere Korrosionsbest\u00e4ndigkeit zu gew\u00e4hrleisten.\n<\/p>\n<p><\/p>\n<p><b>7. wie w\u00e4hle ich das richtige Aluminiumprofil f\u00fcr mein Projekt aus?<\/b><\/p>\n<p>Ber\u00fccksichtigen Sie bei der Wahl des Profiltyps die Tragf\u00e4higkeit, die Umgebungsbedingungen, die \u00e4sthetischen Anforderungen und die einfache Montage.\n<\/p>\n<p><\/p>\n<p><b>8. sind alle Aluminiumprofile recycelbar?<\/b><\/p>\n<p>Ja, alle Arten von Aluminiumprofilen sind 100% recycelbar, was sie zu einer nachhaltigen Wahl f\u00fcr verschiedene Branchen macht.\n<\/p>\n<p><\/p>","protected":false},"featured_media":7283,"template":"","categories":[67],"class_list":["post-7284","product","type-product","status-publish","has-post-thumbnail","hentry","category-architectural-aluminium-profile"],"meta_box":{"hilight_text_group":{"product_hilight_text":"<li>Wide variety of aluminum profiles for structural, decorative, and industrial use<\/li>\r\r\n<li>Each type designed for specific performance and aesthetic requirements<\/li>\r\r\n<li>Lightweight yet strong for efficient load-bearing applications<\/li>\r\r\n<li>Corrosion-resistant finishes available for indoor and outdoor use<\/li>\r\r\n<li>Customizable shapes and sizes to fit unique project needs<\/li>\r\r\n<li>Easy to assemble and machine for rapid integration into systems<\/li>\r\r\n<li>Eco-friendly material with full recyclability and long service life<\/li>","product_chanpin_blog":"<ul>\r\r\n<li><a href=\"https:\/\/sinoextrud.com\/t-slot-v-slot-differences\/\" target=\"_blank\">t slot vs v slot<\/a><\/li>\r\r\n<li><a href=\"https:\/\/sinoextrud.com\/what-is-4040-aluminium-extrud\/\" target=\"_blank\">4040 aluminium extrusion<\/a><\/li>\r\r\n<li><a href=\"https:\/\/sinoextrud.com\/what-is-4040-aluminium-extrud\/\" target=\"_blank\">aluminum extrusions for industrial racks<\/a><\/li>\r\r\n<li><a href=\"https:\/\/sinoextrud.com\/powder-coating-aluminium-process\/\" target=\"_blank\">powder coating aluminium<\/a><\/li>\r\r\n<li><a href=\"https:\/\/sinoextrud.com\/what-is-an-aluminium-strip-ceiling\/\" target=\"_blank\">aluminium strip ceiling<\/a><\/li>\r\r\n<li><a href=\"https:\/\/sinoextrud.com\/what-is-a-heat-sink\/\" target=\"_blank\">what is a heat sink<\/a><\/li>\r\r\n<\/ul>","product_chanpin_chanpin":"<li><a href=\"https:\/\/sinoextrud.com\/product\/aluminium-extrusion-handles-for-closet\/\" target=\"_blank\">Aluminium Extrusion Handles for Closet<\/a><\/li>\r\n<li><a href=\"https:\/\/sinoextrud.com\/product\/aluminium-extrusion-machining\/\" target=\"_blank\">Aluminium Extrusion Machining<\/a><\/li>\r\n<li><a href=\"https:\/\/sinoextrud.com\/product\/aluminum-price-per-ton\/\" target=\"_blank\">Aluminum Price Per Ton<\/a><\/li>\r\n<li><a href=\"https:\/\/sinoextrud.com\/product\/aluminium-extrusion-sections\/\" target=\"_blank\">Aluminium Extrusion Sections<\/a><\/li>\r\n<li><a href=\"https:\/\/sinoextrud.com\/product\/types-of-aluminum-profiles\/\" target=\"_blank\">Types Of Aluminum Profiles<\/a><\/li>\r\n<li><a href=\"https:\/\/sinoextrud.com\/product\/aluminium-fabrication\/\" target=\"_blank\">Aluminium Fabrication<\/a><\/li>\r\n<li><a href=\"https:\/\/sinoextrud.com\/product\/aluminium-profile-for-window\/\" target=\"_blank\">Aluminium Profile For Window<\/a><\/li>\r\n<li><a href=\"https:\/\/sinoextrud.com\/product\/powder-coating-aluminium-roller-shutter-profile\/\" target=\"_blank\">Powder Coating Aluminium Roller shutter Profile<\/a><\/li>\r\n<li><a href=\"https:\/\/sinoextrud.com\/product\/aluminium-furniture\/\" target=\"_blank\">Aluminium Furniture<\/a><\/li>\r\n<li><a href=\"https:\/\/sinoextrud.com\/product\/aluminum-tube-suppliers\/\" target=\"_blank\">Aluminum Tube Suppliers<\/a><\/li>\r\n<li><a href=\"https:\/\/sinoextrud.com\/product\/aluminum-t-shape-transition-tile-trim\/\" target=\"_blank\">Aluminum T Shape Transition Tile Trim<\/a><\/li>"},"feature_list":[]},"_links":{"self":[{"href":"https:\/\/sinoextrud.com\/de\/wp-json\/wp\/v2\/product\/7284","targetHints":{"allow":["GET"]}}],"collection":[{"href":"https:\/\/sinoextrud.com\/de\/wp-json\/wp\/v2\/product"}],"about":[{"href":"https:\/\/sinoextrud.com\/de\/wp-json\/wp\/v2\/types\/product"}],"wp:featuredmedia":[{"embeddable":true,"href":"https:\/\/sinoextrud.com\/de\/wp-json\/wp\/v2\/media\/7283"}],"wp:attachment":[{"href":"https:\/\/sinoextrud.com\/de\/wp-json\/wp\/v2\/media?parent=7284"}],"wp:term":[{"taxonomy":"category","embeddable":true,"href":"https:\/\/sinoextrud.com\/de\/wp-json\/wp\/v2\/categories?post=7284"}],"curies":[{"name":"wp","href":"https:\/\/api.w.org\/{rel}","templated":true}]}}