{"id":7278,"date":"2025-06-06T03:55:09","date_gmt":"2025-06-06T03:55:09","guid":{"rendered":"https:\/\/sinoextrud.com\/product\/aluminium-extrusion-machining\/"},"modified":"2025-06-24T06:12:25","modified_gmt":"2025-06-24T06:12:25","slug":"bearbeitung-von-aluminium-strangpressprofilen","status":"publish","type":"product","link":"https:\/\/sinoextrud.com\/de\/product\/aluminium-extrusion-machining\/","title":{"rendered":"Aluminium Strangpressen Bearbeitung"},"content":{"rendered":"<h2>Produkte Details<\/h2>\n<table class=\"custom-table\">\n<tbody>\n<tr>\n<td> Name<\/td>\n<td> Bearbeitung von Aluminium-Strangpressprofilen<\/td>\n<\/tr>\n<tr>\n<td> Marke<\/td>\n<td> Sinoextrud\/<\/td>\n<\/tr>\n<tr>\n<td> Kategorie<\/td>\n<td> Strangpressen von Aluminium<\/td>\n<\/tr>\n<tr>\n<td> Material<\/td>\n<td> 6061 ist weit verbreitet. 6063, 6463, 6005, 6082 ist auch verf\u00fcgbar.<\/td>\n<\/tr>\n<tr>\n<td> Typ<\/td>\n<td> Schwere Ausf\u00fchrung oder leichte Ausf\u00fchrung ist verf\u00fcgbar<\/td>\n<\/tr>\n<tr>\n<td> Temperament<\/td>\n<td> T5-T8<\/td>\n<\/tr>\n<tr>\n<td> L\u00e4nge<\/td>\n<td> Gem\u00e4\u00df Ihrer Anfrage, basierend auf unserer Tiefbearbeitung<\/td>\n<\/tr>\n<tr>\n<td> Gr\u00f6\u00dfe (mm)<\/td>\n<td> Verschiedene Gr\u00f6\u00dfen sind verf\u00fcgbar, Kundenzeichnung ist verf\u00fcgbar<\/td>\n<\/tr>\n<tr>\n<td> Form<\/td>\n<td> Gem\u00e4\u00df Zeichnung<\/td>\n<\/tr>\n<tr>\n<td> Oberfl\u00e4chenbehandlung<\/td>\n<td> Pulverbeschichtung; Fr\u00e4sen, Eloxieren, Sandstrahlen, Elektrophorese ist ebenfalls m\u00f6glich<\/td>\n<\/tr>\n<tr>\n<td> Farbe<\/td>\n<td> Wir k\u00f6nnen die Farben auf der Grundlage von Kundenmustern anpassen<\/td>\n<\/tr>\n<tr>\n<td> B\u00fcrgschaft<\/td>\n<td> BV, TUV, ISO<\/td>\n<\/tr>\n<tr>\n<td> Standard<\/td>\n<td> Mittlere und hohe Qualit\u00e4t<\/td>\n<\/tr>\n<tr>\n<td> MOQ<\/td>\n<td> 200KGS f\u00fcr jede Position<\/td>\n<\/tr>\n<tr>\n<td> Von<\/td>\n<td> Guangdong, China<\/td>\n<\/tr>\n<tr>\n<td> Anmeldung<\/td>\n<td> Industrie, Bauwesen, Dekoration<\/td>\n<\/tr>\n<\/tbody>\n<\/table>\n<h2>Unsere Produktionsbasis<\/h2>\n<h3>Fabrik-Panorama<\/h3>\n<p><img decoding=\"async\" src=\"\/wp-content\/uploads\/factory-01.webp\"\/><\/p>\n<h3>Werkstatt zur Herstellung von Aluminiumstangen<\/h3>\n<p><img decoding=\"async\" src=\"\/wp-content\/uploads\/factory-02.webp\"\/><\/p>\n<p><img decoding=\"async\" src=\"\/wp-content\/uploads\/factory-03.webp\"\/><\/p>\n<h3>Lagerhaus f\u00fcr Formen<\/h3>\n<p><img decoding=\"async\" src=\"\/wp-content\/uploads\/factory-04.webp\"\/><\/p>\n<h3>43 Aluminium-Strangpressanlagen (500-5500 Tonnen)<\/h3>\n<p><img decoding=\"async\" src=\"\/wp-content\/uploads\/factory-05.webp\"\/><\/p>\n<p><img decoding=\"async\" src=\"\/wp-content\/uploads\/factory-06.webp\"\/><\/p>\n<p><img decoding=\"async\" src=\"\/wp-content\/uploads\/factory-07.webp\"\/><\/p>\n<h3>Werkstatt f\u00fcr Pulverbeschichtung<\/h3>\n<p><img decoding=\"async\" src=\"\/wp-content\/uploads\/factory-09.webp\"\/><\/p>\n<h3>Eloxal-Werkstatt<\/h3>\n<p><img decoding=\"async\" src=\"\/wp-content\/uploads\/factory-10.webp\"\/><\/p>\n<h3>Workshop zur Tiefenverarbeitung<\/h3>\n<p><img decoding=\"async\" src=\"\/wp-content\/uploads\/factory-11.webp\"\/><\/p>\n<h3>CNC-Pr\u00e4zisionsbearbeitungswerkstatt<\/h3>\n<p><img decoding=\"async\" src=\"\/wp-content\/uploads\/factory-11.5.webp\"\/><\/p>\n<h3>Lager f\u00fcr Fertigprodukte und Export<\/h3>\n<p><img decoding=\"async\" src=\"\/wp-content\/uploads\/factory-12.webp\"\/><\/p>\n<p><img decoding=\"async\" src=\"\/wp-content\/uploads\/factory-13.webp\"\/><\/p>\n<p><img decoding=\"async\" src=\"\/wp-content\/uploads\/factory-14.webp\"\/><\/p>\n<h2>FAQ<\/h2>\n<p><p><b>1. was ist die Aluminium-Strangpress-Bearbeitung?<\/b><\/p>\n<p>Bei der Aluminium-Strangpressbearbeitung werden Aluminiumprofile durch CNC-Fr\u00e4sen, Bohren, Gewindeschneiden und Schneiden f\u00fcr spezifische Anwendungen angepasst.<br \/>\n<\/p><br \/>\n<br \/>\n<p><b>2 Was sind die Vorteile der Bearbeitung von Aluminium-Strangpressprofilen?<\/b><\/p>\n<p>Sie erm\u00f6glicht eine pr\u00e4zise Fertigung, weniger manuelle Arbeit, eine bessere Passform bei der Montage und k\u00fcrzere Produktionszeiten.<br \/>\n<\/p><br \/>\n<br \/>\n<p><b>3. k\u00f6nnen Sie kundenspezifische Bearbeitungsdienste anbieten?<\/b><\/p>\n<p>Ja, wir bieten eine vollst\u00e4ndige kundenspezifische Bearbeitung einschlie\u00dflich L\u00f6cher, Schlitze, Gewinde, Fasen und Abl\u00e4ngen an.<br \/>\n<\/p><br \/>\n<br \/>\n<p><b>4. welche Branchen verwenden bearbeitete Aluminium-Strangpressprofile?<\/b><\/p>\n<p>Branchen wie die Elektronik-, Bau-, Automobil-, Luft- und Raumfahrt- sowie die M\u00f6belindustrie verwenden h\u00e4ufig maschinell bearbeitete Strangpressprofile.<br \/>\n<\/p><br \/>\n<br \/>\n<p><b>5. sind bei der Bearbeitung von Aluminiumstrangpressprofilen enge Toleranzen realisierbar?<\/b><\/p>\n<p>Ja, unsere CNC-Maschinen halten hohe Pr\u00e4zisionstoleranzen ein, die f\u00fcr technische und industrielle Anwendungen geeignet sind.<br \/>\n<\/p><br \/>\n<br \/>\n<p><b>6. bieten Sie nach der Bearbeitung eine Endbearbeitung an?<\/b><\/p>\n<p>Ja, wir bieten Eloxieren, Pulverbeschichten, Polieren und B\u00fcrsten f\u00fcr Funktion und \u00c4sthetik.<br \/>\n<\/p><br \/>\n<br \/>\n<p><b>7 Wie lassen sich die Produktionskosten durch maschinelle Bearbeitung senken?<\/b><\/p>\n<p>Vorgefertigte Komponenten sparen Montagezeit, reduzieren den Arbeitsaufwand und machen eine Nachbearbeitung beim Kunden \u00fcberfl\u00fcssig.<br \/>\n<\/p><br \/>\n<br \/>\n<p><b>8. werden auch Kleinserien f\u00fcr die Bearbeitung von Aluminium nach Ma\u00df angenommen?<\/b><\/p>\n<p>Ja, wir unterst\u00fctzen sowohl kleine als auch gro\u00dfe Bestellungen, einschlie\u00dflich Prototyping und OEM-Services.<br \/>\n<\/p><br \/><\/p>","protected":false},"featured_media":7277,"template":"","categories":[67],"class_list":["post-7278","product","type-product","status-publish","has-post-thumbnail","hentry","category-architectural-aluminium-profile"],"meta_box":{"hilight_text_group":{"product_hilight_text":"<li>Precision CNC machining ensures high dimensional accuracy for aluminum extrusions<\/li>\r\r\n<li>Custom fabrication including drilling, tapping, cutting, and milling available<\/li>\r\r\n<li>Improves assembly efficiency by delivering ready-to-install components<\/li>\r\r\n<li>Supports complex geometries and tight tolerances for industrial applications<\/li>\r\r\n<li>Reduces labor cost and production time for end users<\/li>\r\r\n<li>Suitable for a wide range of industries including aerospace, automotive, and electronics<\/li>\r\r\n<li>Compatible with various surface finishes such as anodizing or powder coating<\/li>","product_chanpin_blog":"<ul>\r\r\n<li><a href=\"https:\/\/sinoextrud.com\/t-slot-v-slot-differences\/\" target=\"_blank\">t slot vs v slot<\/a><\/li>\r\r\n<li><a href=\"https:\/\/sinoextrud.com\/what-is-4040-aluminium-extrud\/\" target=\"_blank\">4040 aluminium extrusion<\/a><\/li>\r\r\n<li><a href=\"https:\/\/sinoextrud.com\/what-is-4040-aluminium-extrud\/\" target=\"_blank\">aluminum extrusions for industrial racks<\/a><\/li>\r\r\n<li><a href=\"https:\/\/sinoextrud.com\/powder-coating-aluminium-process\/\" target=\"_blank\">powder coating aluminium<\/a><\/li>\r\r\n<li><a href=\"https:\/\/sinoextrud.com\/what-is-an-aluminium-strip-ceiling\/\" target=\"_blank\">aluminium strip ceiling<\/a><\/li>\r\r\n<li><a href=\"https:\/\/sinoextrud.com\/what-is-a-heat-sink\/\" target=\"_blank\">what is a heat sink<\/a><\/li>\r\r\n<\/ul>","product_chanpin_chanpin":"<li><a href=\"https:\/\/sinoextrud.com\/product\/aluminium-extrusion-curtain-wall-profile-with-powder-coated-surface-manufacturer-direct-selling\/\" target=\"_blank\">Aluminium Extrusion Curtain Wall Profile With Powder Coated Surface Manufacturer Direct Selling<\/a><\/li>\r\n<li><a href=\"https:\/\/sinoextrud.com\/product\/customized-aluminium-heavy-duty-door-hinge\/\" target=\"_blank\">Customized Aluminium Heavy Duty Door Hinge<\/a><\/li>\r\n<li><a href=\"https:\/\/sinoextrud.com\/product\/extruded-aluminium-curtain-walls\/\" target=\"_blank\">Extruded Aluminium Curtain Walls<\/a><\/li>\r\n<li><a href=\"https:\/\/sinoextrud.com\/product\/aluminium-extrusion-handles-for-closet\/\" target=\"_blank\">Aluminium Extrusion Handles for Closet<\/a><\/li>\r\n<li><a href=\"https:\/\/sinoextrud.com\/product\/aluminium-extrusion-machining\/\" target=\"_blank\">Aluminium Extrusion Machining<\/a><\/li>\r\n<li><a href=\"https:\/\/sinoextrud.com\/product\/aluminum-price-per-ton\/\" target=\"_blank\">Aluminum Price Per Ton<\/a><\/li>\r\n<li><a href=\"https:\/\/sinoextrud.com\/product\/aluminium-extrusion-sections\/\" target=\"_blank\">Aluminium Extrusion Sections<\/a><\/li>\r\n<li><a href=\"https:\/\/sinoextrud.com\/product\/types-of-aluminum-profiles\/\" target=\"_blank\">Types Of Aluminum Profiles<\/a><\/li>\r\n<li><a href=\"https:\/\/sinoextrud.com\/product\/aluminium-fabrication\/\" target=\"_blank\">Aluminium Fabrication<\/a><\/li>\r\n<li><a href=\"https:\/\/sinoextrud.com\/product\/china-aluminum-factory-wholesale-residential-aluminum-fence\/\" target=\"_blank\">China Aluminum Factory Wholesale Residential Aluminum Fence<\/a><\/li>\r\n<li><a href=\"https:\/\/sinoextrud.com\/product\/aluminum-profile-for-kitchen-cabinet-accesory-manufacture-price\/\" target=\"_blank\">Aluminum Profile For Kitchen Cabinet Accesory Manufacture Price<\/a><\/li>"},"feature_list":[]},"_links":{"self":[{"href":"https:\/\/sinoextrud.com\/de\/wp-json\/wp\/v2\/product\/7278","targetHints":{"allow":["GET"]}}],"collection":[{"href":"https:\/\/sinoextrud.com\/de\/wp-json\/wp\/v2\/product"}],"about":[{"href":"https:\/\/sinoextrud.com\/de\/wp-json\/wp\/v2\/types\/product"}],"wp:featuredmedia":[{"embeddable":true,"href":"https:\/\/sinoextrud.com\/de\/wp-json\/wp\/v2\/media\/7277"}],"wp:attachment":[{"href":"https:\/\/sinoextrud.com\/de\/wp-json\/wp\/v2\/media?parent=7278"}],"wp:term":[{"taxonomy":"category","embeddable":true,"href":"https:\/\/sinoextrud.com\/de\/wp-json\/wp\/v2\/categories?post=7278"}],"curies":[{"name":"wp","href":"https:\/\/api.w.org\/{rel}","templated":true}]}}