{"id":7272,"date":"2025-06-06T03:46:12","date_gmt":"2025-06-06T03:46:12","guid":{"rendered":"https:\/\/sinoextrud.com\/product\/customized-aluminium-heavy-duty-door-hinge\/"},"modified":"2025-06-24T06:12:24","modified_gmt":"2025-06-24T06:12:24","slug":"individuelles-aluminium-schwerlast-turscharnier","status":"publish","type":"product","link":"https:\/\/sinoextrud.com\/de\/product\/customized-aluminium-heavy-duty-door-hinge\/","title":{"rendered":"Kundenspezifisches Aluminium-Schwerlastt\u00fcrscharnier"},"content":{"rendered":"<h2>Produkte Details<\/h2>\n<table class=\"custom-table\">\n<tbody>\n<tr>\n<td> Artikel:<\/td>\n<td> Kundenspezifisches Aluminium-Schwerlastt\u00fcrscharnier<\/td>\n<\/tr>\n<tr>\n<td> Temperament:<\/td>\n<td> T3 - T8<\/td>\n<\/tr>\n<tr>\n<td> L\u00e4nge:<\/td>\n<td> 1-9 Meter oder kundenspezifisch<\/td>\n<\/tr>\n<tr>\n<td> Legierung:<\/td>\n<td> Legierung<\/td>\n<\/tr>\n<tr>\n<td> Note:<\/td>\n<td> Serie 6000<\/td>\n<\/tr>\n<tr>\n<td> Standard:<\/td>\n<td> GB<\/td>\n<\/tr>\n<tr>\n<td> Produktionsart:<\/td>\n<td> Massenproduktion<\/td>\n<\/tr>\n<tr>\n<td> Muster Vorlaufzeit:<\/td>\n<td> 10-15 Tage<\/td>\n<\/tr>\n<tr>\n<td> Transport-Paket:<\/td>\n<td> Kunststoff-Schutzfolie &amp; wasserfestes Bastelpapier<\/td>\n<\/tr>\n<tr>\n<td> Herkunft:<\/td>\n<td> Foshan, China<\/td>\n<\/tr>\n<tr>\n<td> Anwendung:<\/td>\n<td> Aluminium-Schwerlastt\u00fcrband f\u00fcr T\u00fcren<\/td>\n<\/tr>\n<tr>\n<td> Oberfl\u00e4chenbehandlung:<\/td>\n<td> Benutzerdefiniert<\/td>\n<\/tr>\n<tr>\n<td> Massenproduktion:<\/td>\n<td> 25-30 Tage nach Best\u00e4tigung der Probe durch den K\u00e4ufer<\/td>\n<\/tr>\n<tr>\n<td> F\u00e4higkeit:<\/td>\n<td> 200.000+ Tonnen\/Jahr<\/td>\n<\/tr>\n<tr>\n<td> Warenzeichen:<\/td>\n<td> Sinoextrud(Sinoextrud)\/ OEM<\/td>\n<\/tr>\n<\/tbody>\n<\/table>\n<h2>Unsere Produktionsbasis<\/h2>\n<h3>Fabrik-Panorama<\/h3>\n<p><img decoding=\"async\" src=\"\/wp-content\/uploads\/factory-01.webp\"\/><\/p>\n<h3>Werkstatt zur Herstellung von Aluminiumstangen<\/h3>\n<p><img decoding=\"async\" src=\"\/wp-content\/uploads\/factory-02.webp\"\/><\/p>\n<\/p>\n<p><img decoding=\"async\" src=\"\/wp-content\/uploads\/factory-03.webp\"\/><\/p>\n<h3>Lagerhaus f\u00fcr Formen<\/h3>\n<p><img decoding=\"async\" src=\"\/wp-content\/uploads\/factory-04.webp\"\/><\/p>\n<h3>43 Aluminium-Strangpressanlagen (500\u00e2\u20ac\"5500 Tonnen)<\/h3>\n<p><img decoding=\"async\" src=\"\/wp-content\/uploads\/factory-05.webp\"\/><\/p>\n<p><img decoding=\"async\" src=\"\/wp-content\/uploads\/factory-06.webp\"\/><\/p>\n<p><img decoding=\"async\" src=\"\/wp-content\/uploads\/factory-07.webp\"\/><\/p>\n<h3>Werkstatt f\u00fcr Pulverbeschichtung<\/h3>\n<p><img decoding=\"async\" src=\"\/wp-content\/uploads\/factory-09.webp\"\/><\/p>\n<h3>Eloxal-Werkstatt<\/h3>\n<p><img decoding=\"async\" src=\"\/wp-content\/uploads\/factory-10.webp\"\/><\/p>\n<h3>Workshop zur Tiefenverarbeitung<\/h3>\n<p><img decoding=\"async\" src=\"\/wp-content\/uploads\/factory-11.webp\"\/><\/p>\n<h3>CNC-Pr\u00e4zisionsbearbeitungswerkstatt<\/h3>\n<p><img decoding=\"async\" src=\"\/wp-content\/uploads\/factory-11.5.webp\"\/><\/p>\n<h3>Lager f\u00fcr Fertigprodukte und Export<\/h3>\n<p><img decoding=\"async\" src=\"\/wp-content\/uploads\/factory-12.webp\"\/><\/p>\n<p><img decoding=\"async\" src=\"\/wp-content\/uploads\/factory-13.webp\"\/><\/p>\n<p><img decoding=\"async\" src=\"\/wp-content\/uploads\/factory-14.webp\"\/><\/p>\n<h2>FAQ<\/h2>\n<p><b>1. was ist ein kundenspezifisches Aluminium-Hochleistungs-T\u00fcrscharnier?<\/b><\/p>\n<p>Es handelt sich um ein robustes Aluminiumscharnier, das f\u00fcr hochbelastete T\u00fcren entwickelt wurde und f\u00fcr spezifische industrielle oder kommerzielle Torsysteme ma\u00dfgeschneidert ist.\n<\/p>\n<p><\/p>\n<p><b>2. warum Aluminium f\u00fcr hochbelastbare T\u00fcrscharniere w\u00e4hlen?<\/b><\/p>\n<p>Aluminium ist eine starke, leichte und korrosionsbest\u00e4ndige Alternative zu Stahl, die das Gesamtgewicht der T\u00fcr reduziert und gleichzeitig ihre Haltbarkeit bewahrt.\n<\/p>\n<p><\/p>\n<p><b>3. k\u00f6nnen diese T\u00fcrscharniere individuell angepasst werden?<\/b><\/p>\n<p>Ja, sie k\u00f6nnen in Bezug auf Gr\u00f6\u00dfe, Lochmuster, Tragf\u00e4higkeit und Oberfl\u00e4chenbeschaffenheit auf die jeweiligen Anwendungsanforderungen zugeschnitten werden.\n<\/p>\n<p><\/p>\n<p><b>4. sind Aluminiumt\u00fcrb\u00e4nder f\u00fcr den Au\u00dfenbereich geeignet?<\/b><\/p>\n<p>Ja, sie verf\u00fcgen \u00fcber korrosionsbest\u00e4ndige Beschichtungen, die vor Witterungseinfl\u00fcssen und Feuchtigkeit sch\u00fctzen.\n<\/p>\n<p><\/p>\n<p><b>5) F\u00fcr welche Arten von T\u00fcren sind hochbelastbare Aluminiumscharniere geeignet?<\/b><\/p>\n<p>Diese Scharniere sind ideal f\u00fcr Metallt\u00fcren, gewerbliche Eing\u00e4nge, Industriegeh\u00e4use und schwere Zugangst\u00fcren.\n<\/p>\n<p><\/p>\n<p><b>6. ist die Montage von Aluminium-Schwerlastscharnieren einfach?<\/b><\/p>\n<p>Ja, die leichte Bauweise vereinfacht die Handhabung und Montage und reduziert den Arbeitsaufwand.\n<\/p>\n<p><\/p>\n<p><b>7. wie haltbar sind ma\u00dfgefertigte Aluminium-T\u00fcrscharniere?<\/b><\/p>\n<p>Sie sind f\u00fcr hohe Betriebszyklen und langfristige Zuverl\u00e4ssigkeit ausgelegt, selbst in anspruchsvollen Umgebungen.\n<\/p>\n<p><\/p>\n<p><b>8. sind diese T\u00fcrscharniere umweltfreundlich?<\/b><\/p>\n<p>Ja, Aluminium ist vollst\u00e4ndig recycelbar und energieeffizient und unterst\u00fctzt nachhaltige Baupraktiken.\n<\/p>\n<p><\/p>","protected":false},"featured_media":7271,"template":"","categories":[67],"class_list":["post-7272","product","type-product","status-publish","has-post-thumbnail","hentry","category-architectural-aluminium-profile"],"meta_box":{"hilight_text_group":{"product_hilight_text":"<li>Made from high-strength aluminum for heavy-duty door applications<\/li>\r\r\n<li>Corrosion-resistant finish ensures long-term durability<\/li>\r\r\n<li>Customized design to fit various commercial and industrial door systems<\/li>\r\r\n<li>Lightweight construction allows for easy installation and operation<\/li>\r\r\n<li>Precision-machined for smooth and stable hinge performance<\/li>\r\r\n<li>Compatible with both aluminum and steel door frames<\/li>\r\r\n<li>Available in multiple finishes and sizes to match project needs<\/li>","product_chanpin_blog":"<ul>\r\r\n<li><a href=\"https:\/\/sinoextrud.com\/t-slot-v-slot-differences\/\" target=\"_blank\">t slot vs v slot<\/a><\/li>\r\r\n<li><a href=\"https:\/\/sinoextrud.com\/what-is-4040-aluminium-extrud\/\" target=\"_blank\">4040 aluminium extrusion<\/a><\/li>\r\r\n<li><a href=\"https:\/\/sinoextrud.com\/what-is-4040-aluminium-extrud\/\" target=\"_blank\">aluminum extrusions for industrial racks<\/a><\/li>\r\r\n<li><a href=\"https:\/\/sinoextrud.com\/powder-coating-aluminium-process\/\" target=\"_blank\">powder coating aluminium<\/a><\/li>\r\r\n<li><a href=\"https:\/\/sinoextrud.com\/what-is-an-aluminium-strip-ceiling\/\" target=\"_blank\">aluminium strip ceiling<\/a><\/li>\r\r\n<li><a href=\"https:\/\/sinoextrud.com\/what-is-a-heat-sink\/\" target=\"_blank\">what is a heat sink<\/a><\/li>\r\r\n<\/ul>","product_chanpin_chanpin":"<li><a href=\"https:\/\/sinoextrud.com\/product\/aluminium-system-profile\/\" target=\"_blank\">Aluminium System Profile<\/a><\/li>\r\n<li><a href=\"https:\/\/sinoextrud.com\/product\/aluminium-extrusion-c-beam\/\" target=\"_blank\">Aluminium Extrusion C Beam<\/a><\/li>\r\n<li><a href=\"https:\/\/sinoextrud.com\/product\/extruded-aluminum-tubing-for-stair-rail\/\" target=\"_blank\">Extruded Aluminum Tubing For Stair Rail<\/a><\/li>\r\n<li><a href=\"https:\/\/sinoextrud.com\/product\/aluminium-extrusion-curtain-wall-profile-with-powder-coated-surface-manufacturer-direct-selling\/\" target=\"_blank\">Aluminium Extrusion Curtain Wall Profile With Powder Coated Surface Manufacturer Direct Selling<\/a><\/li>\r\n<li><a href=\"https:\/\/sinoextrud.com\/product\/customized-aluminium-heavy-duty-door-hinge\/\" target=\"_blank\">Customized Aluminium Heavy Duty Door Hinge<\/a><\/li>\r\n<li><a href=\"https:\/\/sinoextrud.com\/product\/extruded-aluminium-curtain-walls\/\" target=\"_blank\">Extruded Aluminium Curtain Walls<\/a><\/li>\r\n<li><a href=\"https:\/\/sinoextrud.com\/product\/aluminium-extrusion-handles-for-closet\/\" target=\"_blank\">Aluminium Extrusion Handles for Closet<\/a><\/li>\r\n<li><a href=\"https:\/\/sinoextrud.com\/product\/aluminium-extrusion-machining\/\" target=\"_blank\">Aluminium Extrusion Machining<\/a><\/li>\r\n<li><a href=\"https:\/\/sinoextrud.com\/product\/aluminum-price-per-ton\/\" target=\"_blank\">Aluminum Price Per Ton<\/a><\/li>\r\n<li><a href=\"https:\/\/sinoextrud.com\/product\/powder-coated-and-anodized-aluminium-profile-for-electric-frame-motor-housing-and-aluminum-enclosure\/\" target=\"_blank\">Powder coated and Anodized aluminium profile for electric frame motor housing and aluminum enclosure<\/a><\/li>\r\n<li><a href=\"https:\/\/sinoextrud.com\/product\/aluminum-extrusion-6063-large-diameter-aluminum-tube\/\" target=\"_blank\">Aluminum Extrusion 6063 Large Diameter Aluminum Tube<\/a><\/li>"},"feature_list":[]},"_links":{"self":[{"href":"https:\/\/sinoextrud.com\/de\/wp-json\/wp\/v2\/product\/7272","targetHints":{"allow":["GET"]}}],"collection":[{"href":"https:\/\/sinoextrud.com\/de\/wp-json\/wp\/v2\/product"}],"about":[{"href":"https:\/\/sinoextrud.com\/de\/wp-json\/wp\/v2\/types\/product"}],"wp:featuredmedia":[{"embeddable":true,"href":"https:\/\/sinoextrud.com\/de\/wp-json\/wp\/v2\/media\/7271"}],"wp:attachment":[{"href":"https:\/\/sinoextrud.com\/de\/wp-json\/wp\/v2\/media?parent=7272"}],"wp:term":[{"taxonomy":"category","embeddable":true,"href":"https:\/\/sinoextrud.com\/de\/wp-json\/wp\/v2\/categories?post=7272"}],"curies":[{"name":"wp","href":"https:\/\/api.w.org\/{rel}","templated":true}]}}