{"id":7260,"date":"2025-06-06T03:29:40","date_gmt":"2025-06-06T03:29:40","guid":{"rendered":"https:\/\/sinoextrud.com\/product\/aluminium-anodizing\/"},"modified":"2025-06-24T06:12:22","modified_gmt":"2025-06-24T06:12:22","slug":"aluminium-eloxierung","status":"publish","type":"product","link":"https:\/\/sinoextrud.com\/de\/product\/aluminium-anodizing\/","title":{"rendered":"Aluminium Eloxieren"},"content":{"rendered":"<h2>Produkte Details<\/h2>\n<table class=\"custom-table\">\n<tbody>\n<tr>\n<td> <\/td>\n<td>Aluminium Eloxal Profil<\/td>\n<\/tr>\n<tr>\n<td>Legierung:<\/td>\n<td>Ist Legierung<\/td>\n<\/tr>\n<tr>\n<td>Note:<\/td>\n<td>Serie 6000<\/td>\n<\/tr>\n<tr>\n<td>Temperament:<\/td>\n<td>T3-T8<\/td>\n<\/tr>\n<tr>\n<td>L\u00e4nge:<\/td>\n<td>1-9 Meter oder kundenspezifisch<\/td>\n<\/tr>\n<tr>\n<td>Zertifizierung:<\/td>\n<td>ISO<\/td>\n<\/tr>\n<tr>\n<td>Dienst:<\/td>\n<td>OEM\/ODM<\/td>\n<\/tr>\n<tr>\n<td>Schimmelbildung:<\/td>\n<td>8-15 Tage<\/td>\n<\/tr>\n<tr>\n<td>Lieferzeiten:<\/td>\n<td>25-30 Tage nach Best\u00e4tigung der Probe durch den K\u00e4ufer<\/td>\n<\/tr>\n<tr>\n<td>Transport-Paket:<\/td>\n<td>Kunststoff-Schutzfolie &amp; wasserfestes Bastelpapier<\/td>\n<\/tr>\n<tr>\n<td>Qualit\u00e4tskontrolle:<\/td>\n<td>100% Inspektion vor der Auslieferung<\/td>\n<\/tr>\n<tr>\n<td>Spezifikation:<\/td>\n<td>ISO14001, ISO9001<\/td>\n<\/tr>\n<\/tbody>\n<\/table>\n<h2>Unsere Produktionsbasis<\/h2>\n<h3>Fabrik-Panorama<\/h3>\n<p><img decoding=\"async\" src=\"\/wp-content\/uploads\/factory-01.webp\"\/><\/p>\n<h3>Werkstatt zur Herstellung von Aluminiumstangen<\/h3>\n<p><img decoding=\"async\" src=\"\/wp-content\/uploads\/factory-02.webp\"\/><\/p>\n<p><img decoding=\"async\" src=\"\/wp-content\/uploads\/factory-03.webp\"\/><\/p>\n<h3>Lagerhaus f\u00fcr Formen<\/h3>\n<p><img decoding=\"async\" src=\"\/wp-content\/uploads\/factory-04.webp\"\/><\/p>\n<h3>43 Aluminium-Strangpressanlagen (500\u00e2\u20ac\"5500 Tonnen)<\/h3>\n<p><img decoding=\"async\" src=\"\/wp-content\/uploads\/factory-05.webp\"\/><\/p>\n<p><img decoding=\"async\" src=\"\/wp-content\/uploads\/factory-06.webp\"\/><\/p>\n<p><img decoding=\"async\" src=\"\/wp-content\/uploads\/factory-07.webp\"\/><\/p>\n<h3>Werkstatt f\u00fcr Pulverbeschichtung<\/h3>\n<p><img decoding=\"async\" src=\"\/wp-content\/uploads\/factory-09.webp\"\/><\/p>\n<h3>Eloxal-Werkstatt<\/h3>\n<p><img decoding=\"async\" src=\"\/wp-content\/uploads\/factory-10.webp\"\/><\/p>\n<h3>Workshop zur Tiefenverarbeitung<\/h3>\n<p><img decoding=\"async\" src=\"\/wp-content\/uploads\/factory-11.webp\"\/><\/p>\n<h3>CNC-Pr\u00e4zisionsbearbeitungswerkstatt<\/h3>\n<p><img decoding=\"async\" src=\"\/wp-content\/uploads\/factory-11.5.webp\"\/><\/p>\n<h3>Lager f\u00fcr Fertigprodukte und Export<\/h3>\n<p><img decoding=\"async\" src=\"\/wp-content\/uploads\/factory-12.webp\"\/><\/p>\n<p><img decoding=\"async\" src=\"\/wp-content\/uploads\/factory-13.webp\"\/><\/p>\n<p><img decoding=\"async\" src=\"\/wp-content\/uploads\/factory-14.webp\"\/><\/p>\n<h2>FAQ<\/h2>\n<p><p><b>1. was ist Eloxieren von Aluminium?<\/b><\/p>\n<p>Beim Eloxieren von Aluminium handelt es sich um ein elektrochemisches Verfahren, das die nat\u00fcrliche Oxidschicht auf Aluminium verdichtet und so seine Haltbarkeit und sein Aussehen verbessert.<br \/>\n<\/p><br \/>\n<br \/>\n<p><b>2. was sind die Vorteile des Eloxierens von Aluminium?<\/b><\/p>\n<p>Die Eloxierung erh\u00f6ht die Korrosionsbest\u00e4ndigkeit, verbessert die Verschlei\u00dffestigkeit und erm\u00f6glicht attraktive Farbausf\u00fchrungen.<br \/>\n<\/p><br \/>\n<br \/>\n<p><b>3. ist eloxiertes Aluminium f\u00fcr den Au\u00dfeneinsatz geeignet?<\/b><\/p>\n<p>Ja, eloxierte Oberfl\u00e4chen sind sehr widerstandsf\u00e4hig gegen UV-Strahlen und Witterungseinfl\u00fcsse und daher ideal f\u00fcr Au\u00dfenanwendungen.<br \/>\n<\/p><br \/>\n<br \/>\n<p><b>4. kann eloxiertes Aluminium gef\u00e4rbt werden?<\/b><\/p>\n<p>Ja, das Eloxalverfahren erm\u00f6glicht es, Aluminium in verschiedenen Farben zu f\u00e4rben und dabei eine metallische Oberfl\u00e4che zu erhalten.<br \/>\n<\/p><br \/>\n<br \/>\n<p><b>Beeintr\u00e4chtigt die Eloxierung die Festigkeit von Aluminium?<\/b><\/p>\n<p>Nein, das Eloxieren verbessert die Oberfl\u00e4cheneigenschaften, ohne die strukturelle Integrit\u00e4t des Grundmetalls zu beeintr\u00e4chtigen.<br \/>\n<\/p><br \/>\n<br \/>\n<p><b>6. welche Branchen verwenden eloxiertes Aluminium?<\/b><\/p>\n<p>Branchen wie Architektur, Elektronik, Transport und Konsumg\u00fcter verwenden eloxiertes Aluminium in gro\u00dfem Umfang f\u00fcr funktionale und dekorative Zwecke.<br \/>\n<\/p><br \/>\n<br \/>\n<p><b>7. ist die Eloxierung von Aluminium umweltfreundlich?<\/b><\/p>\n<p>Ja, Eloxieren ist ein sicheres Verfahren auf Wasserbasis, bei dem nur wenig Abfall entsteht und ungiftige Materialien verwendet werden.<br \/>\n<\/p><br \/>\n<br \/>\n<p><b>8. wie lange h\u00e4lt die Eloxalschicht?<\/b><\/p>\n<p>Bei richtiger Pflege k\u00f6nnen Eloxaloberfl\u00e4chen jahrzehntelang halten, vor allem in der Architektur oder im Schiffsbau.<br \/>\n<\/p><br \/><\/p>","protected":false},"featured_media":7259,"template":"","categories":[67],"class_list":["post-7260","product","type-product","status-publish","has-post-thumbnail","hentry","category-architectural-aluminium-profile"],"meta_box":{"hilight_text_group":{"product_hilight_text":"<li>Enhances surface durability and corrosion resistance of aluminum<\/li>\r\r\n<li>Improves aesthetic appearance with a variety of color finishes<\/li>\r\r\n<li>Environmentally friendly and non-toxic surface treatment<\/li>\r\r\n<li>Provides excellent adhesion for paints and sealants<\/li>\r\r\n<li>Increases wear resistance for industrial and architectural applications<\/li>\r\r\n<li>Customizable anodizing thickness for specific performance needs<\/li>\r\r\n<li>UV-resistant finish maintains color and surface quality over time<\/li>","product_chanpin_blog":"<ul>\r\r\n<li><a href=\"https:\/\/sinoextrud.com\/t-slot-v-slot-differences\/\" target=\"_blank\">t slot vs v slot<\/a><\/li>\r\r\n<li><a href=\"https:\/\/sinoextrud.com\/what-is-4040-aluminium-extrud\/\" target=\"_blank\">4040 aluminium extrusion<\/a><\/li>\r\r\n<li><a href=\"https:\/\/sinoextrud.com\/what-is-4040-aluminium-extrud\/\" target=\"_blank\">aluminum extrusions for industrial racks<\/a><\/li>\r\r\n<li><a href=\"https:\/\/sinoextrud.com\/powder-coating-aluminium-process\/\" target=\"_blank\">powder coating aluminium<\/a><\/li>\r\r\n<li><a href=\"https:\/\/sinoextrud.com\/what-is-an-aluminium-strip-ceiling\/\" target=\"_blank\">aluminium strip ceiling<\/a><\/li>\r\r\n<li><a href=\"https:\/\/sinoextrud.com\/what-is-a-heat-sink\/\" target=\"_blank\">what is a heat sink<\/a><\/li>\r\r\n<\/ul>","product_chanpin_chanpin":"<li><a href=\"https:\/\/sinoextrud.com\/product\/customized-matt-electrophoresis-aluminum-extrusions-profile-for-building-material\/\" target=\"_blank\">Customized Matt Electrophoresis Aluminum Extrusions Profile For Building Material<\/a><\/li>\r\n<li><a href=\"https:\/\/sinoextrud.com\/product\/aluminium-profile-for-shower-room\/\" target=\"_blank\">Aluminium Profile For Shower Room<\/a><\/li>\r\n<li><a href=\"https:\/\/sinoextrud.com\/product\/bright-anodized-aluminum-profile\/\" target=\"_blank\">Bright Anodized Aluminum Profile<\/a><\/li>\r\n<li><a href=\"https:\/\/sinoextrud.com\/product\/modular-framing-systems\/\" target=\"_blank\">Modular Framing Systems<\/a><\/li>\r\n<li><a href=\"https:\/\/sinoextrud.com\/product\/aluminium-anodizing\/\" target=\"_blank\">Aluminium Anodizing<\/a><\/li>\r\n<li><a href=\"https:\/\/sinoextrud.com\/product\/extruded-aluminum-profiles\/\" target=\"_blank\">Extruded Aluminum Profiles<\/a><\/li>\r\n<li><a href=\"https:\/\/sinoextrud.com\/product\/aluminium-system-profile\/\" target=\"_blank\">Aluminium System Profile<\/a><\/li>\r\n<li><a href=\"https:\/\/sinoextrud.com\/product\/aluminium-extrusion-c-beam\/\" target=\"_blank\">Aluminium Extrusion C Beam<\/a><\/li>\r\n<li><a href=\"https:\/\/sinoextrud.com\/product\/extruded-aluminum-tubing-for-stair-rail\/\" target=\"_blank\">Extruded Aluminum Tubing For Stair Rail<\/a><\/li>\r\n<li><a href=\"https:\/\/sinoextrud.com\/product\/aluminum-extruded-handles\/\" target=\"_blank\">Aluminum Extruded Handles<\/a><\/li>\r\n<li><a href=\"https:\/\/sinoextrud.com\/product\/6063-t5-aluminum-extrusion-profile-for-windows-and-doors-and-curtain-walls\/\" target=\"_blank\">6063 T5 Aluminum Extrusion Profile for Windows and Doors and Curtain Walls<\/a><\/li>"},"feature_list":[]},"_links":{"self":[{"href":"https:\/\/sinoextrud.com\/de\/wp-json\/wp\/v2\/product\/7260","targetHints":{"allow":["GET"]}}],"collection":[{"href":"https:\/\/sinoextrud.com\/de\/wp-json\/wp\/v2\/product"}],"about":[{"href":"https:\/\/sinoextrud.com\/de\/wp-json\/wp\/v2\/types\/product"}],"wp:featuredmedia":[{"embeddable":true,"href":"https:\/\/sinoextrud.com\/de\/wp-json\/wp\/v2\/media\/7259"}],"wp:attachment":[{"href":"https:\/\/sinoextrud.com\/de\/wp-json\/wp\/v2\/media?parent=7260"}],"wp:term":[{"taxonomy":"category","embeddable":true,"href":"https:\/\/sinoextrud.com\/de\/wp-json\/wp\/v2\/categories?post=7260"}],"curies":[{"name":"wp","href":"https:\/\/api.w.org\/{rel}","templated":true}]}}