{"id":7254,"date":"2025-06-06T03:22:54","date_gmt":"2025-06-06T03:22:54","guid":{"rendered":"https:\/\/sinoextrud.com\/product\/aluminium-profile-for-shower-room\/"},"modified":"2025-06-24T06:12:21","modified_gmt":"2025-06-24T06:12:21","slug":"aluminiumprofil-fur-duschraume","status":"publish","type":"product","link":"https:\/\/sinoextrud.com\/de\/product\/aluminium-profile-for-shower-room\/","title":{"rendered":"Aluminiumprofile f\u00fcr Duschr\u00e4ume"},"content":{"rendered":"<h2>Produkte Details<\/h2>\n<table class=\"custom-table\">\n<tbody>\n<tr>\n<td> Produktname<\/td>\n<td> Aluminiumprofile f\u00fcr Duschr\u00e4ume<\/td>\n<\/tr>\n<tr>\n<td> Material<\/td>\n<td> Aluminiumlegierung 6063,6061,6005,6463,6005A,6060,6101,6082,6351<\/td>\n<\/tr>\n<tr>\n<td> Temperament<\/td>\n<td> T4,T5, T6,T66,T52<\/td>\n<\/tr>\n<tr>\n<td> Oberfl\u00e4che<\/td>\n<td> Eloxieren, Elektrophorese, Pulverbeschichtung, PVDF-Beschichtung, Holzmaserung, geb\u00fcrstet<\/td>\n<\/tr>\n<tr>\n<td> Farbe<\/td>\n<td> Silberwei\u00df, Bronze, Gold, Schwarz, Champagner, individuell<\/td>\n<\/tr>\n<tr>\n<td> Wanddicke<\/td>\n<td> &gt;0,8mm, 1,0, 1,2, 2,0, 4,0...<\/td>\n<\/tr>\n<tr>\n<td> Form<\/td>\n<td> Quadratisch, rund, flach, oval, unregelm\u00e4\u00dfig...<\/td>\n<\/tr>\n<tr>\n<td> L\u00e4nge<\/td>\n<td> Normal=5.8m, 5.9m, 6m, 3m-7m ist eine kundenspezifische Gr\u00f6\u00dfe<\/td>\n<\/tr>\n<tr>\n<td> MOQ<\/td>\n<td> 200 Kilogramm<\/td>\n<\/tr>\n<tr>\n<td> OEM-Service Produktion<\/td>\n<td> Zeichnungen\/Muster des Kunden oder angebotener Design-Service<\/td>\n<\/tr>\n<tr>\n<td> B\u00fcrgschaft<\/td>\n<td> Die Oberfl\u00e4chenfarbe kann im Innenbereich 10-20 Jahre lang stabil bleiben.<\/td>\n<\/tr>\n<tr>\n<td> Fabrikation<\/td>\n<td> Fr\u00e4sen, Bohren, Schneiden, CNC, Fenster- und T\u00fcrrahmen<\/td>\n<\/tr>\n<tr>\n<td> Vorteile Merkmale<\/td>\n<td> 1. luftdicht, wasserdicht, w\u00e4rmeisolierend, w\u00e4rmeisolierend, alterungsbest\u00e4ndig, sto\u00dfbest\u00e4ndig<br \/>\n2. umweltfreundlich<br \/>\n3. korrosionsbest\u00e4ndig, schimmernd<br \/>\n4. modernes Erscheinungsbild<\/td>\n<\/tr>\n<tr>\n<td> Pr\u00fcfung Standard<\/td>\n<td> GB,JIS,AAMA,BS,EN,AS\/NZS,AA<\/td>\n<\/tr>\n<\/tbody>\n<\/table>\n<h2>Unsere Produktionsbasis<\/h2>\n<h3>Fabrik-Panorama<\/h3>\n<p><img decoding=\"async\" src=\"\/wp-content\/uploads\/factory-01.webp\"\/><\/p>\n<h3>Werkstatt zur Herstellung von Aluminiumstangen<\/h3>\n<p><img decoding=\"async\" src=\"\/wp-content\/uploads\/factory-02.webp\"\/><\/p>\n<\/p>\n<p><img decoding=\"async\" src=\"\/wp-content\/uploads\/factory-03.webp\"\/><\/p>\n<h3>Lagerhaus f\u00fcr Formen<\/h3>\n<p><img decoding=\"async\" src=\"\/wp-content\/uploads\/factory-04.webp\"\/><\/p>\n<h3>43 Aluminium-Strangpressanlagen (500-5500 Tonnen)<\/h3>\n<p><img decoding=\"async\" src=\"\/wp-content\/uploads\/factory-05.webp\"\/><\/p>\n<p><img decoding=\"async\" src=\"\/wp-content\/uploads\/factory-06.webp\"\/><\/p>\n<p><img decoding=\"async\" src=\"\/wp-content\/uploads\/factory-07.webp\"\/><\/p>\n<h3>Werkstatt f\u00fcr Pulverbeschichtung<\/h3>\n<p><img decoding=\"async\" src=\"\/wp-content\/uploads\/factory-09.webp\"\/><\/p>\n<h3>Eloxal-Werkstatt<\/h3>\n<p><img decoding=\"async\" src=\"\/wp-content\/uploads\/factory-10.webp\"\/><\/p>\n<h3>Workshop zur Tiefenverarbeitung<\/h3>\n<p><img decoding=\"async\" src=\"\/wp-content\/uploads\/factory-11.webp\"\/><\/p>\n<h3>CNC-Pr\u00e4zisionsbearbeitungswerkstatt<\/h3>\n<p><img decoding=\"async\" src=\"\/wp-content\/uploads\/factory-11.5.webp\"\/><\/p>\n<h3>Lager f\u00fcr Fertigprodukte und Export<\/h3>\n<p><img decoding=\"async\" src=\"\/wp-content\/uploads\/factory-12.webp\"\/><\/p>\n<p><img decoding=\"async\" src=\"\/wp-content\/uploads\/factory-13.webp\"\/><\/p>\n<p><img decoding=\"async\" src=\"\/wp-content\/uploads\/factory-14.webp\"\/><\/p>\n<h2>FAQ<\/h2>\n<p><b>1. welche Vorteile bietet die Verwendung von 6063-T5 Aluminiumprofilen in Duschr\u00e4umen? <\/b><\/p>\n<p>6063-T5-Aluminiumprofile bieten eine ausgezeichnete Korrosionsbest\u00e4ndigkeit, eine leichte Festigkeit und eine einfache Verarbeitung, was sie ideal f\u00fcr Anwendungen in Duschr\u00e4umen macht.\n<\/p>\n<p><\/p>\n<p><b>2. k\u00f6nnen Aluminiumprofile f\u00fcr spezifische Duschraumdesigns angepasst werden? <\/b><\/p>\n<p>Ja, Aluminiumprofile k\u00f6nnen in Bezug auf Form, Gr\u00f6\u00dfe und Ausf\u00fchrung auf die individuellen Anforderungen an die Gestaltung von Duschr\u00e4umen zugeschnitten werden.\n<\/p>\n<p><\/p>\n<p><b>3. sind diese Aluminiumprofile f\u00fcr Umgebungen mit hoher Luftfeuchtigkeit wie Badezimmer geeignet? <\/b><\/p>\n<p>Die korrosionsbest\u00e4ndigen Eigenschaften von 6063-T5 Aluminium machen diese Profile ideal f\u00fcr Umgebungen mit hoher Luftfeuchtigkeit, wie z. B. Badezimmer.\n<\/p>\n<p><\/p>\n<p><b>4. welche Arten von Oberfl\u00e4chen gibt es f\u00fcr Aluminiumprofile, die in Duschr\u00e4umen verwendet werden? <\/b><\/p>\n<p>Aluminiumprofile f\u00fcr Duschr\u00e4ume sind in verschiedenen Ausf\u00fchrungen erh\u00e4ltlich, darunter eloxierte, pulverbeschichtete und gewalzte Oberfl\u00e4chen, um unterschiedlichen \u00e4sthetischen Vorlieben gerecht zu werden.\n<\/p>\n<p><\/p>\n<p><b>5. wie verbessern Aluminiumprofile die Haltbarkeit von Duschrauminstallationen? <\/b><\/p>\n<p>Aluminiumprofile bieten strukturelle Unterst\u00fctzung und sch\u00fctzen vor Korrosion, was die Langlebigkeit und Widerstandsf\u00e4higkeit von Duschrauminstallationen erh\u00f6ht.\n<\/p>\n<p><\/p>","protected":false},"featured_media":7253,"template":"","categories":[67],"class_list":["post-7254","product","type-product","status-publish","has-post-thumbnail","hentry","category-architectural-aluminium-profile"],"meta_box":{"hilight_text_group":{"product_hilight_text":"<li>Manufactured from high-quality 6063-T5 aluminum alloy, ensuring excellent corrosion resistance and durability for shower room applications<\/li>\r\r\n<li>Lightweight design facilitates easy handling and installation, reducing labor costs and time<\/li>\r\r\n<li>Available in various finishes, including anodized and powder-coated options, to match diverse aesthetic requirements<\/li>\r\r\n<li>Customizable profiles to accommodate different glass thicknesses and shower room designs<\/li>\r\r\n<li>Cost-effective manufacturing prices, starting from $0.50 per piece for bulk orders<\/li>","product_chanpin_blog":"<ul>\r\r\n<li><a href=\"https:\/\/sinoextrud.com\/t-slot-v-slot-differences\/\" target=\"_blank\">t slot vs v slot<\/a><\/li>\r\r\n<li><a href=\"https:\/\/sinoextrud.com\/what-is-4040-aluminium-extrud\/\" target=\"_blank\">4040 aluminium extrusion<\/a><\/li>\r\r\n<li><a href=\"https:\/\/sinoextrud.com\/what-is-4040-aluminium-extrud\/\" target=\"_blank\">aluminum extrusions for industrial racks<\/a><\/li>\r\r\n<li><a href=\"https:\/\/sinoextrud.com\/powder-coating-aluminium-process\/\" target=\"_blank\">powder coating aluminium<\/a><\/li>\r\r\n<li><a href=\"https:\/\/sinoextrud.com\/what-is-an-aluminium-strip-ceiling\/\" target=\"_blank\">aluminium strip ceiling<\/a><\/li>\r\r\n<li><a href=\"https:\/\/sinoextrud.com\/what-is-a-heat-sink\/\" target=\"_blank\">what is a heat sink<\/a><\/li>\r\r\n<\/ul>","product_chanpin_chanpin":"<li><a href=\"https:\/\/sinoextrud.com\/product\/cnc-machined-6063-extruded-aluminum-fasteners\/\" target=\"_blank\">CNC Machined 6063 Extruded Aluminum Fasteners<\/a><\/li>\r\n<li><a href=\"https:\/\/sinoextrud.com\/product\/6463-electroplated-finish-shower-enclosure-aluminum-profile\/\" target=\"_blank\">6463 Electroplated Finish Shower Enclosure Aluminum Profile<\/a><\/li>\r\n<li><a href=\"https:\/\/sinoextrud.com\/product\/aluminium-glass-profile\/\" target=\"_blank\">Aluminium Glass Profile<\/a><\/li>\r\n<li><a href=\"https:\/\/sinoextrud.com\/product\/customized-matt-electrophoresis-aluminum-extrusions-profile-for-building-material\/\" target=\"_blank\">Customized Matt Electrophoresis Aluminum Extrusions Profile For Building Material<\/a><\/li>\r\n<li><a href=\"https:\/\/sinoextrud.com\/product\/aluminium-profile-for-shower-room\/\" target=\"_blank\">Aluminium Profile For Shower Room<\/a><\/li>\r\n<li><a href=\"https:\/\/sinoextrud.com\/product\/bright-anodized-aluminum-profile\/\" target=\"_blank\">Bright Anodized Aluminum Profile<\/a><\/li>\r\n<li><a href=\"https:\/\/sinoextrud.com\/product\/modular-framing-systems\/\" target=\"_blank\">Modular Framing Systems<\/a><\/li>\r\n<li><a href=\"https:\/\/sinoextrud.com\/product\/aluminium-anodizing\/\" target=\"_blank\">Aluminium Anodizing<\/a><\/li>\r\n<li><a href=\"https:\/\/sinoextrud.com\/product\/extruded-aluminum-profiles\/\" target=\"_blank\">Extruded Aluminum Profiles<\/a><\/li>\r\n<li><a href=\"https:\/\/sinoextrud.com\/product\/architectural-aluminum-extrusion-profiles\/\" target=\"_blank\">Architectural Aluminum Extrusion Profiles<\/a><\/li>\r\n<li><a href=\"https:\/\/sinoextrud.com\/product\/octagon-aluminum-extrusion\/\" target=\"_blank\">Octagon Aluminum Extrusion<\/a><\/li>"},"feature_list":[]},"_links":{"self":[{"href":"https:\/\/sinoextrud.com\/de\/wp-json\/wp\/v2\/product\/7254","targetHints":{"allow":["GET"]}}],"collection":[{"href":"https:\/\/sinoextrud.com\/de\/wp-json\/wp\/v2\/product"}],"about":[{"href":"https:\/\/sinoextrud.com\/de\/wp-json\/wp\/v2\/types\/product"}],"wp:featuredmedia":[{"embeddable":true,"href":"https:\/\/sinoextrud.com\/de\/wp-json\/wp\/v2\/media\/7253"}],"wp:attachment":[{"href":"https:\/\/sinoextrud.com\/de\/wp-json\/wp\/v2\/media?parent=7254"}],"wp:term":[{"taxonomy":"category","embeddable":true,"href":"https:\/\/sinoextrud.com\/de\/wp-json\/wp\/v2\/categories?post=7254"}],"curies":[{"name":"wp","href":"https:\/\/api.w.org\/{rel}","templated":true}]}}