{"id":7252,"date":"2025-06-06T03:19:26","date_gmt":"2025-06-06T03:19:26","guid":{"rendered":"https:\/\/sinoextrud.com\/product\/customized-matt-electrophoresis-aluminum-extrusions-profile-for-building-material\/"},"modified":"2025-06-24T06:12:21","modified_gmt":"2025-06-24T06:12:21","slug":"kundenspezifische-matte-elektrophorese-aluminium-strangpressprofile-fur-baumaterial","status":"publish","type":"product","link":"https:\/\/sinoextrud.com\/de\/product\/customized-matt-electrophoresis-aluminum-extrusions-profile-for-building-material\/","title":{"rendered":"Kundenspezifische matte Elektrophorese Aluminium-Extrusionsprofil f\u00fcr Baumaterial"},"content":{"rendered":"<h2>Produkte Details<\/h2>\n<table class=\"custom-table\">\n<tbody>\n<tr>\n<td> <\/td>\n<td>Artikel<\/td>\n<td>Kundenspezifisches mattes Elektrophorese-Aluminium-Strangpressprofil <br \/> F\u00fcr Baumaterial<\/td>\n<\/tr>\n<tr>\n<td>2<\/td>\n<td>Material<\/td>\n<td>Legierung6063<\/td>\n<\/tr>\n<tr>\n<td>3<\/td>\n<td>Temperament<\/td>\n<td>T5<\/td>\n<\/tr>\n<tr>\n<td>4<\/td>\n<td>Zertifikat<\/td>\n<td>ISO9001, ISO14001<\/td>\n<\/tr>\n<tr>\n<td>5<\/td>\n<td>F\u00e4higkeit<\/td>\n<td>Jahresaussto\u00df mehr als 200.000 Tonnen<\/td>\n<\/tr>\n<tr>\n<td>6<\/td>\n<td>Farbe<\/td>\n<td>Kundenspezifisch verf\u00fcgbar<\/td>\n<\/tr>\n<tr>\n<td>7<\/td>\n<td>L\u00e4nge<\/td>\n<td>1-9 Meter oder kundenspezifisch<\/td>\n<\/tr>\n<tr>\n<td>8<\/td>\n<td>Dicke<\/td>\n<td>Kundenspezifisch<\/td>\n<\/tr>\n<tr>\n<td>9<\/td>\n<td>Oberfl\u00e4cheFinish<\/td>\n<td>Millfinish, Eloxieren, Elektrophorese, Pulverbeschichtung, Holzmaserungstransfer, Fluorkohlenstoffbeschichtung, usw.<\/td>\n<\/tr>\n<tr>\n<td>10<\/td>\n<td>Anmeldung<\/td>\n<td>Fenster- und T\u00fcrabschnitt, Handlauf, Vorhangwand<\/td>\n<\/tr>\n<tr>\n<td>11<\/td>\n<td>LoadingPort<\/td>\n<td>Shenzhen, Guangzhou, FoshanHafen<\/td>\n<\/tr>\n<tr>\n<td>12<\/td>\n<td>Zahlung<\/td>\n<td>T\/T,30%downpayment, der Restbetrag wird vor der Lieferung ausgezahlt<\/td>\n<\/tr>\n<tr>\n<td>13<\/td>\n<td>Paket<\/td>\n<td>1.innen:verpacktmitPlastikschutzfoliezumSchutzjedesProfils<br \/>\n2. au\u00dfen: mit wasserfestem Bastelpapier verpackt<\/td>\n<\/tr>\n<tr>\n<td>14<\/td>\n<td>Lieferung<\/td>\n<td>25-30 Tage nach der Anzahlung<\/td>\n<\/tr>\n<tr>\n<td>15<\/td>\n<td>Auftragsreihenfolge<\/td>\n<td>1. die Zeichnungen, die Oberfl\u00e4chenbehandlung und den Preis zu best\u00e4tigen;<br \/>\n2. zahlen Sie die Schimmelpilzgeb\u00fchr und beginnen Sie mit der Herstellung der Schimmelpilze;<br \/>\n3. wir senden Ihnen Muster zur Best\u00e4tigung;<br \/>\n4.Makethepaymentof30%deposit,startproduction;<\/td>\n<\/tr>\n<\/tbody>\n<\/table>\n<h2>Unsere Produktionsbasis<\/h2>\n<h3>Fabrik-Panorama<\/h3>\n<p><img decoding=\"async\" src=\"\/wp-content\/uploads\/factory-01.webp\"\/><\/p>\n<h3>Werkstatt zur Herstellung von Aluminiumstangen<\/h3>\n<p><img decoding=\"async\" src=\"\/wp-content\/uploads\/factory-02.webp\"\/><\/p>\n<\/p>\n<p><img decoding=\"async\" src=\"\/wp-content\/uploads\/factory-03.webp\"\/><\/p>\n<h3>Lagerhaus f\u00fcr Formen<\/h3>\n<p><img decoding=\"async\" src=\"\/wp-content\/uploads\/factory-04.webp\"\/><\/p>\n<h3>43 Aluminium-Strangpressanlagen (500\u00e2\u20ac\"5500 Tonnen)<\/h3>\n<p><img decoding=\"async\" src=\"\/wp-content\/uploads\/factory-05.webp\"\/><\/p>\n<p><img decoding=\"async\" src=\"\/wp-content\/uploads\/factory-06.webp\"\/><\/p>\n<p><img decoding=\"async\" src=\"\/wp-content\/uploads\/factory-07.webp\"\/><\/p>\n<h3>Werkstatt f\u00fcr Pulverbeschichtung<\/h3>\n<p><img decoding=\"async\" src=\"\/wp-content\/uploads\/factory-09.webp\"\/><\/p>\n<h3>Eloxal-Werkstatt<\/h3>\n<p><img decoding=\"async\" src=\"\/wp-content\/uploads\/factory-10.webp\"\/><\/p>\n<h3>Workshop zur Tiefenverarbeitung<\/h3>\n<p><img decoding=\"async\" src=\"\/wp-content\/uploads\/factory-11.webp\"\/><\/p>\n<h3>CNC-Pr\u00e4zisionsbearbeitungswerkstatt<\/h3>\n<p><img decoding=\"async\" src=\"\/wp-content\/uploads\/factory-11.5.webp\"\/><\/p>\n<h3>Lager f\u00fcr Fertigprodukte und Export<\/h3>\n<p><img decoding=\"async\" src=\"\/wp-content\/uploads\/factory-12.webp\"\/><\/p>\n<p><img decoding=\"async\" src=\"\/wp-content\/uploads\/factory-13.webp\"\/><\/p>\n<p><img decoding=\"async\" src=\"\/wp-content\/uploads\/factory-14.webp\"\/><\/p>\n<h2>FAQ<\/h2>\n<p><b>1. welche Vorteile bieten matte elektrophoretische Aluminium-Strangpressprofile f\u00fcr Baumaterialien? <\/b><\/p>\n<p>Matte elektrophoretische Aluminium-Strangpressprofile bieten eine verbesserte Korrosionsbest\u00e4ndigkeit, eine gleichm\u00e4\u00dfige matte Oberfl\u00e4che und eine erh\u00f6hte Oberfl\u00e4chenh\u00e4rte, wodurch sie sich ideal f\u00fcr verschiedene Baumaterialanwendungen eignen.\n<\/p>\n<p><\/p>\n<p><b>2. k\u00f6nnen diese Aluminiumprofile f\u00fcr bestimmte architektonische Designs angepasst werden? <\/b><\/p>\n<p>Ja, matte elektrophoretische Aluminium-Strangpressprofile k\u00f6nnen in Bezug auf Form, Gr\u00f6\u00dfe und Oberfl\u00e4che so angepasst werden, dass sie einzigartige architektonische und strukturelle Anforderungen erf\u00fcllen.\n<\/p>\n<p><\/p>\n<p><b>3. sind matte elektrophoretische Aluminiumprofile f\u00fcr Au\u00dfenanwendungen geeignet? <\/b><\/p>\n<p>Die elektrophoretische Beschichtung erh\u00f6ht die Witterungsbest\u00e4ndigkeit, so dass sich diese Profile sowohl f\u00fcr Baumaterialien im Innen- als auch im Au\u00dfenbereich eignen.\n<\/p>\n<p><\/p>\n<p><b>4. was ist die typische Vorlaufzeit f\u00fcr kundenspezifische matte Elektrophorese-Aluminium-Strangpressprofile? <\/b><\/p>\n<p>Die Vorlaufzeit h\u00e4ngt von der Komplexit\u00e4t und dem Volumen des Auftrags ab, aber die Hersteller bieten in der Regel wettbewerbsf\u00e4hige Durchlaufzeiten f\u00fcr kundenspezifische Profile.\n<\/p>\n<p><\/p>\n<p><b>5. welche Vorteile bietet das Elektrophorese-Verfahren f\u00fcr die Aluminium-Strangpressprofile? <\/b><\/p>\n<p>Das Elektrophoreseverfahren sorgt f\u00fcr eine konsistente und dauerhafte Beschichtung, die die Korrosionsbest\u00e4ndigkeit und Oberfl\u00e4chenh\u00e4rte verbessert und so die Lebensdauer von Aluminium-Strangpressprofilen im Bauwesen verl\u00e4ngert.\n<\/p>\n<p><\/p>","protected":false},"featured_media":7251,"template":"","categories":[67],"class_list":["post-7252","product","type-product","status-publish","has-post-thumbnail","hentry","category-architectural-aluminium-profile"],"meta_box":{"hilight_text_group":{"product_hilight_text":"<li>Manufactured from premium 6063-T5 aluminum alloy, ensuring superior strength and corrosion resistance for building material applications<\/li>\r\r\n<li>Matt electrophoresis finish provides a uniform, elegant appearance while enhancing surface hardness and durability<\/li>\r\r\n<li>Customizable profiles available in various shapes and sizes to meet specific architectural and structural requirements<\/li>\r\r\n<li>Lightweight yet robust construction facilitates easy handling and installation, reducing labor costs and time<\/li>\r\r\n<li>Environmentally friendly electrophoretic coating process offers enhanced weather resistance and long-lasting color retention<\/li>","product_chanpin_blog":"<ul>\r\r\n<li><a href=\"https:\/\/sinoextrud.com\/t-slot-v-slot-differences\/\" target=\"_blank\">t slot vs v slot<\/a><\/li>\r\r\n<li><a href=\"https:\/\/sinoextrud.com\/what-is-4040-aluminium-extrud\/\" target=\"_blank\">4040 aluminium extrusion<\/a><\/li>\r\r\n<li><a href=\"https:\/\/sinoextrud.com\/what-is-4040-aluminium-extrud\/\" target=\"_blank\">aluminum extrusions for industrial racks<\/a><\/li>\r\r\n<li><a href=\"https:\/\/sinoextrud.com\/powder-coating-aluminium-process\/\" target=\"_blank\">powder coating aluminium<\/a><\/li>\r\r\n<li><a href=\"https:\/\/sinoextrud.com\/what-is-an-aluminium-strip-ceiling\/\" target=\"_blank\">aluminium strip ceiling<\/a><\/li>\r\r\n<li><a href=\"https:\/\/sinoextrud.com\/what-is-a-heat-sink\/\" target=\"_blank\">what is a heat sink<\/a><\/li>\r\r\n<\/ul>","product_chanpin_chanpin":"<li><a href=\"https:\/\/sinoextrud.com\/product\/extruded-aluminum-trim-shapes\/\" target=\"_blank\">Extruded Aluminum Trim Shapes<\/a><\/li>\r\n<li><a href=\"https:\/\/sinoextrud.com\/product\/cnc-machined-6063-extruded-aluminum-fasteners\/\" target=\"_blank\">CNC Machined 6063 Extruded Aluminum Fasteners<\/a><\/li>\r\n<li><a href=\"https:\/\/sinoextrud.com\/product\/6463-electroplated-finish-shower-enclosure-aluminum-profile\/\" target=\"_blank\">6463 Electroplated Finish Shower Enclosure Aluminum Profile<\/a><\/li>\r\n<li><a href=\"https:\/\/sinoextrud.com\/product\/aluminium-glass-profile\/\" target=\"_blank\">Aluminium Glass Profile<\/a><\/li>\r\n<li><a href=\"https:\/\/sinoextrud.com\/product\/customized-matt-electrophoresis-aluminum-extrusions-profile-for-building-material\/\" target=\"_blank\">Customized Matt Electrophoresis Aluminum Extrusions Profile For Building Material<\/a><\/li>\r\n<li><a href=\"https:\/\/sinoextrud.com\/product\/aluminium-profile-for-shower-room\/\" target=\"_blank\">Aluminium Profile For Shower Room<\/a><\/li>\r\n<li><a href=\"https:\/\/sinoextrud.com\/product\/bright-anodized-aluminum-profile\/\" target=\"_blank\">Bright Anodized Aluminum Profile<\/a><\/li>\r\n<li><a href=\"https:\/\/sinoextrud.com\/product\/modular-framing-systems\/\" target=\"_blank\">Modular Framing Systems<\/a><\/li>\r\n<li><a href=\"https:\/\/sinoextrud.com\/product\/aluminium-anodizing\/\" target=\"_blank\">Aluminium Anodizing<\/a><\/li>\r\n<li><a href=\"https:\/\/sinoextrud.com\/product\/shining-electrophresis-and-crystal-electrophresis-aluminium-profiles\/\" target=\"_blank\">Shining Electrophresis and Crystal electrophresis aluminium profiles<\/a><\/li>\r\n<li><a href=\"https:\/\/sinoextrud.com\/product\/large-custom-aluminum-extrusions\/\" target=\"_blank\">Large Custom Aluminum Extrusions<\/a><\/li>"},"feature_list":[]},"_links":{"self":[{"href":"https:\/\/sinoextrud.com\/de\/wp-json\/wp\/v2\/product\/7252","targetHints":{"allow":["GET"]}}],"collection":[{"href":"https:\/\/sinoextrud.com\/de\/wp-json\/wp\/v2\/product"}],"about":[{"href":"https:\/\/sinoextrud.com\/de\/wp-json\/wp\/v2\/types\/product"}],"wp:featuredmedia":[{"embeddable":true,"href":"https:\/\/sinoextrud.com\/de\/wp-json\/wp\/v2\/media\/7251"}],"wp:attachment":[{"href":"https:\/\/sinoextrud.com\/de\/wp-json\/wp\/v2\/media?parent=7252"}],"wp:term":[{"taxonomy":"category","embeddable":true,"href":"https:\/\/sinoextrud.com\/de\/wp-json\/wp\/v2\/categories?post=7252"}],"curies":[{"name":"wp","href":"https:\/\/api.w.org\/{rel}","templated":true}]}}