{"id":7250,"date":"2025-06-06T03:17:31","date_gmt":"2025-06-06T03:17:31","guid":{"rendered":"https:\/\/sinoextrud.com\/product\/aluminium-glass-profile\/"},"modified":"2025-06-24T06:12:21","modified_gmt":"2025-06-24T06:12:21","slug":"aluminium-glasprofil","status":"publish","type":"product","link":"https:\/\/sinoextrud.com\/de\/product\/aluminium-glass-profile\/","title":{"rendered":"Aluminium-Glas-Profil"},"content":{"rendered":"<h2>Produkte Details<\/h2>\n<table class=\"custom-table\">\n<tbody>\n<tr>\n<td> Produkt-Spezifikation<\/td>\n<td> Aluminium-Glasprofil<\/td>\n<\/tr>\n<tr>\n<td> Material<\/td>\n<td> Serie 6000<\/td>\n<\/tr>\n<tr>\n<td> Fertige<\/td>\n<td> Spiegel eloxiertes Holz Gain, Pinsel<\/td>\n<\/tr>\n<tr>\n<td> Gr\u00f6\u00dfe<\/td>\n<td> Kundenspezifisch<\/td>\n<\/tr>\n<tr>\n<td> Anmeldung<\/td>\n<td> Glaszaun, Treppengel\u00e4nder oder Glasgel\u00e4nder<\/td>\n<\/tr>\n<tr>\n<td> Glasdicke<\/td>\n<td> angepasst<\/td>\n<\/tr>\n<tr>\n<td> MOQ<\/td>\n<td> 200KGS f\u00fcr jede Position<\/td>\n<\/tr>\n<tr>\n<td> Muster<\/td>\n<td> Verf\u00fcgbar<\/td>\n<\/tr>\n<tr>\n<td> Produktionskapazit\u00e4t<\/td>\n<td> 500000St\u00fcck\/pro Monat<\/td>\n<\/tr>\n<tr>\n<td> Vorlaufzeit<\/td>\n<td> 25-35 Tage nach Eingang der Zahlung<\/td>\n<\/tr>\n<tr>\n<td> Verschiffungshafen<\/td>\n<td> FOSHAN,GUANGZHOU,SHENZHEN<\/td>\n<\/tr>\n<tr>\n<td> Preis Laufzeit<\/td>\n<td> EXW.FOB \/ CIF usw.<\/td>\n<\/tr>\n<tr>\n<td> Zahlungsfrist<\/td>\n<td> 30% Kaution, 70% vor der Verladung.<\/td>\n<\/tr>\n<tr>\n<td> Bemerkung<\/td>\n<td> OEM ist akzeptabel<\/td>\n<\/tr>\n<\/tbody>\n<\/table>\n<h2>Unsere Produktionsbasis<\/h2>\n<h3>Fabrik-Panorama<\/h3>\n<p><img decoding=\"async\" src=\"\/wp-content\/uploads\/factory-01.webp\"\/><\/p>\n<h3>Werkstatt zur Herstellung von Aluminiumstangen<\/h3>\n<p><img decoding=\"async\" src=\"\/wp-content\/uploads\/factory-02.webp\"\/><\/p>\n<\/p>\n<p><img decoding=\"async\" src=\"\/wp-content\/uploads\/factory-03.webp\"\/><\/p>\n<h3>Lagerhaus f\u00fcr Formen<\/h3>\n<p><img decoding=\"async\" src=\"\/wp-content\/uploads\/factory-04.webp\"\/><\/p>\n<h3>43 Aluminium-Strangpressanlagen (500\u00e2\u20ac\"5500 Tonnen)<\/h3>\n<p><img decoding=\"async\" src=\"\/wp-content\/uploads\/factory-05.webp\"\/><\/p>\n<p><img decoding=\"async\" src=\"\/wp-content\/uploads\/factory-06.webp\"\/><\/p>\n<p><img decoding=\"async\" src=\"\/wp-content\/uploads\/factory-07.webp\"\/><\/p>\n<h3>Werkstatt f\u00fcr Pulverbeschichtung<\/h3>\n<p><img decoding=\"async\" src=\"\/wp-content\/uploads\/factory-09.webp\"\/><\/p>\n<h3>Eloxal-Werkstatt<\/h3>\n<p><img decoding=\"async\" src=\"\/wp-content\/uploads\/factory-10.webp\"\/><\/p>\n<h3>Workshop zur Tiefenverarbeitung<\/h3>\n<p><img decoding=\"async\" src=\"\/wp-content\/uploads\/factory-11.webp\"\/><\/p>\n<h3>CNC-Pr\u00e4zisionsbearbeitungswerkstatt<\/h3>\n<p><img decoding=\"async\" src=\"\/wp-content\/uploads\/factory-11.5.webp\"\/><\/p>\n<h3>Lager f\u00fcr Fertigprodukte und Export<\/h3>\n<p><img decoding=\"async\" src=\"\/wp-content\/uploads\/factory-12.webp\"\/><\/p>\n<p><img decoding=\"async\" src=\"\/wp-content\/uploads\/factory-13.webp\"\/><\/p>\n<p><img decoding=\"async\" src=\"\/wp-content\/uploads\/factory-14.webp\"\/><\/p>\n<h2>FAQ<\/h2>\n<p><b>1. welche Vorteile bietet die Verwendung von Aluminium-Glasprofilen bei Bauprojekten? <\/b><\/p>\n<p>Aluminium-Glasprofile bieten eine Kombination aus Festigkeit, geringem Gewicht und Korrosionsbest\u00e4ndigkeit, was sie ideal f\u00fcr moderne architektonische Anwendungen mit Glasinstallationen macht.\n<\/p>\n<p><\/p>\n<p><b>2. k\u00f6nnen Aluminium-Glasprofile f\u00fcr spezifische Designanforderungen angepasst werden? <\/b><\/p>\n<p>Ja, Aluminium-Glas-Profile k\u00f6nnen in Bezug auf L\u00e4nge, Querschnittsform und Ausf\u00fchrung auf die individuellen Projektanforderungen zugeschnitten werden.\n<\/p>\n<p><\/p>\n<p><b>3. sind Aluminium-Glasprofile sowohl f\u00fcr Innen- als auch f\u00fcr Au\u00dfenanwendungen geeignet? <\/b><\/p>\n<p>Die Korrosionsbest\u00e4ndigkeit von Aluminium, insbesondere wenn es eloxiert oder pulverbeschichtet ist, macht diese Profile sowohl f\u00fcr den Innen- als auch f\u00fcr den Au\u00dfenbereich geeignet.\n<\/p>\n<p><\/p>\n<p><b>4. welche Arten von Veredelungen gibt es f\u00fcr Aluminium-Glasprofile? <\/b><\/p>\n<p>Aluminium-Glasprofile sind in verschiedenen Ausf\u00fchrungen erh\u00e4ltlich, darunter eloxierte, pulverbeschichtete und gewalzte Oberfl\u00e4chen, um unterschiedlichen \u00e4sthetischen und funktionalen Anforderungen gerecht zu werden.\n<\/p>\n<p><\/p>\n<p><b>5. wie tragen Aluminium-Glasprofile zur Energieeffizienz von Geb\u00e4uden bei? <\/b><\/p>\n<p>In Verbindung mit der Technologie der thermischen Trennung k\u00f6nnen Aluminium-Glasprofile die W\u00e4rme\u00fcbertragung erheblich reduzieren und so die Energieeffizienz von Geb\u00e4udeh\u00fcllen verbessern.\n<\/p>\n<p><\/p>","protected":false},"featured_media":7249,"template":"","categories":[67],"class_list":["post-7250","product","type-product","status-publish","has-post-thumbnail","hentry","category-architectural-aluminium-profile"],"meta_box":{"hilight_text_group":{"product_hilight_text":"<li>Manufactured from high-grade 6063-T5 aluminum alloy, ensuring excellent corrosion resistance and structural integrity for glass framing applications<\/li>\r\r\n<li>Precision-extruded profiles designed to accommodate various glass thicknesses, providing seamless integration in architectural designs<\/li>\r\r\n<li>Available in multiple finishes, including anodized and powder-coated options, to match diverse aesthetic requirements<\/li>\r\r\n<li>Lightweight yet robust construction facilitates easy handling and installation, reducing labor costs and time<\/li>\r\r\n<li>Customizable lengths and cross-sectional designs to meet specific project needs, enhancing design flexibility<\/li>","product_chanpin_blog":"<ul>\r\r\n<li><a href=\"https:\/\/sinoextrud.com\/t-slot-v-slot-differences\/\" target=\"_blank\">t slot vs v slot<\/a><\/li>\r\r\n<li><a href=\"https:\/\/sinoextrud.com\/what-is-4040-aluminium-extrud\/\" target=\"_blank\">4040 aluminium extrusion<\/a><\/li>\r\r\n<li><a href=\"https:\/\/sinoextrud.com\/what-is-4040-aluminium-extrud\/\" target=\"_blank\">aluminum extrusions for industrial racks<\/a><\/li>\r\r\n<li><a href=\"https:\/\/sinoextrud.com\/powder-coating-aluminium-process\/\" target=\"_blank\">powder coating aluminium<\/a><\/li>\r\r\n<li><a href=\"https:\/\/sinoextrud.com\/what-is-an-aluminium-strip-ceiling\/\" target=\"_blank\">aluminium strip ceiling<\/a><\/li>\r\r\n<li><a href=\"https:\/\/sinoextrud.com\/what-is-a-heat-sink\/\" target=\"_blank\">what is a heat sink<\/a><\/li>\r\r\n<\/ul>","product_chanpin_chanpin":"<li><a href=\"https:\/\/sinoextrud.com\/product\/60x60-aluminium-extrusion\/\" target=\"_blank\">60\u00c3\u201460 Aluminium Extrusion<\/a><\/li>\r\n<li><a href=\"https:\/\/sinoextrud.com\/product\/extruded-aluminum-trim-shapes\/\" target=\"_blank\">Extruded Aluminum Trim Shapes<\/a><\/li>\r\n<li><a href=\"https:\/\/sinoextrud.com\/product\/cnc-machined-6063-extruded-aluminum-fasteners\/\" target=\"_blank\">CNC Machined 6063 Extruded Aluminum Fasteners<\/a><\/li>\r\n<li><a href=\"https:\/\/sinoextrud.com\/product\/6463-electroplated-finish-shower-enclosure-aluminum-profile\/\" target=\"_blank\">6463 Electroplated Finish Shower Enclosure Aluminum Profile<\/a><\/li>\r\n<li><a href=\"https:\/\/sinoextrud.com\/product\/aluminium-glass-profile\/\" target=\"_blank\">Aluminium Glass Profile<\/a><\/li>\r\n<li><a href=\"https:\/\/sinoextrud.com\/product\/customized-matt-electrophoresis-aluminum-extrusions-profile-for-building-material\/\" target=\"_blank\">Customized Matt Electrophoresis Aluminum Extrusions Profile For Building Material<\/a><\/li>\r\n<li><a href=\"https:\/\/sinoextrud.com\/product\/aluminium-profile-for-shower-room\/\" target=\"_blank\">Aluminium Profile For Shower Room<\/a><\/li>\r\n<li><a href=\"https:\/\/sinoextrud.com\/product\/bright-anodized-aluminum-profile\/\" target=\"_blank\">Bright Anodized Aluminum Profile<\/a><\/li>\r\n<li><a href=\"https:\/\/sinoextrud.com\/product\/modular-framing-systems\/\" target=\"_blank\">Modular Framing Systems<\/a><\/li>\r\n<li><a href=\"https:\/\/sinoextrud.com\/product\/aluminium-rail-extrusions\/\" target=\"_blank\">Aluminium Rail Extrusions<\/a><\/li>\r\n<li><a href=\"https:\/\/sinoextrud.com\/product\/aluminum-extrusion-framing-components\/\" target=\"_blank\">Aluminum Extrusion Framing Components<\/a><\/li>"},"feature_list":[]},"_links":{"self":[{"href":"https:\/\/sinoextrud.com\/de\/wp-json\/wp\/v2\/product\/7250","targetHints":{"allow":["GET"]}}],"collection":[{"href":"https:\/\/sinoextrud.com\/de\/wp-json\/wp\/v2\/product"}],"about":[{"href":"https:\/\/sinoextrud.com\/de\/wp-json\/wp\/v2\/types\/product"}],"wp:featuredmedia":[{"embeddable":true,"href":"https:\/\/sinoextrud.com\/de\/wp-json\/wp\/v2\/media\/7249"}],"wp:attachment":[{"href":"https:\/\/sinoextrud.com\/de\/wp-json\/wp\/v2\/media?parent=7250"}],"wp:term":[{"taxonomy":"category","embeddable":true,"href":"https:\/\/sinoextrud.com\/de\/wp-json\/wp\/v2\/categories?post=7250"}],"curies":[{"name":"wp","href":"https:\/\/api.w.org\/{rel}","templated":true}]}}