{"id":7246,"date":"2025-06-06T03:13:43","date_gmt":"2025-06-06T03:13:43","guid":{"rendered":"https:\/\/sinoextrud.com\/product\/cnc-machined-6063-extruded-aluminum-fasteners\/"},"modified":"2025-06-24T06:12:20","modified_gmt":"2025-06-24T06:12:20","slug":"cnc-gefraste-verbindungselemente-aus-6063-stranggepresstem-aluminium","status":"publish","type":"product","link":"https:\/\/sinoextrud.com\/de\/product\/cnc-machined-6063-extruded-aluminum-fasteners\/","title":{"rendered":"CNC-gefr\u00e4ste Befestigungselemente aus stranggepresstem 6063-Aluminium"},"content":{"rendered":"<h2>Produkte Details<\/h2>\n<table class=\"custom-table\">\n<tbody>\n<tr>\n<td> Note:<\/td>\n<td> 6063 -t5<\/td>\n<\/tr>\n<tr>\n<td> Die Technik:<\/td>\n<td> CNC-gefr\u00e4ste Befestigungselemente aus stranggepresstem 6063-Aluminium<\/td>\n<\/tr>\n<tr>\n<td> Temperament:<\/td>\n<td> T3 - T8<\/td>\n<\/tr>\n<tr>\n<td> Bearbeitende Dienstleistungen:<\/td>\n<td> Bohren, Gewindeschneiden, Nieten, Montage, etc.<\/td>\n<\/tr>\n<tr>\n<td> Warenzeichen:<\/td>\n<td> Sinoextrud Sinoextrud <\/td>\n<\/tr>\n<tr>\n<td> Art:<\/td>\n<td> CNC-gefr\u00e4ste Befestigungselemente aus stranggepresstem 6063-Aluminium<\/td>\n<\/tr>\n<tr>\n<td> Die Form:<\/td>\n<td> Hergestellt nach Kundenwunsch<\/td>\n<\/tr>\n<tr>\n<td> Oberfl\u00e4chenbehandlung:<\/td>\n<td> Mill Finish Eloxiert<\/td>\n<\/tr>\n<tr>\n<td> L\u00e4nge:<\/td>\n<td> 1m bis 9m pro L\u00e4nge<\/td>\n<\/tr>\n<tr>\n<td> Farben:<\/td>\n<td> Silber Schwarz<\/td>\n<\/tr>\n<tr>\n<td> HS-Code:<\/td>\n<td> 76042990<\/td>\n<\/tr>\n<\/tbody>\n<\/table>\n<h2>Unsere Produktionsbasis<\/h2>\n<h3>Fabrik-Panorama<\/h3>\n<p><img decoding=\"async\" src=\"\/wp-content\/uploads\/factory-01.webp\"\/><\/p>\n<h3>Werkstatt zur Herstellung von Aluminiumstangen<\/h3>\n<p><img decoding=\"async\" src=\"\/wp-content\/uploads\/factory-02.webp\"\/><\/p>\n<p><img decoding=\"async\" src=\"\/wp-content\/uploads\/factory-03.webp\"\/><\/p>\n<h3>Lagerhaus f\u00fcr Formen<\/h3>\n<p><img decoding=\"async\" src=\"\/wp-content\/uploads\/factory-04.webp\"\/><\/p>\n<h3>43 Aluminium-Strangpressanlagen (500\u00e2\u20ac\"5500 Tonnen)<\/h3>\n<p><img decoding=\"async\" src=\"\/wp-content\/uploads\/factory-05.webp\"\/><\/p>\n<p><img decoding=\"async\" src=\"\/wp-content\/uploads\/factory-06.webp\"\/><\/p>\n<p><img decoding=\"async\" src=\"\/wp-content\/uploads\/factory-07.webp\"\/><\/p>\n<h3>Werkstatt f\u00fcr Pulverbeschichtung<\/h3>\n<p><img decoding=\"async\" src=\"\/wp-content\/uploads\/factory-09.webp\"\/><\/p>\n<h3>Eloxal-Werkstatt<\/h3>\n<p><img decoding=\"async\" src=\"\/wp-content\/uploads\/factory-10.webp\"\/><\/p>\n<h3>Workshop zur Tiefenverarbeitung<\/h3>\n<p><img decoding=\"async\" src=\"\/wp-content\/uploads\/factory-11.webp\"\/><\/p>\n<h3>CNC-Pr\u00e4zisionsbearbeitungswerkstatt<\/h3>\n<p><img decoding=\"async\" src=\"\/wp-content\/uploads\/factory-11.5.webp\"\/><\/p>\n<h3>Lager f\u00fcr Fertigprodukte und Export<\/h3>\n<p><img decoding=\"async\" src=\"\/wp-content\/uploads\/factory-12.webp\"\/><\/p>\n<p><img decoding=\"async\" src=\"\/wp-content\/uploads\/factory-13.webp\"\/><\/p>\n<p><img decoding=\"async\" src=\"\/wp-content\/uploads\/factory-14.webp\"\/><\/p>\n<h2>FAQ<\/h2>\n<p><p><b>1) Welche Vorteile bietet die Verwendung der Aluminiumlegierung 6063 f\u00fcr CNC-gefr\u00e4ste Verbindungselemente? <\/b><\/p>\n<p>Die Aluminiumlegierung 6063 bietet eine ausgezeichnete Korrosionsbest\u00e4ndigkeit, eine gute Festigkeit und eine hervorragende Oberfl\u00e4chenbeschaffenheit, wodurch sie sich ideal f\u00fcr CNC-gefertigte Verbindungselemente eignet.<br \/>\n<\/p><br \/>\n<br \/>\n<p><b>2. k\u00f6nnen CNC-gefr\u00e4ste 6063-Aluminium-Verbindungselemente f\u00fcr spezifische Anwendungen angepasst werden? <\/b><\/p>\n<p>Ja, die CNC-Bearbeitung erm\u00f6glicht eine pr\u00e4zise Anpassung von 6063-Aluminium-Verbindungselementen an spezifische Designanforderungen.<br \/>\n<\/p><br \/>\n<br \/>\n<p><b>3. sind 6063 Aluminium-Verbindungselemente f\u00fcr Au\u00dfenanwendungen geeignet? <\/b><\/p>\n<p>Die korrosionsbest\u00e4ndigen Eigenschaften von 6063-Aluminium machen diese Befestigungselemente ideal f\u00fcr Anwendungen im Au\u00dfenbereich und in der Architektur.<br \/>\n<\/p><br \/>\n<br \/>\n<p><b>4) Wie hoch sind die Kosten f\u00fcr CNC-gefr\u00e4ste 6063-Aluminium-Verbindungselemente? <\/b><\/p>\n<p>Der Herstellungspreis f\u00fcr CNC-gefr\u00e4ste 6063-Aluminium-Verbindungselemente beginnt bei $0,50 pro St\u00fcck, je nach Kundenanpassung und Auftragsvolumen.<br \/>\n<\/p><br \/>\n<br \/>\n<p><b>5. wie verbessern CNC-gefr\u00e4ste 6063-Aluminium-Verbindungselemente die Produktmontage? <\/b><\/p>\n<p>CNC-gefr\u00e4ste 6063-Aluminium-Verbindungselemente bieten eine pr\u00e4zise Passform und Verarbeitung und gew\u00e4hrleisten eine zuverl\u00e4ssige und effiziente Montage in verschiedenen Produkten.<br \/>\n<\/p><br \/><\/p>","protected":false},"featured_media":7245,"template":"","categories":[67],"class_list":["post-7246","product","type-product","status-publish","has-post-thumbnail","hentry","category-architectural-aluminium-profile"],"meta_box":{"hilight_text_group":{"product_hilight_text":"<li>Manufactured from high-quality 6063 aluminum alloy, providing excellent corrosion resistance and durability for CNC machined fasteners<\/li>\r\r\n<li>Precision CNC machining ensures tight tolerances and consistent quality in extruded aluminum fasteners<\/li>\r\r\n<li>Lightweight design facilitates easy installation and reduces overall structural load<\/li>\r\r\n<li>Cost-effective manufacturing prices, starting from $0.50 per piece for bulk orders<\/li>\r\r\n<li>Suitable for various applications, including electronics, automotive, and architectural projects<\/li>","product_chanpin_blog":"<ul>\r\r\n<li><a href=\"https:\/\/sinoextrud.com\/t-slot-v-slot-differences\/\" target=\"_blank\">t slot vs v slot<\/a><\/li>\r\r\n<li><a href=\"https:\/\/sinoextrud.com\/what-is-4040-aluminium-extrud\/\" target=\"_blank\">4040 aluminium extrusion<\/a><\/li>\r\r\n<li><a href=\"https:\/\/sinoextrud.com\/what-is-4040-aluminium-extrud\/\" target=\"_blank\">aluminum extrusions for industrial racks<\/a><\/li>\r\r\n<li><a href=\"https:\/\/sinoextrud.com\/powder-coating-aluminium-process\/\" target=\"_blank\">powder coating aluminium<\/a><\/li>\r\r\n<li><a href=\"https:\/\/sinoextrud.com\/what-is-an-aluminium-strip-ceiling\/\" target=\"_blank\">aluminium strip ceiling<\/a><\/li>\r\r\n<li><a href=\"https:\/\/sinoextrud.com\/what-is-a-heat-sink\/\" target=\"_blank\">what is a heat sink<\/a><\/li>\r\r\n<\/ul>","product_chanpin_chanpin":"<li><a href=\"https:\/\/sinoextrud.com\/product\/high-quality-aluminium-extrusion-profile-for-curtain-wall\/\" target=\"_blank\">High Quality Aluminium Extrusion Profile for Curtain Wall<\/a><\/li>\r\n<li><a href=\"https:\/\/sinoextrud.com\/product\/oem-precision-cnc-machining-for-aluminum-parts\/\" target=\"_blank\">OEM Precision CNC Machining For Aluminum Parts<\/a><\/li>\r\n<li><a href=\"https:\/\/sinoextrud.com\/product\/60x60-aluminium-extrusion\/\" target=\"_blank\">60\u00d760 Aluminium Extrusion<\/a><\/li>\r\n<li><a href=\"https:\/\/sinoextrud.com\/product\/extruded-aluminum-trim-shapes\/\" target=\"_blank\">Extruded Aluminum Trim Shapes<\/a><\/li>\r\n<li><a href=\"https:\/\/sinoextrud.com\/product\/cnc-machined-6063-extruded-aluminum-fasteners\/\" target=\"_blank\">CNC Machined 6063 Extruded Aluminum Fasteners<\/a><\/li>\r\n<li><a href=\"https:\/\/sinoextrud.com\/product\/6463-electroplated-finish-shower-enclosure-aluminum-profile\/\" target=\"_blank\">6463 Electroplated Finish Shower Enclosure Aluminum Profile<\/a><\/li>\r\n<li><a href=\"https:\/\/sinoextrud.com\/product\/aluminium-glass-profile\/\" target=\"_blank\">Aluminium Glass Profile<\/a><\/li>\r\n<li><a href=\"https:\/\/sinoextrud.com\/product\/customized-matt-electrophoresis-aluminum-extrusions-profile-for-building-material\/\" target=\"_blank\">Customized Matt Electrophoresis Aluminum Extrusions Profile For Building Material<\/a><\/li>\r\n<li><a href=\"https:\/\/sinoextrud.com\/product\/aluminium-profile-for-shower-room\/\" target=\"_blank\">Aluminium Profile For Shower Room<\/a><\/li>\r\n<li><a href=\"https:\/\/sinoextrud.com\/product\/aluminium-profile-10x10\/\" target=\"_blank\">Aluminium Profile 10\u00d710<\/a><\/li>\r\n<li><a href=\"https:\/\/sinoextrud.com\/product\/indoor-and-outdoor-aluminium-louver-profile\/\" target=\"_blank\">Indoor and Outdoor Aluminium Louver Profile<\/a><\/li>"},"feature_list":[]},"_links":{"self":[{"href":"https:\/\/sinoextrud.com\/de\/wp-json\/wp\/v2\/product\/7246","targetHints":{"allow":["GET"]}}],"collection":[{"href":"https:\/\/sinoextrud.com\/de\/wp-json\/wp\/v2\/product"}],"about":[{"href":"https:\/\/sinoextrud.com\/de\/wp-json\/wp\/v2\/types\/product"}],"wp:featuredmedia":[{"embeddable":true,"href":"https:\/\/sinoextrud.com\/de\/wp-json\/wp\/v2\/media\/7245"}],"wp:attachment":[{"href":"https:\/\/sinoextrud.com\/de\/wp-json\/wp\/v2\/media?parent=7246"}],"wp:term":[{"taxonomy":"category","embeddable":true,"href":"https:\/\/sinoextrud.com\/de\/wp-json\/wp\/v2\/categories?post=7246"}],"curies":[{"name":"wp","href":"https:\/\/api.w.org\/{rel}","templated":true}]}}