{"id":7242,"date":"2025-06-06T03:10:00","date_gmt":"2025-06-06T03:10:00","guid":{"rendered":"https:\/\/sinoextrud.com\/product\/60x60-aluminium-extrusion\/"},"modified":"2025-06-24T06:12:20","modified_gmt":"2025-06-24T06:12:20","slug":"60x60-aluminium-strangpressprofil","status":"publish","type":"product","link":"https:\/\/sinoextrud.com\/de\/product\/60x60-aluminium-extrusion\/","title":{"rendered":"60\u00d760 Aluminium-Strangpressprofile"},"content":{"rendered":"<h2>Produkte Details<\/h2>\n<table class=\"custom-table\">\n<tbody>\n<tr>\n<td> Produktname<\/td>\n<td> 60\u00d760 Aluminium-Strangpressprofile<\/td>\n<td> <\/td>\n<\/tr>\n<tr>\n<td> Material<\/td>\n<td> 6063, 6061, 6005, 6082 usw.<\/td>\n<td> <\/td>\n<\/tr>\n<tr>\n<td> Dicke<\/td>\n<td> 0,7mm-10mm<\/td>\n<td> <\/td>\n<\/tr>\n<tr>\n<td> Toleranz<\/td>\n<td> Wie in der Zeichnung gefordert<\/td>\n<td> <\/td>\n<\/tr>\n<tr>\n<td> L\u00e4nge<\/td>\n<td> Standardl\u00e4nge 1-9 m, andere kundenspezifische L\u00e4ngen verf\u00fcgbar.<\/td>\n<td> <\/td>\n<\/tr>\n<tr>\n<td> Typische Anwendungen<\/td>\n<td> Architektur, Industrie usw.<\/td>\n<td> <\/td>\n<\/tr>\n<tr>\n<td> CNC-Verfahren<\/td>\n<td> CNC-Fr\u00e4sen, Bohren, Stanzen, Bohren, Gewindeschneiden, Biegen<\/td>\n<td> <\/td>\n<\/tr>\n<tr>\n<td> Oberfl\u00e4chenbehandlung<\/td>\n<td> Walzfertig, eloxiert, pulverbeschichtet, Holzmaserung etc.<\/td>\n<td> <\/td>\n<\/tr>\n<tr>\n<td> Bescheinigungen<\/td>\n<td> ISO9001, ISO4001, CQM, SGS, CE, BV usw.<\/td>\n<td> <\/td>\n<\/tr>\n<tr>\n<td> Herkunftsort<\/td>\n<td> Guangdong, China<\/td>\n<td> <\/td>\n<\/tr>\n<\/tbody>\n<\/table>\n<h2>Unsere Produktionsbasis<\/h2>\n<h3>Fabrik-Panorama<\/h3>\n<p><img decoding=\"async\" src=\"\/wp-content\/uploads\/factory-01.webp\"\/><\/p>\n<h3>Werkstatt zur Herstellung von Aluminiumstangen<\/h3>\n<p><img decoding=\"async\" src=\"\/wp-content\/uploads\/factory-02.webp\"\/><\/p>\n<\/p>\n<p><img decoding=\"async\" src=\"\/wp-content\/uploads\/factory-03.webp\"\/><\/p>\n<h3>Lagerhaus f\u00fcr Formen<\/h3>\n<p><img decoding=\"async\" src=\"\/wp-content\/uploads\/factory-04.webp\"\/><\/p>\n<h3>43 Aluminium-Strangpressanlagen (500\u00e2\u20ac\"5500 Tonnen)<\/h3>\n<p><img decoding=\"async\" src=\"\/wp-content\/uploads\/factory-05.webp\"\/><\/p>\n<p><img decoding=\"async\" src=\"\/wp-content\/uploads\/factory-06.webp\"\/><\/p>\n<p><img decoding=\"async\" src=\"\/wp-content\/uploads\/factory-07.webp\"\/><\/p>\n<h3>Werkstatt f\u00fcr Pulverbeschichtung<\/h3>\n<p><img decoding=\"async\" src=\"\/wp-content\/uploads\/factory-09.webp\"\/><\/p>\n<h3>Eloxal-Werkstatt<\/h3>\n<p><img decoding=\"async\" src=\"\/wp-content\/uploads\/factory-10.webp\"\/><\/p>\n<h3>Workshop zur Tiefenverarbeitung<\/h3>\n<p><img decoding=\"async\" src=\"\/wp-content\/uploads\/factory-11.webp\"\/><\/p>\n<h3>CNC-Pr\u00e4zisionsbearbeitungswerkstatt<\/h3>\n<p><img decoding=\"async\" src=\"\/wp-content\/uploads\/factory-11.5.webp\"\/><\/p>\n<h3>Lager f\u00fcr Fertigprodukte und Export<\/h3>\n<p><img decoding=\"async\" src=\"\/wp-content\/uploads\/factory-12.webp\"\/><\/p>\n<p><img decoding=\"async\" src=\"\/wp-content\/uploads\/factory-13.webp\"\/><\/p>\n<p><img decoding=\"async\" src=\"\/wp-content\/uploads\/factory-14.webp\"\/><\/p>\n<h2>FAQ<\/h2>\n<p><b>1. was ist ein 60\u00d760 Aluminium-Strangpressprofil?<\/b><\/p>\n<p>Es handelt sich um ein Aluminiumprofil mit einem Querschnitt von 60 mm x 60 mm, das \u00fcblicherweise in industriellen Rahmen-, Automatisierungs- und Maschinenstrukturen verwendet wird.\n<\/p>\n<p><\/p>\n<p><b>2. warum 60\u00d760 Aluminium-Strangpressprofile f\u00fcr den Bau w\u00e4hlen?<\/b><\/p>\n<p>Das 60\u00d760-Profil bietet ein optimales Gleichgewicht zwischen Festigkeit und modularer Kompatibilit\u00e4t und ist damit ideal f\u00fcr strukturelle Anwendungen.\n<\/p>\n<p><\/p>\n<p><b>3. ist das 60\u00d760 Aluminium-Strangpressprofil T-geschlitzt?<\/b><\/p>\n<p>Ja, er verf\u00fcgt in der Regel \u00fcber ein T-Nut-Design zur einfachen Befestigung von Steckern, Platten und Zubeh\u00f6r.\n<\/p>\n<p><\/p>\n<p><b>4. welche Vorteile hat die Verwendung von 60\u00d760 Aluminium-Strangpressprofilen?<\/b><\/p>\n<p>Sie sind langlebig, korrosionsbest\u00e4ndig, einfach zu installieren und eignen sich f\u00fcr rekonfigurierbare Systeme.\n<\/p>\n<p><\/p>\n<p><b>5. kann das 60\u00d760 Aluminiumprofil individuell angepasst werden?<\/b><\/p>\n<p>Es kann in Bezug auf L\u00e4nge, Oberfl\u00e4chenbehandlung, Lochbohrung und Legierungsgrad f\u00fcr spezifische Projektanforderungen angepasst werden.\n<\/p>\n<p><\/p>\n<p><b>6. welche Oberfl\u00e4chenausf\u00fchrungen gibt es?<\/b><\/p>\n<p>G\u00e4ngige Oberfl\u00e4chenbehandlungen sind Eloxieren, Pulverbeschichten, Sandstrahlen und geb\u00fcrstetes Aluminium f\u00fcr verbesserte Haltbarkeit und Optik.\n<\/p>\n<p><\/p>\n<p><b>7. f\u00fcr welche Anwendungen werden 60\u00d760 Aluminium-Strangpressprofile verwendet?<\/b><\/p>\n<p>Typische Anwendungen sind Maschinengestelle, Arbeitsstationen, Geh\u00e4use, Automatisierungslinien und strukturelle Unterst\u00fctzungssysteme.\n<\/p>\n<p><\/p>","protected":false},"featured_media":7241,"template":"","categories":[67],"class_list":["post-7242","product","type-product","status-publish","has-post-thumbnail","hentry","category-architectural-aluminium-profile"],"meta_box":{"hilight_text_group":{"product_hilight_text":"<li>Standard 60x60 mm profile offers high compatibility with modular systems<\/li>\r\r\n<li>Strong and lightweight aluminum ensures structural integrity<\/li>\r\r\n<li>Excellent corrosion resistance for both indoor and outdoor applications<\/li>\r\r\n<li>Easy to assemble and reconfigure with T-slot design<\/li>\r\r\n<li>Supports heavy-duty industrial and automation frameworks<\/li>\r\r\n<li>Custom lengths, finishes, and machining available for OEM orders<\/li>","product_chanpin_blog":"<ul>\r\r\n<li><a href=\"https:\/\/sinoextrud.com\/t-slot-v-slot-differences\/\" target=\"_blank\">t slot vs v slot<\/a><\/li>\r\r\n<li><a href=\"https:\/\/sinoextrud.com\/what-is-4040-aluminium-extrud\/\" target=\"_blank\">4040 aluminium extrusion<\/a><\/li>\r\r\n<li><a href=\"https:\/\/sinoextrud.com\/what-is-4040-aluminium-extrud\/\" target=\"_blank\">aluminum extrusions for industrial racks<\/a><\/li>\r\r\n<li><a href=\"https:\/\/sinoextrud.com\/powder-coating-aluminium-process\/\" target=\"_blank\">powder coating aluminium<\/a><\/li>\r\r\n<li><a href=\"https:\/\/sinoextrud.com\/what-is-an-aluminium-strip-ceiling\/\" target=\"_blank\">aluminium strip ceiling<\/a><\/li>\r\r\n<li><a href=\"https:\/\/sinoextrud.com\/what-is-a-heat-sink\/\" target=\"_blank\">what is a heat sink<\/a><\/li>\r\r\n<\/ul>","product_chanpin_chanpin":"<li><a href=\"https:\/\/sinoextrud.com\/product\/industrial-aluminum-extrusions-aluminum-profile\/\" target=\"_blank\">Industrial Aluminum Extrusions Aluminum Profile<\/a><\/li>\r\n<li><a href=\"https:\/\/sinoextrud.com\/product\/aluminum-profile-for-kitchen-cabinet-accesory-manufacture-price\/\" target=\"_blank\">Aluminum Profile For Kitchen Cabinet Accesory Manufacture Price<\/a><\/li>\r\n<li><a href=\"https:\/\/sinoextrud.com\/product\/high-quality-aluminium-extrusion-profile-for-curtain-wall\/\" target=\"_blank\">High Quality Aluminium Extrusion Profile for Curtain Wall<\/a><\/li>\r\n<li><a href=\"https:\/\/sinoextrud.com\/product\/oem-precision-cnc-machining-for-aluminum-parts\/\" target=\"_blank\">OEM Precision CNC Machining For Aluminum Parts<\/a><\/li>\r\n<li><a href=\"https:\/\/sinoextrud.com\/product\/60x60-aluminium-extrusion\/\" target=\"_blank\">60\u00c3\u201460 Aluminium Extrusion<\/a><\/li>\r\n<li><a href=\"https:\/\/sinoextrud.com\/product\/extruded-aluminum-trim-shapes\/\" target=\"_blank\">Extruded Aluminum Trim Shapes<\/a><\/li>\r\n<li><a href=\"https:\/\/sinoextrud.com\/product\/cnc-machined-6063-extruded-aluminum-fasteners\/\" target=\"_blank\">CNC Machined 6063 Extruded Aluminum Fasteners<\/a><\/li>\r\n<li><a href=\"https:\/\/sinoextrud.com\/product\/6463-electroplated-finish-shower-enclosure-aluminum-profile\/\" target=\"_blank\">6463 Electroplated Finish Shower Enclosure Aluminum Profile<\/a><\/li>\r\n<li><a href=\"https:\/\/sinoextrud.com\/product\/aluminium-glass-profile\/\" target=\"_blank\">Aluminium Glass Profile<\/a><\/li>\r\n<li><a href=\"https:\/\/sinoextrud.com\/product\/6063-anodized-road-case-aluminum-extrusions\/\" target=\"_blank\">6063 Anodized Road Case Aluminum Extrusions<\/a><\/li>\r\n<li><a href=\"https:\/\/sinoextrud.com\/product\/golden-electrophoresis-aluminum-profile\/\" target=\"_blank\">Golden Electrophoresis Aluminum Profile<\/a><\/li>"},"feature_list":[]},"_links":{"self":[{"href":"https:\/\/sinoextrud.com\/de\/wp-json\/wp\/v2\/product\/7242","targetHints":{"allow":["GET"]}}],"collection":[{"href":"https:\/\/sinoextrud.com\/de\/wp-json\/wp\/v2\/product"}],"about":[{"href":"https:\/\/sinoextrud.com\/de\/wp-json\/wp\/v2\/types\/product"}],"wp:featuredmedia":[{"embeddable":true,"href":"https:\/\/sinoextrud.com\/de\/wp-json\/wp\/v2\/media\/7241"}],"wp:attachment":[{"href":"https:\/\/sinoextrud.com\/de\/wp-json\/wp\/v2\/media?parent=7242"}],"wp:term":[{"taxonomy":"category","embeddable":true,"href":"https:\/\/sinoextrud.com\/de\/wp-json\/wp\/v2\/categories?post=7242"}],"curies":[{"name":"wp","href":"https:\/\/api.w.org\/{rel}","templated":true}]}}