{"id":7236,"date":"2025-06-06T02:58:30","date_gmt":"2025-06-06T02:58:30","guid":{"rendered":"https:\/\/sinoextrud.com\/product\/aluminum-profile-for-kitchen-cabinet-accesory-manufacture-price\/"},"modified":"2025-06-24T06:12:18","modified_gmt":"2025-06-24T06:12:18","slug":"aluminium-profil-fur-kuchenschrank-zubehor-herstellungspreis","status":"publish","type":"product","link":"https:\/\/sinoextrud.com\/de\/product\/aluminum-profile-for-kitchen-cabinet-accesory-manufacture-price\/","title":{"rendered":"Aluminiumprofil f\u00fcr K\u00fcchenschr\u00e4nke Zubeh\u00f6r Herstellung Preis"},"content":{"rendered":"<h2>Produkte Details<\/h2>\n<table class=\"custom-table\">\n<tbody>\n<tr>\n<td> Artikel:<\/td>\n<td> Aluminiumprofil f\u00fcr K\u00fcchenschr\u00e4nke Zubeh\u00f6r Herstellung Preis<\/td>\n<\/tr>\n<tr>\n<td> Stil:<\/td>\n<td> Modern<\/td>\n<\/tr>\n<tr>\n<td> Furnierholz:<\/td>\n<td> durch Nachfrage<\/td>\n<\/tr>\n<tr>\n<td> Sicherheitseinstufung:<\/td>\n<td> A<\/td>\n<\/tr>\n<tr>\n<td> Funktion:<\/td>\n<td> Sicherheit, Dekoration<\/td>\n<\/tr>\n<tr>\n<td> Die Kosten:<\/td>\n<td> Wird zur\u00fcckgegeben<\/td>\n<\/tr>\n<tr>\n<td> Oberfl\u00e4chenbehandlung:<\/td>\n<td> Pulverbeschichtung, Holzmaserung, Eloxiert, M\u00fchle Finish<\/td>\n<\/tr>\n<tr>\n<td> QA:<\/td>\n<td> Qualit\u00e4t ist keine gute R\u00fcckverg\u00fctung f\u00fcr Sie<\/td>\n<\/tr>\n<tr>\n<td> Dienst:<\/td>\n<td> 24 Stunden f\u00fcr Sie<\/td>\n<\/tr>\n<tr>\n<td> Transport-Paket:<\/td>\n<td> Export-Verpackung<\/td>\n<\/tr>\n<tr>\n<td> Herkunft:<\/td>\n<td> China<\/td>\n<\/tr>\n<\/tbody>\n<\/table>\n<h2>Unsere Produktionsbasis<\/h2>\n<h3>Fabrik-Panorama<\/h3>\n<p><img decoding=\"async\" src=\"\/wp-content\/uploads\/factory-01.webp\"\/><\/p>\n<h3>Werkstatt zur Herstellung von Aluminiumstangen<\/h3>\n<p><img decoding=\"async\" src=\"\/wp-content\/uploads\/factory-02.webp\"\/><\/p>\n<p><img decoding=\"async\" src=\"\/wp-content\/uploads\/factory-03.webp\"\/><\/p>\n<h3>Lagerhaus f\u00fcr Formen<\/h3>\n<p><img decoding=\"async\" src=\"\/wp-content\/uploads\/factory-04.webp\"\/><\/p>\n<h3>43 Aluminium-Strangpressanlagen (500\u00e2\u20ac\"5500 Tonnen)<\/h3>\n<p><img decoding=\"async\" src=\"\/wp-content\/uploads\/factory-05.webp\"\/><\/p>\n<p><img decoding=\"async\" src=\"\/wp-content\/uploads\/factory-06.webp\"\/><\/p>\n<p><img decoding=\"async\" src=\"\/wp-content\/uploads\/factory-07.webp\"\/><\/p>\n<h3>Werkstatt f\u00fcr Pulverbeschichtung<\/h3>\n<p><img decoding=\"async\" src=\"\/wp-content\/uploads\/factory-09.webp\"\/><\/p>\n<h3>Eloxal-Werkstatt<\/h3>\n<p><img decoding=\"async\" src=\"\/wp-content\/uploads\/factory-10.webp\"\/><\/p>\n<h3>Workshop zur Tiefenverarbeitung<\/h3>\n<p><img decoding=\"async\" src=\"\/wp-content\/uploads\/factory-11.webp\"\/><\/p>\n<h3>CNC-Pr\u00e4zisionsbearbeitungswerkstatt<\/h3>\n<p><img decoding=\"async\" src=\"\/wp-content\/uploads\/factory-11.5.webp\"\/><\/p>\n<h3>Lager f\u00fcr Fertigprodukte und Export<\/h3>\n<p><img decoding=\"async\" src=\"\/wp-content\/uploads\/factory-12.webp\"\/><\/p>\n<p><img decoding=\"async\" src=\"\/wp-content\/uploads\/factory-13.webp\"\/><\/p>\n<p><img decoding=\"async\" src=\"\/wp-content\/uploads\/factory-14.webp\"\/><\/p>\n<h2>FAQ<\/h2>\n<p><p><b>1. welche Materialien werden in Aluminiumprofilen f\u00fcr K\u00fcchenschrankzubeh\u00f6r verwendet? <\/b><\/p>\n<p>Aluminiumprofile f\u00fcr K\u00fcchenschrankzubeh\u00f6r werden in der Regel aus der hochfesten Aluminiumlegierung 6063-T5 hergestellt, die sich durch Langlebigkeit und Korrosionsbest\u00e4ndigkeit auszeichnet.<br \/>\n<\/p><br \/>\n<br \/>\n<p><b>2. kann ich das Aluminiumprofil f\u00fcr mein K\u00fcchenschrankzubeh\u00f6r individuell gestalten? <\/b><\/p>\n<p>Ja, Aluminiumprofile k\u00f6nnen in Form, Gr\u00f6\u00dfe und Ausf\u00fchrung individuell angepasst werden, einschlie\u00dflich Optionen wie eloxierte oder pulverbeschichtete Oberfl\u00e4chen, die zu Ihrem K\u00fcchendesign passen.<br \/>\n<\/p><br \/>\n<br \/>\n<p><b>3. sind Aluminiumprofile f\u00fcr K\u00fcchenschr\u00e4nke leicht? <\/b><\/p>\n<p>Aluminiumprofile sind absolut leicht und eignen sich daher ideal f\u00fcr K\u00fcchenschr\u00e4nke, da sie die Montage erleichtern und das Gesamtgewicht des Schranks reduzieren.<br \/>\n<\/p><br \/>\n<br \/>\n<p><b>4) Wie hoch sind die Kosten f\u00fcr Aluminiumprofile, die in K\u00fcchenschr\u00e4nken verwendet werden? <\/b><\/p>\n<p>Der Herstellungspreis f\u00fcr Aluminiumprofile, die in K\u00fcchenschr\u00e4nken verwendet werden, beginnt bei $0,80 pro Meter, abh\u00e4ngig von der individuellen Gestaltung und dem Auftragsvolumen.<br \/>\n<\/p><br \/>\n<br \/>\n<p><b>5. lassen sich Aluminiumprofile gut in Standard-K\u00fcchenschranksysteme integrieren? <\/b><\/p>\n<p>Ja, Aluminiumprofile sind so konzipiert, dass sie mit Standard-K\u00fcchenschranksystemen kompatibel sind, was sowohl die Designflexibilit\u00e4t als auch die Funktionalit\u00e4t erh\u00f6ht.<br \/>\n<\/p><br \/><\/p>","protected":false},"featured_media":7235,"template":"","categories":[67],"class_list":["post-7236","product","type-product","status-publish","has-post-thumbnail","hentry","category-architectural-aluminium-profile"],"meta_box":{"hilight_text_group":{"product_hilight_text":"## Product Highlights:\r\r\n<li>High-strength 6063-T5 aluminum alloy ensures durability and corrosion resistance for kitchen cabinet accessories<\/li>\r\r\n<li>Customizable profiles available in various shapes and finishes, including anodized and powder-coated options<\/li>\r\r\n<li>Lightweight design facilitates easy installation and reduces overall cabinet weight<\/li>\r\r\n<li>Cost-effective manufacturing prices, starting from $0.80 per meter for bulk orders<\/li>\r\r\n<li>Compatible with standard kitchen cabinet systems, enhancing design flexibility and functionality<\/li>","product_chanpin_blog":"<ul>\r\r\n<li><a href=\"https:\/\/sinoextrud.com\/t-slot-v-slot-differences\/\" target=\"_blank\">t slot vs v slot<\/a><\/li>\r\r\n<li><a href=\"https:\/\/sinoextrud.com\/what-is-4040-aluminium-extrud\/\" target=\"_blank\">4040 aluminium extrusion<\/a><\/li>\r\r\n<li><a href=\"https:\/\/sinoextrud.com\/what-is-4040-aluminium-extrud\/\" target=\"_blank\">aluminum extrusions for industrial racks<\/a><\/li>\r\r\n<li><a href=\"https:\/\/sinoextrud.com\/powder-coating-aluminium-process\/\" target=\"_blank\">powder coating aluminium<\/a><\/li>\r\r\n<li><a href=\"https:\/\/sinoextrud.com\/what-is-an-aluminium-strip-ceiling\/\" target=\"_blank\">aluminium strip ceiling<\/a><\/li>\r\r\n<li><a href=\"https:\/\/sinoextrud.com\/what-is-a-heat-sink\/\" target=\"_blank\">what is a heat sink<\/a><\/li>\r\r\n<\/ul>","product_chanpin_chanpin":"<li><a href=\"https:\/\/sinoextrud.com\/product\/6063-t5-extruded-aluminum-t-slot\/\" target=\"_blank\">6063 T5 Extruded Aluminum T Slot<\/a><\/li>\r\n<li><a href=\"https:\/\/sinoextrud.com\/product\/aluminium-architectural-sections-profiles6063\/\" target=\"_blank\">Aluminium Architectural Sections Profiles6063<\/a><\/li>\r\n<li><a href=\"https:\/\/sinoextrud.com\/product\/aluminium-rail-profile\/\" target=\"_blank\">Aluminium Rail Profile<\/a><\/li>\r\n<li><a href=\"https:\/\/sinoextrud.com\/product\/industrial-aluminum-extrusions-aluminum-profile\/\" target=\"_blank\">Industrial Aluminum Extrusions Aluminum Profile<\/a><\/li>\r\n<li><a href=\"https:\/\/sinoextrud.com\/product\/aluminum-profile-for-kitchen-cabinet-accesory-manufacture-price\/\" target=\"_blank\">Aluminum Profile For Kitchen Cabinet Accesory Manufacture Price<\/a><\/li>\r\n<li><a href=\"https:\/\/sinoextrud.com\/product\/high-quality-aluminium-extrusion-profile-for-curtain-wall\/\" target=\"_blank\">High Quality Aluminium Extrusion Profile for Curtain Wall<\/a><\/li>\r\n<li><a href=\"https:\/\/sinoextrud.com\/product\/oem-precision-cnc-machining-for-aluminum-parts\/\" target=\"_blank\">OEM Precision CNC Machining For Aluminum Parts<\/a><\/li>\r\n<li><a href=\"https:\/\/sinoextrud.com\/product\/60x60-aluminium-extrusion\/\" target=\"_blank\">60\u00c3\u201460 Aluminium Extrusion<\/a><\/li>\r\n<li><a href=\"https:\/\/sinoextrud.com\/product\/extruded-aluminum-trim-shapes\/\" target=\"_blank\">Extruded Aluminum Trim Shapes<\/a><\/li>\r\n<li><a href=\"https:\/\/sinoextrud.com\/product\/cnc-bending-aluminum-frame-profile-for-suitcase-luggage\/\" target=\"_blank\">CNC Bending Aluminum Frame Profile For Suitcase Luggage<\/a><\/li>\r\n<li><a href=\"https:\/\/sinoextrud.com\/product\/item-modular-aluminium-profile-system\/\" target=\"_blank\">Item Modular Aluminium Profile System<\/a><\/li>"},"feature_list":[]},"_links":{"self":[{"href":"https:\/\/sinoextrud.com\/de\/wp-json\/wp\/v2\/product\/7236","targetHints":{"allow":["GET"]}}],"collection":[{"href":"https:\/\/sinoextrud.com\/de\/wp-json\/wp\/v2\/product"}],"about":[{"href":"https:\/\/sinoextrud.com\/de\/wp-json\/wp\/v2\/types\/product"}],"wp:featuredmedia":[{"embeddable":true,"href":"https:\/\/sinoextrud.com\/de\/wp-json\/wp\/v2\/media\/7235"}],"wp:attachment":[{"href":"https:\/\/sinoextrud.com\/de\/wp-json\/wp\/v2\/media?parent=7236"}],"wp:term":[{"taxonomy":"category","embeddable":true,"href":"https:\/\/sinoextrud.com\/de\/wp-json\/wp\/v2\/categories?post=7236"}],"curies":[{"name":"wp","href":"https:\/\/api.w.org\/{rel}","templated":true}]}}