{"id":7040,"date":"2025-06-05T03:13:49","date_gmt":"2025-06-05T03:13:49","guid":{"rendered":"https:\/\/sinoextrud.com\/product\/h-section-aluminium-extrusion-foshan-factory\/"},"modified":"2025-06-24T06:12:11","modified_gmt":"2025-06-24T06:12:11","slug":"h-profil-aluminium-strangpressen-foshan-fabrik","status":"publish","type":"product","link":"https:\/\/sinoextrud.com\/de\/product\/h-section-aluminium-extrusion-foshan-factory\/","title":{"rendered":"H Profil Aluminium Strangpressen Foshan Fabrik"},"content":{"rendered":"<h2>Produkte Details<\/h2>\n<table class=\"custom-table\">\n<tr>\n<td class=\"label\">Produktname:<\/td>\n<td> H Profil Aluminium Strangpressen Foshan Fabrik,<\/td>\n<\/tr>\n<tr>\n<td class=\"label\">Material:<\/td>\n<td> Legierung, 6063-T5<\/td>\n<\/tr>\n<tr>\n<td class=\"label\">Beenden:<\/td>\n<td> GB Eloxiert Silber\uff0c<\/td>\n<\/tr>\n<tr>\n<td class=\"label\">Standard:<\/td>\n<td> GB5237-2008<br \/>\nKundenspezifischer Entwurf ist willkommen.\uff0c<\/td>\n<\/tr>\n<\/table>\n<h2>Unsere Produktionsbasis<\/h2>\n<h3>Fabrik-Panorama<\/h3>\n<p><img decoding=\"async\" src=\"\/wp-content\/uploads\/factory-01.webp\"\/><\/p>\n<h3>Werkstatt zur Herstellung von Aluminiumstangen<\/h3>\n<p><img decoding=\"async\" src=\"\/wp-content\/uploads\/factory-02.webp\"\/><\/p>\n<p><img decoding=\"async\" src=\"\/wp-content\/uploads\/factory-03.webp\"\/><\/p>\n<h3>Lagerhaus f\u00fcr Formen<\/h3>\n<p><img decoding=\"async\" src=\"\/wp-content\/uploads\/factory-04.webp\"\/><\/p>\n<h3>43 Aluminium-Strangpressanlagen (500-5500 Tonnen)<\/h3>\n<p><img decoding=\"async\" src=\"\/wp-content\/uploads\/factory-05.webp\"\/><\/p>\n<p><img decoding=\"async\" src=\"\/wp-content\/uploads\/factory-06.webp\"\/><\/p>\n<p><img decoding=\"async\" src=\"\/wp-content\/uploads\/factory-07.webp\"\/><\/p>\n<h3>Werkstatt f\u00fcr Pulverbeschichtung<\/h3>\n<p><img decoding=\"async\" src=\"\/wp-content\/uploads\/factory-09.webp\"\/><\/p>\n<h3>Eloxal-Werkstatt<\/h3>\n<p><img decoding=\"async\" src=\"\/wp-content\/uploads\/factory-10.webp\"\/><\/p>\n<h3>Workshop zur Tiefenverarbeitung<\/h3>\n<p><img decoding=\"async\" src=\"\/wp-content\/uploads\/factory-11.webp\"\/><\/p>\n<h3>CNC-Pr\u00e4zisionsbearbeitungswerkstatt<\/h3>\n<p><img decoding=\"async\" src=\"\/wp-content\/uploads\/factory-11.5.webp\"\/><\/p>\n<h3>Lager f\u00fcr Fertigprodukte und Export<\/h3>\n<p><img decoding=\"async\" src=\"\/wp-content\/uploads\/factory-12.webp\"\/><\/p>\n<p><img decoding=\"async\" src=\"\/wp-content\/uploads\/factory-13.webp\"\/><\/p>\n<p><img decoding=\"async\" src=\"\/wp-content\/uploads\/factory-14.webp\"\/><\/p>\n<h2>FAQ<\/h2>\n<p><p><b>1. was ist H Abschnitt Aluminium Extrusion aus Foshan Fabrik?<\/b><\/p>\n<p>Es handelt sich um ein hochfestes Aluminiumprofil mit H-f\u00f6rmigem Querschnitt, das in Foshan hergestellt wird und h\u00e4ufig f\u00fcr strukturelle und architektonische Anwendungen verwendet wird.<br \/>\n<\/p><br \/>\n<br \/>\n<p><b>2. warum eine Foshan Fabrik f\u00fcr H-Profil Aluminiumprofile w\u00e4hlen?<\/b><\/p>\n<p>Foshan ist f\u00fcr seine fortschrittliche Aluminiumherstellung bekannt und bietet hochwertige Produkte mit zuverl\u00e4ssiger Lieferung und wettbewerbsf\u00e4higen Preisen.<br \/>\n<\/p><br \/>\n<br \/>\n<p><b>3. welche Vorteile hat die Verwendung von Aluminium-Strangpressprofilen mit H-Profil?<\/b><\/p>\n<p>Sie bieten eine hervorragende Tragf\u00e4higkeit und Korrosionsbest\u00e4ndigkeit und lassen sich leicht in Bau- und Industriekonstruktionen einbauen.<br \/>\n<\/p><br \/>\n<br \/>\n<p><b>4. k\u00f6nnen Foshan Fabriken bieten OEM-Anpassung?<\/b><\/p>\n<p>Ja, die Hersteller in Foshan bieten OEM\/ODM-Dienstleistungen an, einschlie\u00dflich kundenspezifischer Abmessungen, Oberfl\u00e4chenbehandlungen und Legierungsauswahl.<br \/>\n<\/p><br \/>\n<br \/>\n<p><b>5. welche Oberfl\u00e4chen sind f\u00fcr H-Profil-Aluminium-Strangpressprofile erh\u00e4ltlich?<\/b><\/p>\n<p>Zu den g\u00e4ngigen Oberfl\u00e4chen geh\u00f6ren Eloxierung, Pulverbeschichtung, PVDF und Walzoberfl\u00e4che f\u00fcr verschiedene Anwendungsanforderungen und optische Vorlieben.<br \/>\n<\/p><br \/>\n<br \/>\n<p><b>6. sind diese Aluminiumprofile f\u00fcr die Verwendung im Freien geeignet?<\/b><\/p>\n<p>Ihre korrosionsbest\u00e4ndigen Eigenschaften und Oberfl\u00e4chenbehandlungen machen sie ideal f\u00fcr den Au\u00dfenbereich.<br \/>\n<\/p><br \/>\n<br \/>\n<p><b>7. welche Branchen verwenden Aluminium-Strangpressprofile mit H-Profil?<\/b><\/p>\n<p>Sie werden h\u00e4ufig im Baugewerbe, im Maschinenbau, bei Solarmontagesystemen, bei Trennwandsystemen und bei Infrastrukturprojekten eingesetzt.<br \/>\n<\/p><br \/><\/p>","protected":false},"featured_media":7039,"template":"","categories":[67],"class_list":["post-7040","product","type-product","status-publish","has-post-thumbnail","hentry","category-architectural-aluminium-profile"],"meta_box":{"hilight_text_group":{"product_hilight_text":"<li>Manufactured by experienced Foshan factory with strict quality control<\/li>\r\r\n<li>High-strength H section aluminum provides excellent structural support<\/li>\r\r\n<li>Precision extrusion ensures dimensional accuracy and smooth surface<\/li>\r\r\n<li>Corrosion-resistant finish suitable for indoor and outdoor applications<\/li>\r\r\n<li>Available in various sizes, lengths, and surface treatments<\/li>\r\r\n<li>OEM\/ODM services with competitive factory-direct pricing<\/li>","product_chanpin_blog":"<ul>\r\r\n<li><a href=\"https:\/\/sinoextrud.com\/t-slot-v-slot-differences\/\" target=\"_blank\">t slot vs v slot<\/a><\/li>\r\r\n<li><a href=\"https:\/\/sinoextrud.com\/what-is-4040-aluminium-extrud\/\" target=\"_blank\">4040 aluminium extrusion<\/a><\/li>\r\r\n<li><a href=\"https:\/\/sinoextrud.com\/what-is-4040-aluminium-extrud\/\" target=\"_blank\">aluminum extrusions for industrial racks<\/a><\/li>\r\r\n<li><a href=\"https:\/\/sinoextrud.com\/powder-coating-aluminium-process\/\" target=\"_blank\">powder coating aluminium<\/a><\/li>\r\r\n<li><a href=\"https:\/\/sinoextrud.com\/what-is-an-aluminium-strip-ceiling\/\" target=\"_blank\">aluminium strip ceiling<\/a><\/li>\r\r\n<li><a href=\"https:\/\/sinoextrud.com\/what-is-a-heat-sink\/\" target=\"_blank\">what is a heat sink<\/a><\/li>\r\r\n<\/ul>","product_chanpin_chanpin":"<li><a href=\"https:\/\/sinoextrud.com\/product\/wood-grain-aluminium-frame-composite-used\/\" target=\"_blank\">Wood Grain Aluminium Frame Composite used<\/a><\/li>\r\n<li><a href=\"https:\/\/sinoextrud.com\/product\/half-round-aluminum-extrusion\/\" target=\"_blank\">Half Round Aluminum Extrusion<\/a><\/li>\r\n<li><a href=\"https:\/\/sinoextrud.com\/product\/u-channel-aluminium-extrusion\/\" target=\"_blank\">U Channel Aluminium Extrusion<\/a><\/li>\r\n<li><a href=\"https:\/\/sinoextrud.com\/product\/l-shaped-aluminum-extrusion-6063-t5-aluminum-angle-bar-alloy-profile\/\" target=\"_blank\">L Shaped Aluminum Extrusion  6063 T5 Aluminum Angle Bar Alloy Profile<\/a><\/li>\r\n<li><a href=\"https:\/\/sinoextrud.com\/product\/h-section-aluminium-extrusion-foshan-factory\/\" target=\"_blank\">H Section Aluminium Extrusion Foshan Factory<\/a><\/li>\r\n<li><a href=\"https:\/\/sinoextrud.com\/product\/6061-extruded-aluminum\/\" target=\"_blank\">6061 Extruded Aluminum<\/a><\/li>\r\n<li><a href=\"https:\/\/sinoextrud.com\/product\/powder-coating-aluminum-window-profile\/\" target=\"_blank\">Powder Coating Aluminum Window Profile<\/a><\/li>\r\n<li><a href=\"https:\/\/sinoextrud.com\/product\/aluminum-windows-and-doors-for-nigeria\/\" target=\"_blank\">Aluminum windows And Doors For Nigeria<\/a><\/li>\r\n<li><a href=\"https:\/\/sinoextrud.com\/product\/aluminum-curtain-wall-profile-extrusion-profiles-aluminum-tubing-catalog\/\" target=\"_blank\">aluminum curtain wall profile extrusion profiles aluminum tubing catalog<\/a><\/li>\r\n<li><a href=\"https:\/\/sinoextrud.com\/product\/customized-extruded-aluminum-trailer-flooring\/\" target=\"_blank\">Customized Extruded Aluminum Trailer Flooring<\/a><\/li>\r\n<li><a href=\"https:\/\/sinoextrud.com\/product\/aluminum-decorative-timber-batten-3d-aluminum-profiles-timber-ceilings-u-shaped-baffle-ceiling\/\" target=\"_blank\">Aluminum Decorative Timber Batten 3D Aluminum Profiles Timber Ceilings U-shaped Baffle Ceiling<\/a><\/li>"},"feature_list":[]},"_links":{"self":[{"href":"https:\/\/sinoextrud.com\/de\/wp-json\/wp\/v2\/product\/7040","targetHints":{"allow":["GET"]}}],"collection":[{"href":"https:\/\/sinoextrud.com\/de\/wp-json\/wp\/v2\/product"}],"about":[{"href":"https:\/\/sinoextrud.com\/de\/wp-json\/wp\/v2\/types\/product"}],"wp:featuredmedia":[{"embeddable":true,"href":"https:\/\/sinoextrud.com\/de\/wp-json\/wp\/v2\/media\/7039"}],"wp:attachment":[{"href":"https:\/\/sinoextrud.com\/de\/wp-json\/wp\/v2\/media?parent=7040"}],"wp:term":[{"taxonomy":"category","embeddable":true,"href":"https:\/\/sinoextrud.com\/de\/wp-json\/wp\/v2\/categories?post=7040"}],"curies":[{"name":"wp","href":"https:\/\/api.w.org\/{rel}","templated":true}]}}