{"id":7022,"date":"2025-06-05T02:47:25","date_gmt":"2025-06-05T02:47:25","guid":{"rendered":"https:\/\/sinoextrud.com\/product\/interlocking-aluminium-profiles\/"},"modified":"2025-06-24T06:12:08","modified_gmt":"2025-06-24T06:12:08","slug":"ineinander-greifende-aluminiumprofile","status":"publish","type":"product","link":"https:\/\/sinoextrud.com\/de\/product\/interlocking-aluminium-profiles\/","title":{"rendered":"Ineinandergreifende Aluminium-Profile"},"content":{"rendered":"<h2>Produkte Details<\/h2>\n<table class=\"custom-table\">\n<tr>\n<td class=\"label\">1. Produktname:<\/td>\n<td> Interlocking Aluminium Profiles\uff0c<\/td>\n<\/tr>\n<tr>\n<td class=\"label\">2. Werkstoff :<\/td>\n<td> Aluminium-Legierung 6063-T5<\/td>\n<\/tr>\n<tr>\n<td class=\"label\">3. Beendet:<\/td>\n<td> National Standard Eloxiert, Sandgestrahlt, Rot<\/td>\n<\/tr>\n<tr>\n<td class=\"label\">4. Executive Standard:<\/td>\n<td> GB5237-2008,.<\/td>\n<\/tr>\n<tr>\n<td class=\"label\">5. Bescheinigungen:<\/td>\n<td> ISO9001,.<\/td>\n<\/tr>\n<tr>\n<td class=\"label\">6. Modell:<\/td>\n<td> Nach der Zeichnung des Kunden und der Kunde tr\u00e4gt die Form Geb\u00fchr,<\/td>\n<\/tr>\n<\/table>\n<h2>Unsere Produktionsbasis<\/h2>\n<h3>Fabrik-Panorama<\/h3>\n<p><img decoding=\"async\" src=\"\/wp-content\/uploads\/factory-01.webp\"\/><\/p>\n<h3>Werkstatt zur Herstellung von Aluminiumstangen<\/h3>\n<p><img decoding=\"async\" src=\"\/wp-content\/uploads\/factory-02.webp\"\/><\/p>\n<p><img decoding=\"async\" src=\"\/wp-content\/uploads\/factory-03.webp\"\/><\/p>\n<h3>Lagerhaus f\u00fcr Formen<\/h3>\n<p><img decoding=\"async\" src=\"\/wp-content\/uploads\/factory-04.webp\"\/><\/p>\n<h3>43 Aluminium-Strangpressanlagen (500-5500 Tonnen)<\/h3>\n<p><img decoding=\"async\" src=\"\/wp-content\/uploads\/factory-05.webp\"\/><\/p>\n<p><img decoding=\"async\" src=\"\/wp-content\/uploads\/factory-06.webp\"\/><\/p>\n<p><img decoding=\"async\" src=\"\/wp-content\/uploads\/factory-07.webp\"\/><\/p>\n<h3>Werkstatt f\u00fcr Pulverbeschichtung<\/h3>\n<p><img decoding=\"async\" src=\"\/wp-content\/uploads\/factory-09.webp\"\/><\/p>\n<h3>Eloxal-Werkstatt<\/h3>\n<p><img decoding=\"async\" src=\"\/wp-content\/uploads\/factory-10.webp\"\/><\/p>\n<h3>Workshop zur Tiefenverarbeitung<\/h3>\n<p><img decoding=\"async\" src=\"\/wp-content\/uploads\/factory-11.webp\"\/><\/p>\n<h3>CNC-Pr\u00e4zisionsbearbeitungswerkstatt<\/h3>\n<p><img decoding=\"async\" src=\"\/wp-content\/uploads\/factory-11.5.webp\"\/><\/p>\n<h3>Lager f\u00fcr Fertigprodukte und Export<\/h3>\n<p><img decoding=\"async\" src=\"\/wp-content\/uploads\/factory-12.webp\"\/><\/p>\n<p><img decoding=\"async\" src=\"\/wp-content\/uploads\/factory-13.webp\"\/><\/p>\n<p><img decoding=\"async\" src=\"\/wp-content\/uploads\/factory-14.webp\"\/><\/p>\n<h2>FAQ<\/h2>\n<p><p><b>1.was sind ineinandergreifende Aluminium-Profile?<\/b><\/p>\n<p>Es handelt sich um speziell entwickelte Aluminium-Strangpressprofile, die ohne zus\u00e4tzliche Verbindungselemente sicher zusammenpassen und f\u00fcr eine schnelle und stabile Strukturmontage verwendet werden.<br \/>\n<\/p><br \/>\n<br \/>\n<p><b>2. was sind die Hauptvorteile von ineinander greifenden Aluminiumprofilen?<\/b><\/p>\n<p>Sie bieten eine schnelle Installation, starke Verbindungen, Korrosionsbest\u00e4ndigkeit und modulare Flexibilit\u00e4t bei minimalem Werkzeugaufwand.<br \/>\n<\/p><br \/>\n<br \/>\n<p><b>3. sind diese Profile f\u00fcr die Verwendung im Au\u00dfenbereich geeignet?<\/b><\/p>\n<p>Ja, die eloxierte oder pulverbeschichtete Oberfl\u00e4che ist rost- und witterungsbest\u00e4ndig und damit ideal f\u00fcr den Innen- und Au\u00dfenbereich.<br \/>\n<\/p><br \/>\n<br \/>\n<p><b>4. k\u00f6nnen die ineinandergreifenden Profile wiederverwendet werden?<\/b><\/p>\n<p>Ja, ihr modularer Aufbau erm\u00f6glicht eine einfache Demontage und Neukonfiguration f\u00fcr zuk\u00fcnftige Anwendungen.<br \/>\n<\/p><br \/>\n<br \/>\n<p><b>5. welche Branchen verwenden \u00fcblicherweise ineinandergreifende Aluminiumprofile?<\/b><\/p>\n<p>Sie finden breite Anwendung im Bauwesen, in Anzeigesystemen, Reinr\u00e4umen, Industriegeh\u00e4usen und in der Innenarchitektur.<br \/>\n<\/p><br \/>\n<br \/>\n<p><b>6. ist eine kundenspezifische Bearbeitung oder Endbearbeitung m\u00f6glich?<\/b><\/p>\n<p>Ja, wir bieten ma\u00dfgeschneiderte L\u00e4ngen, Zuschnitte, Oberfl\u00e4chen und Farben f\u00fcr Ihre spezielle Anwendung.<br \/>\n<\/p><br \/>\n<br \/>\n<p><b>7 M\u00fcssen ineinander greifende Profile geschwei\u00dft werden?<\/b><\/p>\n<p>Nein, der Verriegelungsmechanismus macht Schwei\u00dfen oder komplizierte Befestigungen \u00fcberfl\u00fcssig und verk\u00fcrzt die Installationszeit.<br \/>\n<\/p><br \/>\n<br \/>\n<p><b>8. sind sie mit dem Standardzubeh\u00f6r kompatibel?<\/b><\/p>\n<p>Ja, die meisten ineinander greifenden Aluminiumprofile k\u00f6nnen mit Klammern, Dichtungen und Paneelsystemen integriert werden.<br \/>\n<\/p><br \/><\/p>","protected":false},"featured_media":7021,"template":"","categories":[67],"class_list":["post-7022","product","type-product","status-publish","has-post-thumbnail","hentry","category-architectural-aluminium-profile"],"meta_box":{"hilight_text_group":{"product_hilight_text":"<li>Innovative interlocking design allows fast and secure assembly<\/li>\r\r\n<li>High-strength aluminum ensures long-lasting structural integrity<\/li>\r\r\n<li>Corrosion-resistant finish suitable for indoor and outdoor applications<\/li>\r\r\n<li>Modular system reduces need for welding or additional fasteners<\/li>\r\r\n<li>Ideal for enclosures, partitions, panels, and architectural elements<\/li>\r\r\n<li>Lightweight profile simplifies handling and transportation<\/li>\r\r\n<li>Custom shapes and lengths available to meet project-specific needs<\/li>","product_chanpin_blog":"<ul>\r\r\n<li><a href=\"https:\/\/sinoextrud.com\/t-slot-v-slot-differences\/\" target=\"_blank\">t slot vs v slot<\/a><\/li>\r\r\n<li><a href=\"https:\/\/sinoextrud.com\/what-is-4040-aluminium-extrud\/\" target=\"_blank\">4040 aluminium extrusion<\/a><\/li>\r\r\n<li><a href=\"https:\/\/sinoextrud.com\/what-is-4040-aluminium-extrud\/\" target=\"_blank\">aluminum extrusions for industrial racks<\/a><\/li>\r\r\n<li><a href=\"https:\/\/sinoextrud.com\/powder-coating-aluminium-process\/\" target=\"_blank\">powder coating aluminium<\/a><\/li>\r\r\n<li><a href=\"https:\/\/sinoextrud.com\/what-is-an-aluminium-strip-ceiling\/\" target=\"_blank\">aluminium strip ceiling<\/a><\/li>\r\r\n<li><a href=\"https:\/\/sinoextrud.com\/what-is-a-heat-sink\/\" target=\"_blank\">what is a heat sink<\/a><\/li>\r\r\n<\/ul>","product_chanpin_chanpin":"<li><a href=\"https:\/\/sinoextrud.com\/product\/slotted-aluminum-profile-export-to-maylsia\/\" target=\"_blank\">Slotted Aluminum Profile Export To Maylsia<\/a><\/li>\r\n<li><a href=\"https:\/\/sinoextrud.com\/product\/slotted-aluminum-framing\/\" target=\"_blank\">Slotted Aluminum Framing<\/a><\/li>\r\n<li><a href=\"https:\/\/sinoextrud.com\/product\/furniture-aluminium-profiles\/\" target=\"_blank\">Furniture Aluminium Profiles<\/a><\/li>\r\n<li><a href=\"https:\/\/sinoextrud.com\/product\/extruded-aluminum-channel-shapes-customized\/\" target=\"_blank\">Extruded Aluminum Channel Shapes Customized<\/a><\/li>\r\n<li><a href=\"https:\/\/sinoextrud.com\/product\/interlocking-aluminium-profiles\/\" target=\"_blank\">Interlocking Aluminium Profiles<\/a><\/li>\r\n<li><a href=\"https:\/\/sinoextrud.com\/product\/shining-electrophresis-and-crystal-electrophresis-aluminium-profiles\/\" target=\"_blank\">Shining Electrophresis and Crystal electrophresis aluminium profiles<\/a><\/li>\r\n<li><a href=\"https:\/\/sinoextrud.com\/product\/customized-aluminum-porch-railing\/\" target=\"_blank\">Customized Aluminum Porch Railing<\/a><\/li>\r\n<li><a href=\"https:\/\/sinoextrud.com\/product\/sell-well-window-and-door-aluminium-profile\/\" target=\"_blank\">Sell Well Window And Door Aluminium Profile<\/a><\/li>\r\n<li><a href=\"https:\/\/sinoextrud.com\/product\/color-polishing-aluminium-for-sliding-door\/\" target=\"_blank\">Color Polishing Aluminium For Sliding Door<\/a><\/li>\r\n<li><a href=\"https:\/\/sinoextrud.com\/product\/anodized-aluminum-tubes\/\" target=\"_blank\">Anodized Aluminum Tubes<\/a><\/li>\r\n<li><a href=\"https:\/\/sinoextrud.com\/product\/oem-building-interlocking-aluminum-extrusions\/\" target=\"_blank\">OEM Building Interlocking Aluminum Extrusions<\/a><\/li>"},"feature_list":[]},"_links":{"self":[{"href":"https:\/\/sinoextrud.com\/de\/wp-json\/wp\/v2\/product\/7022","targetHints":{"allow":["GET"]}}],"collection":[{"href":"https:\/\/sinoextrud.com\/de\/wp-json\/wp\/v2\/product"}],"about":[{"href":"https:\/\/sinoextrud.com\/de\/wp-json\/wp\/v2\/types\/product"}],"wp:featuredmedia":[{"embeddable":true,"href":"https:\/\/sinoextrud.com\/de\/wp-json\/wp\/v2\/media\/7021"}],"wp:attachment":[{"href":"https:\/\/sinoextrud.com\/de\/wp-json\/wp\/v2\/media?parent=7022"}],"wp:term":[{"taxonomy":"category","embeddable":true,"href":"https:\/\/sinoextrud.com\/de\/wp-json\/wp\/v2\/categories?post=7022"}],"curies":[{"name":"wp","href":"https:\/\/api.w.org\/{rel}","templated":true}]}}