{"id":7020,"date":"2025-06-05T02:45:22","date_gmt":"2025-06-05T02:45:22","guid":{"rendered":"https:\/\/sinoextrud.com\/product\/extruded-aluminum-channel-shapes-customized\/"},"modified":"2025-06-24T06:12:07","modified_gmt":"2025-06-24T06:12:07","slug":"stranggepresste-aluminium-kanalformen-nach-mas","status":"publish","type":"product","link":"https:\/\/sinoextrud.com\/de\/product\/extruded-aluminum-channel-shapes-customized\/","title":{"rendered":"Stranggepresste Aluminium-Kanalformen nach Ma\u00df"},"content":{"rendered":"<h2>Produkte Details<\/h2>\n<table class=\"custom-table\">\n<tr>\n<td class=\"label\">Produktname:<\/td>\n<td> Stranggepresste Aluminium-Kanalformen, individuell angepasst<\/td>\n<\/tr>\n<tr>\n<td class=\"label\">Material und Qualit\u00e4t:<\/td>\n<td> Legierung 6063 T5\uff0c<\/td>\n<\/tr>\n<tr>\n<td class=\"label\">Erledigt:<\/td>\n<td> M\u00fchle fertig<br \/>\nEloxieren, Pulverbeschichtung, Holz, Elektrophorese oder kundenspezifisch.<\/td>\n<\/tr>\n<tr>\n<td class=\"label\">Gr\u00f6\u00dfe:<\/td>\n<td> Kundenspezifisch, abh\u00e4ngig von der CAD-Zeichnung des Kunden.<\/td>\n<\/tr>\n<tr>\n<td class=\"label\">Standard:<\/td>\n<td> GB5237-2008,.<\/td>\n<\/tr>\n<tr>\n<td class=\"label\">Merkmale:<\/td>\n<td> stark, stilvoll, langlebig, korrosionsbest\u00e4ndig.\uff0c<\/td>\n<\/tr>\n<\/table>\n<h2>Unsere Produktionsbasis<\/h2>\n<h3>Fabrik-Panorama<\/h3>\n<p><img decoding=\"async\" src=\"\/wp-content\/uploads\/factory-01.webp\"\/><\/p>\n<h3>Werkstatt zur Herstellung von Aluminiumstangen<\/h3>\n<p><img decoding=\"async\" src=\"\/wp-content\/uploads\/factory-02.webp\"\/><\/p>\n<p><img decoding=\"async\" src=\"\/wp-content\/uploads\/factory-03.webp\"\/><\/p>\n<h3>Lagerhaus f\u00fcr Formen<\/h3>\n<p><img decoding=\"async\" src=\"\/wp-content\/uploads\/factory-04.webp\"\/><\/p>\n<h3>43 Aluminium-Strangpressanlagen (500-5500 Tonnen)<\/h3>\n<p><img decoding=\"async\" src=\"\/wp-content\/uploads\/factory-05.webp\"\/><\/p>\n<p><img decoding=\"async\" src=\"\/wp-content\/uploads\/factory-06.webp\"\/><\/p>\n<p><img decoding=\"async\" src=\"\/wp-content\/uploads\/factory-07.webp\"\/><\/p>\n<h3>Werkstatt f\u00fcr Pulverbeschichtung<\/h3>\n<p><img decoding=\"async\" src=\"\/wp-content\/uploads\/factory-09.webp\"\/><\/p>\n<h3>Eloxal-Werkstatt<\/h3>\n<p><img decoding=\"async\" src=\"\/wp-content\/uploads\/factory-10.webp\"\/><\/p>\n<h3>Workshop zur Tiefenverarbeitung<\/h3>\n<p><img decoding=\"async\" src=\"\/wp-content\/uploads\/factory-11.webp\"\/><\/p>\n<h3>CNC-Pr\u00e4zisionsbearbeitungswerkstatt<\/h3>\n<p><img decoding=\"async\" src=\"\/wp-content\/uploads\/factory-11.5.webp\"\/><\/p>\n<h3>Lager f\u00fcr Fertigprodukte und Export<\/h3>\n<p><img decoding=\"async\" src=\"\/wp-content\/uploads\/factory-12.webp\"\/><\/p>\n<p><img decoding=\"async\" src=\"\/wp-content\/uploads\/factory-13.webp\"\/><\/p>\n<p><img decoding=\"async\" src=\"\/wp-content\/uploads\/factory-14.webp\"\/><\/p>\n<h2>FAQ<\/h2>\n<p><p><b>1. was sind stranggepresste Aluminium-Kanal Formen angepasst?<\/b><\/p>\n<p>Stranggepresste Aluminiumkan\u00e4le nach Ma\u00df sind ma\u00dfgeschneiderte Aluminiumprofile, die spezifische Form- und Gr\u00f6\u00dfenanforderungen f\u00fcr verschiedene Anwendungen erf\u00fcllen.<br \/>\n<\/p><br \/>\n<br \/>\n<p><b>2. was sind die Vorteile von kundenspezifischen Aluminium-Strangpressprofilen?<\/b><\/p>\n<p>Sie bieten exakte Ma\u00dfgenauigkeit, verbesserte Funktionalit\u00e4t und optimierte Passform f\u00fcr spezifische Projektanforderungen.<br \/>\n<\/p><br \/>\n<br \/>\n<p><b>3. k\u00f6nnen ma\u00dfgeschneiderte Aluminiumkan\u00e4le im Freien verwendet werden?<\/b><\/p>\n<p>Ja, sie sind korrosionsbest\u00e4ndig und k\u00f6nnen mit Eloxierung oder Pulverbeschichtung f\u00fcr einen besseren Witterungsschutz versehen werden.<br \/>\n<\/p><br \/>\n<br \/>\n<p><b>4. welche Industrien verwenden kundenspezifische Aluminiumkan\u00e4le?<\/b><\/p>\n<p>Sie finden breite Anwendung im Bauwesen, in der Elektronik, im Transportwesen, in der M\u00f6belindustrie und in der Architektur.<br \/>\n<\/p><br \/>\n<br \/>\n<p><b>5. sind verschiedene Oberfl\u00e4chen f\u00fcr kundenspezifische Rinnenformen erh\u00e4ltlich?<\/b><\/p>\n<p>Ja, die Optionen umfassen eloxierte, pulverbeschichtete, gefr\u00e4ste und geb\u00fcrstete Oberfl\u00e4chen f\u00fcr unterschiedliche Umgebungen und \u00c4sthetiken.<br \/>\n<\/p><br \/>\n<br \/>\n<p><b>6. wie pr\u00e4zise sind kundenspezifische stranggepresste Aluminiumkan\u00e4le?<\/b><\/p>\n<p>Kundenspezifische Profile werden unter Einhaltung enger Toleranzen pr\u00e4zisionsgepresst, um Konsistenz und Zuverl\u00e4ssigkeit bei jedem St\u00fcck zu gew\u00e4hrleisten.<br \/>\n<\/p><br \/>\n<br \/>\n<p><b>Ist die Anpassung von Kleinserien m\u00f6glich?<\/b><\/p>\n<p>Ja, wir unterst\u00fctzen sowohl Gro\u00dfproduktionen als auch kundenspezifische Auftr\u00e4ge in kleinen St\u00fcckzahlen f\u00fcr flexible Projektanforderungen.<br \/>\n<\/p><br \/>\n<br \/>\n<p><b>8. sind kundenspezifische Aluminiumkan\u00e4le leicht zu fertigen?<\/b><\/p>\n<p>Ja, sie sind leicht zu schneiden, zu bohren, zu schwei\u00dfen und zu montieren und bieten Herstellern und Konstrukteuren eine gro\u00dfe Vielseitigkeit.<br \/>\n<\/p><br \/><\/p>","protected":false},"featured_media":7019,"template":"","categories":[67],"class_list":["post-7020","product","type-product","status-publish","has-post-thumbnail","hentry","category-architectural-aluminium-profile"],"meta_box":{"hilight_text_group":{"product_hilight_text":"<li>Customized aluminum channel shapes to match exact design specifications<\/li>\r\r\n<li>Made from high-quality aluminum for strength and corrosion resistance<\/li>\r\r\n<li>Available in a wide range of dimensions, thicknesses, and profiles<\/li>\r\r\n<li>Precision-extruded for consistent quality and easy assembly<\/li>\r\r\n<li>Compatible with various industrial, architectural, and decorative uses<\/li>\r\r\n<li>Supports custom finishes including anodizing and powder coating<\/li>\r\r\n<li>Ideal for framing, structural reinforcement, and cable management<\/li>","product_chanpin_blog":"<ul>\r\r\n<li><a href=\"https:\/\/sinoextrud.com\/t-slot-v-slot-differences\/\" target=\"_blank\">t slot vs v slot<\/a><\/li>\r\r\n<li><a href=\"https:\/\/sinoextrud.com\/what-is-4040-aluminium-extrud\/\" target=\"_blank\">4040 aluminium extrusion<\/a><\/li>\r\r\n<li><a href=\"https:\/\/sinoextrud.com\/what-is-4040-aluminium-extrud\/\" target=\"_blank\">aluminum extrusions for industrial racks<\/a><\/li>\r\r\n<li><a href=\"https:\/\/sinoextrud.com\/powder-coating-aluminium-process\/\" target=\"_blank\">powder coating aluminium<\/a><\/li>\r\r\n<li><a href=\"https:\/\/sinoextrud.com\/what-is-an-aluminium-strip-ceiling\/\" target=\"_blank\">aluminium strip ceiling<\/a><\/li>\r\r\n<li><a href=\"https:\/\/sinoextrud.com\/what-is-a-heat-sink\/\" target=\"_blank\">what is a heat sink<\/a><\/li>\r\r\n<\/ul>","product_chanpin_chanpin":"<li><a href=\"https:\/\/sinoextrud.com\/product\/aluminium-t-profil\/\" target=\"_blank\">Aluminium T Profil<\/a><\/li>\r\n<li><a href=\"https:\/\/sinoextrud.com\/product\/slotted-aluminum-profile-export-to-maylsia\/\" target=\"_blank\">Slotted Aluminum Profile Export To Maylsia<\/a><\/li>\r\n<li><a href=\"https:\/\/sinoextrud.com\/product\/slotted-aluminum-framing\/\" target=\"_blank\">Slotted Aluminum Framing<\/a><\/li>\r\n<li><a href=\"https:\/\/sinoextrud.com\/product\/furniture-aluminium-profiles\/\" target=\"_blank\">Furniture Aluminium Profiles<\/a><\/li>\r\n<li><a href=\"https:\/\/sinoextrud.com\/product\/extruded-aluminum-channel-shapes-customized\/\" target=\"_blank\">Extruded Aluminum Channel Shapes Customized<\/a><\/li>\r\n<li><a href=\"https:\/\/sinoextrud.com\/product\/interlocking-aluminium-profiles\/\" target=\"_blank\">Interlocking Aluminium Profiles<\/a><\/li>\r\n<li><a href=\"https:\/\/sinoextrud.com\/product\/shining-electrophresis-and-crystal-electrophresis-aluminium-profiles\/\" target=\"_blank\">Shining Electrophresis and Crystal electrophresis aluminium profiles<\/a><\/li>\r\n<li><a href=\"https:\/\/sinoextrud.com\/product\/customized-aluminum-porch-railing\/\" target=\"_blank\">Customized Aluminum Porch Railing<\/a><\/li>\r\n<li><a href=\"https:\/\/sinoextrud.com\/product\/sell-well-window-and-door-aluminium-profile\/\" target=\"_blank\">Sell Well Window And Door Aluminium Profile<\/a><\/li>\r\n<li><a href=\"https:\/\/sinoextrud.com\/product\/furniture-aluminium-profiles\/\" target=\"_blank\">Furniture Aluminium Profiles<\/a><\/li>\r\n<li><a href=\"https:\/\/sinoextrud.com\/product\/extruded-aluminium-cnc-machining-profile-and-anodized-surface-treatment-process\/\" target=\"_blank\">Extruded Aluminium CNC Machining profile and Anodized Surface Treatment Process<\/a><\/li>"},"feature_list":[]},"_links":{"self":[{"href":"https:\/\/sinoextrud.com\/de\/wp-json\/wp\/v2\/product\/7020","targetHints":{"allow":["GET"]}}],"collection":[{"href":"https:\/\/sinoextrud.com\/de\/wp-json\/wp\/v2\/product"}],"about":[{"href":"https:\/\/sinoextrud.com\/de\/wp-json\/wp\/v2\/types\/product"}],"wp:featuredmedia":[{"embeddable":true,"href":"https:\/\/sinoextrud.com\/de\/wp-json\/wp\/v2\/media\/7019"}],"wp:attachment":[{"href":"https:\/\/sinoextrud.com\/de\/wp-json\/wp\/v2\/media?parent=7020"}],"wp:term":[{"taxonomy":"category","embeddable":true,"href":"https:\/\/sinoextrud.com\/de\/wp-json\/wp\/v2\/categories?post=7020"}],"curies":[{"name":"wp","href":"https:\/\/api.w.org\/{rel}","templated":true}]}}