{"id":7012,"date":"2025-06-05T02:35:53","date_gmt":"2025-06-05T02:35:53","guid":{"rendered":"https:\/\/sinoextrud.com\/product\/aluminium-t-profil\/"},"modified":"2025-06-24T06:12:05","modified_gmt":"2025-06-24T06:12:05","slug":"aluminium-t-profil","status":"publish","type":"product","link":"https:\/\/sinoextrud.com\/de\/product\/aluminium-t-profil\/","title":{"rendered":"Aluminium T-Profil"},"content":{"rendered":"<h2>Produkte Details<\/h2>\n<table class=\"custom-table\">\n<tr>\n<td class=\"label\">Modell Nr.:<\/td>\n<td> T6063\uff0c<\/td>\n<\/tr>\n<tr>\n<td class=\"label\">Oberfl\u00e4che:<\/td>\n<td> Eloxieren Splitter matt\uff0c<\/td>\n<\/tr>\n<tr>\n<td class=\"label\">Die Form:<\/td>\n<td> Aluminium t profil\uff0c<\/td>\n<\/tr>\n<tr>\n<td class=\"label\">Transport-Paket:<\/td>\n<td> Wasserfestes Papier\/Kundenanforderung<\/td>\n<\/tr>\n<tr>\n<td class=\"label\">Herkunft:<\/td>\n<td> Foshan, Guangdong, China<\/td>\n<\/tr>\n<tr>\n<td class=\"label\">Gr\u00f6\u00dfe:<\/td>\n<td> 80*55mm,.<\/td>\n<\/tr>\n<tr>\n<td class=\"label\">Art:<\/td>\n<td> Gerader Typ<\/td>\n<\/tr>\n<tr>\n<td class=\"label\">Warenzeichen:<\/td>\n<td> Sinoextrud\uff0c<\/td>\n<\/tr>\n<tr>\n<td class=\"label\">Spezifikation:<\/td>\n<td> CE\/ISO 9001,.<\/td>\n<\/tr>\n<tr>\n<td class=\"label\">HS-Code:<\/td>\n<td> 76042100\uff0c<\/td>\n<\/tr>\n<\/table>\n<h2>Unsere Produktionsbasis<\/h2>\n<h3>Fabrik-Panorama<\/h3>\n<p><img decoding=\"async\" src=\"\/wp-content\/uploads\/factory-01.webp\"\/><\/p>\n<h3>Werkstatt zur Herstellung von Aluminiumstangen<\/h3>\n<p><img decoding=\"async\" src=\"\/wp-content\/uploads\/factory-02.webp\"\/><\/p>\n<p><img decoding=\"async\" src=\"\/wp-content\/uploads\/factory-03.webp\"\/><\/p>\n<h3>Lagerhaus f\u00fcr Formen<\/h3>\n<p><img decoding=\"async\" src=\"\/wp-content\/uploads\/factory-04.webp\"\/><\/p>\n<h3>43 Aluminium-Strangpressanlagen (500-5500 Tonnen)<\/h3>\n<p><img decoding=\"async\" src=\"\/wp-content\/uploads\/factory-05.webp\"\/><\/p>\n<p><img decoding=\"async\" src=\"\/wp-content\/uploads\/factory-06.webp\"\/><\/p>\n<p><img decoding=\"async\" src=\"\/wp-content\/uploads\/factory-07.webp\"\/><\/p>\n<h3>Werkstatt f\u00fcr Pulverbeschichtung<\/h3>\n<p><img decoding=\"async\" src=\"\/wp-content\/uploads\/factory-09.webp\"\/><\/p>\n<h3>Eloxal-Werkstatt<\/h3>\n<p><img decoding=\"async\" src=\"\/wp-content\/uploads\/factory-10.webp\"\/><\/p>\n<h3>Workshop zur Tiefenverarbeitung<\/h3>\n<p><img decoding=\"async\" src=\"\/wp-content\/uploads\/factory-11.webp\"\/><\/p>\n<h3>CNC-Pr\u00e4zisionsbearbeitungswerkstatt<\/h3>\n<p><img decoding=\"async\" src=\"\/wp-content\/uploads\/factory-11.5.webp\"\/><\/p>\n<h3>Lager f\u00fcr Fertigprodukte und Export<\/h3>\n<p><img decoding=\"async\" src=\"\/wp-content\/uploads\/factory-12.webp\"\/><\/p>\n<p><img decoding=\"async\" src=\"\/wp-content\/uploads\/factory-13.webp\"\/><\/p>\n<p><img decoding=\"async\" src=\"\/wp-content\/uploads\/factory-14.webp\"\/><\/p>\n<h2>FAQ<\/h2>\n<p><p><b>1. was ist ein Aluminium-T-Profil?<\/b><\/p>\n<p>Ein Aluminium-T-Profil ist ein T-f\u00f6rmiges Aluminium-Strangpressprofil, das f\u00fcr Verbindungen, Kantenschutz und strukturelle Unterst\u00fctzung in verschiedenen Anwendungen verwendet wird.<br \/>\n<\/p><br \/>\n<br \/>\n<p><b>2. warum Aluminium T Profil im Bauwesen verwenden?<\/b><\/p>\n<p>Aluminium T Profil bietet hohe Festigkeit, geringes Gewicht und Korrosionsbest\u00e4ndigkeit und eignet sich daher f\u00fcr Rahmen und Kantenbearbeitung.<br \/>\n<\/p><br \/>\n<br \/>\n<p><b>3. ist Aluminium T Profil korrosionsbest\u00e4ndig?<\/b><\/p>\n<p>Ja, Aluminium ist von Natur aus korrosionsbest\u00e4ndig, so dass T-Profile f\u00fcr Innen- und Au\u00dfenbereiche geeignet sind.<br \/>\n<\/p><br \/>\n<br \/>\n<p><b>4. was sind die typischen Anwendungen von Aluminium T Profil?<\/b><\/p>\n<p>Sie werden in Trennw\u00e4nden, Fenster- und T\u00fcrrahmen, M\u00f6beln, Ausstellungsstrukturen und architektonischen Fugen verwendet.<br \/>\n<\/p><br \/>\n<br \/>\n<p><b>5. kann Aluminium T Profil individuell angepasst werden?<\/b><\/p>\n<p>Nat\u00fcrlich kann es in verschiedenen Gr\u00f6\u00dfen, L\u00e4ngen und Oberfl\u00e4chenausf\u00fchrungen wie eloxiert oder pulverbeschichtet hergestellt werden.<br \/>\n<\/p><br \/>\n<br \/>\n<p><b>6. ist Aluminium T Profil einfach zu installieren?<\/b><\/p>\n<p>Ja, es ist leicht und l\u00e4sst sich einfach zuschneiden, bohren und in verschiedenen Rahmen befestigen, was die Installationszeit verk\u00fcrzt.<br \/>\n<\/p><br \/>\n<br \/>\n<p><b>7. ist Aluminium ein umweltfreundliches Material f\u00fcr T-Profile?<\/b><\/p>\n<p>Ja, Aluminium ist vollst\u00e4ndig recycelbar und unterst\u00fctzt eine nachhaltige und umweltbewusste Produktion.<br \/>\n<\/p><br \/>\n<br \/>\n<p><b>8. bietet Aluminium T Profil eine dekorative Oberfl\u00e4che?<\/b><\/p>\n<p>Ja, die klaren Linien und die wahlweise polierten oder farbigen Oberfl\u00e4chen bieten sowohl strukturelle als auch \u00e4sthetische Vorteile.<br \/>\n<\/p><br \/><\/p>","protected":false},"featured_media":7011,"template":"","categories":[67],"class_list":["post-7012","product","type-product","status-publish","has-post-thumbnail","hentry","category-architectural-aluminium-profile"],"meta_box":{"hilight_text_group":{"product_hilight_text":"<li>High-strength aluminum provides reliable structural support<\/li>\r\r\n<li>T-shaped design ideal for joining and edge finishing applications<\/li>\r\r\n<li>Corrosion-resistant surface ensures long-lasting performance<\/li>\r\r\n<li>Lightweight profile allows for easy handling and installation<\/li>\r\r\n<li>Available in multiple sizes and finishes to suit various projects<\/li>\r\r\n<li>Clean and modern appearance enhances product aesthetics<\/li>\r\r\n<li>Suitable for both industrial and decorative applications<\/li>","product_chanpin_blog":"<ul>\r\r\n<li><a href=\"https:\/\/sinoextrud.com\/t-slot-v-slot-differences\/\" target=\"_blank\">t slot vs v slot<\/a><\/li>\r\r\n<li><a href=\"https:\/\/sinoextrud.com\/what-is-4040-aluminium-extrud\/\" target=\"_blank\">4040 aluminium extrusion<\/a><\/li>\r\r\n<li><a href=\"https:\/\/sinoextrud.com\/what-is-4040-aluminium-extrud\/\" target=\"_blank\">aluminum extrusions for industrial racks<\/a><\/li>\r\r\n<li><a href=\"https:\/\/sinoextrud.com\/powder-coating-aluminium-process\/\" target=\"_blank\">powder coating aluminium<\/a><\/li>\r\r\n<li><a href=\"https:\/\/sinoextrud.com\/what-is-an-aluminium-strip-ceiling\/\" target=\"_blank\">aluminium strip ceiling<\/a><\/li>\r\r\n<li><a href=\"https:\/\/sinoextrud.com\/what-is-a-heat-sink\/\" target=\"_blank\">what is a heat sink<\/a><\/li>\r\r\n<\/ul>","product_chanpin_chanpin":"<li><a href=\"https:\/\/sinoextrud.com\/product\/aluminium-shower-extrusions\/\" target=\"_blank\">Aluminium Shower Extrusions<\/a><\/li>\r\n<li><a href=\"https:\/\/sinoextrud.com\/product\/aluminium-profile-material\/\" target=\"_blank\">Aluminium Profile Material<\/a><\/li>\r\n<li><a href=\"https:\/\/sinoextrud.com\/product\/aluminium-frame-extrusion-profile-picture-frame-profile-for-interior-decoration\/\" target=\"_blank\">Aluminium Frame Extrusion Profile Picture Frame Profile For Interior Decoration<\/a><\/li>\r\n<li><a href=\"https:\/\/sinoextrud.com\/product\/aluminum-shutter\/\" target=\"_blank\">Aluminum Shutter<\/a><\/li>\r\n<li><a href=\"https:\/\/sinoextrud.com\/product\/aluminium-t-profil\/\" target=\"_blank\">Aluminium T Profil<\/a><\/li>\r\n<li><a href=\"https:\/\/sinoextrud.com\/product\/slotted-aluminum-profile-export-to-maylsia\/\" target=\"_blank\">Slotted Aluminum Profile Export To Maylsia<\/a><\/li>\r\n<li><a href=\"https:\/\/sinoextrud.com\/product\/slotted-aluminum-framing\/\" target=\"_blank\">Slotted Aluminum Framing<\/a><\/li>\r\n<li><a href=\"https:\/\/sinoextrud.com\/product\/furniture-aluminium-profiles\/\" target=\"_blank\">Furniture Aluminium Profiles<\/a><\/li>\r\n<li><a href=\"https:\/\/sinoextrud.com\/product\/extruded-aluminum-channel-shapes-customized\/\" target=\"_blank\">Extruded Aluminum Channel Shapes Customized<\/a><\/li>\r\n<li><a href=\"https:\/\/sinoextrud.com\/product\/800-800mm-clip-in-ceiling-system\/\" target=\"_blank\">800x800mm Clip-in Ceiling System<\/a><\/li>\r\n<li><a href=\"https:\/\/sinoextrud.com\/product\/aluminium-alloy-material-frame\/\" target=\"_blank\">Aluminium Alloy Material Frame<\/a><\/li>"},"feature_list":[]},"_links":{"self":[{"href":"https:\/\/sinoextrud.com\/de\/wp-json\/wp\/v2\/product\/7012","targetHints":{"allow":["GET"]}}],"collection":[{"href":"https:\/\/sinoextrud.com\/de\/wp-json\/wp\/v2\/product"}],"about":[{"href":"https:\/\/sinoextrud.com\/de\/wp-json\/wp\/v2\/types\/product"}],"wp:featuredmedia":[{"embeddable":true,"href":"https:\/\/sinoextrud.com\/de\/wp-json\/wp\/v2\/media\/7011"}],"wp:attachment":[{"href":"https:\/\/sinoextrud.com\/de\/wp-json\/wp\/v2\/media?parent=7012"}],"wp:term":[{"taxonomy":"category","embeddable":true,"href":"https:\/\/sinoextrud.com\/de\/wp-json\/wp\/v2\/categories?post=7012"}],"curies":[{"name":"wp","href":"https:\/\/api.w.org\/{rel}","templated":true}]}}