{"id":7003,"date":"2025-06-05T02:03:50","date_gmt":"2025-06-05T02:03:50","guid":{"rendered":"https:\/\/sinoextrud.com\/product\/aluminium-shower-extrusions\/"},"modified":"2025-06-24T06:12:05","modified_gmt":"2025-06-24T06:12:05","slug":"aluminium-duschstrangpressprofile","status":"publish","type":"product","link":"https:\/\/sinoextrud.com\/de\/product\/aluminium-shower-extrusions\/","title":{"rendered":"Aluminium-Duschstangen"},"content":{"rendered":"<h2>Produkte Details<\/h2>\n<table class=\"custom-table\">\n<tr>\n<td class=\"label\">Titel<\/td>\n<td>Aluminium-Duschformteile\uff0c<\/td>\n<\/tr>\n<\/table>\n<h2>Unsere Produktionsbasis<\/h2>\n<h3>Fabrik-Panorama<\/h3>\n<p><img decoding=\"async\" src=\"\/wp-content\/uploads\/factory-01.webp\"\/><\/p>\n<h3>Werkstatt zur Herstellung von Aluminiumstangen<\/h3>\n<p><img decoding=\"async\" src=\"\/wp-content\/uploads\/factory-02.webp\"\/><\/p>\n<p><img decoding=\"async\" src=\"\/wp-content\/uploads\/factory-03.webp\"\/><\/p>\n<h3>Lagerhaus f\u00fcr Formen<\/h3>\n<p><img decoding=\"async\" src=\"\/wp-content\/uploads\/factory-04.webp\"\/><\/p>\n<h3>43 Aluminium-Strangpressanlagen (500-5500 Tonnen)<\/h3>\n<p><img decoding=\"async\" src=\"\/wp-content\/uploads\/factory-05.webp\"\/><\/p>\n<p><img decoding=\"async\" src=\"\/wp-content\/uploads\/factory-06.webp\"\/><\/p>\n<p><img decoding=\"async\" src=\"\/wp-content\/uploads\/factory-07.webp\"\/><\/p>\n<h3>Werkstatt f\u00fcr Pulverbeschichtung<\/h3>\n<p><img decoding=\"async\" src=\"\/wp-content\/uploads\/factory-09.webp\"\/><\/p>\n<h3>Eloxal-Werkstatt<\/h3>\n<p><img decoding=\"async\" src=\"\/wp-content\/uploads\/factory-10.webp\"\/><\/p>\n<h3>Workshop zur Tiefenverarbeitung<\/h3>\n<p><img decoding=\"async\" src=\"\/wp-content\/uploads\/factory-11.webp\"\/><\/p>\n<h3>CNC-Pr\u00e4zisionsbearbeitungswerkstatt<\/h3>\n<p><img decoding=\"async\" src=\"\/wp-content\/uploads\/factory-11.5.webp\"\/><\/p>\n<h3>Lager f\u00fcr Fertigprodukte und Export<\/h3>\n<p><img decoding=\"async\" src=\"\/wp-content\/uploads\/factory-12.webp\"\/><\/p>\n<p><img decoding=\"async\" src=\"\/wp-content\/uploads\/factory-13.webp\"\/><\/p>\n<p><img decoding=\"async\" src=\"\/wp-content\/uploads\/factory-14.webp\"\/><\/p>\n<h2>FAQ<\/h2>\n<p><p><b>1. was sind Aluminium-Duschprofile? <\/b><\/p>\n<p> Aluminium-Duschprofile sind Aluminiumprofile, die als Rahmen f\u00fcr Duschabtrennungen verwendet werden und sowohl strukturelle Integrit\u00e4t als auch \u00e4sthetische Attraktivit\u00e4t bieten.<br \/>\n<\/p><br \/>\n<br \/>\n<p><b>2. warum Aluminium f\u00fcr Duschprofile verwenden? <\/b><\/p>\n<p> Aluminium ist leicht, korrosionsbest\u00e4ndig und langlebig und damit die ideale Wahl f\u00fcr die rauen, feuchten Bedingungen in einer Dusche.<br \/>\n<\/p><br \/>\n<br \/>\n<p><b>3. k\u00f6nnen die Strangpressprofile individuell angepasst werden? <\/b><\/p>\n<p> Ja, sie k\u00f6nnen in Bezug auf Form, Gr\u00f6\u00dfe und Oberfl\u00e4chenbeschaffenheit individuell angepasst werden, um spezifische Designanforderungen f\u00fcr Duschkabinen zu erf\u00fcllen.<br \/>\n<\/p><br \/>\n<br \/>\n<p><b>4. sind diese Profile korrosionsbest\u00e4ndig? <\/b><\/p>\n<p> Ja, Aluminium-Strangpressprofile sind von Natur aus korrosionsbest\u00e4ndig, und zus\u00e4tzliche Beschichtungen wie Eloxierung oder Pulverbeschichtung erh\u00f6hen die Haltbarkeit in Nassbereichen.<br \/>\n<\/p><br \/>\n<br \/>\n<p><b>5. welche Oberfl\u00e4chen sind f\u00fcr Aluminium-Duschprofile erh\u00e4ltlich? <\/b><\/p>\n<p> Zu den verf\u00fcgbaren Oberfl\u00e4chen z\u00e4hlen Eloxierung, Pulverbeschichtung und geb\u00fcrstetes Metall, die sowohl Schutz als auch optische Attraktivit\u00e4t bieten.<br \/>\n<\/p><br \/>\n<br \/>\n<p><b>6. ist die Installation von Aluminium-Duschprofilen einfach? <\/b><\/p>\n<p> Ja, sie sind f\u00fcr einen schnellen und einfachen Einbau konzipiert und mit den g\u00e4ngigen Glas-, T\u00fcr- und Paneelsystemen kompatibel.<br \/>\n<\/p><br \/>\n<br \/>\n<p><b>7. k\u00f6nnen diese Profile sowohl in privaten als auch in gewerblichen Duschen verwendet werden? <\/b><\/p>\n<p> Ja, Duschprofile aus Aluminium eignen sich aufgrund ihrer Vielseitigkeit und Langlebigkeit sowohl f\u00fcr private als auch f\u00fcr gewerbliche Anwendungen im Badezimmer.<br \/>\n<\/p><br \/>\n<br \/>\n<p><b>8. welche Vorteile hat die Verwendung von Aluminium in Duschsystemen? <\/b><\/p>\n<p> Aluminium ist leicht, rostfrei und pflegeleicht und damit ideal f\u00fcr Duschabtrennungen, die eine hohe Leistung und eine lange Nutzungsdauer erfordern.<br \/>\n<\/p><br \/><\/p>","protected":false},"featured_media":7002,"template":"","categories":[67],"class_list":["post-7003","product","type-product","status-publish","has-post-thumbnail","hentry","category-architectural-aluminium-profile"],"meta_box":{"hilight_text_group":{"product_hilight_text":"<li>Durable aluminum extrusions provide structural support and a sleek finish for shower enclosures.<\/li>\r\r\n<li>Corrosion-resistant surface ensures long-lasting performance in humid, wet environments.<\/li>\r\r\n<li>Lightweight yet strong, making them easy to handle and install.<\/li>\r\r\n<li>Available in various profiles and sizes to fit custom shower designs.<\/li>\r\r\n<li>Custom finishes like anodizing or powder coating for enhanced aesthetics and protection.<\/li>\r\r\n<li>Compatible with glass panels, doors, and other bathroom fixtures for seamless integration.<\/li>","product_chanpin_blog":"<ul>\r\r\n<li><a href=\"https:\/\/sinoextrud.com\/t-slot-v-slot-differences\/\" target=\"_blank\">t slot vs v slot<\/a><\/li>\r\r\n<li><a href=\"https:\/\/sinoextrud.com\/what-is-4040-aluminium-extrud\/\" target=\"_blank\">4040 aluminium extrusion<\/a><\/li>\r\r\n<li><a href=\"https:\/\/sinoextrud.com\/what-is-4040-aluminium-extrud\/\" target=\"_blank\">aluminum extrusions for industrial racks<\/a><\/li>\r\r\n<li><a href=\"https:\/\/sinoextrud.com\/powder-coating-aluminium-process\/\" target=\"_blank\">powder coating aluminium<\/a><\/li>\r\r\n<li><a href=\"https:\/\/sinoextrud.com\/what-is-an-aluminium-strip-ceiling\/\" target=\"_blank\">aluminium strip ceiling<\/a><\/li>\r\r\n<li><a href=\"https:\/\/sinoextrud.com\/what-is-a-heat-sink\/\" target=\"_blank\">what is a heat sink<\/a><\/li>\r\r\n<\/ul>","product_chanpin_chanpin":"<li><a href=\"https:\/\/sinoextrud.com\/product\/polished-sliver-aluminium-profile-like-mirror\/\" target=\"_blank\">Polished Sliver Aluminium Profile Like Mirror<\/a><\/li>\r\n<li><a href=\"https:\/\/sinoextrud.com\/product\/modular-aluminium-frame\/\" target=\"_blank\">Modular Aluminium Frame<\/a><\/li>\r\n<li><a href=\"https:\/\/sinoextrud.com\/product\/machined-aluminium-profiles-for-windows-and-doors\/\" target=\"_blank\">Machined Aluminium Profiles For Windows And Doors<\/a><\/li>\r\n<li><a href=\"https:\/\/sinoextrud.com\/product\/aluminum-trailer-door-frame-extrusions\/\" target=\"_blank\">Aluminum Trailer Door Frame Extrusions<\/a><\/li>\r\n<li><a href=\"https:\/\/sinoextrud.com\/product\/aluminium-shower-extrusions\/\" target=\"_blank\">Aluminium Shower Extrusions<\/a><\/li>\r\n<li><a href=\"https:\/\/sinoextrud.com\/product\/aluminium-profile-material\/\" target=\"_blank\">Aluminium Profile Material<\/a><\/li>\r\n<li><a href=\"https:\/\/sinoextrud.com\/product\/aluminium-frame-extrusion-profile-picture-frame-profile-for-interior-decoration\/\" target=\"_blank\">Aluminium Frame Extrusion Profile Picture Frame Profile For Interior Decoration<\/a><\/li>\r\n<li><a href=\"https:\/\/sinoextrud.com\/product\/aluminum-shutter\/\" target=\"_blank\">Aluminum Shutter<\/a><\/li>\r\n<li><a href=\"https:\/\/sinoextrud.com\/product\/aluminium-t-profil\/\" target=\"_blank\">Aluminium T Profil<\/a><\/li>\r\n<li><a href=\"https:\/\/sinoextrud.com\/product\/china-aluminum-angle-bar-alloy-profile\/\" target=\"_blank\">China Aluminum Angle Bar Alloy Profile<\/a><\/li>\r\n<li><a href=\"https:\/\/sinoextrud.com\/product\/large-diameter-aluminum-pipe-for-sale\/\" target=\"_blank\">Large Diameter Aluminum Pipe For Sale<\/a><\/li>"},"feature_list":[]},"_links":{"self":[{"href":"https:\/\/sinoextrud.com\/de\/wp-json\/wp\/v2\/product\/7003","targetHints":{"allow":["GET"]}}],"collection":[{"href":"https:\/\/sinoextrud.com\/de\/wp-json\/wp\/v2\/product"}],"about":[{"href":"https:\/\/sinoextrud.com\/de\/wp-json\/wp\/v2\/types\/product"}],"wp:featuredmedia":[{"embeddable":true,"href":"https:\/\/sinoextrud.com\/de\/wp-json\/wp\/v2\/media\/7002"}],"wp:attachment":[{"href":"https:\/\/sinoextrud.com\/de\/wp-json\/wp\/v2\/media?parent=7003"}],"wp:term":[{"taxonomy":"category","embeddable":true,"href":"https:\/\/sinoextrud.com\/de\/wp-json\/wp\/v2\/categories?post=7003"}],"curies":[{"name":"wp","href":"https:\/\/api.w.org\/{rel}","templated":true}]}}