{"id":6995,"date":"2025-06-05T01:52:46","date_gmt":"2025-06-05T01:52:46","guid":{"rendered":"https:\/\/sinoextrud.com\/product\/polished-sliver-aluminium-profile-like-mirror\/"},"modified":"2025-06-24T06:12:04","modified_gmt":"2025-06-24T06:12:04","slug":"poliertes-aluminiumprofil-wie-spiegel","status":"publish","type":"product","link":"https:\/\/sinoextrud.com\/de\/product\/polished-sliver-aluminium-profile-like-mirror\/","title":{"rendered":"Poliertes Aluminiumprofil wie Spiegel"},"content":{"rendered":"<h2>Produkte Details<\/h2>\n<table class=\"custom-table\">\n<tr>\n<td class=\"label\">Artikel:<\/td>\n<td> Profil aus poliertem Aluminiumsplitter<\/td>\n<\/tr>\n<tr>\n<td class=\"label\">Temperament:<\/td>\n<td> T3-T8\uff0c<\/td>\n<\/tr>\n<tr>\n<td class=\"label\">Legierung:<\/td>\n<td>Legierung<\/td>\n<\/tr>\n<tr>\n<td class=\"label\">Note:<\/td>\n<td> 6063-T5, 6061-T6, 6463-T5, 7075-T6, 6082\uff0c<\/td>\n<\/tr>\n<tr>\n<td class=\"label\">L\u00e4nge:<\/td>\n<td>1-9 Meter oder kundenspezifisch,<\/td>\n<\/tr>\n<tr>\n<td class=\"label\">Gr\u00f6\u00dfe:<\/td>\n<td> Benutzerdefiniert<\/td>\n<\/tr>\n<tr>\n<td class=\"label\">Vertr\u00e4glichkeit:<\/td>\n<td> +\/-0.1m\uff0c<\/td>\n<\/tr>\n<tr>\n<td class=\"label\">B\u00fcrgschaft:<\/td>\n<td> Die Oberfl\u00e4chenfarbe kann f\u00fcr 10-20 Jahre im Innenbereich stabil sein.<\/td>\n<\/tr>\n<tr>\n<td class=\"label\">Qualit\u00e4tskontrolle:<\/td>\n<td> 100% Inspektion vor der Auslieferung,<\/td>\n<\/tr>\n<tr>\n<td class=\"label\">Spezifikation:<\/td>\n<td>ISO9001, ISO14001,...<\/td>\n<\/tr>\n<tr>\n<td class=\"label\">Herkunft:<\/td>\n<td>Foshan, China<\/td>\n<\/tr>\n<tr>\n<td class=\"label\">Warenzeichen:<\/td>\n<td>Sinoextrud(Sinoextrud)\/ OEM\uff0c<\/td>\n<\/tr>\n<tr>\n<td class=\"label\">Art:<\/td>\n<td> Fenster- und T\u00fcrprofile aus Aluminium, Dekorationsprofile aus Aluminium, Profile f\u00fcr K\u00fchlk\u00f6rper aus Aluminium, polierte Aluminiumprofile aus Silber, Profile f\u00fcr Glasw\u00e4nde aus Aluminium, Profile f\u00fcr den Transport aus Aluminium, Profile f\u00fcr die Industrie aus Aluminium.<\/td>\n<\/tr>\n<\/table>\n<h2>Unsere Produktionsbasis<\/h2>\n<h3>Fabrik-Panorama<\/h3>\n<p><img decoding=\"async\" src=\"\/wp-content\/uploads\/factory-01.webp\"\/><\/p>\n<h3>Werkstatt zur Herstellung von Aluminiumstangen<\/h3>\n<p><img decoding=\"async\" src=\"\/wp-content\/uploads\/factory-02.webp\"\/><\/p>\n<p><img decoding=\"async\" src=\"\/wp-content\/uploads\/factory-03.webp\"\/><\/p>\n<h3>Lagerhaus f\u00fcr Formen<\/h3>\n<p><img decoding=\"async\" src=\"\/wp-content\/uploads\/factory-04.webp\"\/><\/p>\n<h3>43 Aluminium-Strangpressanlagen (500-5500 Tonnen)<\/h3>\n<p><img decoding=\"async\" src=\"\/wp-content\/uploads\/factory-05.webp\"\/><\/p>\n<p><img decoding=\"async\" src=\"\/wp-content\/uploads\/factory-06.webp\"\/><\/p>\n<p><img decoding=\"async\" src=\"\/wp-content\/uploads\/factory-07.webp\"\/><\/p>\n<h3>Werkstatt f\u00fcr Pulverbeschichtung<\/h3>\n<p><img decoding=\"async\" src=\"\/wp-content\/uploads\/factory-09.webp\"\/><\/p>\n<h3>Eloxal-Werkstatt<\/h3>\n<p><img decoding=\"async\" src=\"\/wp-content\/uploads\/factory-10.webp\"\/><\/p>\n<h3>Workshop zur Tiefenverarbeitung<\/h3>\n<p><img decoding=\"async\" src=\"\/wp-content\/uploads\/factory-11.webp\"\/><\/p>\n<h3>CNC-Pr\u00e4zisionsbearbeitungswerkstatt<\/h3>\n<p><img decoding=\"async\" src=\"\/wp-content\/uploads\/factory-11.5.webp\"\/><\/p>\n<h3>Lager f\u00fcr Fertigprodukte und Export<\/h3>\n<p><img decoding=\"async\" src=\"\/wp-content\/uploads\/factory-12.webp\"\/><\/p>\n<p><img decoding=\"async\" src=\"\/wp-content\/uploads\/factory-13.webp\"\/><\/p>\n<p><img decoding=\"async\" src=\"\/wp-content\/uploads\/factory-14.webp\"\/><\/p>\n<h2>FAQ<\/h2>\n<p><p><b>1. was ist poliertes Silber Aluminium Profil wie Spiegel?<\/b><\/p>\n<p>Es handelt sich um ein hochgl\u00e4nzendes Aluminium-Strangpressprofil mit einer spiegel\u00e4hnlichen Oberfl\u00e4che, das f\u00fcr dekorative und architektonische Anwendungen entwickelt wurde.<br \/>\n<\/p><br \/>\n<br \/>\n<p><b>2. was sind die Vorteile einer spiegelnden Aluminiumoberfl\u00e4che?<\/b><\/p>\n<p>Die polierte Oberfl\u00e4che bietet eine erstklassige \u00c4sthetik, hervorragende Reflexionseigenschaften und einen eleganten, modernen Look, der sich f\u00fcr Innenr\u00e4ume eignet.<br \/>\n<\/p><br \/>\n<br \/>\n<p><b>3. ist das polierte Aluminiumprofil korrosionsbest\u00e4ndig?<\/b><\/p>\n<p>Ja, es ist mit einer korrosionsbest\u00e4ndigen Schutzschicht versehen, die daf\u00fcr sorgt, dass die Hochglanzoberfl\u00e4che dauerhaft intakt bleibt.<br \/>\n<\/p><br \/>\n<br \/>\n<p><b>4. kann das polierte Aluminiumprofil individuell angepasst werden?<\/b><\/p>\n<p>Nat\u00fcrlich kann das Profil in verschiedenen L\u00e4ngen, Formen und Dicken hergestellt werden, um spezifische Designanforderungen zu erf\u00fcllen.<br \/>\n<\/p><br \/>\n<br \/>\n<p><b>5) Was sind typische Anwendungen f\u00fcr spiegelnde Aluminiumprofile?<\/b><\/p>\n<p>Sie werden h\u00e4ufig f\u00fcr Displaysysteme, M\u00f6belverkleidungen, Wandpaneele, Beschilderungen und luxuri\u00f6se Inneneinrichtungen verwendet.<br \/>\n<\/p><br \/>\n<br \/>\n<p><b>6. ist dieses Produkt f\u00fcr die Verwendung im Innen- und Au\u00dfenbereich geeignet?<\/b><\/p>\n<p>Es ist in erster Linie f\u00fcr den Innenbereich konzipiert, kann aber bei entsprechender Pflege auch in \u00fcberdachten Au\u00dfenbereichen eingesetzt werden.<br \/>\n<\/p><br \/>\n<br \/>\n<p><b>7. wie wird die Hochglanzoberfl\u00e4che von Aluminiumprofilen erreicht?<\/b><\/p>\n<p>Die Oberfl\u00e4che wird durch mechanisches Polieren und chemische Behandlung erzeugt, um eine hochgl\u00e4nzende, reflektierende Oberfl\u00e4che zu erhalten.<br \/>\n<\/p><br \/>\n<br \/>\n<p><b>8. ist spiegelndes Aluminium umweltfreundlich?<\/b><\/p>\n<p>Ja, Aluminium ist ein nachhaltiges, vollst\u00e4ndig recycelbares Material, das umweltfreundliche Baupraktiken unterst\u00fctzt.<br \/>\n<\/p><br \/><\/p>","protected":false},"featured_media":6994,"template":"","categories":[67],"class_list":["post-6995","product","type-product","status-publish","has-post-thumbnail","hentry","category-architectural-aluminium-profile"],"meta_box":{"hilight_text_group":{"product_hilight_text":"<li>Mirror-like polished finish delivers premium visual appeal<\/li>\r\r\n<li>Made from high-quality aluminum for strength and durability<\/li>\r\r\n<li>Corrosion-resistant surface ensures long-term shine<\/li>\r\r\n<li>Lightweight and easy to fabricate for various applications<\/li>\r\r\n<li>Ideal for decorative, architectural, and interior design use<\/li>\r\r\n<li>Customizable dimensions and thickness to meet design needs<\/li>\r\r\n<li>Eco-friendly and fully recyclable aluminum material<\/li>","product_chanpin_blog":"<ul>\r\r\n<li><a href=\"https:\/\/sinoextrud.com\/t-slot-v-slot-differences\/\" target=\"_blank\">t slot vs v slot<\/a><\/li>\r\r\n<li><a href=\"https:\/\/sinoextrud.com\/what-is-4040-aluminium-extrud\/\" target=\"_blank\">4040 aluminium extrusion<\/a><\/li>\r\r\n<li><a href=\"https:\/\/sinoextrud.com\/what-is-4040-aluminium-extrud\/\" target=\"_blank\">aluminum extrusions for industrial racks<\/a><\/li>\r\r\n<li><a href=\"https:\/\/sinoextrud.com\/powder-coating-aluminium-process\/\" target=\"_blank\">powder coating aluminium<\/a><\/li>\r\r\n<li><a href=\"https:\/\/sinoextrud.com\/what-is-an-aluminium-strip-ceiling\/\" target=\"_blank\">aluminium strip ceiling<\/a><\/li>\r\r\n<li><a href=\"https:\/\/sinoextrud.com\/what-is-a-heat-sink\/\" target=\"_blank\">what is a heat sink<\/a><\/li>\r\r\n<\/ul>","product_chanpin_chanpin":"<li><a href=\"https:\/\/sinoextrud.com\/product\/extruded-aluminum-channel-stock\/\" target=\"_blank\">Extruded Aluminum Channel Stock<\/a><\/li>\r\n<li><a href=\"https:\/\/sinoextrud.com\/product\/aluminium-oxide\/\" target=\"_blank\">Aluminium Oxide<\/a><\/li>\r\n<li><a href=\"https:\/\/sinoextrud.com\/product\/anodized-aluminum-profile-kitchen-cabinet-frame\/\" target=\"_blank\">Anodized Aluminum Profile Kitchen Cabinet Frame<\/a><\/li>\r\n<li><a href=\"https:\/\/sinoextrud.com\/product\/aluminum-extrusions-for-wall-panels-u-shape\/\" target=\"_blank\">Aluminum Extrusions For Wall Panels U Shape<\/a><\/li>\r\n<li><a href=\"https:\/\/sinoextrud.com\/product\/polished-sliver-aluminium-profile-like-mirror\/\" target=\"_blank\">Polished Sliver Aluminium Profile Like Mirror<\/a><\/li>\r\n<li><a href=\"https:\/\/sinoextrud.com\/product\/modular-aluminium-frame\/\" target=\"_blank\">Modular Aluminium Frame<\/a><\/li>\r\n<li><a href=\"https:\/\/sinoextrud.com\/product\/machined-aluminium-profiles-for-windows-and-doors\/\" target=\"_blank\">Machined Aluminium Profiles For Windows And Doors<\/a><\/li>\r\n<li><a href=\"https:\/\/sinoextrud.com\/product\/aluminum-trailer-door-frame-extrusions\/\" target=\"_blank\">Aluminum Trailer Door Frame Extrusions<\/a><\/li>\r\n<li><a href=\"https:\/\/sinoextrud.com\/product\/aluminium-shower-extrusions\/\" target=\"_blank\">Aluminium Shower Extrusions<\/a><\/li>\r\n<li><a href=\"https:\/\/sinoextrud.com\/product\/aluminum-curtain-wall-profile-extrusion-profiles-aluminum-tubing-catalog\/\" target=\"_blank\">aluminum curtain wall profile extrusion profiles aluminum tubing catalog<\/a><\/li>\r\n<li><a href=\"https:\/\/sinoextrud.com\/product\/shaped-tile-ceiling-system\/\" target=\"_blank\">Shaped Tile Ceiling System<\/a><\/li>"},"feature_list":[]},"_links":{"self":[{"href":"https:\/\/sinoextrud.com\/de\/wp-json\/wp\/v2\/product\/6995","targetHints":{"allow":["GET"]}}],"collection":[{"href":"https:\/\/sinoextrud.com\/de\/wp-json\/wp\/v2\/product"}],"about":[{"href":"https:\/\/sinoextrud.com\/de\/wp-json\/wp\/v2\/types\/product"}],"wp:featuredmedia":[{"embeddable":true,"href":"https:\/\/sinoextrud.com\/de\/wp-json\/wp\/v2\/media\/6994"}],"wp:attachment":[{"href":"https:\/\/sinoextrud.com\/de\/wp-json\/wp\/v2\/media?parent=6995"}],"wp:term":[{"taxonomy":"category","embeddable":true,"href":"https:\/\/sinoextrud.com\/de\/wp-json\/wp\/v2\/categories?post=6995"}],"curies":[{"name":"wp","href":"https:\/\/api.w.org\/{rel}","templated":true}]}}