{"id":6942,"date":"2025-06-04T03:17:59","date_gmt":"2025-06-04T03:17:59","guid":{"rendered":"https:\/\/sinoextrud.com\/product\/fluorocarbon-coated-heavy-duty-exposed-aluminium-frame-glazed-building-curtain-wall-aluminium-profile\/"},"modified":"2025-06-24T06:12:02","modified_gmt":"2025-06-24T06:12:02","slug":"fluorkarbonbeschichtetes-hochbelastbares-aluminiumprofil-fur-verglaste-gebaudefassaden","status":"publish","type":"product","link":"https:\/\/sinoextrud.com\/de\/product\/fluorocarbon-coated-heavy-duty-exposed-aluminium-frame-glazed-building-curtain-wall-aluminium-profile\/","title":{"rendered":"Fluorkohlenstoffbeschichtetes, hochbelastbares Aluminiumrahmenprofil f\u00fcr verglaste Geb\u00e4udefassaden"},"content":{"rendered":"<h2>Produkte Details<\/h2>\n<table class=\"custom-table\">\n<tr>\n<td class=\"label\">Name<\/td>\n<td>Fluorkohlenstoffbeschichtetes, hochbelastbares Aluminiumrahmenprofil f\u00fcr verglaste Geb\u00e4udefassaden aus Aluminium<\/td>\n<\/tr>\n<\/table>\n<h2>Unsere Produktionsbasis<\/h2>\n<h3>Fabrik-Panorama<\/h3>\n<p><img decoding=\"async\" src=\"\/wp-content\/uploads\/factory-01.webp\"\/><\/p>\n<h3>Werkstatt zur Herstellung von Aluminiumstangen<\/h3>\n<p><img decoding=\"async\" src=\"\/wp-content\/uploads\/factory-02.webp\"\/><\/p>\n<p><img decoding=\"async\" src=\"\/wp-content\/uploads\/factory-03.webp\"\/><\/p>\n<h3>Lagerhaus f\u00fcr Formen<\/h3>\n<p><img decoding=\"async\" src=\"\/wp-content\/uploads\/factory-04.webp\"\/><\/p>\n<h3>43 Aluminium-Strangpressanlagen (500-5500 Tonnen)<\/h3>\n<p><img decoding=\"async\" src=\"\/wp-content\/uploads\/factory-05.webp\"\/><\/p>\n<p><img decoding=\"async\" src=\"\/wp-content\/uploads\/factory-06.webp\"\/><\/p>\n<p><img decoding=\"async\" src=\"\/wp-content\/uploads\/factory-07.webp\"\/><\/p>\n<h3>Werkstatt f\u00fcr Pulverbeschichtung<\/h3>\n<p><img decoding=\"async\" src=\"\/wp-content\/uploads\/factory-09.webp\"\/><\/p>\n<h3>Eloxal-Werkstatt<\/h3>\n<p><img decoding=\"async\" src=\"\/wp-content\/uploads\/factory-10.webp\"\/><\/p>\n<h3>Workshop zur Tiefenverarbeitung<\/h3>\n<p><img decoding=\"async\" src=\"\/wp-content\/uploads\/factory-11.webp\"\/><\/p>\n<h3>CNC-Pr\u00e4zisionsbearbeitungswerkstatt<\/h3>\n<p><img decoding=\"async\" src=\"\/wp-content\/uploads\/factory-11.5.webp\"\/><\/p>\n<h3>Lager f\u00fcr Fertigprodukte und Export<\/h3>\n<p><img decoding=\"async\" src=\"\/wp-content\/uploads\/factory-12.webp\"\/><\/p>\n<p><img decoding=\"async\" src=\"\/wp-content\/uploads\/factory-13.webp\"\/><\/p>\n<p><img decoding=\"async\" src=\"\/wp-content\/uploads\/factory-14.webp\"\/><\/p>\n<h2>FAQ<\/h2>\n<p><p><b>1. was ist ein mit Fluorkohlenstoff beschichtetes Aluminium-Fassadenprofil? <\/b><\/p>\n<p> Ein mit Fluorkohlenstoff beschichtetes Aluminium-Fassadenprofil ist ein Fassadenelement, das mit einer witterungsbest\u00e4ndigen Beschichtung zum Schutz vor UV-Strahlen, Korrosion und Umweltsch\u00e4den versehen ist.<br \/>\n<\/p><br \/>\n<br \/>\n<p><b>2. warum sollte man sich f\u00fcr einen hochbelastbaren Aluminiumrahmen f\u00fcr Vorhangfassaden entscheiden? <\/b><\/p>\n<p> Hochbelastbare Aluminiumrahmen bieten eine \u00fcberragende Festigkeit und Stabilit\u00e4t und sind daher ideal f\u00fcr gro\u00dfe Glasfl\u00e4chen in hohen und gewerblichen Geb\u00e4uden.<br \/>\n<\/p><br \/>\n<br \/>\n<p><b>3. was sind die Vorteile einer vorgeh\u00e4ngten Fassade aus Aluminium? <\/b><\/p>\n<p> Ein freiliegender Aluminiumrahmen sorgt f\u00fcr eine elegante, moderne \u00c4sthetik und vereinfacht den Zugang zur Struktur f\u00fcr Wartung und Installation.<br \/>\n<\/p><br \/>\n<br \/>\n<p><b>4. wie verbessert die Fluorkohlenstoffbeschichtung die Aluminiumprofile der Vorhangfassade? <\/b><\/p>\n<p> Die Fluorkohlenstoffbeschichtung erh\u00f6ht die Langlebigkeit des Aluminiumprofils, indem sie selbst in rauen Umgebungen vor Ausbleichen, Kreidung und Korrosion sch\u00fctzt.<br \/>\n<\/p><br \/>\n<br \/>\n<p><b>5. kann dieses Aluminiumprofil mit energieeffizienten Verglasungen verwendet werden? <\/b><\/p>\n<p> Ja, es unterst\u00fctzt sowohl Doppel- als auch Dreifachverglasungen, die die W\u00e4rmed\u00e4mmung und Energieeffizienz des Geb\u00e4udes erheblich verbessern.<br \/>\n<\/p><br \/>\n<br \/>\n<p><b>6. was ist die Technologie der thermischen Trennung in Vorhangfassadensystemen? <\/b><\/p>\n<p> Die Technologie der thermischen Trennung umfasst eine nichtmetallische Barriere innerhalb des Aluminiumprofils, die die W\u00e4rme\u00fcbertragung reduziert und so das Raumklima verbessert.<br \/>\n<\/p><br \/>\n<br \/>\n<p><b>7. ist fluorkarbonbeschichtetes Aluminium umweltfreundlich? <\/b><\/p>\n<p> Ja, Aluminium ist vollst\u00e4ndig recycelbar, und Fluorkohlenstoffbeschichtungen verringern die Notwendigkeit eines Neuanstrichs oder Austauschs, was es zu einer nachhaltigen Wahl f\u00fcr das moderne Bauen macht.<br \/>\n<\/p><br \/>\n<br \/>\n<p><b>8. eignen sich fluorkohlenstoffbeschichtete Vorhangfassaden f\u00fcr Hochh\u00e4user? <\/b><\/p>\n<p> Aufgrund ihrer strukturellen St\u00e4rke, ihrer Witterungsbest\u00e4ndigkeit und ihres geringen Wartungsaufwands sind sie ideal f\u00fcr Hochh\u00e4user und gewerbliche Anwendungen.<br \/>\n<\/p><br \/><\/p>","protected":false},"featured_media":6941,"template":"","categories":[67],"class_list":["post-6942","product","type-product","status-publish","has-post-thumbnail","hentry","category-architectural-aluminium-profile"],"meta_box":{"hilight_text_group":{"product_hilight_text":"<li>High-performance fluorocarbon coating offers superior UV, corrosion, and weather resistance.<\/li>\r\r\n<li>Heavy-duty aluminum frame ensures structural durability for high-rise and commercial facades.<\/li>\r\r\n<li>Exposed frame design enhances visual appeal and eases installation and maintenance.<\/li>\r\r\n<li>Compatible with double and triple-glazed glass units for enhanced insulation and energy efficiency.<\/li>\r\r\n<li>Integrated thermal break design improves thermal performance and reduces energy loss.<\/li>\r\r\n<li>Modular system enables flexible configuration and quick on-site assembly.<\/li>\r\r\n<li>Eco-friendly, recyclable aluminum material supports sustainable construction practices.<\/li>","product_chanpin_blog":"<ul>\r\r\n<li><a href=\"https:\/\/sinoextrud.com\/t-slot-v-slot-differences\/\" target=\"_blank\">t slot vs v slot<\/a><\/li>\r\r\n<li><a href=\"https:\/\/sinoextrud.com\/what-is-4040-aluminium-extrud\/\" target=\"_blank\">4040 aluminium extrusion<\/a><\/li>\r\r\n<li><a href=\"https:\/\/sinoextrud.com\/what-is-4040-aluminium-extrud\/\" target=\"_blank\">aluminum extrusions for industrial racks<\/a><\/li>\r\r\n<li><a href=\"https:\/\/sinoextrud.com\/powder-coating-aluminium-process\/\" target=\"_blank\">powder coating aluminium<\/a><\/li>\r\r\n<li><a href=\"https:\/\/sinoextrud.com\/what-is-an-aluminium-strip-ceiling\/\" target=\"_blank\">aluminium strip ceiling<\/a><\/li>\r\r\n<li><a href=\"https:\/\/sinoextrud.com\/what-is-a-heat-sink\/\" target=\"_blank\">what is a heat sink<\/a><\/li>\r\r\n<\/ul>","product_chanpin_chanpin":"<li><a href=\"https:\/\/sinoextrud.com\/product\/aluminium-extrusion-profiles-for-the-windows\/\" target=\"_blank\">Aluminium Extrusion Profiles For The Windows<\/a><\/li>\r\n<li><a href=\"https:\/\/sinoextrud.com\/product\/aluminum-extrusion-polished-square-tupe\/\" target=\"_blank\">Aluminum Extrusion Polished Square Tupe<\/a><\/li>\r\n<li><a href=\"https:\/\/sinoextrud.com\/product\/aluminum-door-jamb-extrusions\/\" target=\"_blank\">Aluminum Door Jamb Extrusions<\/a><\/li>\r\n<li><a href=\"https:\/\/sinoextrud.com\/product\/aluminum-rail-profile\/\" target=\"_blank\">Aluminum Rail Profile<\/a><\/li>\r\n<li><a href=\"https:\/\/sinoextrud.com\/product\/fluorocarbon-coated-heavy-duty-exposed-aluminium-frame-glazed-building-curtain-wall-aluminium-profile\/\" target=\"_blank\">Fluorocarbon coated heavy duty exposed aluminium frame glazed building curtain wall aluminium profile<\/a><\/li>\r\n<li><a href=\"https:\/\/sinoextrud.com\/product\/extruded-aluminum-channel-stock\/\" target=\"_blank\">Extruded Aluminum Channel Stock<\/a><\/li>\r\n<li><a href=\"https:\/\/sinoextrud.com\/product\/aluminium-oxide\/\" target=\"_blank\">Aluminium Oxide<\/a><\/li>\r\n<li><a href=\"https:\/\/sinoextrud.com\/product\/anodized-aluminum-profile-kitchen-cabinet-frame\/\" target=\"_blank\">Anodized Aluminum Profile Kitchen Cabinet Frame<\/a><\/li>\r\n<li><a href=\"https:\/\/sinoextrud.com\/product\/aluminum-extrusions-for-wall-panels-u-shape\/\" target=\"_blank\">Aluminum Extrusions For Wall Panels U Shape<\/a><\/li>\r\n<li><a href=\"https:\/\/sinoextrud.com\/product\/aluminium-sliding-door-matt-black\/\" target=\"_blank\">Aluminium Sliding Door Matt Black<\/a><\/li>\r\n<li><a href=\"https:\/\/sinoextrud.com\/product\/aluminium-fabrication\/\" target=\"_blank\">Aluminium Fabrication<\/a><\/li>"},"feature_list":[]},"_links":{"self":[{"href":"https:\/\/sinoextrud.com\/de\/wp-json\/wp\/v2\/product\/6942","targetHints":{"allow":["GET"]}}],"collection":[{"href":"https:\/\/sinoextrud.com\/de\/wp-json\/wp\/v2\/product"}],"about":[{"href":"https:\/\/sinoextrud.com\/de\/wp-json\/wp\/v2\/types\/product"}],"wp:featuredmedia":[{"embeddable":true,"href":"https:\/\/sinoextrud.com\/de\/wp-json\/wp\/v2\/media\/6941"}],"wp:attachment":[{"href":"https:\/\/sinoextrud.com\/de\/wp-json\/wp\/v2\/media?parent=6942"}],"wp:term":[{"taxonomy":"category","embeddable":true,"href":"https:\/\/sinoextrud.com\/de\/wp-json\/wp\/v2\/categories?post=6942"}],"curies":[{"name":"wp","href":"https:\/\/api.w.org\/{rel}","templated":true}]}}