{"id":6938,"date":"2025-06-04T03:12:11","date_gmt":"2025-06-04T03:12:11","guid":{"rendered":"https:\/\/sinoextrud.com\/product\/aluminum-door-jamb-extrusions\/"},"modified":"2025-06-24T06:12:01","modified_gmt":"2025-06-24T06:12:01","slug":"aluminium-turpfosten-strangpressprofile","status":"publish","type":"product","link":"https:\/\/sinoextrud.com\/de\/product\/aluminum-door-jamb-extrusions\/","title":{"rendered":"Aluminium-T\u00fcrpfosten-Profile"},"content":{"rendered":"<h2>Produkte Details<\/h2>\n<table class=\"custom-table\">\n<tr>\n<td class=\"label\">Modell Nr.:<\/td>\n<td>808-1 Aluminium-T\u00fcrpfosten, stranggepresst<\/td>\n<\/tr>\n<tr>\n<td class=\"label\">Temperament:<\/td>\n<td>T3 - T8\uff0c<\/td>\n<\/tr>\n<tr>\n<td class=\"label\">Oberfl\u00e4chenbehandlung:<\/td>\n<td>Eloxieren, Pulverbeschichtung, Elektrophorese usw.<\/td>\n<\/tr>\n<tr>\n<td class=\"label\">Legierung:<\/td>\n<td>Legierung<\/td>\n<\/tr>\n<tr>\n<td class=\"label\">Art:<\/td>\n<td>50, 70 Serie Fl\u00fcgel, 90 Serie Schiebet\u00fcr, HL70 Fl\u00fcgelt\u00fcr. etc.\uff0c<\/td>\n<\/tr>\n<tr>\n<td class=\"label\">Die Technik:<\/td>\n<td>Extrudiert und beschichtet\uff0c<\/td>\n<\/tr>\n<tr>\n<td class=\"label\">Warenzeichen:<\/td>\n<td>OEM,.<\/td>\n<\/tr>\n<tr>\n<td class=\"label\">Herkunft:<\/td>\n<td>Guangdong, China<\/td>\n<\/tr>\n<tr>\n<td class=\"label\">Die Form:<\/td>\n<td>wie in der Zeichnung,<\/td>\n<\/tr>\n<tr>\n<td class=\"label\">Zertifizierung:<\/td>\n<td>EN, ASTM, GB\/T\uff0c<\/td>\n<\/tr>\n<tr>\n<td class=\"label\">Gr\u00f6\u00dfe:<\/td>\n<td>customzied.\uff0c<\/td>\n<\/tr>\n<tr>\n<td class=\"label\">HS-Code:<\/td>\n<td>7604299000\uff0c<\/td>\n<\/tr>\n<tr>\n<td class=\"label\">Wanddicke:<\/td>\n<td>1,4mm.\uff0c.<\/td>\n<\/tr>\n<\/table>\n<h2>Unsere Produktionsbasis<\/h2>\n<h3>Fabrik-Panorama<\/h3>\n<p><img decoding=\"async\" src=\"\/wp-content\/uploads\/factory-01.webp\"\/><\/p>\n<h3>Werkstatt zur Herstellung von Aluminiumstangen<\/h3>\n<p><img decoding=\"async\" src=\"\/wp-content\/uploads\/factory-02.webp\"\/><\/p>\n<p><img decoding=\"async\" src=\"\/wp-content\/uploads\/factory-03.webp\"\/><\/p>\n<h3>Lagerhaus f\u00fcr Formen<\/h3>\n<p><img decoding=\"async\" src=\"\/wp-content\/uploads\/factory-04.webp\"\/><\/p>\n<h3>43 Aluminium-Strangpressanlagen (500-5500 Tonnen)<\/h3>\n<p><img decoding=\"async\" src=\"\/wp-content\/uploads\/factory-05.webp\"\/><\/p>\n<p><img decoding=\"async\" src=\"\/wp-content\/uploads\/factory-06.webp\"\/><\/p>\n<p><img decoding=\"async\" src=\"\/wp-content\/uploads\/factory-07.webp\"\/><\/p>\n<h3>Werkstatt f\u00fcr Pulverbeschichtung<\/h3>\n<p><img decoding=\"async\" src=\"\/wp-content\/uploads\/factory-09.webp\"\/><\/p>\n<h3>Eloxal-Werkstatt<\/h3>\n<p><img decoding=\"async\" src=\"\/wp-content\/uploads\/factory-10.webp\"\/><\/p>\n<h3>Workshop zur Tiefenverarbeitung<\/h3>\n<p><img decoding=\"async\" src=\"\/wp-content\/uploads\/factory-11.webp\"\/><\/p>\n<h3>CNC-Pr\u00e4zisionsbearbeitungswerkstatt<\/h3>\n<p><img decoding=\"async\" src=\"\/wp-content\/uploads\/factory-11.5.webp\"\/><\/p>\n<h3>Lager f\u00fcr Fertigprodukte und Export<\/h3>\n<p><img decoding=\"async\" src=\"\/wp-content\/uploads\/factory-12.webp\"\/><\/p>\n<p><img decoding=\"async\" src=\"\/wp-content\/uploads\/factory-13.webp\"\/><\/p>\n<p><img decoding=\"async\" src=\"\/wp-content\/uploads\/factory-14.webp\"\/><\/p>\n<h2>FAQ<\/h2>\n<p><p><b>1. was sind Aluminium T\u00fcrpfostenprofile?<\/b><\/p>\n<p>Aluminium-T\u00fcrpfostenprofile sind speziell entwickelte Aluminiumprofile, die f\u00fcr die Konstruktion von T\u00fcrrahmen verwendet werden und St\u00e4rke, Haltbarkeit und \u00c4sthetik bieten.<br \/>\n<\/p><br \/>\n<br \/>\n<p><b>2. warum Aluminium f\u00fcr T\u00fcrpfostenprofile w\u00e4hlen?<\/b><\/p>\n<p>Aluminium bietet ein hohes Verh\u00e4ltnis von Festigkeit zu Gewicht, Korrosionsbest\u00e4ndigkeit und Designflexibilit\u00e4t und ist damit ideal f\u00fcr langlebige und elegante T\u00fcrrahmen.<br \/>\n<\/p><br \/>\n<br \/>\n<p><b>3. welche Aluminiumlegierungen werden \u00fcblicherweise f\u00fcr die Herstellung von T\u00fcrpfosten verwendet?<\/b><\/p>\n<p>Zu den gebr\u00e4uchlichen Legierungen geh\u00f6ren 6061-T6 wegen seiner hohen Festigkeit und Korrosionsbest\u00e4ndigkeit und 6063-T5 wegen seiner hervorragenden Oberfl\u00e4cheng\u00fcte und Verformbarkeit.<br \/>\n<\/p><br \/>\n<br \/>\n<p><b>4. welche Oberfl\u00e4chenausf\u00fchrungen sind f\u00fcr Aluminiumt\u00fcrpfosten erh\u00e4ltlich?<\/b><\/p>\n<p>Erh\u00e4ltlich in den Ausf\u00fchrungen eloxiert, pulverbeschichtet und walzblank, mit einer Reihe von Farben und Strukturen, die verschiedene architektonische Designs erg\u00e4nzen.<br \/>\n<\/p><br \/>\n<br \/>\n<p><b>5. k\u00f6nnen Aluminium-T\u00fcrpfosten-Extrusionen angepasst werden?<\/b><\/p>\n<p>Ja, die Hersteller bieten individuelle Anpassungen in Bezug auf Gr\u00f6\u00dfe, Form und Oberfl\u00e4che an, um spezifische Projektanforderungen und Designvorlieben zu erf\u00fcllen.<br \/>\n<\/p><br \/>\n<br \/>\n<p><b>6. eignen sich diese Profile sowohl f\u00fcr private als auch f\u00fcr gewerbliche Anwendungen?<\/b><\/p>\n<p>Aluminium-T\u00fcrpfostenprofile sind ideal f\u00fcr eine Vielzahl von Umgebungen, einschlie\u00dflich Wohnungen, B\u00fcros, Hotels und Einzelhandelsfl\u00e4chen.<br \/>\n<\/p><br \/>\n<br \/>\n<p><b>7. ist Aluminium ein umweltfreundliches Material f\u00fcr T\u00fcrpfosten?<\/b><\/p>\n<p>Ja, Aluminium ist vollst\u00e4ndig recycelbar, ohne seine Eigenschaften zu verlieren, was es zu einer nachhaltigen Wahl f\u00fcr umweltbewusste Bauprojekte macht.<br \/>\n<\/p><br \/><\/p>","protected":false},"featured_media":6937,"template":"","categories":[67],"class_list":["post-6938","product","type-product","status-publish","has-post-thumbnail","hentry","category-architectural-aluminium-profile"],"meta_box":{"hilight_text_group":{"product_hilight_text":"<li>Manufactured from high-strength aluminum alloys such as 6061-T6 and 6063-T5, offering excellent durability and corrosion resistance.<\/li>\r\r\n<li>Designed specifically for door jamb applications, providing precise dimensions and tight tolerances for seamless integration.<\/li>\r\r\n<li>Available in various finishes including anodized, powder-coated, and mill finish to match diverse architectural styles.<\/li>\r\r\n<li>Lightweight construction facilitates easy handling and installation, reducing labor costs.<\/li>\r\r\n<li>Excellent thermal conductivity and compatibility with thermal break systems enhance energy efficiency.<\/li>\r\r\n<li>Customizable profiles to meet specific design requirements and project specifications.<\/li>\r\r\n<li>Environmentally friendly and fully recyclable, supporting sustainable construction practices.<\/li>","product_chanpin_blog":"<ul>\r\r\n<li><a href=\"https:\/\/sinoextrud.com\/t-slot-v-slot-differences\/\" target=\"_blank\">t slot vs v slot<\/a><\/li>\r\r\n<li><a href=\"https:\/\/sinoextrud.com\/what-is-4040-aluminium-extrud\/\" target=\"_blank\">4040 aluminium extrusion<\/a><\/li>\r\r\n<li><a href=\"https:\/\/sinoextrud.com\/what-is-4040-aluminium-extrud\/\" target=\"_blank\">aluminum extrusions for industrial racks<\/a><\/li>\r\r\n<li><a href=\"https:\/\/sinoextrud.com\/powder-coating-aluminium-process\/\" target=\"_blank\">powder coating aluminium<\/a><\/li>\r\r\n<li><a href=\"https:\/\/sinoextrud.com\/what-is-an-aluminium-strip-ceiling\/\" target=\"_blank\">aluminium strip ceiling<\/a><\/li>\r\r\n<li><a href=\"https:\/\/sinoextrud.com\/what-is-a-heat-sink\/\" target=\"_blank\">what is a heat sink<\/a><\/li>\r\r\n<\/ul>","product_chanpin_chanpin":"<li><a href=\"https:\/\/sinoextrud.com\/product\/aluminum-edge-trim-for-plywood\/\" target=\"_blank\">Aluminum Edge Trim For Plywood<\/a><\/li>\r\n<li><a href=\"https:\/\/sinoextrud.com\/product\/rectangular-aluminum-extrusions\/\" target=\"_blank\">Rectangular Aluminum Extrusions<\/a><\/li>\r\n<li><a href=\"https:\/\/sinoextrud.com\/product\/aluminium-extrusion-profiles-for-the-windows\/\" target=\"_blank\">Aluminium Extrusion Profiles For The Windows<\/a><\/li>\r\n<li><a href=\"https:\/\/sinoextrud.com\/product\/aluminum-extrusion-polished-square-tupe\/\" target=\"_blank\">Aluminum Extrusion Polished Square Tupe<\/a><\/li>\r\n<li><a href=\"https:\/\/sinoextrud.com\/product\/aluminum-door-jamb-extrusions\/\" target=\"_blank\">Aluminum Door Jamb Extrusions<\/a><\/li>\r\n<li><a href=\"https:\/\/sinoextrud.com\/product\/aluminum-rail-profile\/\" target=\"_blank\">Aluminum Rail Profile<\/a><\/li>\r\n<li><a href=\"https:\/\/sinoextrud.com\/product\/fluorocarbon-coated-heavy-duty-exposed-aluminium-frame-glazed-building-curtain-wall-aluminium-profile\/\" target=\"_blank\">Fluorocarbon coated heavy duty exposed aluminium frame glazed building curtain wall aluminium profile<\/a><\/li>\r\n<li><a href=\"https:\/\/sinoextrud.com\/product\/extruded-aluminum-channel-stock\/\" target=\"_blank\">Extruded Aluminum Channel Stock<\/a><\/li>\r\n<li><a href=\"https:\/\/sinoextrud.com\/product\/aluminium-oxide\/\" target=\"_blank\">Aluminium Oxide<\/a><\/li>\r\n<li><a href=\"https:\/\/sinoextrud.com\/product\/6061-6063-6082-street-lamp-column-aluminum-profile\/\" target=\"_blank\">6061 6063 6082 Street Lamp Column Aluminum Profile<\/a><\/li>\r\n<li><a href=\"https:\/\/sinoextrud.com\/product\/factory-offer-6061-aluminum-railing-profiles\/\" target=\"_blank\">Factory Offer 6061 Aluminum Railing Profiles<\/a><\/li>"},"feature_list":[]},"_links":{"self":[{"href":"https:\/\/sinoextrud.com\/de\/wp-json\/wp\/v2\/product\/6938","targetHints":{"allow":["GET"]}}],"collection":[{"href":"https:\/\/sinoextrud.com\/de\/wp-json\/wp\/v2\/product"}],"about":[{"href":"https:\/\/sinoextrud.com\/de\/wp-json\/wp\/v2\/types\/product"}],"wp:featuredmedia":[{"embeddable":true,"href":"https:\/\/sinoextrud.com\/de\/wp-json\/wp\/v2\/media\/6937"}],"wp:attachment":[{"href":"https:\/\/sinoextrud.com\/de\/wp-json\/wp\/v2\/media?parent=6938"}],"wp:term":[{"taxonomy":"category","embeddable":true,"href":"https:\/\/sinoextrud.com\/de\/wp-json\/wp\/v2\/categories?post=6938"}],"curies":[{"name":"wp","href":"https:\/\/api.w.org\/{rel}","templated":true}]}}