{"id":6922,"date":"2025-06-04T02:18:18","date_gmt":"2025-06-04T02:18:18","guid":{"rendered":"https:\/\/sinoextrud.com\/product\/anodized-extruded-c-section-aluminium-profile\/"},"modified":"2025-06-24T06:11:59","modified_gmt":"2025-06-24T06:11:59","slug":"eloxiertes-stranggepresstes-c-profil-aus-aluminium","status":"publish","type":"product","link":"https:\/\/sinoextrud.com\/de\/product\/anodized-extruded-c-section-aluminium-profile\/","title":{"rendered":"Eloxiertes stranggepresstes C-Profil aus Aluminium"},"content":{"rendered":"<h2>Produkte Details<\/h2>\n<table class=\"custom-table\">\n<tr>\n<td class=\"label\">Note:<\/td>\n<td>6063 -t5\uff0c<\/td>\n<\/tr>\n<tr>\n<td class=\"label\">Die Technik:<\/td>\n<td>Eloxiertes stranggepresstes C-Profil aus Aluminium<\/td>\n<\/tr>\n<tr>\n<td class=\"label\">Temperament:<\/td>\n<td>T3 - T8\uff0c<\/td>\n<\/tr>\n<tr>\n<td class=\"label\">Bearbeitende Dienstleistungen:<\/td>\n<td>Bohren, Gewindeschneiden, Nieten, Montage, etc.<\/td>\n<\/tr>\n<tr>\n<td class=\"label\">Warenzeichen:<\/td>\n<td>Sinoextrud Sinoextrud \uff0c.<\/td>\n<\/tr>\n<tr>\n<td class=\"label\">Art:<\/td>\n<td>Stranggepresstes Aluminiumprofil, C-Profil<\/td>\n<\/tr>\n<tr>\n<td class=\"label\">Die Form:<\/td>\n<td>Hergestellt als Kunden Design\uff0c<\/td>\n<\/tr>\n<tr>\n<td class=\"label\">Oberfl\u00e4chenbehandlung:<\/td>\n<td>Mill Finish Eloxiert Geb\u00fcrstet\uff0c<\/td>\n<\/tr>\n<tr>\n<td class=\"label\">L\u00e4nge:<\/td>\n<td>1m bis 9m pro L\u00e4nge,<\/td>\n<\/tr>\n<tr>\n<td class=\"label\">Farben:<\/td>\n<td>Silber Schwarz<\/td>\n<\/tr>\n<tr>\n<td class=\"label\">HS-Code:<\/td>\n<td>76042990\uff0c<\/td>\n<\/tr>\n<\/table>\n<h2>Unsere Produktionsbasis<\/h2>\n<h3>Fabrik-Panorama<\/h3>\n<p><img decoding=\"async\" src=\"\/wp-content\/uploads\/factory-01.webp\"\/><\/p>\n<h3>Werkstatt zur Herstellung von Aluminiumstangen<\/h3>\n<p><img decoding=\"async\" src=\"\/wp-content\/uploads\/factory-02.webp\"\/><\/p>\n<p><img decoding=\"async\" src=\"\/wp-content\/uploads\/factory-03.webp\"\/><\/p>\n<h3>Lagerhaus f\u00fcr Formen<\/h3>\n<p><img decoding=\"async\" src=\"\/wp-content\/uploads\/factory-04.webp\"\/><\/p>\n<h3>43 Aluminium-Strangpressanlagen (500-5500 Tonnen)<\/h3>\n<p><img decoding=\"async\" src=\"\/wp-content\/uploads\/factory-05.webp\"\/><\/p>\n<p><img decoding=\"async\" src=\"\/wp-content\/uploads\/factory-06.webp\"\/><\/p>\n<p><img decoding=\"async\" src=\"\/wp-content\/uploads\/factory-07.webp\"\/><\/p>\n<h3>Werkstatt f\u00fcr Pulverbeschichtung<\/h3>\n<p><img decoding=\"async\" src=\"\/wp-content\/uploads\/factory-09.webp\"\/><\/p>\n<h3>Eloxal-Werkstatt<\/h3>\n<p><img decoding=\"async\" src=\"\/wp-content\/uploads\/factory-10.webp\"\/><\/p>\n<h3>Workshop zur Tiefenverarbeitung<\/h3>\n<p><img decoding=\"async\" src=\"\/wp-content\/uploads\/factory-11.webp\"\/><\/p>\n<h3>CNC-Pr\u00e4zisionsbearbeitungswerkstatt<\/h3>\n<p><img decoding=\"async\" src=\"\/wp-content\/uploads\/factory-11.5.webp\"\/><\/p>\n<h3>Lager f\u00fcr Fertigprodukte und Export<\/h3>\n<p><img decoding=\"async\" src=\"\/wp-content\/uploads\/factory-12.webp\"\/><\/p>\n<p><img decoding=\"async\" src=\"\/wp-content\/uploads\/factory-13.webp\"\/><\/p>\n<p><img decoding=\"async\" src=\"\/wp-content\/uploads\/factory-14.webp\"\/><\/p>\n<h2>FAQ<\/h2>\n<p><p><b>1. was ist ein eloxiertes stranggepresstes C-Profil aus Aluminium?<\/b><\/p>\n<p>Ein eloxiertes stranggepresstes C-Profil aus Aluminium ist ein C-f\u00f6rmiges Strangpressprofil aus Aluminium, das eloxiert wurde, um seine Korrosionsbest\u00e4ndigkeit und Oberfl\u00e4chenbest\u00e4ndigkeit f\u00fcr verschiedene strukturelle und dekorative Anwendungen zu verbessern.<br \/>\n<\/p><br \/>\n<br \/>\n<p><b>2. warum eloxiertes Aluminium f\u00fcr C-Profile w\u00e4hlen?<\/b><\/p>\n<p>Durch das Eloxieren wird die Dicke der nat\u00fcrlichen Oxidschicht auf Aluminium erh\u00f6ht, was zu einer verbesserten Korrosionsbest\u00e4ndigkeit und Oberfl\u00e4chenh\u00e4rte f\u00fchrt und die M\u00f6glichkeit bietet, verschiedene Farblackierungen anzunehmen, was es sowohl f\u00fcr funktionale als auch \u00e4sthetische Zwecke ideal macht.<br \/>\n<\/p><br \/>\n<br \/>\n<p><b>3. was sind gemeinsame Anwendungen von eloxierten stranggepressten C Abschnitt Aluminium-Profile?<\/b><\/p>\n<p>Diese Profile werden in der Regel f\u00fcr Konstruktionsrahmen, architektonische Verkleidungen, Schutzkanten, Fenster- und T\u00fcrrahmen sowie f\u00fcr verschiedene industrielle Anwendungen verwendet, die leichte und haltbare Komponenten erfordern.<br \/>\n<\/p><br \/>\n<br \/>\n<p><b>4. k\u00f6nnen die Abmessungen und Oberfl\u00e4chen dieser Profile individuell angepasst werden?<\/b><\/p>\n<p>Ja, die Hersteller bieten individuelle Anpassungen in Bezug auf Gr\u00f6\u00dfe, Form und Eloxaloberfl\u00e4che an, um spezifische Projektanforderungen und Designvorlieben zu erf\u00fcllen.<br \/>\n<\/p><br \/>\n<br \/>\n<p><b>5. sind diese Profile f\u00fcr Au\u00dfenanwendungen geeignet?<\/b><\/p>\n<p>Die Eloxalschicht bietet einen besseren Schutz gegen Umwelteinfl\u00fcsse und macht diese Profile ideal f\u00fcr Konstruktionen und Installationen im Freien.<br \/>\n<\/p><br \/>\n<br \/>\n<p><b>6. wie wirkt sich die Art der Legierung auf die Leistung dieser Profile aus?<\/b><\/p>\n<p>Die Aluminiumlegierung 6063-T5 bietet eine hervorragende Strangpressbarkeit, Korrosionsbest\u00e4ndigkeit und Oberfl\u00e4chenbeschaffenheit, was sie zu einer bevorzugten Wahl f\u00fcr eloxierte Strangpressprofile f\u00fcr architektonische und strukturelle Anwendungen macht.<br \/>\n<\/p><br \/>\n<br \/>\n<p><b>7. ist Aluminium ein umweltfreundliches Material f\u00fcr Bauprofile?<\/b><\/p>\n<p>Ja, Aluminium ist vollst\u00e4ndig recycelbar, ohne seine Eigenschaften zu verlieren, was es zu einer nachhaltigen Wahl f\u00fcr umweltbewusste Bauprojekte macht.<br \/>\n<\/p><br \/><\/p>","protected":false},"featured_media":6921,"template":"","categories":[67],"class_list":["post-6922","product","type-product","status-publish","has-post-thumbnail","hentry","category-architectural-aluminium-profile"],"meta_box":{"hilight_text_group":{"product_hilight_text":"<li>Precision-extruded C-shaped profiles made from 6063-T5 aluminum alloy, offering excellent strength-to-weight ratio.<\/li>\r\r\n<li>Anodized finish enhances corrosion resistance, surface hardness, and aesthetic appeal, suitable for both indoor and outdoor applications.<\/li>\r\r\n<li>Available in various anodized colors including clear, bronze, black, and gold to match diverse design requirements.<\/li>\r\r\n<li>Customizable dimensions and lengths to fit specific architectural and industrial applications.<\/li>\r\r\n<li>Lightweight and easy to fabricate, allowing for efficient installation and reduced labor costs.<\/li>\r\r\n<li>Low-maintenance surfaces resist wear, fading, and weathering, ensuring long-term performance.<\/li>\r\r\n<li>Environmentally friendly and fully recyclable, supporting sustainable construction practices.<\/li>","product_chanpin_blog":"<ul>\r\r\n<li><a href=\"https:\/\/sinoextrud.com\/t-slot-v-slot-differences\/\" target=\"_blank\">t slot vs v slot<\/a><\/li>\r\r\n<li><a href=\"https:\/\/sinoextrud.com\/what-is-4040-aluminium-extrud\/\" target=\"_blank\">4040 aluminium extrusion<\/a><\/li>\r\r\n<li><a href=\"https:\/\/sinoextrud.com\/what-is-4040-aluminium-extrud\/\" target=\"_blank\">aluminum extrusions for industrial racks<\/a><\/li>\r\r\n<li><a href=\"https:\/\/sinoextrud.com\/powder-coating-aluminium-process\/\" target=\"_blank\">powder coating aluminium<\/a><\/li>\r\r\n<li><a href=\"https:\/\/sinoextrud.com\/what-is-an-aluminium-strip-ceiling\/\" target=\"_blank\">aluminium strip ceiling<\/a><\/li>\r\r\n<li><a href=\"https:\/\/sinoextrud.com\/what-is-a-heat-sink\/\" target=\"_blank\">what is a heat sink<\/a><\/li>\r\r\n<\/ul>","product_chanpin_chanpin":"<li><a href=\"https:\/\/sinoextrud.com\/product\/aluminum-cnc-machined-part-custom-aluminum-machining\/\" target=\"_blank\">Aluminum CNC Machined Part Custom Aluminum Machining<\/a><\/li>\r\n<li><a href=\"https:\/\/sinoextrud.com\/product\/aluminum-t-bar-extrusion\/\" target=\"_blank\">Aluminum T Bar Extrusion<\/a><\/li>\r\n<li><a href=\"https:\/\/sinoextrud.com\/product\/aluminium-profile-for-fold-rack-aluminum-alloy-clothes-drying-rack-and-aluminium-frame-clotheshorse\/\" target=\"_blank\">Aluminium profile for Fold rack Aluminum alloy Clothes drying rack and aluminium frame Clotheshorse<\/a><\/li>\r\n<li><a href=\"https:\/\/sinoextrud.com\/product\/custom-precision-cnc-machining-for-aluminum-parts\/\" target=\"_blank\">Custom Precision CNC Machining for Aluminum Parts<\/a><\/li>\r\n<li><a href=\"https:\/\/sinoextrud.com\/product\/anodized-extruded-c-section-aluminium-profile\/\" target=\"_blank\">Anodized Extruded C Section Aluminium Profile<\/a><\/li>\r\n<li><a href=\"https:\/\/sinoextrud.com\/product\/matte-champagne-floor-and-stair-step-parquet-tile-carpet-trim-transition-aluminium-profile\/\" target=\"_blank\">Matte champagne floor and stair step parquet tile carpet trim transition aluminium profile<\/a><\/li>\r\n<li><a href=\"https:\/\/sinoextrud.com\/product\/wall-surface-edging-protection-skirtboard-baseboard-kicking-line-aluminium-profile\/\" target=\"_blank\">Wall surface edging protection Skirtboard Baseboard Kicking line aluminium profile<\/a><\/li>\r\n<li><a href=\"https:\/\/sinoextrud.com\/product\/aluminum-edge-trim-for-plywood\/\" target=\"_blank\">Aluminum Edge Trim For Plywood<\/a><\/li>\r\n<li><a href=\"https:\/\/sinoextrud.com\/product\/rectangular-aluminum-extrusions\/\" target=\"_blank\">Rectangular Aluminum Extrusions<\/a><\/li>\r\n<li><a href=\"https:\/\/sinoextrud.com\/product\/aluminium-curtain-guide-rail\/\" target=\"_blank\">Aluminium Curtain Guide Rail<\/a><\/li>\r\n<li><a href=\"https:\/\/sinoextrud.com\/product\/aluminum-extrusion-electroplated-shower-room-aluminum-profile\/\" target=\"_blank\">Aluminum Extrusion Electroplated Shower Room Aluminum Profile<\/a><\/li>"},"feature_list":[]},"_links":{"self":[{"href":"https:\/\/sinoextrud.com\/de\/wp-json\/wp\/v2\/product\/6922","targetHints":{"allow":["GET"]}}],"collection":[{"href":"https:\/\/sinoextrud.com\/de\/wp-json\/wp\/v2\/product"}],"about":[{"href":"https:\/\/sinoextrud.com\/de\/wp-json\/wp\/v2\/types\/product"}],"wp:featuredmedia":[{"embeddable":true,"href":"https:\/\/sinoextrud.com\/de\/wp-json\/wp\/v2\/media\/6921"}],"wp:attachment":[{"href":"https:\/\/sinoextrud.com\/de\/wp-json\/wp\/v2\/media?parent=6922"}],"wp:term":[{"taxonomy":"category","embeddable":true,"href":"https:\/\/sinoextrud.com\/de\/wp-json\/wp\/v2\/categories?post=6922"}],"curies":[{"name":"wp","href":"https:\/\/api.w.org\/{rel}","templated":true}]}}