{"id":6903,"date":"2025-06-04T01:48:38","date_gmt":"2025-06-04T01:48:38","guid":{"rendered":"https:\/\/sinoextrud.com\/product\/aluminum-z-extrusion\/"},"modified":"2025-06-24T06:11:56","modified_gmt":"2025-06-24T06:11:56","slug":"aluminium-z-strangpressen","status":"publish","type":"product","link":"https:\/\/sinoextrud.com\/de\/product\/aluminum-z-extrusion\/","title":{"rendered":"Aluminium Z-Strangpressen"},"content":{"rendered":"<h2>Produkte Details<\/h2>\n<table class=\"custom-table\">\n<tr>\n<td class=\"label\">Name:<\/td>\n<td>Aluminium Z Strangpressen\uff0c<\/td>\n<\/tr>\n<tr>\n<td class=\"label\">Marke:<\/td>\n<td>Sinoextrud\/Sinoextrud\uff0c<\/td>\n<\/tr>\n<tr>\n<td class=\"label\">Material:<\/td>\n<td>Serie 6000<\/td>\n<\/tr>\n<tr>\n<td class=\"label\">Temperament:<\/td>\n<td>T5-T8\uff0c<\/td>\n<\/tr>\n<tr>\n<td class=\"label\">L\u00e4nge:<\/td>\n<td>30-6000 mm oder kundenspezifische Anpassung<\/td>\n<\/tr>\n<tr>\n<td class=\"label\">Oberfl\u00e4chenbehandlung:<\/td>\n<td>Eloxiert, poliert<\/td>\n<\/tr>\n<tr>\n<td class=\"label\">Verwendung:<\/td>\n<td>Bauwesen, Bauindustrie<\/td>\n<\/tr>\n<tr>\n<td class=\"label\">Zertifizierung:<\/td>\n<td>ISO9001:2008;ISO14001:2004;SGS\uff0c<\/td>\n<\/tr>\n<tr>\n<td class=\"label\">Fabrikation:<\/td>\n<td>Schneiden, Fr\u00e4sen, Bohren, Stanzen, etc.<\/td>\n<\/tr>\n<tr>\n<td class=\"label\">Von:<\/td>\n<td>Foshan, Guangdong, China<\/td>\n<\/tr>\n<\/table>\n<h2>Unsere Produktionsbasis<\/h2>\n<h3>Fabrik-Panorama<\/h3>\n<p><img decoding=\"async\" src=\"\/wp-content\/uploads\/factory-01.webp\"\/><\/p>\n<h3>Werkstatt zur Herstellung von Aluminiumstangen<\/h3>\n<p><img decoding=\"async\" src=\"\/wp-content\/uploads\/factory-02.webp\"\/><\/p>\n<p><img decoding=\"async\" src=\"\/wp-content\/uploads\/factory-03.webp\"\/><\/p>\n<h3>Lagerhaus f\u00fcr Formen<\/h3>\n<p><img decoding=\"async\" src=\"\/wp-content\/uploads\/factory-04.webp\"\/><\/p>\n<h3>43 Aluminium-Strangpressanlagen (500-5500 Tonnen)<\/h3>\n<p><img decoding=\"async\" src=\"\/wp-content\/uploads\/factory-05.webp\"\/><\/p>\n<p><img decoding=\"async\" src=\"\/wp-content\/uploads\/factory-06.webp\"\/><\/p>\n<p><img decoding=\"async\" src=\"\/wp-content\/uploads\/factory-07.webp\"\/><\/p>\n<h3>Werkstatt f\u00fcr Pulverbeschichtung<\/h3>\n<p><img decoding=\"async\" src=\"\/wp-content\/uploads\/factory-09.webp\"\/><\/p>\n<h3>Eloxal-Werkstatt<\/h3>\n<p><img decoding=\"async\" src=\"\/wp-content\/uploads\/factory-10.webp\"\/><\/p>\n<h3>Workshop zur Tiefenverarbeitung<\/h3>\n<p><img decoding=\"async\" src=\"\/wp-content\/uploads\/factory-11.webp\"\/><\/p>\n<h3>CNC-Pr\u00e4zisionsbearbeitungswerkstatt<\/h3>\n<p><img decoding=\"async\" src=\"\/wp-content\/uploads\/factory-11.5.webp\"\/><\/p>\n<h3>Lager f\u00fcr Fertigprodukte und Export<\/h3>\n<p><img decoding=\"async\" src=\"\/wp-content\/uploads\/factory-12.webp\"\/><\/p>\n<p><img decoding=\"async\" src=\"\/wp-content\/uploads\/factory-13.webp\"\/><\/p>\n<p><img decoding=\"async\" src=\"\/wp-content\/uploads\/factory-14.webp\"\/><\/p>\n<h2>FAQ<\/h2>\n<p><p><b>1. was ist ein Aluminium Z-Strangpressprofil?<\/b><\/p>\n<p>Ein Aluminium Z-Strangpressprofil ist ein Profil mit einem Z-f\u00f6rmigen Querschnitt, das h\u00e4ufig im Bauwesen und in der Industrie f\u00fcr strukturelle St\u00fctz- und Rahmenkonstruktionen verwendet wird.<br \/>\n<\/p><br \/>\n<br \/>\n<p><b>2. warum Aluminium f\u00fcr Z-f\u00f6rmige Profile w\u00e4hlen?<\/b><\/p>\n<p>Aluminium bietet ein hohes Verh\u00e4ltnis von Festigkeit zu Gewicht, Korrosionsbest\u00e4ndigkeit und einfache Verarbeitung, was es ideal f\u00fcr Z-f\u00f6rmige Profile in verschiedenen Anwendungen macht.<br \/>\n<\/p><br \/>\n<br \/>\n<p><b>3. was sind die h\u00e4ufigsten Anwendungen von Aluminium Z-Strangpressprofilen?<\/b><\/p>\n<p>Sie werden h\u00e4ufig f\u00fcr Baukonstruktionen, architektonische Verkleidungen, Schutzkanten, Fahrzeugrahmen, Regalsysteme und Ladeneinrichtungen verwendet.<br \/>\n<\/p><br \/>\n<br \/>\n<p><b>4. k\u00f6nnen die Abmessungen von Aluminium Z Strangpressen angepasst werden?<\/b><\/p>\n<p>Ja, die Hersteller bieten individuelle Anpassungen in Bezug auf Gr\u00f6\u00dfe, Dicke und Oberfl\u00e4che an, um spezifische Projektanforderungen zu erf\u00fcllen.<br \/>\n<\/p><br \/>\n<br \/>\n<p><b>5. wie wirkt sich die Art der Legierung auf die Leistung von Aluminium Z-Strangpressprofilen aus?<\/b><\/p>\n<p>Legierungen wie 6061 bieten eine h\u00f6here Festigkeit, w\u00e4hrend 6063 eine bessere Oberfl\u00e4chenbeschaffenheit und Korrosionsbest\u00e4ndigkeit bietet, so dass die Auswahl je nach Anwendungsbedarf getroffen werden kann.<br \/>\n<\/p><br \/>\n<br \/>\n<p><b>6. sind diese Profile f\u00fcr Au\u00dfenanwendungen geeignet?<\/b><\/p>\n<p>Die Korrosionsbest\u00e4ndigkeit von Aluminium macht die Z-Profile ideal f\u00fcr Konstruktionen und Installationen im Freien.<br \/>\n<\/p><br \/>\n<br \/>\n<p><b>7. ist Aluminium umweltfreundlich?<\/b><\/p>\n<p>Ja, Aluminium ist vollst\u00e4ndig recycelbar, ohne seine Eigenschaften zu verlieren, was es zu einer nachhaltigen Wahl f\u00fcr verschiedene Anwendungen macht.<br \/>\n<\/p><br \/><\/p>","protected":false},"featured_media":6902,"template":"","categories":[67],"class_list":["post-6903","product","type-product","status-publish","has-post-thumbnail","hentry","category-architectural-aluminium-profile"],"meta_box":{"hilight_text_group":{"product_hilight_text":"<li>Distinct Z-shaped cross-section provides structural integrity and stability for various applications.<\/li>\r\r\n<li>Lightweight yet strong, offering an excellent strength-to-weight ratio ideal for construction and industrial uses.<\/li>\r\r\n<li>Corrosion-resistant properties make it suitable for both indoor and outdoor environments.<\/li>\r\r\n<li>Customizable dimensions and finishes to meet specific architectural and mechanical requirements.<\/li>\r\r\n<li>Versatile applications including framing, bracing, edge protection, and decorative trims.<\/li>\r\r\n<li>Low-maintenance surface that resists wear, reducing long-term upkeep costs.<\/li>\r\r\n<li>Environmentally friendly and fully recyclable, supporting sustainable construction practices.<\/li>","product_chanpin_blog":"<ul>\r\r\n<li><a href=\"https:\/\/sinoextrud.com\/t-slot-v-slot-differences\/\" target=\"_blank\">t slot vs v slot<\/a><\/li>\r\r\n<li><a href=\"https:\/\/sinoextrud.com\/what-is-4040-aluminium-extrud\/\" target=\"_blank\">4040 aluminium extrusion<\/a><\/li>\r\r\n<li><a href=\"https:\/\/sinoextrud.com\/what-is-4040-aluminium-extrud\/\" target=\"_blank\">aluminum extrusions for industrial racks<\/a><\/li>\r\r\n<li><a href=\"https:\/\/sinoextrud.com\/powder-coating-aluminium-process\/\" target=\"_blank\">powder coating aluminium<\/a><\/li>\r\r\n<li><a href=\"https:\/\/sinoextrud.com\/what-is-an-aluminium-strip-ceiling\/\" target=\"_blank\">aluminium strip ceiling<\/a><\/li>\r\r\n<li><a href=\"https:\/\/sinoextrud.com\/what-is-a-heat-sink\/\" target=\"_blank\">what is a heat sink<\/a><\/li>\r\r\n<\/ul>","product_chanpin_chanpin":"<li><a href=\"https:\/\/sinoextrud.com\/product\/commercial-glass-aluminium-railing-systems\/\" target=\"_blank\">Commercial Glass Aluminium Railing Systems<\/a><\/li>\r\n<li><a href=\"https:\/\/sinoextrud.com\/product\/custom-made-modern-wood-grain-color-kitchen-cabinet-aluminium-extrusion-profile\/\" target=\"_blank\">Custom made modern wood grain color kitchen cabinet aluminium extrusion profile<\/a><\/li>\r\n<li><a href=\"https:\/\/sinoextrud.com\/product\/anodized-extruded-u-shaped-aluminium-profile\/\" target=\"_blank\">Anodized Extruded U Shaped Aluminium Profile<\/a><\/li>\r\n<li><a href=\"https:\/\/sinoextrud.com\/product\/aluminium-c-channel-profiles\/\" target=\"_blank\">Aluminium C Channel Profiles<\/a><\/li>\r\n<li><a href=\"https:\/\/sinoextrud.com\/product\/aluminum-z-extrusion\/\" target=\"_blank\">Aluminum Z Extrusion<\/a><\/li>\r\n<li><a href=\"https:\/\/sinoextrud.com\/product\/h-shaped-aluminum-extrusion\/\" target=\"_blank\">H Shaped Aluminum Extrusion<\/a><\/li>\r\n<li><a href=\"https:\/\/sinoextrud.com\/product\/6063-6061aluminum-extrusions-for-door-frames\/\" target=\"_blank\">6063 6061Aluminum Extrusions For Door Frames<\/a><\/li>\r\n<li><a href=\"https:\/\/sinoextrud.com\/product\/aluminium-window-trim-profiles\/\" target=\"_blank\">Aluminium Window Trim Profiles<\/a><\/li>\r\n<li><a href=\"https:\/\/sinoextrud.com\/product\/aluminium-window-and-door-profiles\/\" target=\"_blank\">Aluminium Window And Door Profiles<\/a><\/li>\r\n<li><a href=\"https:\/\/sinoextrud.com\/product\/anodise-aluminum-curtain-wall-profile-with-custom-shape-alloy-6063\/\" target=\"_blank\">Anodise Aluminum Curtain Wall Profile With Custom Shape Alloy 6063<\/a><\/li>\r\n<li><a href=\"https:\/\/sinoextrud.com\/product\/aluminum-heat-sink-extrusion-profiles\/\" target=\"_blank\">Aluminum Heat Sink Extrusion Profiles<\/a><\/li>"},"feature_list":[]},"_links":{"self":[{"href":"https:\/\/sinoextrud.com\/de\/wp-json\/wp\/v2\/product\/6903","targetHints":{"allow":["GET"]}}],"collection":[{"href":"https:\/\/sinoextrud.com\/de\/wp-json\/wp\/v2\/product"}],"about":[{"href":"https:\/\/sinoextrud.com\/de\/wp-json\/wp\/v2\/types\/product"}],"wp:featuredmedia":[{"embeddable":true,"href":"https:\/\/sinoextrud.com\/de\/wp-json\/wp\/v2\/media\/6902"}],"wp:attachment":[{"href":"https:\/\/sinoextrud.com\/de\/wp-json\/wp\/v2\/media?parent=6903"}],"wp:term":[{"taxonomy":"category","embeddable":true,"href":"https:\/\/sinoextrud.com\/de\/wp-json\/wp\/v2\/categories?post=6903"}],"curies":[{"name":"wp","href":"https:\/\/api.w.org\/{rel}","templated":true}]}}