{"id":6899,"date":"2025-06-04T01:43:43","date_gmt":"2025-06-04T01:43:43","guid":{"rendered":"https:\/\/sinoextrud.com\/product\/anodized-extruded-u-shaped-aluminium-profile\/"},"modified":"2025-06-24T06:11:56","modified_gmt":"2025-06-24T06:11:56","slug":"eloxiertes-stranggepresstes-u-profil-aus-aluminium","status":"publish","type":"product","link":"https:\/\/sinoextrud.com\/de\/product\/anodized-extruded-u-shaped-aluminium-profile\/","title":{"rendered":"Eloxiertes stranggepresstes U-f\u00f6rmiges Aluminiumprofil"},"content":{"rendered":"<h2>Produkte Details<\/h2>\n<table class=\"custom-table\">\n<tr>\n<td class=\"label\">Note:<\/td>\n<td>6063 -t5\uff0c<\/td>\n<\/tr>\n<tr>\n<td class=\"label\">Artikel:<\/td>\n<td>Eloxiertes stranggepresstes U-f\u00f6rmiges Aluminiumprofil<\/td>\n<\/tr>\n<tr>\n<td class=\"label\">Temperament:<\/td>\n<td>T3 - T8\uff0c<\/td>\n<\/tr>\n<tr>\n<td class=\"label\">Bearbeitende Dienstleistungen:<\/td>\n<td>Bohren, Gewindeschneiden, Nieten, Montage, etc.<\/td>\n<\/tr>\n<tr>\n<td class=\"label\">Warenzeichen:<\/td>\n<td>Sinoextrud Sinoextrud \uff0c.<\/td>\n<\/tr>\n<tr>\n<td class=\"label\">Art:<\/td>\n<td>Eloxiertes stranggepresstesAluminiumprofil<\/td>\n<\/tr>\n<tr>\n<td class=\"label\">Die Form:<\/td>\n<td>Hergestellt als Kunden Design\uff0c<\/td>\n<\/tr>\n<tr>\n<td class=\"label\">Oberfl\u00e4chenbehandlung:<\/td>\n<td>Mill Finish Eloxiert Geb\u00fcrstet\uff0c<\/td>\n<\/tr>\n<tr>\n<td class=\"label\">L\u00e4nge:<\/td>\n<td>1m bis 9m pro L\u00e4nge,<\/td>\n<\/tr>\n<tr>\n<td class=\"label\">Farben:<\/td>\n<td>Silber Schwarz<\/td>\n<\/tr>\n<tr>\n<td class=\"label\">HS-Code:<\/td>\n<td>76042990\uff0c<\/td>\n<\/tr>\n<\/table>\n<h2>Unsere Produktionsbasis<\/h2>\n<h3>Fabrik-Panorama<\/h3>\n<p><img decoding=\"async\" src=\"\/wp-content\/uploads\/factory-01.webp\"\/><\/p>\n<h3>Werkstatt zur Herstellung von Aluminiumstangen<\/h3>\n<p><img decoding=\"async\" src=\"\/wp-content\/uploads\/factory-02.webp\"\/><\/p>\n<p><img decoding=\"async\" src=\"\/wp-content\/uploads\/factory-03.webp\"\/><\/p>\n<h3>Lagerhaus f\u00fcr Formen<\/h3>\n<p><img decoding=\"async\" src=\"\/wp-content\/uploads\/factory-04.webp\"\/><\/p>\n<h3>43 Aluminium-Strangpressanlagen (500-5500 Tonnen)<\/h3>\n<p><img decoding=\"async\" src=\"\/wp-content\/uploads\/factory-05.webp\"\/><\/p>\n<p><img decoding=\"async\" src=\"\/wp-content\/uploads\/factory-06.webp\"\/><\/p>\n<p><img decoding=\"async\" src=\"\/wp-content\/uploads\/factory-07.webp\"\/><\/p>\n<h3>Werkstatt f\u00fcr Pulverbeschichtung<\/h3>\n<p><img decoding=\"async\" src=\"\/wp-content\/uploads\/factory-09.webp\"\/><\/p>\n<h3>Eloxal-Werkstatt<\/h3>\n<p><img decoding=\"async\" src=\"\/wp-content\/uploads\/factory-10.webp\"\/><\/p>\n<h3>Workshop zur Tiefenverarbeitung<\/h3>\n<p><img decoding=\"async\" src=\"\/wp-content\/uploads\/factory-11.webp\"\/><\/p>\n<h3>CNC-Pr\u00e4zisionsbearbeitungswerkstatt<\/h3>\n<p><img decoding=\"async\" src=\"\/wp-content\/uploads\/factory-11.5.webp\"\/><\/p>\n<h3>Lager f\u00fcr Fertigprodukte und Export<\/h3>\n<p><img decoding=\"async\" src=\"\/wp-content\/uploads\/factory-12.webp\"\/><\/p>\n<p><img decoding=\"async\" src=\"\/wp-content\/uploads\/factory-13.webp\"\/><\/p>\n<p><img decoding=\"async\" src=\"\/wp-content\/uploads\/factory-14.webp\"\/><\/p>\n<h2>FAQ<\/h2>\n<p><p><b>1. was ist ein anodisiertes stranggepresstes U-f\u00f6rmiges Aluminiumprofil?<\/b><\/p>\n<p>Es handelt sich um ein Aluminiumprofil mit U-f\u00f6rmigem Querschnitt, das im Strangpressverfahren hergestellt und mit einer eloxierten Oberfl\u00e4che versehen wurde, um die Korrosionsbest\u00e4ndigkeit und Haltbarkeit zu verbessern.<br \/>\n<\/p><br \/>\n<br \/>\n<p><b>2. warum eloxiertes Aluminium f\u00fcr U-Profile w\u00e4hlen?<\/b><\/p>\n<p>Die Eloxierung erh\u00f6ht die Oberfl\u00e4chenh\u00e4rte und die Korrosionsbest\u00e4ndigkeit und macht die Profile ideal f\u00fcr Anwendungen, die Umwelteinfl\u00fcssen ausgesetzt sind.<br \/>\n<\/p><br \/>\n<br \/>\n<p><b>3. welche g\u00e4ngigen Anwendungen gibt es f\u00fcr diese Profile?<\/b><\/p>\n<p>Sie werden im Baugewerbe, in der Automobilindustrie, in der Luft- und Raumfahrt und in der verarbeitenden Industrie h\u00e4ufig f\u00fcr Rahmen, Schutzkanten und strukturelle Unterst\u00fctzung verwendet.<br \/>\n<\/p><br \/>\n<br \/>\n<p><b>4) K\u00f6nnen die Abmessungen der U-Profile individuell angepasst werden?<\/b><\/p>\n<p>Ja, die Hersteller bieten individuelle Anpassungen in Bezug auf Gr\u00f6\u00dfe, Dicke und Oberfl\u00e4che an, um spezifische Projektanforderungen zu erf\u00fcllen.<br \/>\n<\/p><br \/>\n<br \/>\n<p><b>5. wie wirkt sich das Eloxieren auf das Aussehen von Aluminiumprofilen aus?<\/b><\/p>\n<p>Die Eloxierung sorgt f\u00fcr eine einheitliche, attraktive Oberfl\u00e4che, die klar oder farbig sein kann und die \u00c4sthetik der Profile erh\u00f6ht.<br \/>\n<\/p><br \/>\n<br \/>\n<p><b>6. sind diese Profile f\u00fcr Au\u00dfenanwendungen geeignet?<\/b><\/p>\n<p>Die Eloxalschicht sch\u00fctzt vor Witterungseinfl\u00fcssen und macht sie ideal f\u00fcr Au\u00dfenanlagen.<br \/>\n<\/p><br \/>\n<br \/>\n<p><b>7. ist die eloxierte Oberfl\u00e4che umweltfreundlich?<\/b><\/p>\n<p>Ja, das Eloxieren ist ein sicheres, ungiftiges Verfahren, und Aluminium ist vollst\u00e4ndig recycelbar, was einer nachhaltigen Baupraxis entspricht.<br \/>\n<\/p><br \/><\/p>","protected":false},"featured_media":6898,"template":"","categories":[67],"class_list":["post-6899","product","type-product","status-publish","has-post-thumbnail","hentry","category-architectural-aluminium-profile"],"meta_box":{"hilight_text_group":{"product_hilight_text":"<li>Enhanced corrosion resistance through anodizing, ensuring longevity in harsh environments.<\/li>\r\r\n<li>Lightweight yet strong 6063-T5 aluminum alloy provides excellent strength-to-weight ratio.<\/li>\r\r\n<li>Customizable dimensions and finishes to meet specific architectural and industrial requirements.<\/li>\r\r\n<li>Versatile applications including framing, protective edges, tracks, and decorative trims.<\/li>\r\r\n<li>Low-maintenance surface that resists wear, reducing long-term upkeep costs.<\/li>\r\r\n<li>Suitable for both indoor and outdoor use, maintaining structural integrity over time.<\/li>\r\r\n<li>Environmentally friendly and fully recyclable, supporting sustainable construction practices.<\/li>","product_chanpin_blog":"<ul>\r\r\n<li><a href=\"https:\/\/sinoextrud.com\/t-slot-v-slot-differences\/\" target=\"_blank\">t slot vs v slot<\/a><\/li>\r\r\n<li><a href=\"https:\/\/sinoextrud.com\/what-is-4040-aluminium-extrud\/\" target=\"_blank\">4040 aluminium extrusion<\/a><\/li>\r\r\n<li><a href=\"https:\/\/sinoextrud.com\/what-is-4040-aluminium-extrud\/\" target=\"_blank\">aluminum extrusions for industrial racks<\/a><\/li>\r\r\n<li><a href=\"https:\/\/sinoextrud.com\/powder-coating-aluminium-process\/\" target=\"_blank\">powder coating aluminium<\/a><\/li>\r\r\n<li><a href=\"https:\/\/sinoextrud.com\/what-is-an-aluminium-strip-ceiling\/\" target=\"_blank\">aluminium strip ceiling<\/a><\/li>\r\r\n<li><a href=\"https:\/\/sinoextrud.com\/what-is-a-heat-sink\/\" target=\"_blank\">what is a heat sink<\/a><\/li>\r\r\n<\/ul>","product_chanpin_chanpin":"<li><a href=\"https:\/\/sinoextrud.com\/product\/cnc-anodized-6063-curved-aluminum-extrusions\/\" target=\"_blank\">CNC Anodized 6063 Curved Aluminum Extrusions<\/a><\/li>\r\n<li><a href=\"https:\/\/sinoextrud.com\/product\/6063-multiple-size-extruded-aluminium-t-slot\/\" target=\"_blank\">6063 Multiple Size Extruded Aluminium T Slot<\/a><\/li>\r\n<li><a href=\"https:\/\/sinoextrud.com\/product\/commercial-glass-aluminium-railing-systems\/\" target=\"_blank\">Commercial Glass Aluminium Railing Systems<\/a><\/li>\r\n<li><a href=\"https:\/\/sinoextrud.com\/product\/custom-made-modern-wood-grain-color-kitchen-cabinet-aluminium-extrusion-profile\/\" target=\"_blank\">Custom made modern wood grain color kitchen cabinet aluminium extrusion profile<\/a><\/li>\r\n<li><a href=\"https:\/\/sinoextrud.com\/product\/anodized-extruded-u-shaped-aluminium-profile\/\" target=\"_blank\">Anodized Extruded U Shaped Aluminium Profile<\/a><\/li>\r\n<li><a href=\"https:\/\/sinoextrud.com\/product\/aluminium-c-channel-profiles\/\" target=\"_blank\">Aluminium C Channel Profiles<\/a><\/li>\r\n<li><a href=\"https:\/\/sinoextrud.com\/product\/aluminum-z-extrusion\/\" target=\"_blank\">Aluminum Z Extrusion<\/a><\/li>\r\n<li><a href=\"https:\/\/sinoextrud.com\/product\/h-shaped-aluminum-extrusion\/\" target=\"_blank\">H Shaped Aluminum Extrusion<\/a><\/li>\r\n<li><a href=\"https:\/\/sinoextrud.com\/product\/6063-6061aluminum-extrusions-for-door-frames\/\" target=\"_blank\">6063 6061Aluminum Extrusions For Door Frames<\/a><\/li>\r\n<li><a href=\"https:\/\/sinoextrud.com\/product\/custom-high-quality-reinforced-aluminum-flood-planks-aluminum-flood-barrier-profiles\/\" target=\"_blank\">Custom High-quality Reinforced Aluminum Flood Planks Aluminum Flood Barrier Profiles<\/a><\/li>\r\n<li><a href=\"https:\/\/sinoextrud.com\/product\/aluminum-shutter-profile\/\" target=\"_blank\">Aluminum Shutter Profile<\/a><\/li>"},"feature_list":[]},"_links":{"self":[{"href":"https:\/\/sinoextrud.com\/de\/wp-json\/wp\/v2\/product\/6899","targetHints":{"allow":["GET"]}}],"collection":[{"href":"https:\/\/sinoextrud.com\/de\/wp-json\/wp\/v2\/product"}],"about":[{"href":"https:\/\/sinoextrud.com\/de\/wp-json\/wp\/v2\/types\/product"}],"wp:featuredmedia":[{"embeddable":true,"href":"https:\/\/sinoextrud.com\/de\/wp-json\/wp\/v2\/media\/6898"}],"wp:attachment":[{"href":"https:\/\/sinoextrud.com\/de\/wp-json\/wp\/v2\/media?parent=6899"}],"wp:term":[{"taxonomy":"category","embeddable":true,"href":"https:\/\/sinoextrud.com\/de\/wp-json\/wp\/v2\/categories?post=6899"}],"curies":[{"name":"wp","href":"https:\/\/api.w.org\/{rel}","templated":true}]}}