{"id":6897,"date":"2025-06-04T01:42:17","date_gmt":"2025-06-04T01:42:17","guid":{"rendered":"https:\/\/sinoextrud.com\/product\/custom-made-modern-wood-grain-color-kitchen-cabinet-aluminium-extrusion-profile\/"},"modified":"2025-06-24T06:11:56","modified_gmt":"2025-06-24T06:11:56","slug":"masgeschneiderte-moderne-holzmaserung-farbe-kuchenschrank-aluminium-strangpressprofil","status":"publish","type":"product","link":"https:\/\/sinoextrud.com\/de\/product\/custom-made-modern-wood-grain-color-kitchen-cabinet-aluminium-extrusion-profile\/","title":{"rendered":"Ma\u00dfgefertigte moderne Holzmaserung Farbe K\u00fcchenschrank Aluminium Strangpressprofil"},"content":{"rendered":"<h2>Produkte Details<\/h2>\n<table class=\"custom-table\">\n<tr>\n<td class=\"label\">Name<\/td>\n<td>Benutzerdefinierte moderne Holzmaserung Farbe K\u00fcche Schrank Aluminium Extrusion Profil, gemacht<\/td>\n<\/tr>\n<\/table>\n<h2>Unsere Produktionsbasis<\/h2>\n<h3>Fabrik-Panorama<\/h3>\n<p><img decoding=\"async\" src=\"\/wp-content\/uploads\/factory-01.webp\"\/><\/p>\n<h3>Werkstatt zur Herstellung von Aluminiumstangen<\/h3>\n<p><img decoding=\"async\" src=\"\/wp-content\/uploads\/factory-02.webp\"\/><\/p>\n<p><img decoding=\"async\" src=\"\/wp-content\/uploads\/factory-03.webp\"\/><\/p>\n<h3>Lagerhaus f\u00fcr Formen<\/h3>\n<p><img decoding=\"async\" src=\"\/wp-content\/uploads\/factory-04.webp\"\/><\/p>\n<h3>43 Aluminium-Strangpressanlagen (500-5500 Tonnen)<\/h3>\n<p><img decoding=\"async\" src=\"\/wp-content\/uploads\/factory-05.webp\"\/><\/p>\n<p><img decoding=\"async\" src=\"\/wp-content\/uploads\/factory-06.webp\"\/><\/p>\n<p><img decoding=\"async\" src=\"\/wp-content\/uploads\/factory-07.webp\"\/><\/p>\n<h3>Werkstatt f\u00fcr Pulverbeschichtung<\/h3>\n<p><img decoding=\"async\" src=\"\/wp-content\/uploads\/factory-09.webp\"\/><\/p>\n<h3>Eloxal-Werkstatt<\/h3>\n<p><img decoding=\"async\" src=\"\/wp-content\/uploads\/factory-10.webp\"\/><\/p>\n<h3>Workshop zur Tiefenverarbeitung<\/h3>\n<p><img decoding=\"async\" src=\"\/wp-content\/uploads\/factory-11.webp\"\/><\/p>\n<h3>CNC-Pr\u00e4zisionsbearbeitungswerkstatt<\/h3>\n<p><img decoding=\"async\" src=\"\/wp-content\/uploads\/factory-11.5.webp\"\/><\/p>\n<h3>Lager f\u00fcr Fertigprodukte und Export<\/h3>\n<p><img decoding=\"async\" src=\"\/wp-content\/uploads\/factory-12.webp\"\/><\/p>\n<p><img decoding=\"async\" src=\"\/wp-content\/uploads\/factory-13.webp\"\/><\/p>\n<p><img decoding=\"async\" src=\"\/wp-content\/uploads\/factory-14.webp\"\/><\/p>\n<h2>FAQ<\/h2>\n<p><p><b>1. was sind ma\u00dfgeschneiderte moderne Holzmaserung Farbe K\u00fcchenschrank Aluminium Extrusion Profile?<\/b><\/p>\n<p>Dabei handelt es sich um Aluminiumprofile f\u00fcr K\u00fcchenschr\u00e4nke mit Holzmaserung, die die \u00c4sthetik von Holz mit der Langlebigkeit und den leichten Eigenschaften von Aluminium verbinden.<br \/>\n<\/p><br \/>\n<br \/>\n<p><b>2. warum Aluminium-Strangpressprofile f\u00fcr K\u00fcchenschr\u00e4nke w\u00e4hlen?<\/b><\/p>\n<p>Aluminium-Strangpressprofile bieten Festigkeit, Korrosionsbest\u00e4ndigkeit und Designflexibilit\u00e4t und sind damit ideal f\u00fcr moderne K\u00fcchenschr\u00e4nke, die sowohl Funktionalit\u00e4t als auch Stil erfordern.<br \/>\n<\/p><br \/>\n<br \/>\n<p><b>3. wie wird die Holzmaserung auf Aluminiumprofile aufgebracht?<\/b><\/p>\n<p>Der Holzmaserungseffekt wird in der Regel durch eine Pulverbeschichtung mit anschlie\u00dfendem Thermotransferverfahren erzielt, was zu einem dauerhaften und realistischen holz\u00e4hnlichen Aussehen der Aluminiumoberfl\u00e4che f\u00fchrt.<br \/>\n<\/p><br \/>\n<br \/>\n<p><b>4. k\u00f6nnen diese Aluminiumprofile f\u00fcr bestimmte K\u00fcchendesigns angepasst werden?<\/b><\/p>\n<p>Ja, die Profile k\u00f6nnen in Form, Gr\u00f6\u00dfe und Ausf\u00fchrung auf die individuellen Anforderungen des K\u00fcchendesigns zugeschnitten werden, um eine perfekte Passform und ein einheitliches Aussehen zu gew\u00e4hrleisten.<br \/>\n<\/p><br \/>\n<br \/>\n<p><b>5) Sind Aluminium-Strangpressprofile mit Holzmaserung umweltfreundlich?<\/b><\/p>\n<p>Ja, Aluminium ist ein wiederverwertbares Material, und die Herstellungsverfahren f\u00fcr diese Profile sind so konzipiert, dass sie umweltvertr\u00e4glich sind und nachhaltige Baupraktiken unterst\u00fctzen.<br \/>\n<\/p><br \/>\n<br \/>\n<p><b>6. welche Wartungsarbeiten sind f\u00fcr K\u00fcchenschrankprofile aus Aluminium mit Holzmaserung erforderlich?<\/b><\/p>\n<p>Diese Profile sind pflegeleicht; eine regelm\u00e4\u00dfige Reinigung mit milder Seife und Wasser gen\u00fcgt, um sie wie neu aussehen zu lassen, da sie feuchtigkeits- und fleckenbest\u00e4ndig sind.<br \/>\n<\/p><br \/>\n<br \/>\n<p><b>7 Entsprechen diese Profile den internationalen Qualit\u00e4tsstandards?<\/b><\/p>\n<p>Ja, seri\u00f6se Hersteller stellen sicher, dass ihre Aluminium-Strangpressprofile internationale Normen wie CE- und ISO-Zertifizierungen erf\u00fcllen und somit Qualit\u00e4t und Sicherheit garantieren.<br \/>\n<\/p><br \/><\/p>","protected":false},"featured_media":6896,"template":"","categories":[67],"class_list":["post-6897","product","type-product","status-publish","has-post-thumbnail","hentry","category-architectural-aluminium-profile"],"meta_box":{"hilight_text_group":{"product_hilight_text":"<li>Realistic wood grain finishes achieved through advanced powder coating and thermal transfer techniques.<\/li>\r\r\n<li>Constructed from 6063 T5 aluminum alloy, offering lightweight strength and corrosion resistance.<\/li>\r\r\n<li>Customizable profiles tailored to specific kitchen cabinet dimensions and design requirements.<\/li>\r\r\n<li>Low-maintenance surfaces resistant to moisture, warping, and fading, ensuring long-term durability.<\/li>\r\r\n<li>Eco-friendly and recyclable materials supporting sustainable building practices.<\/li>\r\r\n<li>Available in various finishes, including anodized, powder-coated, and wood grain, to match diverse interior styles.<\/li>\r\r\n<li>Precision CNC machining allows for intricate designs and seamless integration into modern kitchen layouts.<\/li>","product_chanpin_blog":"<ul>\r\r\n<li><a href=\"https:\/\/sinoextrud.com\/t-slot-v-slot-differences\/\" target=\"_blank\">t slot vs v slot<\/a><\/li>\r\r\n<li><a href=\"https:\/\/sinoextrud.com\/what-is-4040-aluminium-extrud\/\" target=\"_blank\">4040 aluminium extrusion<\/a><\/li>\r\r\n<li><a href=\"https:\/\/sinoextrud.com\/what-is-4040-aluminium-extrud\/\" target=\"_blank\">aluminum extrusions for industrial racks<\/a><\/li>\r\r\n<li><a href=\"https:\/\/sinoextrud.com\/powder-coating-aluminium-process\/\" target=\"_blank\">powder coating aluminium<\/a><\/li>\r\r\n<li><a href=\"https:\/\/sinoextrud.com\/what-is-an-aluminium-strip-ceiling\/\" target=\"_blank\">aluminium strip ceiling<\/a><\/li>\r\r\n<li><a href=\"https:\/\/sinoextrud.com\/what-is-a-heat-sink\/\" target=\"_blank\">what is a heat sink<\/a><\/li>\r\r\n<\/ul>","product_chanpin_chanpin":"<li><a href=\"https:\/\/sinoextrud.com\/product\/h-channel-aluminum-extrusion\/\" target=\"_blank\">H Channel Aluminum Extrusion<\/a><\/li>\r\n<li><a href=\"https:\/\/sinoextrud.com\/product\/cnc-anodized-6063-curved-aluminum-extrusions\/\" target=\"_blank\">CNC Anodized 6063 Curved Aluminum Extrusions<\/a><\/li>\r\n<li><a href=\"https:\/\/sinoextrud.com\/product\/6063-multiple-size-extruded-aluminium-t-slot\/\" target=\"_blank\">6063 Multiple Size Extruded Aluminium T Slot<\/a><\/li>\r\n<li><a href=\"https:\/\/sinoextrud.com\/product\/commercial-glass-aluminium-railing-systems\/\" target=\"_blank\">Commercial Glass Aluminium Railing Systems<\/a><\/li>\r\n<li><a href=\"https:\/\/sinoextrud.com\/product\/custom-made-modern-wood-grain-color-kitchen-cabinet-aluminium-extrusion-profile\/\" target=\"_blank\">Custom made modern wood grain color kitchen cabinet aluminium extrusion profile<\/a><\/li>\r\n<li><a href=\"https:\/\/sinoextrud.com\/product\/anodized-extruded-u-shaped-aluminium-profile\/\" target=\"_blank\">Anodized Extruded U Shaped Aluminium Profile<\/a><\/li>\r\n<li><a href=\"https:\/\/sinoextrud.com\/product\/aluminium-c-channel-profiles\/\" target=\"_blank\">Aluminium C Channel Profiles<\/a><\/li>\r\n<li><a href=\"https:\/\/sinoextrud.com\/product\/aluminum-z-extrusion\/\" target=\"_blank\">Aluminum Z Extrusion<\/a><\/li>\r\n<li><a href=\"https:\/\/sinoextrud.com\/product\/h-shaped-aluminum-extrusion\/\" target=\"_blank\">H Shaped Aluminum Extrusion<\/a><\/li>\r\n<li><a href=\"https:\/\/sinoextrud.com\/product\/solar-aluminium-profile-2\/\" target=\"_blank\">Solar Aluminium Profile<\/a><\/li>\r\n<li><a href=\"https:\/\/sinoextrud.com\/product\/extruded-aluminum-heatsink-enclosure\/\" target=\"_blank\">Extruded Aluminum Heatsink Enclosure<\/a><\/li>"},"feature_list":[]},"_links":{"self":[{"href":"https:\/\/sinoextrud.com\/de\/wp-json\/wp\/v2\/product\/6897","targetHints":{"allow":["GET"]}}],"collection":[{"href":"https:\/\/sinoextrud.com\/de\/wp-json\/wp\/v2\/product"}],"about":[{"href":"https:\/\/sinoextrud.com\/de\/wp-json\/wp\/v2\/types\/product"}],"wp:featuredmedia":[{"embeddable":true,"href":"https:\/\/sinoextrud.com\/de\/wp-json\/wp\/v2\/media\/6896"}],"wp:attachment":[{"href":"https:\/\/sinoextrud.com\/de\/wp-json\/wp\/v2\/media?parent=6897"}],"wp:term":[{"taxonomy":"category","embeddable":true,"href":"https:\/\/sinoextrud.com\/de\/wp-json\/wp\/v2\/categories?post=6897"}],"curies":[{"name":"wp","href":"https:\/\/api.w.org\/{rel}","templated":true}]}}