{"id":6895,"date":"2025-06-04T01:40:03","date_gmt":"2025-06-04T01:40:03","guid":{"rendered":"https:\/\/sinoextrud.com\/product\/commercial-glass-aluminium-railing-systems\/"},"modified":"2025-06-24T06:11:55","modified_gmt":"2025-06-24T06:11:55","slug":"gewerbliche-glas-aluminium-gelandersysteme","status":"publish","type":"product","link":"https:\/\/sinoextrud.com\/de\/product\/commercial-glass-aluminium-railing-systems\/","title":{"rendered":"Gewerbliche Glas-Aluminium-Gel\u00e4ndersysteme"},"content":{"rendered":"<h2>Produkte Details<\/h2>\n<table class=\"custom-table\">\n<tr>\n<td class=\"label\">Modell<\/td>\n<td>Gewerbliche Glas-Aluminium-Gel\u00e4ndersysteme\uff0c<\/td>\n<\/tr>\n<tr>\n<td class=\"label\">Material<\/td>\n<td>Aluminiumlegierung 6063 6061\uff0c<\/td>\n<\/tr>\n<tr>\n<td class=\"label\">Fertige<\/td>\n<td>Spiegel eloxiert h\u00f6lzerne Gain, Pinsel,.<\/td>\n<\/tr>\n<tr>\n<td class=\"label\">Gr\u00f6\u00dfe<\/td>\n<td>Individuell, angepasst<\/td>\n<\/tr>\n<tr>\n<td class=\"label\">Anmeldung<\/td>\n<td>Glaszaun, Treppengel\u00e4nder oder Glasgel\u00e4nder<\/td>\n<\/tr>\n<tr>\n<td class=\"label\">Glasdicke<\/td>\n<td>angepasst<\/td>\n<\/tr>\n<tr>\n<td class=\"label\">MOQ<\/td>\n<td>200KGS\uff0c<\/td>\n<\/tr>\n<tr>\n<td class=\"label\">Muster<\/td>\n<td>Verf\u00fcgbar<\/td>\n<\/tr>\n<tr>\n<td class=\"label\">Produktionskapazit\u00e4t<\/td>\n<td>500000St\u00fcck\/pro Monat,<\/td>\n<\/tr>\n<tr>\n<td class=\"label\">Vorlaufzeit<\/td>\n<td>25-35 Tage nach Eingang der Zahlung.<\/td>\n<\/tr>\n<tr>\n<td class=\"label\">Verschiffungshafen<\/td>\n<td>FOSHAN,GUANGZHOU,SHENZHEN\uff0c<\/td>\n<\/tr>\n<tr>\n<td class=\"label\">Preis Laufzeit<\/td>\n<td>EXW.FOB \/ CIF etc.\uff0c<\/td>\n<\/tr>\n<tr>\n<td class=\"label\">Zahlungsfrist<\/td>\n<td>T\/T, L\/C,.<\/td>\n<\/tr>\n<tr>\n<td class=\"label\">Bemerkung<\/td>\n<td>OEM ist akzeptabel.<\/td>\n<\/tr>\n<\/table>\n<h2>Unsere Produktionsbasis<\/h2>\n<h3>Fabrik-Panorama<\/h3>\n<p><img decoding=\"async\" src=\"\/wp-content\/uploads\/factory-01.webp\"\/><\/p>\n<h3>Werkstatt zur Herstellung von Aluminiumstangen<\/h3>\n<p><img decoding=\"async\" src=\"\/wp-content\/uploads\/factory-02.webp\"\/><\/p>\n<p><img decoding=\"async\" src=\"\/wp-content\/uploads\/factory-03.webp\"\/><\/p>\n<h3>Lagerhaus f\u00fcr Formen<\/h3>\n<p><img decoding=\"async\" src=\"\/wp-content\/uploads\/factory-04.webp\"\/><\/p>\n<h3>43 Aluminium-Strangpressanlagen (500-5500 Tonnen)<\/h3>\n<p><img decoding=\"async\" src=\"\/wp-content\/uploads\/factory-05.webp\"\/><\/p>\n<p><img decoding=\"async\" src=\"\/wp-content\/uploads\/factory-06.webp\"\/><\/p>\n<p><img decoding=\"async\" src=\"\/wp-content\/uploads\/factory-07.webp\"\/><\/p>\n<h3>Werkstatt f\u00fcr Pulverbeschichtung<\/h3>\n<p><img decoding=\"async\" src=\"\/wp-content\/uploads\/factory-09.webp\"\/><\/p>\n<h3>Eloxal-Werkstatt<\/h3>\n<p><img decoding=\"async\" src=\"\/wp-content\/uploads\/factory-10.webp\"\/><\/p>\n<h3>Workshop zur Tiefenverarbeitung<\/h3>\n<p><img decoding=\"async\" src=\"\/wp-content\/uploads\/factory-11.webp\"\/><\/p>\n<h3>CNC-Pr\u00e4zisionsbearbeitungswerkstatt<\/h3>\n<p><img decoding=\"async\" src=\"\/wp-content\/uploads\/factory-11.5.webp\"\/><\/p>\n<h3>Lager f\u00fcr Fertigprodukte und Export<\/h3>\n<p><img decoding=\"async\" src=\"\/wp-content\/uploads\/factory-12.webp\"\/><\/p>\n<p><img decoding=\"async\" src=\"\/wp-content\/uploads\/factory-13.webp\"\/><\/p>\n<p><img decoding=\"async\" src=\"\/wp-content\/uploads\/factory-14.webp\"\/><\/p>\n<h2>FAQ<\/h2>\n<p><p><b>1. was sind kommerzielle Glas-Aluminium-Gel\u00e4ndersysteme?<\/b><\/p>\n<p>Gewerbliche Glas-Aluminium-Gel\u00e4ndersysteme sind architektonische Barrieren, bei denen geh\u00e4rtete oder laminierte Glasscheiben mit Aluminiumrahmen kombiniert werden. Sie bieten Sicherheit, Haltbarkeit und moderne \u00c4sthetik f\u00fcr gewerbliche R\u00e4ume.<br \/>\n<\/p><br \/>\n<br \/>\n<p><b>2. warum Glas und Aluminium f\u00fcr gewerbliche Gel\u00e4nder w\u00e4hlen?<\/b><\/p>\n<p>Glas sorgt f\u00fcr Transparenz und moderne Anmutung, w\u00e4hrend Aluminium St\u00e4rke und Korrosionsbest\u00e4ndigkeit bietet. Diese Kombination ist ideal f\u00fcr langlebige und stilvolle Gel\u00e4nder f\u00fcr den gewerblichen Bereich.<br \/>\n<\/p><br \/>\n<br \/>\n<p><b>3. sind diese Gel\u00e4ndersysteme f\u00fcr die gewerbliche Nutzung sicher?<\/b><\/p>\n<p>Ja, sie verwenden geh\u00e4rtetes oder laminiertes Glas und robuste Aluminiumrahmen, die den internationalen Sicherheitsstandards und den Bauvorschriften f\u00fcr gewerbliche Anwendungen entsprechen.<br \/>\n<\/p><br \/>\n<br \/>\n<p><b>4. kann der Entwurf an die spezifischen Projektanforderungen angepasst werden?<\/b><\/p>\n<p>Nat\u00fcrlich bieten diese Systeme verschiedene Anpassungsm\u00f6glichkeiten, wie z. B. Glastypen, Oberfl\u00e4chen und Befestigungsarten, um verschiedenen architektonischen Designs gerecht zu werden.<br \/>\n<\/p><br \/>\n<br \/>\n<p><b>5. welche Wartung ist f\u00fcr diese Gel\u00e4ndersysteme erforderlich?<\/b><\/p>\n<p>Der Wartungsaufwand ist minimal; durch regelm\u00e4\u00dfiges Reinigen mit milder Seife und Wasser bleiben das Glas klar und die Aluminiumrahmen in gutem Zustand.<br \/>\n<\/p><br \/>\n<br \/>\n<p><b>6. wo k\u00f6nnen kommerzielle Glas-Aluminium-Gel\u00e4ndersysteme installiert werden?<\/b><\/p>\n<p>Sie sind vielseitig einsetzbar und k\u00f6nnen in verschiedenen kommerziellen Umgebungen wie B\u00fcros, Hotels, Einkaufszentren und \u00f6ffentlichen Geb\u00e4uden, sowohl im Innen- als auch im Au\u00dfenbereich, installiert werden.<br \/>\n<\/p><br \/>\n<br \/>\n<p><b>7. wie entsprechen diese Systeme den Bauvorschriften?<\/b><\/p>\n<p>Sie sind so konstruiert, dass sie die internationalen Bauvorschriften erf\u00fcllen oder sogar \u00fcbertreffen, was die Sicherheit und die Einhaltung der Vorschriften bei kommerziellen Installationen gew\u00e4hrleistet.<br \/>\n<\/p><br \/><\/p>","protected":false},"featured_media":6894,"template":"","categories":[67],"class_list":["post-6895","product","type-product","status-publish","has-post-thumbnail","hentry","category-architectural-aluminium-profile"],"meta_box":{"hilight_text_group":{"product_hilight_text":"<li>Unobstructed visibility enhances architectural aesthetics and maximizes natural light flow.<\/li>\r\r\n<li>Tempered or laminated glass panels provide superior safety and durability.<\/li>\r\r\n<li>Aluminum frames offer corrosion resistance and long-term structural integrity.<\/li>\r\r\n<li>Low-maintenance materials reduce upkeep costs and time.<\/li>\r\r\n<li>Customizable designs with various finishes and glass options to match project requirements.<\/li>\r\r\n<li>Suitable for both indoor and outdoor commercial applications, including balconies and staircases.<\/li>\r\r\n<li>Compliance with international building codes ensures safety and reliability.<\/li>","product_chanpin_blog":"<ul>\r\r\n<li><a href=\"https:\/\/sinoextrud.com\/t-slot-v-slot-differences\/\" target=\"_blank\">t slot vs v slot<\/a><\/li>\r\r\n<li><a href=\"https:\/\/sinoextrud.com\/what-is-4040-aluminium-extrud\/\" target=\"_blank\">4040 aluminium extrusion<\/a><\/li>\r\r\n<li><a href=\"https:\/\/sinoextrud.com\/what-is-4040-aluminium-extrud\/\" target=\"_blank\">aluminum extrusions for industrial racks<\/a><\/li>\r\r\n<li><a href=\"https:\/\/sinoextrud.com\/powder-coating-aluminium-process\/\" target=\"_blank\">powder coating aluminium<\/a><\/li>\r\r\n<li><a href=\"https:\/\/sinoextrud.com\/what-is-an-aluminium-strip-ceiling\/\" target=\"_blank\">aluminium strip ceiling<\/a><\/li>\r\r\n<li><a href=\"https:\/\/sinoextrud.com\/what-is-a-heat-sink\/\" target=\"_blank\">what is a heat sink<\/a><\/li>\r\r\n<\/ul>","product_chanpin_chanpin":"<li><a href=\"https:\/\/sinoextrud.com\/product\/aluminum-extrusion-aluminium-profile-for-surface-oxidized-pipe\/\" target=\"_blank\">Aluminum Extrusion Aluminium Profile for Surface Oxidized Pipe<\/a><\/li>\r\n<li><a href=\"https:\/\/sinoextrud.com\/product\/h-channel-aluminum-extrusion\/\" target=\"_blank\">H Channel Aluminum Extrusion<\/a><\/li>\r\n<li><a href=\"https:\/\/sinoextrud.com\/product\/cnc-anodized-6063-curved-aluminum-extrusions\/\" target=\"_blank\">CNC Anodized 6063 Curved Aluminum Extrusions<\/a><\/li>\r\n<li><a href=\"https:\/\/sinoextrud.com\/product\/6063-multiple-size-extruded-aluminium-t-slot\/\" target=\"_blank\">6063 Multiple Size Extruded Aluminium T Slot<\/a><\/li>\r\n<li><a href=\"https:\/\/sinoextrud.com\/product\/commercial-glass-aluminium-railing-systems\/\" target=\"_blank\">Commercial Glass Aluminium Railing Systems<\/a><\/li>\r\n<li><a href=\"https:\/\/sinoextrud.com\/product\/custom-made-modern-wood-grain-color-kitchen-cabinet-aluminium-extrusion-profile\/\" target=\"_blank\">Custom made modern wood grain color kitchen cabinet aluminium extrusion profile<\/a><\/li>\r\n<li><a href=\"https:\/\/sinoextrud.com\/product\/anodized-extruded-u-shaped-aluminium-profile\/\" target=\"_blank\">Anodized Extruded U Shaped Aluminium Profile<\/a><\/li>\r\n<li><a href=\"https:\/\/sinoextrud.com\/product\/aluminium-c-channel-profiles\/\" target=\"_blank\">Aluminium C Channel Profiles<\/a><\/li>\r\n<li><a href=\"https:\/\/sinoextrud.com\/product\/aluminum-z-extrusion\/\" target=\"_blank\">Aluminum Z Extrusion<\/a><\/li>\r\n<li><a href=\"https:\/\/sinoextrud.com\/product\/y-section-aluminium-extrusion\/\" target=\"_blank\">Y Section Aluminium Extrusion<\/a><\/li>\r\n<li><a href=\"https:\/\/sinoextrud.com\/product\/bullet-shaped-baffle-ceiling-system\/\" target=\"_blank\">Bullet-shaped Baffle Ceiling System<\/a><\/li>"},"feature_list":[]},"_links":{"self":[{"href":"https:\/\/sinoextrud.com\/de\/wp-json\/wp\/v2\/product\/6895","targetHints":{"allow":["GET"]}}],"collection":[{"href":"https:\/\/sinoextrud.com\/de\/wp-json\/wp\/v2\/product"}],"about":[{"href":"https:\/\/sinoextrud.com\/de\/wp-json\/wp\/v2\/types\/product"}],"wp:featuredmedia":[{"embeddable":true,"href":"https:\/\/sinoextrud.com\/de\/wp-json\/wp\/v2\/media\/6894"}],"wp:attachment":[{"href":"https:\/\/sinoextrud.com\/de\/wp-json\/wp\/v2\/media?parent=6895"}],"wp:term":[{"taxonomy":"category","embeddable":true,"href":"https:\/\/sinoextrud.com\/de\/wp-json\/wp\/v2\/categories?post=6895"}],"curies":[{"name":"wp","href":"https:\/\/api.w.org\/{rel}","templated":true}]}}