{"id":6889,"date":"2025-06-04T01:26:07","date_gmt":"2025-06-04T01:26:07","guid":{"rendered":"https:\/\/sinoextrud.com\/product\/h-channel-aluminum-extrusion\/"},"modified":"2025-06-24T06:11:54","modified_gmt":"2025-06-24T06:11:54","slug":"h-kanal-aluminium-extrusion","status":"publish","type":"product","link":"https:\/\/sinoextrud.com\/de\/product\/h-channel-aluminum-extrusion\/","title":{"rendered":"H-Kanal-Aluminium-Strangpressprofile"},"content":{"rendered":"<h2>Produkte Details<\/h2>\n<table class=\"custom-table\">\n<tr>\n<td class=\"label\">Produktname<\/td>\n<td>H-Kanal-Aluminium-Strangpressprofil\uff0c<\/td>\n<\/tr>\n<tr>\n<td class=\"label\">Material<\/td>\n<td>6061\/6063-T5 T6\uff0c<\/td>\n<\/tr>\n<tr>\n<td class=\"label\">Oberfl\u00e4chenbehandlung<\/td>\n<td>Holzmaserung, Eloxierung, Pulverbeschichtung, Elektrophorese, PVDF usw.<\/td>\n<\/tr>\n<tr>\n<td class=\"label\">Farbe<\/td>\n<td>Alle Farbe verf\u00fcgbar,<\/td>\n<\/tr>\n<tr>\n<td class=\"label\">MOQ<\/td>\n<td>200KG f\u00fcr jedes Element, eine Tonne f\u00fcr jede Farbe,<\/td>\n<\/tr>\n<tr>\n<td class=\"label\">Gr\u00f6\u00dfe<\/td>\n<td>Wie kundenspezifisch,<\/td>\n<\/tr>\n<tr>\n<td class=\"label\">Tiefgreifender Prozess<\/td>\n<td>CNC-Fr\u00e4sen, Stanzen, Bohren, Gewindeschneiden, Biegen<\/td>\n<\/tr>\n<tr>\n<td class=\"label\">B\u00fcrgschaft<\/td>\n<td>ISO 9001:2008;CQM,SGS,CE,BV,SONCAP\/GB,ISO,JIS,AS,NZS,QUALICOAT\uff0c<\/td>\n<\/tr>\n<tr>\n<td class=\"label\">Vorlaufzeit<\/td>\n<td>\u00d6ffnung der Form und Musterpr\u00fcfung 10-12 Tage<br \/>\nMassenproduktion 20-25 Tage,<\/td>\n<\/tr>\n<tr>\n<td class=\"label\">Lieferfrist<\/td>\n<td>FOB Foshan\/Guangzhou\/Shenzhen<\/td>\n<\/tr>\n<tr>\n<td class=\"label\">Zahlungsfrist<\/td>\n<td>LC oder TT 30% Anzahlung, 70% Restbetrag vor der Verladung,<\/td>\n<\/tr>\n<\/table>\n<h2>Unsere Produktionsbasis<\/h2>\n<h3>Fabrik-Panorama<\/h3>\n<p><img decoding=\"async\" src=\"\/wp-content\/uploads\/factory-01.webp\"\/><\/p>\n<h3>Werkstatt zur Herstellung von Aluminiumstangen<\/h3>\n<p><img decoding=\"async\" src=\"\/wp-content\/uploads\/factory-02.webp\"\/><\/p>\n<\/p>\n<p><img decoding=\"async\" src=\"\/wp-content\/uploads\/factory-03.webp\"\/><\/p>\n<h3>Lagerhaus f\u00fcr Formen<\/h3>\n<p><img decoding=\"async\" src=\"\/wp-content\/uploads\/factory-04.webp\"\/><\/p>\n<h3>43 Aluminium-Strangpressanlagen (500-5500 Tonnen)<\/h3>\n<p><img decoding=\"async\" src=\"\/wp-content\/uploads\/factory-05.webp\"\/><\/p>\n<p><img decoding=\"async\" src=\"\/wp-content\/uploads\/factory-06.webp\"\/><\/p>\n<p><img decoding=\"async\" src=\"\/wp-content\/uploads\/factory-07.webp\"\/><\/p>\n<h3>Werkstatt f\u00fcr Pulverbeschichtung<\/h3>\n<p><img decoding=\"async\" src=\"\/wp-content\/uploads\/factory-09.webp\"\/><\/p>\n<h3>Eloxal-Werkstatt<\/h3>\n<p><img decoding=\"async\" src=\"\/wp-content\/uploads\/factory-10.webp\"\/><\/p>\n<h3>Workshop zur Tiefenverarbeitung<\/h3>\n<p><img decoding=\"async\" src=\"\/wp-content\/uploads\/factory-11.webp\"\/><\/p>\n<h3>CNC-Pr\u00e4zisionsbearbeitungswerkstatt<\/h3>\n<p><img decoding=\"async\" src=\"\/wp-content\/uploads\/factory-11.5.webp\"\/><\/p>\n<h3>Lager f\u00fcr Fertigprodukte und Export<\/h3>\n<p><img decoding=\"async\" src=\"\/wp-content\/uploads\/factory-12.webp\"\/><\/p>\n<p><img decoding=\"async\" src=\"\/wp-content\/uploads\/factory-13.webp\"\/><\/p>\n<p><img decoding=\"async\" src=\"\/wp-content\/uploads\/factory-14.webp\"\/><\/p>\n<h2>FAQ<\/h2>\n<p><b>1. was ist ein H-Kanal-Aluminium-Strangpressprofil? <\/b><\/p>\n<p> Es handelt sich um ein Aluminiumprofil mit einem H-f\u00f6rmigen Querschnitt, das branchen\u00fcbergreifend in Konstruktions-, Rahmen- und St\u00fctzanwendungen eingesetzt wird.\n<\/p>\n<p><\/p>\n<p><b>2. was sind h\u00e4ufige Verwendungszwecke f\u00fcr H-Kanal-Aluminium-Strangpressprofile? <\/b><\/p>\n<p> Diese Profile werden in Trennw\u00e4nden, T\u00fcr- und Fensterrahmen, Vorhangfassaden, Schilderstrukturen und als Verbindungselemente in Aluminiumrahmen verwendet.\n<\/p>\n<p><\/p>\n<p><b>3. welche Legierungen werden f\u00fcr H-Kanal-Aluminiumprofile verwendet? <\/b><\/p>\n<p> 6063-T5 und 6061 werden aufgrund ihrer hervorragenden mechanischen Eigenschaften, Korrosionsbest\u00e4ndigkeit und Strangpressbarkeit h\u00e4ufig verwendet.\n<\/p>\n<p><\/p>\n<p><b>4. k\u00f6nnen H-Kanal-Aluminiumprofile angepasst werden? <\/b><\/p>\n<p> Ja, die Hersteller bieten OEM-Anpassungen an, einschlie\u00dflich Breite, H\u00f6he, Flanschdicke, Platzierung der Schlitze und Bohrungen, um spezifische Designanforderungen zu erf\u00fcllen.\n<\/p>\n<p><\/p>\n<p><b>5. welche Oberfl\u00e4chenbehandlungen gibt es? <\/b><\/p>\n<p> G\u00e4ngige Oberfl\u00e4chen sind Eloxierung f\u00fcr Korrosionsbest\u00e4ndigkeit, Pulverbeschichtung f\u00fcr Farbe und Haltbarkeit und Walzoberfl\u00e4che f\u00fcr den industriellen Standardeinsatz.\n<\/p>\n<p><\/p>\n<p><b>6. sind H-Kan\u00e4le f\u00fcr Au\u00dfenanwendungen geeignet? <\/b><\/p>\n<p> Ja, mit entsprechender Oberfl\u00e4chenbehandlung sind H-Profile aus Aluminium ideal f\u00fcr strukturelle und dekorative Anwendungen im Au\u00dfenbereich.\n<\/p>\n<p><\/p>\n<p><b>7. wie werden H-Kanal-Profile normalerweise installiert? <\/b><\/p>\n<p> Sie werden je nach Anwendung mit Schrauben oder Klammern befestigt oder in modulare Rahmensysteme eingesetzt.\n<\/p>\n<p><\/p>\n<p><b>8. kann ich H-Kanal-Aluminiumprofile in gro\u00dfen Mengen aus China beziehen? <\/b><\/p>\n<p> Die besten chinesischen Hersteller bieten eine hohe Produktionsmenge, wettbewerbsf\u00e4hige Preise und Exportdienstleistungen mit OEM-Unterst\u00fctzung.\n<\/p>\n<p><\/p>","protected":false},"featured_media":6888,"template":"","categories":[67],"class_list":["post-6889","product","type-product","status-publish","has-post-thumbnail","hentry","category-architectural-aluminium-profile"],"meta_box":{"hilight_text_group":{"product_hilight_text":"<li>H channel aluminum extrusion designed for structural framing, partitions, and architectural cladding systems<\/li>\r\r\n<li>Manufactured from durable 6061 or 6063 alloy offering excellent corrosion resistance and strength-to-weight ratio<\/li>\r\r\n<li>Available in various widths, flange thicknesses, and slot configurations for versatile applications<\/li>\r\r\n<li>Surface finishes include anodized, powder-coated, and mill finish for enhanced durability and aesthetics<\/li>\r\r\n<li>OEM customization supported for profile size, cut length, and special fabrication needs<\/li>","product_chanpin_blog":"<ul>\r\r\n<li><a href=\"https:\/\/sinoextrud.com\/t-slot-v-slot-differences\/\" target=\"_blank\">t slot vs v slot<\/a><\/li>\r\r\n<li><a href=\"https:\/\/sinoextrud.com\/what-is-4040-aluminium-extrud\/\" target=\"_blank\">4040 aluminium extrusion<\/a><\/li>\r\r\n<li><a href=\"https:\/\/sinoextrud.com\/what-is-4040-aluminium-extrud\/\" target=\"_blank\">aluminum extrusions for industrial racks<\/a><\/li>\r\r\n<li><a href=\"https:\/\/sinoextrud.com\/powder-coating-aluminium-process\/\" target=\"_blank\">powder coating aluminium<\/a><\/li>\r\r\n<li><a href=\"https:\/\/sinoextrud.com\/what-is-an-aluminium-strip-ceiling\/\" target=\"_blank\">aluminium strip ceiling<\/a><\/li>\r\r\n<li><a href=\"https:\/\/sinoextrud.com\/what-is-a-heat-sink\/\" target=\"_blank\">what is a heat sink<\/a><\/li>\r\r\n<\/ul>","product_chanpin_chanpin":"<li><a href=\"https:\/\/sinoextrud.com\/product\/aluminum-window-frame-extrusions\/\" target=\"_blank\">Aluminum Window Frame Extrusions<\/a><\/li>\r\n<li><a href=\"https:\/\/sinoextrud.com\/product\/6063-cnc-machining-aluminum-extrusion-hinge\/\" target=\"_blank\">6063 CNC Machining Aluminum Extrusion Hinge<\/a><\/li>\r\n<li><a href=\"https:\/\/sinoextrud.com\/product\/aluminium-track-extrusions\/\" target=\"_blank\">Aluminium Track Extrusions<\/a><\/li>\r\n<li><a href=\"https:\/\/sinoextrud.com\/product\/aluminum-extrusion-aluminium-profile-for-surface-oxidized-pipe\/\" target=\"_blank\">Aluminum Extrusion Aluminium Profile for Surface Oxidized Pipe<\/a><\/li>\r\n<li><a href=\"https:\/\/sinoextrud.com\/product\/h-channel-aluminum-extrusion\/\" target=\"_blank\">H Channel Aluminum Extrusion<\/a><\/li>\r\n<li><a href=\"https:\/\/sinoextrud.com\/product\/cnc-anodized-6063-curved-aluminum-extrusions\/\" target=\"_blank\">CNC Anodized 6063 Curved Aluminum Extrusions<\/a><\/li>\r\n<li><a href=\"https:\/\/sinoextrud.com\/product\/6063-multiple-size-extruded-aluminium-t-slot\/\" target=\"_blank\">6063 Multiple Size Extruded Aluminium T Slot<\/a><\/li>\r\n<li><a href=\"https:\/\/sinoextrud.com\/product\/commercial-glass-aluminium-railing-systems\/\" target=\"_blank\">Commercial Glass Aluminium Railing Systems<\/a><\/li>\r\n<li><a href=\"https:\/\/sinoextrud.com\/product\/custom-made-modern-wood-grain-color-kitchen-cabinet-aluminium-extrusion-profile\/\" target=\"_blank\">Custom made modern wood grain color kitchen cabinet aluminium extrusion profile<\/a><\/li>\r\n<li><a href=\"https:\/\/sinoextrud.com\/product\/extruded-aluminium-skirting-aluminium-skirting-board\/\" target=\"_blank\">Extruded Aluminium Skirting Aluminium Skirting Board<\/a><\/li>\r\n<li><a href=\"https:\/\/sinoextrud.com\/product\/6063-t5-extruded-aluminum-t-slot\/\" target=\"_blank\">6063 T5 Extruded Aluminum T Slot<\/a><\/li>"},"feature_list":[]},"_links":{"self":[{"href":"https:\/\/sinoextrud.com\/de\/wp-json\/wp\/v2\/product\/6889","targetHints":{"allow":["GET"]}}],"collection":[{"href":"https:\/\/sinoextrud.com\/de\/wp-json\/wp\/v2\/product"}],"about":[{"href":"https:\/\/sinoextrud.com\/de\/wp-json\/wp\/v2\/types\/product"}],"wp:featuredmedia":[{"embeddable":true,"href":"https:\/\/sinoextrud.com\/de\/wp-json\/wp\/v2\/media\/6888"}],"wp:attachment":[{"href":"https:\/\/sinoextrud.com\/de\/wp-json\/wp\/v2\/media?parent=6889"}],"wp:term":[{"taxonomy":"category","embeddable":true,"href":"https:\/\/sinoextrud.com\/de\/wp-json\/wp\/v2\/categories?post=6889"}],"curies":[{"name":"wp","href":"https:\/\/api.w.org\/{rel}","templated":true}]}}