{"id":6874,"date":"2025-06-03T03:09:55","date_gmt":"2025-06-03T03:09:55","guid":{"rendered":"https:\/\/sinoextrud.com\/product\/aluminum-extrusion-aluminium-profile-for-surface-oxidized-pipe\/"},"modified":"2025-06-24T06:11:54","modified_gmt":"2025-06-24T06:11:54","slug":"aluminium-strangpressprofil-aluminiumprofil-fur-oberflachenoxidiertes-rohr","status":"publish","type":"product","link":"https:\/\/sinoextrud.com\/de\/product\/aluminum-extrusion-aluminium-profile-for-surface-oxidized-pipe\/","title":{"rendered":"Aluminium-Strangpressprofil f\u00fcr oberfl\u00e4chenoxidierte Rohre"},"content":{"rendered":"<h2>Produkte Details<\/h2>\n<table class=\"custom-table\">\n<tr>\n<td class=\"label\">Art:<\/td>\n<td> Transport Aluminiumprofil, Industrieprodukte<\/td>\n<\/tr>\n<tr>\n<td class=\"label\">Artikel:<\/td>\n<td> Eloxiertes Aluminium-Rohr &amp; Eloxiertes Aluminium-Rohr<\/td>\n<\/tr>\n<tr>\n<td class=\"label\">Note:<\/td>\n<td> Serie 6000<\/td>\n<\/tr>\n<tr>\n<td class=\"label\">Legierung:<\/td>\n<td> Legierung<\/td>\n<\/tr>\n<tr>\n<td class=\"label\">Legierungsbestandteil:<\/td>\n<td> 6063\uff0c<\/td>\n<\/tr>\n<tr>\n<td class=\"label\">Profil aus poliertem Aluminium:<\/td>\n<td> Mechanisches Polieren<\/td>\n<\/tr>\n<tr>\n<td class=\"label\">Verarbeitungslinie:<\/td>\n<td> Strangpressen, Oberfl\u00e4chenbehandlung<\/td>\n<\/tr>\n<tr>\n<td class=\"label\">Transport-Paket:<\/td>\n<td> Vliesstoffe, Kartons<\/td>\n<\/tr>\n<tr>\n<td class=\"label\">Art:<\/td>\n<td> Schwarz eloxierte Aluminiumrohre<\/td>\n<\/tr>\n<tr>\n<td class=\"label\">HS-Code:<\/td>\n<td> 7604299000\uff0c<\/td>\n<\/tr>\n<tr>\n<td class=\"label\">Temperament:<\/td>\n<td> T3-T8\uff0c<\/td>\n<\/tr>\n<tr>\n<td class=\"label\">Oberfl\u00e4chenveredelung:<\/td>\n<td> Anodische Oxidation<\/td>\n<\/tr>\n<tr>\n<td class=\"label\">Zertifizierung:<\/td>\n<td> ISO, GB\/T3190-2008, GB\/T6892-2006, GB\/T14846-2008<\/td>\n<\/tr>\n<tr>\n<td class=\"label\">Vorlaufzeit:<\/td>\n<td> 20-25 Arbeitstage.<\/td>\n<\/tr>\n<tr>\n<td class=\"label\">Herkunft:<\/td>\n<td> Foshan, China<\/td>\n<\/tr>\n<\/table>\n<h2>Unsere Produktionsbasis<\/h2>\n<h3>Fabrik-Panorama<\/h3>\n<p><img decoding=\"async\" src=\"\/wp-content\/uploads\/factory-01.webp\"\/><\/p>\n<h3>Werkstatt zur Herstellung von Aluminiumstangen<\/h3>\n<p><img decoding=\"async\" src=\"\/wp-content\/uploads\/factory-02.webp\"\/><\/p>\n<p><img decoding=\"async\" src=\"\/wp-content\/uploads\/factory-03.webp\"\/><\/p>\n<h3>Lagerhaus f\u00fcr Formen<\/h3>\n<p><img decoding=\"async\" src=\"\/wp-content\/uploads\/factory-04.webp\"\/><\/p>\n<h3>43 Aluminium-Strangpressanlagen (500-5500 Tonnen)<\/h3>\n<p><img decoding=\"async\" src=\"\/wp-content\/uploads\/factory-05.webp\"\/><\/p>\n<p><img decoding=\"async\" src=\"\/wp-content\/uploads\/factory-06.webp\"\/><\/p>\n<p><img decoding=\"async\" src=\"\/wp-content\/uploads\/factory-07.webp\"\/><\/p>\n<h3>Werkstatt f\u00fcr Pulverbeschichtung<\/h3>\n<p><img decoding=\"async\" src=\"\/wp-content\/uploads\/factory-09.webp\"\/><\/p>\n<h3>Eloxal-Werkstatt<\/h3>\n<p><img decoding=\"async\" src=\"\/wp-content\/uploads\/factory-10.webp\"\/><\/p>\n<h3>Workshop zur Tiefenverarbeitung<\/h3>\n<p><img decoding=\"async\" src=\"\/wp-content\/uploads\/factory-11.webp\"\/><\/p>\n<h3>CNC-Pr\u00e4zisionsbearbeitungswerkstatt<\/h3>\n<p><img decoding=\"async\" src=\"\/wp-content\/uploads\/factory-11.5.webp\"\/><\/p>\n<h3>Lager f\u00fcr Fertigprodukte und Export<\/h3>\n<p><img decoding=\"async\" src=\"\/wp-content\/uploads\/factory-12.webp\"\/><\/p>\n<p><img decoding=\"async\" src=\"\/wp-content\/uploads\/factory-13.webp\"\/><\/p>\n<p><img decoding=\"async\" src=\"\/wp-content\/uploads\/factory-14.webp\"\/><\/p>\n<h2>FAQ<\/h2>\n<p><p><b>1. was ist ein Aluminium-Strangpressprofil f\u00fcr oberfl\u00e4chenoxidierte Rohre? <\/b><\/p>\n<p> Es handelt sich um ein Aluminiumrohr, das durch Strangpressen hergestellt und anschlie\u00dfend mit einer Oberfl\u00e4chenoxidation (Eloxieren) behandelt wird, um die Haltbarkeit, \u00c4sthetik und Korrosionsbest\u00e4ndigkeit zu verbessern.<br \/>\n<\/p><br \/>\n<br \/>\n<p><b>2. warum eloxierte Aluminiumrohre w\u00e4hlen? <\/b><\/p>\n<p> Eloxieren erh\u00f6ht die Korrosionsbest\u00e4ndigkeit, sorgt f\u00fcr ein dekoratives Finish, verbessert die Oberfl\u00e4chenh\u00e4rte und erh\u00f6ht die Verschlei\u00df- und UV-Best\u00e4ndigkeit.<br \/>\n<\/p><br \/>\n<br \/>\n<p><b>3. welche Legierungen werden \u00fcblicherweise f\u00fcr oxidierte Aluminiumrohre verwendet? <\/b><\/p>\n<p> Die Legierungen 6063 und 6061 werden aufgrund ihrer hohen Strangpressbarkeit, ihrer Festigkeit und ihrer hervorragenden Eloxierbarkeit am h\u00e4ufigsten verwendet.<br \/>\n<\/p><br \/>\n<br \/>\n<p><b>4. welche Arten von Rohrformen gibt es? <\/b><\/p>\n<p> Die Rohre k\u00f6nnen je nach den Anforderungen der Anwendung in runder, quadratischer, ovaler, dreieckiger oder kundenspezifischer Form hergestellt werden.<br \/>\n<\/p><br \/>\n<br \/>\n<p><b>5. welche Oberfl\u00e4chenbehandlungen k\u00f6nnen nach der Oxidation durchgef\u00fchrt werden? <\/b><\/p>\n<p> Zu den Eloxaloberfl\u00e4chen geh\u00f6ren klar, schwarz, bronze, champagnerfarben, gold und kundenspezifische Farben sowie geb\u00fcrstete oder polierte Texturen.<br \/>\n<\/p><br \/>\n<br \/>\n<p><b>6. sind diese Rohre f\u00fcr bauliche oder dekorative Zwecke geeignet? <\/b><\/p>\n<p> Ja, sie eignen sich sowohl f\u00fcr strukturelle (z. B. Rahmen, St\u00fctzen) als auch f\u00fcr dekorative Anwendungen (z. B. M\u00f6bel, Gel\u00e4nder, Verkleidungen).<br \/>\n<\/p><br \/>\n<br \/>\n<p><b>7. kann ich kundenspezifische oxidierte Aluminiumrohre bestellen? <\/b><\/p>\n<p> Auf jeden Fall bieten die Hersteller umfassende OEM-Dienstleistungen an, einschlie\u00dflich kundenspezifischer Gr\u00f6\u00dfen, Wandst\u00e4rken, Farben und Endbearbeitungen.<br \/>\n<\/p><br \/>\n<br \/>\n<p><b>8. wo kann ich oberfl\u00e4chenoxidierte Aluminiumrohre als Massenware beziehen? <\/b><\/p>\n<p> F\u00fchrende chinesische Fabriken bieten Gro\u00dfauftr\u00e4ge mit hochwertiger Extrusion und Eloxierung, wettbewerbsf\u00e4higen Preisen und weltweiten Exportdienstleistungen.<br \/>\n<\/p><br \/><\/p>","protected":false},"featured_media":6873,"template":"","categories":[67],"class_list":["post-6874","product","type-product","status-publish","has-post-thumbnail","hentry","category-architectural-aluminium-profile"],"meta_box":{"hilight_text_group":{"product_hilight_text":"<li>High-quality aluminum extrusion profiles designed for surface oxidized pipe applications<\/li>\r\r\n<li>Made from 6063 or 6061 alloy offering excellent strength, corrosion resistance, and smooth extrusion capability<\/li>\r\r\n<li>Surface oxidation (anodizing) enhances wear resistance, electrical insulation, and decorative appearance<\/li>\r\r\n<li>Available in round, square, and custom pipe cross-sections with various anodized finishes<\/li>\r\r\n<li>OEM customization available for dimensions, wall thickness, length, and surface color<\/li>","product_chanpin_blog":"<ul>\r\r\n<li><a href=\"https:\/\/sinoextrud.com\/t-slot-v-slot-differences\/\" target=\"_blank\">t slot vs v slot<\/a><\/li>\r\r\n<li><a href=\"https:\/\/sinoextrud.com\/what-is-4040-aluminium-extrud\/\" target=\"_blank\">4040 aluminium extrusion<\/a><\/li>\r\r\n<li><a href=\"https:\/\/sinoextrud.com\/what-is-4040-aluminium-extrud\/\" target=\"_blank\">aluminum extrusions for industrial racks<\/a><\/li>\r\r\n<li><a href=\"https:\/\/sinoextrud.com\/powder-coating-aluminium-process\/\" target=\"_blank\">powder coating aluminium<\/a><\/li>\r\r\n<li><a href=\"https:\/\/sinoextrud.com\/what-is-an-aluminium-strip-ceiling\/\" target=\"_blank\">aluminium strip ceiling<\/a><\/li>\r\r\n<li><a href=\"https:\/\/sinoextrud.com\/what-is-a-heat-sink\/\" target=\"_blank\">what is a heat sink<\/a><\/li>\r\r\n<\/ul>","product_chanpin_chanpin":"<li><a href=\"https:\/\/sinoextrud.com\/product\/aluminium-frame-extrusion-profile-picture-frame-profile-for-interior-decoration-supplied-by-china-manufacturer\/\" target=\"_blank\">Aluminium Frame Extrusion Profile Picture Frame Profile for Interior Decoration Supplied By China Manufacturer<\/a><\/li>\r\n<li><a href=\"https:\/\/sinoextrud.com\/product\/aluminum-window-frame-extrusions\/\" target=\"_blank\">Aluminum Window Frame Extrusions<\/a><\/li>\r\n<li><a href=\"https:\/\/sinoextrud.com\/product\/6063-cnc-machining-aluminum-extrusion-hinge\/\" target=\"_blank\">6063 CNC Machining Aluminum Extrusion Hinge<\/a><\/li>\r\n<li><a href=\"https:\/\/sinoextrud.com\/product\/aluminium-track-extrusions\/\" target=\"_blank\">Aluminium Track Extrusions<\/a><\/li>\r\n<li><a href=\"https:\/\/sinoextrud.com\/product\/aluminum-extrusion-aluminium-profile-for-surface-oxidized-pipe\/\" target=\"_blank\">Aluminum Extrusion Aluminium Profile for Surface Oxidized Pipe<\/a><\/li>\r\n<li><a href=\"https:\/\/sinoextrud.com\/product\/h-channel-aluminum-extrusion\/\" target=\"_blank\">H Channel Aluminum Extrusion<\/a><\/li>\r\n<li><a href=\"https:\/\/sinoextrud.com\/product\/cnc-anodized-6063-curved-aluminum-extrusions\/\" target=\"_blank\">CNC Anodized 6063 Curved Aluminum Extrusions<\/a><\/li>\r\n<li><a href=\"https:\/\/sinoextrud.com\/product\/6063-multiple-size-extruded-aluminium-t-slot\/\" target=\"_blank\">6063 Multiple Size Extruded Aluminium T Slot<\/a><\/li>\r\n<li><a href=\"https:\/\/sinoextrud.com\/product\/commercial-glass-aluminium-railing-systems\/\" target=\"_blank\">Commercial Glass Aluminium Railing Systems<\/a><\/li>\r\n<li><a href=\"https:\/\/sinoextrud.com\/product\/aluminum-extrusion-polished-square-tupe\/\" target=\"_blank\">Aluminum Extrusion Polished Square Tupe<\/a><\/li>\r\n<li><a href=\"https:\/\/sinoextrud.com\/product\/design-of-anodized-aluminum-handrail-price\/\" target=\"_blank\">design of anodized aluminum handrail price<\/a><\/li>"},"feature_list":[]},"_links":{"self":[{"href":"https:\/\/sinoextrud.com\/de\/wp-json\/wp\/v2\/product\/6874","targetHints":{"allow":["GET"]}}],"collection":[{"href":"https:\/\/sinoextrud.com\/de\/wp-json\/wp\/v2\/product"}],"about":[{"href":"https:\/\/sinoextrud.com\/de\/wp-json\/wp\/v2\/types\/product"}],"wp:featuredmedia":[{"embeddable":true,"href":"https:\/\/sinoextrud.com\/de\/wp-json\/wp\/v2\/media\/6873"}],"wp:attachment":[{"href":"https:\/\/sinoextrud.com\/de\/wp-json\/wp\/v2\/media?parent=6874"}],"wp:term":[{"taxonomy":"category","embeddable":true,"href":"https:\/\/sinoextrud.com\/de\/wp-json\/wp\/v2\/categories?post=6874"}],"curies":[{"name":"wp","href":"https:\/\/api.w.org\/{rel}","templated":true}]}}