{"id":6868,"date":"2025-06-03T03:02:34","date_gmt":"2025-06-03T03:02:34","guid":{"rendered":"https:\/\/sinoextrud.com\/product\/aluminum-window-frame-extrusions\/"},"modified":"2025-06-24T06:11:53","modified_gmt":"2025-06-24T06:11:53","slug":"aluminium-fensterrahmen-strangpressprofile","status":"publish","type":"product","link":"https:\/\/sinoextrud.com\/de\/product\/aluminum-window-frame-extrusions\/","title":{"rendered":"Aluminium Fensterrahmen Strangpressprofile"},"content":{"rendered":"<h2>Produkte Details<\/h2>\n<table class=\"custom-table\">\n<tr>\n<td class=\"label\">Profile<\/td>\n<td>Aluminium Fensterrahmen Strangpressprofile<br \/>\nHochwertige thermisch und nicht thermisch getrennte Aluminiumprofile 6063-T5<br \/>\n6063-T6 Aluminiumprofile f\u00fcr Vorhangfassaden von hoher Qualit\u00e4t<\/td>\n<\/tr>\n<tr>\n<td class=\"label\">Glas<\/td>\n<td>Doppeltes vorgespanntes Glas mit mit Luft oder Argogas gef\u00fclltem Zwischenraum<br \/>\nEinscheibensicherheitsglas (ESG)<br \/>\nEinscheibensicherheitsglas\uff0c<\/td>\n<\/tr>\n<tr>\n<td class=\"label\">Hardware<\/td>\n<td>Marke Deutschland<br \/>\nMarke Australien<br \/>\nMarke China<br \/>\nMa\u00dfgeschneiderte Marke<\/td>\n<\/tr>\n<tr>\n<td class=\"label\">Farbe<\/td>\n<td>Pulverbeschichtung<br \/>\nEloxiert<br \/>\nElektrophorese<br \/>\nHolzmaserung<\/td>\n<\/tr>\n<tr>\n<td class=\"label\">Typen<\/td>\n<td>Markisenfenster Schiebefenster Bifold-Fenster<br \/>\nFl\u00fcgelfenster Drehkippfenster Feststehende Fenster<br \/>\nSchiebet\u00fcr Dreht\u00fcr Faltt\u00fcr<br \/>\nHebe- und Schiebet\u00fcr Dreht\u00fcr Fluchtt\u00fcr<br \/>\nSensort\u00fcr Glasjalousie Jalousiefenster<\/td>\n<\/tr>\n<\/table>\n<h2>Unsere Produktionsbasis<\/h2>\n<h3>Fabrik-Panorama<\/h3>\n<p><img decoding=\"async\" src=\"\/wp-content\/uploads\/factory-01.webp\"\/><\/p>\n<h3>Werkstatt zur Herstellung von Aluminiumstangen<\/h3>\n<p><img decoding=\"async\" src=\"\/wp-content\/uploads\/factory-02.webp\"\/><\/p>\n<p><img decoding=\"async\" src=\"\/wp-content\/uploads\/factory-03.webp\"\/><\/p>\n<h3>Lagerhaus f\u00fcr Formen<\/h3>\n<p><img decoding=\"async\" src=\"\/wp-content\/uploads\/factory-04.webp\"\/><\/p>\n<h3>43 Aluminium-Strangpressanlagen (500-5500 Tonnen)<\/h3>\n<p><img decoding=\"async\" src=\"\/wp-content\/uploads\/factory-05.webp\"\/><\/p>\n<p><img decoding=\"async\" src=\"\/wp-content\/uploads\/factory-06.webp\"\/><\/p>\n<p><img decoding=\"async\" src=\"\/wp-content\/uploads\/factory-07.webp\"\/><\/p>\n<h3>Werkstatt f\u00fcr Pulverbeschichtung<\/h3>\n<p><img decoding=\"async\" src=\"\/wp-content\/uploads\/factory-09.webp\"\/><\/p>\n<h3>Eloxal-Werkstatt<\/h3>\n<p><img decoding=\"async\" src=\"\/wp-content\/uploads\/factory-10.webp\"\/><\/p>\n<h3>Workshop zur Tiefenverarbeitung<\/h3>\n<p><img decoding=\"async\" src=\"\/wp-content\/uploads\/factory-11.webp\"\/><\/p>\n<h3>CNC-Pr\u00e4zisionsbearbeitungswerkstatt<\/h3>\n<p><img decoding=\"async\" src=\"\/wp-content\/uploads\/factory-11.5.webp\"\/><\/p>\n<h3>Lager f\u00fcr Fertigprodukte und Export<\/h3>\n<p><img decoding=\"async\" src=\"\/wp-content\/uploads\/factory-12.webp\"\/><\/p>\n<p><img decoding=\"async\" src=\"\/wp-content\/uploads\/factory-13.webp\"\/><\/p>\n<p><img decoding=\"async\" src=\"\/wp-content\/uploads\/factory-14.webp\"\/><\/p>\n<h2>FAQ<\/h2>\n<p><p><b>1. was sind Aluminium-Fensterrahmen aus Strangpressprofilen? <\/b><\/p>\n<p> Es handelt sich um stranggepresste Aluminiumprofile, die f\u00fcr die Konstruktion von Fensterrahmen verwendet werden und die strukturelle Unterst\u00fctzung und den \u00e4sthetischen Abschluss f\u00fcr Verglasungssysteme bieten.<br \/>\n<\/p><br \/>\n<br \/>\n<p><b>2. warum Aluminium f\u00fcr Fensterrahmen w\u00e4hlen? <\/b><\/p>\n<p> Aluminium ist leicht, stabil, korrosionsbest\u00e4ndig und wartungsfrei und damit ideal f\u00fcr langlebige und elegante Fenstersysteme.<br \/>\n<\/p><br \/>\n<br \/>\n<p><b>3. welche Legierung wird typischerweise bei der Herstellung von Fensterprofilen verwendet? <\/b><\/p>\n<p> 6063-T5 ist die g\u00e4ngigste Legierung aufgrund ihrer hervorragenden Oberfl\u00e4cheng\u00fcte, Festigkeit und Eignung f\u00fcr Eloxal und Beschichtung.<br \/>\n<\/p><br \/>\n<br \/>\n<p><b>4. k\u00f6nnen die Profile f\u00fcr verschiedene Fenstersysteme angepasst werden? <\/b><\/p>\n<p> Ja, die Hersteller bieten ma\u00dfgefertigte Profile f\u00fcr Einfach-, Doppel- oder Dreifachverglasung sowie spezielle Rahmen- und Fl\u00fcgelkonfigurationen an.<br \/>\n<\/p><br \/>\n<br \/>\n<p><b>5. welche Veredelungen sind f\u00fcr Aluminiumfensterprofile erh\u00e4ltlich? <\/b><\/p>\n<p> Zu den Oberfl\u00e4chen z\u00e4hlen Eloxierung (Silber, Schwarz, Bronze), Pulverbeschichtung (jede RAL-Farbe) und Holzmaserung als dekoratives Element.<br \/>\n<\/p><br \/>\n<br \/>\n<p><b>6. sind Aluminiumfensterrahmen thermisch effizient? <\/b><\/p>\n<p> Ja, viele Profile sind mit der Technologie der thermischen Trennung durch Polyamidstreifen erh\u00e4ltlich, um die Isolierung und die Energiebilanz zu verbessern.<br \/>\n<\/p><br \/>\n<br \/>\n<p><b>7. wo werden diese Profile verwendet? <\/b><\/p>\n<p> Sie werden in Schiebe-, Fl\u00fcgel-, Drehkipp-, Fest- und Vorhangfenstersystemen in Wohn- und Gesch\u00e4ftsgeb\u00e4uden eingesetzt.<br \/>\n<\/p><br \/>\n<br \/>\n<p><b>8. kann ich Aluminium-Fensterrahmenprofile in gro\u00dfen Mengen aus China beziehen? <\/b><\/p>\n<p> Ja, f\u00fchrende chinesische Hersteller bieten OEM-Aluminium-Strangpressprofile zu wettbewerbsf\u00e4higen Preisen, mit vollst\u00e4ndiger kundenspezifischer Anpassung und weltweitem Versand an.<br \/>\n<\/p><br \/><\/p>","protected":false},"featured_media":6867,"template":"","categories":[67],"class_list":["post-6868","product","type-product","status-publish","has-post-thumbnail","hentry","category-architectural-aluminium-profile"],"meta_box":{"hilight_text_group":{"product_hilight_text":"<li>Durable aluminum window frame extrusions made from high-quality 6063-T5 alloy<\/li>\r\r\n<li>Excellent corrosion resistance, thermal performance, and structural strength for long-term reliability<\/li>\r\r\n<li>Customizable in thickness, cross-sectional design, and glazing compatibility<\/li>\r\r\n<li>Available in anodized, powder-coated, and wood grain finishes to match architectural styles<\/li>\r\r\n<li>Ideal for residential, commercial, and industrial window systems with OEM support<\/li>","product_chanpin_blog":"<ul>\r\r\n<li><a href=\"https:\/\/sinoextrud.com\/t-slot-v-slot-differences\/\" target=\"_blank\">t slot vs v slot<\/a><\/li>\r\r\n<li><a href=\"https:\/\/sinoextrud.com\/what-is-4040-aluminium-extrud\/\" target=\"_blank\">4040 aluminium extrusion<\/a><\/li>\r\r\n<li><a href=\"https:\/\/sinoextrud.com\/what-is-4040-aluminium-extrud\/\" target=\"_blank\">aluminum extrusions for industrial racks<\/a><\/li>\r\r\n<li><a href=\"https:\/\/sinoextrud.com\/powder-coating-aluminium-process\/\" target=\"_blank\">powder coating aluminium<\/a><\/li>\r\r\n<li><a href=\"https:\/\/sinoextrud.com\/what-is-an-aluminium-strip-ceiling\/\" target=\"_blank\">aluminium strip ceiling<\/a><\/li>\r\r\n<li><a href=\"https:\/\/sinoextrud.com\/what-is-a-heat-sink\/\" target=\"_blank\">what is a heat sink<\/a><\/li>\r\r\n<\/ul>","product_chanpin_chanpin":"<li><a href=\"https:\/\/sinoextrud.com\/product\/aluminium-round-tube-extrusion-profile-with-anodized-powder-coating-surface-treatment-oem-customized-extruded-aluminium-tube-profile\/\" target=\"_blank\">Aluminium Round Tube Extrusion Profile With Anodized Powder Coating Surface Treatment OEM Customized  Extruded Aluminium Tube Profile<\/a><\/li>\r\n<li><a href=\"https:\/\/sinoextrud.com\/product\/anodized-aluminium-industrial-profile-aluminum-extrusion\/\" target=\"_blank\">Anodized Aluminium Industrial Profile & Aluminum Extrusion<\/a><\/li>\r\n<li><a href=\"https:\/\/sinoextrud.com\/product\/anodized-aluminium-industrial-profile-aluminum-extrusion-2\/\" target=\"_blank\">Anodized Aluminium Industrial Profile  Aluminum Extrusion<\/a><\/li>\r\n<li><a href=\"https:\/\/sinoextrud.com\/product\/aluminium-frame-extrusion-profile-picture-frame-profile-for-interior-decoration-supplied-by-china-manufacturer\/\" target=\"_blank\">Aluminium Frame Extrusion Profile Picture Frame Profile for Interior Decoration Supplied By China Manufacturer<\/a><\/li>\r\n<li><a href=\"https:\/\/sinoextrud.com\/product\/aluminum-window-frame-extrusions\/\" target=\"_blank\">Aluminum Window Frame Extrusions<\/a><\/li>\r\n<li><a href=\"https:\/\/sinoextrud.com\/product\/6063-cnc-machining-aluminum-extrusion-hinge\/\" target=\"_blank\">6063 CNC Machining Aluminum Extrusion Hinge<\/a><\/li>\r\n<li><a href=\"https:\/\/sinoextrud.com\/product\/aluminium-track-extrusions\/\" target=\"_blank\">Aluminium Track Extrusions<\/a><\/li>\r\n<li><a href=\"https:\/\/sinoextrud.com\/product\/aluminum-extrusion-aluminium-profile-for-surface-oxidized-pipe\/\" target=\"_blank\">Aluminum Extrusion Aluminium Profile for Surface Oxidized Pipe<\/a><\/li>\r\n<li><a href=\"https:\/\/sinoextrud.com\/product\/h-channel-aluminum-extrusion\/\" target=\"_blank\">H Channel Aluminum Extrusion<\/a><\/li>\r\n<li><a href=\"https:\/\/sinoextrud.com\/product\/aluminium-square-tube-extrusion-profile-with-6063-t5-alloy-anodized-extruded-aluminium-profile\/\" target=\"_blank\">Aluminium Square Tube Extrusion Profile With 6063 T5 Alloy  Anodized Extruded Aluminium Profile<\/a><\/li>\r\n<li><a href=\"https:\/\/sinoextrud.com\/product\/hospital-aluminum-profile\/\" target=\"_blank\">Hospital Aluminum Profile<\/a><\/li>"},"feature_list":[]},"_links":{"self":[{"href":"https:\/\/sinoextrud.com\/de\/wp-json\/wp\/v2\/product\/6868","targetHints":{"allow":["GET"]}}],"collection":[{"href":"https:\/\/sinoextrud.com\/de\/wp-json\/wp\/v2\/product"}],"about":[{"href":"https:\/\/sinoextrud.com\/de\/wp-json\/wp\/v2\/types\/product"}],"wp:featuredmedia":[{"embeddable":true,"href":"https:\/\/sinoextrud.com\/de\/wp-json\/wp\/v2\/media\/6867"}],"wp:attachment":[{"href":"https:\/\/sinoextrud.com\/de\/wp-json\/wp\/v2\/media?parent=6868"}],"wp:term":[{"taxonomy":"category","embeddable":true,"href":"https:\/\/sinoextrud.com\/de\/wp-json\/wp\/v2\/categories?post=6868"}],"curies":[{"name":"wp","href":"https:\/\/api.w.org\/{rel}","templated":true}]}}