{"id":6860,"date":"2025-06-03T02:48:04","date_gmt":"2025-06-03T02:48:04","guid":{"rendered":"https:\/\/sinoextrud.com\/product\/aluminium-round-tube-extrusion-profile-with-anodized-powder-coating-surface-treatment-oem-customized-extruded-aluminium-tube-profile\/"},"modified":"2025-06-24T06:11:52","modified_gmt":"2025-06-24T06:11:52","slug":"aluminium-rundrohr-strangpressprofil-mit-eloxierter-pulverbeschichtung-oberflachenbehandlung-oem-kundenspezifisch-stranggepresstes-aluminiumrohrprofil","status":"publish","type":"product","link":"https:\/\/sinoextrud.com\/de\/product\/aluminium-round-tube-extrusion-profile-with-anodized-powder-coating-surface-treatment-oem-customized-extruded-aluminium-tube-profile\/","title":{"rendered":"Aluminium Rundrohr Extrusionsprofil mit eloxierter Pulverbeschichtung Oberfl\u00e4chenbehandlung OEM kundenspezifische extrudierte Aluminiumrohr Profil"},"content":{"rendered":"<h2>Produkte Details<\/h2>\n<table class=\"custom-table\">\n<tr>\n<td class=\"label\">Artikel:<\/td>\n<td> Aluminium Rundrohr Extrusionsprofil mit eloxierter Pulverbeschichtung Oberfl\u00e4chenbehandlung OEM Customized \/ Extrudierte Aluminium-Rohrprofil\uff0c<\/td>\n<\/tr>\n<tr>\n<td class=\"label\">Materialien:<\/td>\n<td> 6063\/6061\uff0c<\/td>\n<\/tr>\n<tr>\n<td class=\"label\">Temperament:<\/td>\n<td> T4, T5, T6\uff0c.<\/td>\n<\/tr>\n<tr>\n<td class=\"label\">Wandst\u00e4rke:<\/td>\n<td> von 0,8 bis 1,2 mm, oder kundenspezifisch.<\/td>\n<\/tr>\n<tr>\n<td class=\"label\">Allgemeine L\u00e4nge:<\/td>\n<td> 1-9m, oder kundenspezifisch<\/td>\n<\/tr>\n<tr>\n<td class=\"label\">Note:<\/td>\n<td> Serie 6000<\/td>\n<\/tr>\n<tr>\n<td class=\"label\">Legierung:<\/td>\n<td> Legierung<\/td>\n<\/tr>\n<tr>\n<td class=\"label\">Herkunft:<\/td>\n<td> Foshan, China<\/td>\n<\/tr>\n<tr>\n<td class=\"label\">Oberfl\u00e4chenveredelung:<\/td>\n<td> als Voraussetzung, dass<\/td>\n<\/tr>\n<tr>\n<td class=\"label\">Warenzeichen:<\/td>\n<td> Sinoextrud(Sinoextrud)\/ OEM\uff0c<\/td>\n<\/tr>\n<tr>\n<td class=\"label\">Art:<\/td>\n<td> Aluminium Rundrohr Profil,<\/td>\n<\/tr>\n<\/table>\n<h2>Unsere Produktionsbasis<\/h2>\n<h3>Fabrik-Panorama<\/h3>\n<p><img decoding=\"async\" src=\"\/wp-content\/uploads\/factory-01.webp\"\/><\/p>\n<h3>Werkstatt zur Herstellung von Aluminiumstangen<\/h3>\n<p><img decoding=\"async\" src=\"\/wp-content\/uploads\/factory-02.webp\"\/><\/p>\n<\/p>\n<p><img decoding=\"async\" src=\"\/wp-content\/uploads\/factory-03.webp\"\/><\/p>\n<h3>Lagerhaus f\u00fcr Formen<\/h3>\n<p><img decoding=\"async\" src=\"\/wp-content\/uploads\/factory-04.webp\"\/><\/p>\n<h3>43 Aluminium-Strangpressanlagen (500-5500 Tonnen)<\/h3>\n<p><img decoding=\"async\" src=\"\/wp-content\/uploads\/factory-05.webp\"\/><\/p>\n<p><img decoding=\"async\" src=\"\/wp-content\/uploads\/factory-06.webp\"\/><\/p>\n<p><img decoding=\"async\" src=\"\/wp-content\/uploads\/factory-07.webp\"\/><\/p>\n<h3>Werkstatt f\u00fcr Pulverbeschichtung<\/h3>\n<p><img decoding=\"async\" src=\"\/wp-content\/uploads\/factory-09.webp\"\/><\/p>\n<h3>Eloxal-Werkstatt<\/h3>\n<p><img decoding=\"async\" src=\"\/wp-content\/uploads\/factory-10.webp\"\/><\/p>\n<h3>Workshop zur Tiefenverarbeitung<\/h3>\n<p><img decoding=\"async\" src=\"\/wp-content\/uploads\/factory-11.webp\"\/><\/p>\n<h3>CNC-Pr\u00e4zisionsbearbeitungswerkstatt<\/h3>\n<p><img decoding=\"async\" src=\"\/wp-content\/uploads\/factory-11.5.webp\"\/><\/p>\n<h3>Lager f\u00fcr Fertigprodukte und Export<\/h3>\n<p><img decoding=\"async\" src=\"\/wp-content\/uploads\/factory-12.webp\"\/><\/p>\n<p><img decoding=\"async\" src=\"\/wp-content\/uploads\/factory-13.webp\"\/><\/p>\n<p><img decoding=\"async\" src=\"\/wp-content\/uploads\/factory-14.webp\"\/><\/p>\n<h2>FAQ<\/h2>\n<p><b>1. was ist ein Aluminium-Rundrohr-Extrusionsprofil? <\/b><\/p>\n<p> Es handelt sich um ein zylindrisches, hohles Aluminiumprofil, das durch Strangpressen hergestellt wird und f\u00fcr strukturelle Unterst\u00fctzung, Fl\u00fcssigkeits\u00fcbertragung und dekorative Elemente verwendet wird.\n<\/p>\n<p><\/p>\n<p><b>2. welche Oberfl\u00e4chenbehandlungen sind f\u00fcr Aluminium-Rohrprofile m\u00f6glich? <\/b><\/p>\n<p> Zu den \u00fcblichen Behandlungen geh\u00f6ren Eloxieren (f\u00fcr Korrosionsbest\u00e4ndigkeit und Farbe) und Pulverbeschichtung (f\u00fcr verbesserte Haltbarkeit und individuelle \u00c4sthetik).\n<\/p>\n<p><\/p>\n<p><b>3. welche Legierungen werden typischerweise f\u00fcr runde Aluminiumrohre verwendet? <\/b><\/p>\n<p> Die Legierungen 6063 und 6061 werden aufgrund ihrer hervorragenden Festigkeit, Bearbeitbarkeit und Korrosionsbest\u00e4ndigkeit am h\u00e4ufigsten verwendet.\n<\/p>\n<p><\/p>\n<p><b>4. kann ich die Gr\u00f6\u00dfe der stranggepressten runden Aluminiumrohre anpassen? <\/b><\/p>\n<p> Ja, OEM-Hersteller bieten kundenspezifische Durchmesser, Wandst\u00e4rken und L\u00e4ngen an, um spezifische Design- oder Strukturanforderungen zu erf\u00fcllen.\n<\/p>\n<p><\/p>\n<p><b>5) Sind eloxierte Aluminiumtuben f\u00fcr den Au\u00dfeneinsatz geeignet? <\/b><\/p>\n<p> Eloxierte und pulverbeschichtete Rohre bieten eine hervorragende UV- und Witterungsbest\u00e4ndigkeit und sind ideal f\u00fcr Au\u00dfenanwendungen.\n<\/p>\n<p><\/p>\n<p><b>6. was sind typische Anwendungen f\u00fcr runde Aluminiumrohrprofile? <\/b><\/p>\n<p> Diese Profile werden f\u00fcr M\u00f6belrahmen, Vorhangstangen, Sportger\u00e4te, Konstruktionsrahmen und industrielle Rohrleitungssysteme verwendet.\n<\/p>\n<p><\/p>\n<p><b>7. wie werden Aluminium-Rohrprofile montiert oder verbunden? <\/b><\/p>\n<p> Sie k\u00f6nnen je nach Anwendung geschnitten, gebohrt, geschwei\u00dft oder mit mechanischen Befestigungen oder Aluminiumverbindern verbunden werden.\n<\/p>\n<p><\/p>\n<p><b>8. wo kann ich OEM stranggepresste runde Aluminiumrohre beziehen? <\/b><\/p>\n<p> F\u00fchrende chinesische Hersteller liefern ma\u00dfgeschneiderte Aluminium-Rohrprofile als Massenware mit einer Vielzahl von Oberfl\u00e4chenbehandlungen und weltweitem Versand.\n<\/p>\n<p><\/p>","protected":false},"featured_media":6859,"template":"","categories":[67],"class_list":["post-6860","product","type-product","status-publish","has-post-thumbnail","hentry","category-architectural-aluminium-profile"],"meta_box":{"hilight_text_group":{"product_hilight_text":"<li>High-quality aluminium round tube extrusion profiles with anodized or powder-coated surface treatments<\/li>\r\r\n<li>Manufactured using 6061 or 6063 alloy for strength, corrosion resistance, and formability<\/li>\r\r\n<li>OEM customized dimensions, wall thicknesses, and lengths for structural, decorative, and mechanical uses<\/li>\r\r\n<li>Available in a variety of finishes including clear anodized, black, bronze, silver, and custom powder coating<\/li>\r\r\n<li>Widely used in construction, furniture, transportation, and industrial piping systems<\/li>","product_chanpin_blog":"<ul>\r\r\n<li><a href=\"https:\/\/sinoextrud.com\/t-slot-v-slot-differences\/\" target=\"_blank\">t slot vs v slot<\/a><\/li>\r\r\n<li><a href=\"https:\/\/sinoextrud.com\/what-is-4040-aluminium-extrud\/\" target=\"_blank\">4040 aluminium extrusion<\/a><\/li>\r\r\n<li><a href=\"https:\/\/sinoextrud.com\/what-is-4040-aluminium-extrud\/\" target=\"_blank\">aluminum extrusions for industrial racks<\/a><\/li>\r\r\n<li><a href=\"https:\/\/sinoextrud.com\/powder-coating-aluminium-process\/\" target=\"_blank\">powder coating aluminium<\/a><\/li>\r\r\n<li><a href=\"https:\/\/sinoextrud.com\/what-is-an-aluminium-strip-ceiling\/\" target=\"_blank\">aluminium strip ceiling<\/a><\/li>\r\r\n<li><a href=\"https:\/\/sinoextrud.com\/what-is-a-heat-sink\/\" target=\"_blank\">what is a heat sink<\/a><\/li>\r\r\n<\/ul>","product_chanpin_chanpin":"<li><a href=\"https:\/\/sinoextrud.com\/product\/aluminium-z-section-extrusions\/\" target=\"_blank\">Aluminium Z Section Extrusions<\/a><\/li>\r\n<li><a href=\"https:\/\/sinoextrud.com\/product\/6063-t5-aluminum-extruded-profiles\/\" target=\"_blank\">6063 T5 Aluminum Extruded Profiles<\/a><\/li>\r\n<li><a href=\"https:\/\/sinoextrud.com\/product\/aluminum-sunshading-profile\/\" target=\"_blank\">Aluminum Sunshading Profile<\/a><\/li>\r\n<li><a href=\"https:\/\/sinoextrud.com\/product\/industrial-customized-6063-t5-alloy-aluminium-extrusion-profile\/\" target=\"_blank\">Industrial Customized 6063-T5 Alloy Aluminium Extrusion Profile<\/a><\/li>\r\n<li><a href=\"https:\/\/sinoextrud.com\/product\/aluminium-round-tube-extrusion-profile-with-anodized-powder-coating-surface-treatment-oem-customized-extruded-aluminium-tube-profile\/\" target=\"_blank\">Aluminium Round Tube Extrusion Profile With Anodized Powder Coating Surface Treatment OEM Customized  Extruded Aluminium Tube Profile<\/a><\/li>\r\n<li><a href=\"https:\/\/sinoextrud.com\/product\/anodized-aluminium-industrial-profile-aluminum-extrusion\/\" target=\"_blank\">Anodized Aluminium Industrial Profile & Aluminum Extrusion<\/a><\/li>\r\n<li><a href=\"https:\/\/sinoextrud.com\/product\/anodized-aluminium-industrial-profile-aluminum-extrusion-2\/\" target=\"_blank\">Anodized Aluminium Industrial Profile  Aluminum Extrusion<\/a><\/li>\r\n<li><a href=\"https:\/\/sinoextrud.com\/product\/aluminium-frame-extrusion-profile-picture-frame-profile-for-interior-decoration-supplied-by-china-manufacturer\/\" target=\"_blank\">Aluminium Frame Extrusion Profile Picture Frame Profile for Interior Decoration Supplied By China Manufacturer<\/a><\/li>\r\n<li><a href=\"https:\/\/sinoextrud.com\/product\/aluminum-window-frame-extrusions\/\" target=\"_blank\">Aluminum Window Frame Extrusions<\/a><\/li>\r\n<li><a href=\"https:\/\/sinoextrud.com\/product\/aluminum-extrusion-electrophoresis-aluminum-tube\/\" target=\"_blank\">Aluminum Extrusion Electrophoresis Aluminum Tube<\/a><\/li>\r\n<li><a href=\"https:\/\/sinoextrud.com\/product\/v-slot-rail-aluminum-profile-extrusion\/\" target=\"_blank\">V Slot Rail Aluminum Profile Extrusion<\/a><\/li>"},"feature_list":[]},"_links":{"self":[{"href":"https:\/\/sinoextrud.com\/de\/wp-json\/wp\/v2\/product\/6860","targetHints":{"allow":["GET"]}}],"collection":[{"href":"https:\/\/sinoextrud.com\/de\/wp-json\/wp\/v2\/product"}],"about":[{"href":"https:\/\/sinoextrud.com\/de\/wp-json\/wp\/v2\/types\/product"}],"wp:featuredmedia":[{"embeddable":true,"href":"https:\/\/sinoextrud.com\/de\/wp-json\/wp\/v2\/media\/6859"}],"wp:attachment":[{"href":"https:\/\/sinoextrud.com\/de\/wp-json\/wp\/v2\/media?parent=6860"}],"wp:term":[{"taxonomy":"category","embeddable":true,"href":"https:\/\/sinoextrud.com\/de\/wp-json\/wp\/v2\/categories?post=6860"}],"curies":[{"name":"wp","href":"https:\/\/api.w.org\/{rel}","templated":true}]}}