{"id":6849,"date":"2025-06-03T02:22:41","date_gmt":"2025-06-03T02:22:41","guid":{"rendered":"https:\/\/sinoextrud.com\/product\/aluminium-profile-for-glass-roof\/"},"modified":"2025-06-24T06:11:50","modified_gmt":"2025-06-24T06:11:50","slug":"aluminiumprofil-fur-glasdach","status":"publish","type":"product","link":"https:\/\/sinoextrud.com\/de\/product\/aluminium-profile-for-glass-roof\/","title":{"rendered":"Aluminiumprofil f\u00fcr Glasdach"},"content":{"rendered":"<h2>Produkte Details<\/h2>\n<table class=\"custom-table\">\n<tr>\n<td class=\"label\">1. Material:<\/td>\n<td> Aluminiumlegierung 6063, 6061, 6463, 6061, 6082 oder nach Kundenwunsch<\/td>\n<\/tr>\n<tr>\n<td class=\"label\">2. Temperament:<\/td>\n<td> T5, T6<\/td>\n<\/tr>\n<tr>\n<td class=\"label\">3. Oberfl\u00e4chenbehandlung:<\/td>\n<td> Walzen, Eloxieren, Pulverbeschichten, Elektrophorese, Sandstrahlen usw. PVDF-Beschichtung, Holzmaserungslackierung, mattiert, poliert blank<\/td>\n<\/tr>\n<tr>\n<td class=\"label\">4. Verf\u00fcgbare Farbe:<\/td>\n<td> Silber, Bronze, Champagner, Matt, Natur f\u00fcr Eloxierung, Ral f\u00fcr Pulverbeschichtung<\/td>\n<\/tr>\n<tr>\n<td class=\"label\">5. Einzelheiten der Verpackung:<\/td>\n<td> Gesch\u00fctzte Folie innen und Schrumpffolie au\u00dfen<\/td>\n<\/tr>\n<tr>\n<td class=\"label\">6. Zeit der Probenahme:<\/td>\n<td> zwei Wochen nach Erhalt der Schimmelpilzgeb\u00fchr<\/td>\n<\/tr>\n<tr>\n<td class=\"label\">7. Lieferung:<\/td>\n<td> 20-25 Tage nach Hinterlegung von 30%<\/td>\n<\/tr>\n<tr>\n<td class=\"label\">8. Produktionskapazit\u00e4t:<\/td>\n<td> 15000+MT\/Monat<\/td>\n<\/tr>\n<tr>\n<td class=\"label\">9. MOQ:<\/td>\n<td> 200 Kilogramm<\/td>\n<\/tr>\n<tr>\n<td class=\"label\">10. Hafen:<\/td>\n<td> Guangzhou, Shenzhen, Foshan HABEN<\/td>\n<\/tr>\n<\/table>\n<h2>Unsere Produktionsbasis<\/h2>\n<h3>Fabrik-Panorama<\/h3>\n<p><img decoding=\"async\" src=\"\/wp-content\/uploads\/factory-01.webp\"\/><\/p>\n<h3>Werkstatt zur Herstellung von Aluminiumstangen<\/h3>\n<p><img decoding=\"async\" src=\"\/wp-content\/uploads\/factory-02.webp\"\/><\/p>\n<\/p>\n<p><img decoding=\"async\" src=\"\/wp-content\/uploads\/factory-03.webp\"\/><\/p>\n<h3>Lagerhaus f\u00fcr Formen<\/h3>\n<p><img decoding=\"async\" src=\"\/wp-content\/uploads\/factory-04.webp\"\/><\/p>\n<h3>43 Aluminium-Strangpressanlagen (500\u00e2\u20ac\"5500 Tonnen)<\/h3>\n<p><img decoding=\"async\" src=\"\/wp-content\/uploads\/factory-05.webp\"\/><\/p>\n<p><img decoding=\"async\" src=\"\/wp-content\/uploads\/factory-06.webp\"\/><\/p>\n<p><img decoding=\"async\" src=\"\/wp-content\/uploads\/factory-07.webp\"\/><\/p>\n<h3>Werkstatt f\u00fcr Pulverbeschichtung<\/h3>\n<p><img decoding=\"async\" src=\"\/wp-content\/uploads\/factory-09.webp\"\/><\/p>\n<h3>Eloxal-Werkstatt<\/h3>\n<p><img decoding=\"async\" src=\"\/wp-content\/uploads\/factory-10.webp\"\/><\/p>\n<h3>Workshop zur Tiefenverarbeitung<\/h3>\n<p><img decoding=\"async\" src=\"\/wp-content\/uploads\/factory-11.webp\"\/><\/p>\n<h3>CNC-Pr\u00e4zisionsbearbeitungswerkstatt<\/h3>\n<p><img decoding=\"async\" src=\"\/wp-content\/uploads\/factory-11.5.webp\"\/><\/p>\n<h3>Lager f\u00fcr Fertigprodukte und Export<\/h3>\n<p><img decoding=\"async\" src=\"\/wp-content\/uploads\/factory-12.webp\"\/><\/p>\n<p><img decoding=\"async\" src=\"\/wp-content\/uploads\/factory-13.webp\"\/><\/p>\n<p><img decoding=\"async\" src=\"\/wp-content\/uploads\/factory-14.webp\"\/><\/p>\n<h2>FAQ<\/h2>\n<p><b>1. was ist ein Aluminiumprofil f\u00fcr ein Glasdach? <\/b><\/p>\n<p> Es ist ein strukturelles Aluminium-Strangpressprofil, das zur Unterst\u00fctzung und Befestigung von Glasscheiben in Dachsystemen verwendet wird und sowohl St\u00e4rke als auch moderne \u00c4sthetik bietet.\n<\/p>\n<p><\/p>\n<p><b>2. warum Aluminiumprofile im Glasdachbau verwenden? <\/b><\/p>\n<p> Aluminium ist leicht, korrosionsbest\u00e4ndig und stabil und eignet sich daher ideal f\u00fcr die sichere Einfassung gro\u00dfer Glasfl\u00e4chen in D\u00e4chern.\n<\/p>\n<p><\/p>\n<p><b>3. welche Legierung wird f\u00fcr Glasdachprofile verwendet? <\/b><\/p>\n<p> Die Aluminiumlegierungen 6061 und 6063-T5 werden aufgrund ihrer hervorragenden mechanischen Eigenschaften und ihrer Witterungsbest\u00e4ndigkeit h\u00e4ufig verwendet.\n<\/p>\n<p><\/p>\n<p><b>4. k\u00f6nnen die Aluminium-Glasdachprofile individuell angepasst werden? <\/b><\/p>\n<p> Ja, die Hersteller bieten OEM-Services f\u00fcr kundenspezifische Abmessungen, Querschnitte, Glaskan\u00e4le und integrierte Wasserabflussfunktionen an.\n<\/p>\n<p><\/p>\n<p><b>5. welche Oberfl\u00e4chenbehandlungen gibt es? <\/b><\/p>\n<p> Die Oberfl\u00e4chenbehandlungen umfassen Eloxierung, Pulverbeschichtung und PVDF-Beschichtungen, die eine langfristige Farbstabilit\u00e4t und Schutz vor UV- und Witterungseinfl\u00fcssen gew\u00e4hrleisten.\n<\/p>\n<p><\/p>\n<p><b>6. eignen sich Aluminiumprofile sowohl f\u00fcr private als auch f\u00fcr gewerbliche Glasd\u00e4cher? <\/b><\/p>\n<p> Sie werden in Gew\u00e4chsh\u00e4usern, Sonnenzimmern, Oberlichtern, Einkaufszentren und B\u00fcroatrien eingesetzt.\n<\/p>\n<p><\/p>\n<p><b>7. unterst\u00fctzen diese Profile die W\u00e4rmed\u00e4mmung? <\/b><\/p>\n<p> Ja, thermische Trennungen k\u00f6nnen eingebaut werden, um die W\u00e4rme\u00fcbertragung zu verringern und die Energieeffizienz von Glasdachsystemen zu verbessern.\n<\/p>\n<p><\/p>\n<p><b>Sind diese Profile leicht zu installieren? <\/b><\/p>\n<p> Ja, ihr modularer Aufbau und ihre Kompatibilit\u00e4t mit Verglasungssystemen erm\u00f6glichen eine effiziente und sichere Installation vor Ort.\n<\/p>\n<p><\/p>","protected":false},"featured_media":6848,"template":"","categories":[67],"class_list":["post-6849","product","type-product","status-publish","has-post-thumbnail","hentry","category-architectural-aluminium-profile"],"meta_box":{"hilight_text_group":{"product_hilight_text":"<li>Engineered aluminium profiles specifically designed for structural glass roof systems<\/li>\r\r\n<li>Made from high-strength 6061 or 6063-T5 alloy for superior load-bearing and weather resistance<\/li>\r\r\n<li>Supports fixed, sloped, or skylight-style installations with seamless glass integration<\/li>\r\r\n<li>Available in anodized, powder-coated, and PVDF finishes for durability and design versatility<\/li>\r\r\n<li>OEM customization for profile dimensions, drainage systems, and thermal breaks<\/li>","product_chanpin_blog":"<ul>\r\r\n<li><a href=\"https:\/\/sinoextrud.com\/t-slot-v-slot-differences\/\" target=\"_blank\">t slot vs v slot<\/a><\/li>\r\r\n<li><a href=\"https:\/\/sinoextrud.com\/what-is-4040-aluminium-extrud\/\" target=\"_blank\">4040 aluminium extrusion<\/a><\/li>\r\r\n<li><a href=\"https:\/\/sinoextrud.com\/what-is-4040-aluminium-extrud\/\" target=\"_blank\">aluminum extrusions for industrial racks<\/a><\/li>\r\r\n<li><a href=\"https:\/\/sinoextrud.com\/powder-coating-aluminium-process\/\" target=\"_blank\">powder coating aluminium<\/a><\/li>\r\r\n<li><a href=\"https:\/\/sinoextrud.com\/what-is-an-aluminium-strip-ceiling\/\" target=\"_blank\">aluminium strip ceiling<\/a><\/li>\r\r\n<li><a href=\"https:\/\/sinoextrud.com\/what-is-a-heat-sink\/\" target=\"_blank\">what is a heat sink<\/a><\/li>\r\r\n<\/ul>","product_chanpin_chanpin":"<li><a href=\"https:\/\/sinoextrud.com\/product\/extruded-aluminium-profile-tube-pipe-with-oval-trigle-square-round-shape-manufacturer-price\/\" target=\"_blank\">Extruded Aluminium Profile Tube Pipe With Oval Trigle Square Round Shape Manufacturer Price<\/a><\/li>\r\n<li><a href=\"https:\/\/sinoextrud.com\/product\/aluminium-sliding-door-brushed-grey\/\" target=\"_blank\">Aluminium Sliding Door Brushed Grey<\/a><\/li>\r\n<li><a href=\"https:\/\/sinoextrud.com\/product\/aluminium-sliding-door-matt-grey\/\" target=\"_blank\">Aluminium Sliding Door Matt Grey<\/a><\/li>\r\n<li><a href=\"https:\/\/sinoextrud.com\/product\/oem-aluminium-extrusion-profile-for-furniture-knobs-door-pull-handle\/\" target=\"_blank\">OEM Aluminium Extrusion Profile For Furniture Knobs Door Pull Handle<\/a><\/li>\r\n<li><a href=\"https:\/\/sinoextrud.com\/product\/aluminium-profile-for-glass-roof\/\" target=\"_blank\">Aluminium Profile For Glass Roof<\/a><\/li>\r\n<li><a href=\"https:\/\/sinoextrud.com\/product\/aluminium-z-section-extrusions\/\" target=\"_blank\">Aluminium Z Section Extrusions<\/a><\/li>\r\n<li><a href=\"https:\/\/sinoextrud.com\/product\/6063-t5-aluminum-extruded-profiles\/\" target=\"_blank\">6063 T5 Aluminum Extruded Profiles<\/a><\/li>\r\n<li><a href=\"https:\/\/sinoextrud.com\/product\/aluminum-sunshading-profile\/\" target=\"_blank\">Aluminum Sunshading Profile<\/a><\/li>\r\n<li><a href=\"https:\/\/sinoextrud.com\/product\/industrial-customized-6063-t5-alloy-aluminium-extrusion-profile\/\" target=\"_blank\">Industrial Customized 6063-T5 Alloy Aluminium Extrusion Profile<\/a><\/li>\r\n<li><a href=\"https:\/\/sinoextrud.com\/product\/extruded-aluminum-z-bar\/\" target=\"_blank\">Extruded Aluminum Z Bar<\/a><\/li>\r\n<li><a href=\"https:\/\/sinoextrud.com\/product\/aluminum-profiles-for-glass\/\" target=\"_blank\">Aluminum Profiles For Glass<\/a><\/li>"},"feature_list":[]},"_links":{"self":[{"href":"https:\/\/sinoextrud.com\/de\/wp-json\/wp\/v2\/product\/6849","targetHints":{"allow":["GET"]}}],"collection":[{"href":"https:\/\/sinoextrud.com\/de\/wp-json\/wp\/v2\/product"}],"about":[{"href":"https:\/\/sinoextrud.com\/de\/wp-json\/wp\/v2\/types\/product"}],"wp:featuredmedia":[{"embeddable":true,"href":"https:\/\/sinoextrud.com\/de\/wp-json\/wp\/v2\/media\/6848"}],"wp:attachment":[{"href":"https:\/\/sinoextrud.com\/de\/wp-json\/wp\/v2\/media?parent=6849"}],"wp:term":[{"taxonomy":"category","embeddable":true,"href":"https:\/\/sinoextrud.com\/de\/wp-json\/wp\/v2\/categories?post=6849"}],"curies":[{"name":"wp","href":"https:\/\/api.w.org\/{rel}","templated":true}]}}